{"id":1056,"date":"2022-09-12T11:34:44","date_gmt":"2022-09-12T09:34:44","guid":{"rendered":"https:\/\/stage.usercentrics.com\/de\/?page_id=17180"},"modified":"2024-09-05T12:07:02","modified_gmt":"2024-09-05T10:07:02","slug":"free-trial-web","status":"publish","type":"page","link":"https:\/\/usercentrics.com\/de\/free-trial-web\/","title":{"rendered":"Free Trial Web"},"content":{"rendered":"<div class=\"uc-flex-row\" style=\"--padding-top: 0px; --padding-bottom: 0px;\">\n<div class=\"uc-flex-column\" style=\"--column-size: var(--column-size-6);--i:1;\">\n    \n\n<h1 class=\"wp-block-heading\">So einfach kann Daten\u00adschutz\u00adkonformit\u00e4t sein<\/h1>\n\n\n<p>Starten Sie Ihre kostenlose 30-t\u00e4gige Testversion und erreichen Sie die Einhaltung von Datenschutzvorschriften wie der DSGVO, des CCPA und des LGPD. Mit der Usercentrics CMP erhalten Sie folgende Vorteile:<\/p>\n\n\n\n\n\n\n<figure class=\"wp-block-image size-content-side-image aligncenter\"><img decoding=\"async\" src=\"https:\/\/usercentrics.com\/de\/wp-content\/uploads\/sites\/2\/2023\/12\/UC-certification-and-badges-500x476.png\" alt=\"\" class=\"wp-image-1050\"\/><\/figure>\n\n\n\n\n\n<p>Erleben Sie die Usercentrics CMP 30 Tage lang kostenlos und unverbindlich:<\/p>\n\n\n\n\n\n\n<\/div>\n\n<div class=\"uc-flex-column\" style=\"--column-size: var(--column-size-6);--i:2;\">\n    \n\n\n<script data-nowprocket>\nwindow.ucNfPriceParams = {pr:50,curr_code:'EUR',curr:'\u20ac',bm:12,vat:19,pr_suff_vat:\"per year (incl. VAT)\",pr_suff_no_vat:\"per year\",ty_p:\"https:\/\/usercentrics.com\/de\/danke\/thank-you-trial\/\"}\n<\/script>\n\n\n\n\n\n\n<\/div>\n\n\n<\/div>\n\n\n<div class=\"uc-flex-row\" style=\"--padding-top: 0px; --padding-bottom: 0px;\">\n\n<div class=\"uc-flex-column\" style=\"--column-size: var(--column-size-4);--i:3;\">\n    \n\n<p><img loading=\"lazy\" decoding=\"async\" class=\"size-full wp-image-21940 alignleft\" src=\"https:\/\/usercentrics.com\/wp-content\/uploads\/2022\/03\/star.svg\" alt=\"\" width=\"21\" height=\"20\" \/>99%+ Kundenbindungsrate<\/p>\n\n\n\n<\/div>\n\n<div class=\"uc-flex-column\" style=\"--column-size: var(--column-size-4);--i:4;\">\n    \n\n<p><img loading=\"lazy\" decoding=\"async\" class=\"size-full wp-image-21920 alignleft\" src=\"https:\/\/usercentrics.com\/wp-content\/uploads\/2022\/03\/PointerFinger.svg\" alt=\"PointerFinger\" width=\"20\" height=\"20\" \/>5,2 Milliarden monatliche Nutzereinwilligungen<\/p>\n\n\n\n<\/div>\n\n<div class=\"uc-flex-column\" style=\"--column-size: var(--column-size-4);--i:5;\">\n    \n\n<p><img loading=\"lazy\" decoding=\"async\" class=\"size-full wp-image-21939 alignleft\" src=\"https:\/\/usercentrics.com\/wp-content\/uploads\/2022\/03\/Partner.svg\" alt=\"\" width=\"21\" height=\"20\" \/>3,000+ Partner<\/p>\n\n\n\n<\/div>\n\n<\/div>\n\n\n\n\n<h4 style=\"text-align: center;\">\u00dcber 400.000 Unternehmen in mehr als 180 L\u00e4ndern vertrauen auf uns<\/h4>\n\n\n\n\n\n\n\n\n\n\n\n\n\n\n<div class=\"uc-flex-row\" style=\"--padding-top: 0px; --padding-bottom: 0px;\">\n<div class=\"uc-flex-column\" style=\"--column-size: var(--column-size-6);--i:6;\">\n    \n\n<figure class=\"wp-block-image size-full aligncenter\"><img loading=\"lazy\" decoding=\"async\" height=\"518\" width=\"518\" src=\"https:\/\/usercentrics.com\/de\/wp-content\/uploads\/sites\/2\/2022\/09\/Analytics-CMP.svg\" alt=\"\" class=\"wp-image-1051\"\/><\/figure>\n\n\n<\/div>\n\n<div class=\"uc-flex-column\" style=\"--column-size: var(--column-size-6);--i:7;\">\n    \n\n<p>VOLLER ZUGRIFF, KEIN RISIKO<\/p>\n<h2 class=\"wp-block-heading\">Profitieren Sie von diesen Usercentrics CMP-Features<\/h2>\n\n\n\n\n\n<p>und vieles mehr!<\/p>\n\n\n\n\n\n\n\n\n\n<\/div>\n\n\n<\/div>\n\n\n\n<h2 class=\"wp-block-heading\">H\u00e4ufig gestellte Fragen<\/h2>\n\n\n\n\n\n\n\n<div class=\"uc-flex-row\" style=\"--padding-top: 0px; --padding-bottom: 0px;\">\n<div class=\"uc-flex-column\" style=\"--column-size: var(--column-size-3);--i:8;\">\n    \n\n<figure class=\"wp-block-image size-full alignleft\"><img decoding=\"async\" src=\"https:\/\/usercentrics.com\/de\/wp-content\/uploads\/sites\/2\/2021\/07\/iab_Logo.png\" alt=\"\" class=\"wp-image-1052\"\/><\/figure>\n\n\n<\/div>\n\n<div class=\"uc-flex-column\" style=\"--column-size: var(--column-size-3);--i:9;\">\n    \n\n<figure class=\"wp-block-image size-full alignleft\"><img loading=\"lazy\" decoding=\"async\" height=\"210\" width=\"865\" src=\"https:\/\/usercentrics.com\/de\/wp-content\/uploads\/sites\/2\/2021\/11\/WCAG-Badge-Montserrat-DE.svg\" alt=\"\" class=\"wp-image-1053\"\/><\/figure>\n\n\n<\/div>\n\n<div class=\"uc-flex-column\" style=\"--column-size: var(--column-size-3);--i:10;\">\n    \n\n<figure class=\"wp-block-image size-full alignleft\"><img loading=\"lazy\" decoding=\"async\" height=\"25\" width=\"230\" src=\"https:\/\/usercentrics.com\/de\/wp-content\/uploads\/sites\/2\/2022\/09\/ISO-TU\u0308V.svg\" alt=\"\" class=\"wp-image-1054\"\/><\/figure>\n\n\n<\/div>\n\n<div class=\"uc-flex-column\" style=\"--column-size: var(--column-size-3);--i:11;\">\n    \n\n<figure class=\"wp-block-image size-full alignleft\"><img loading=\"lazy\" decoding=\"async\" height=\"25\" width=\"225\" src=\"https:\/\/usercentrics.com\/de\/wp-content\/uploads\/sites\/2\/2022\/09\/Service-Level-Agreement.svg\" alt=\"\" class=\"wp-image-1055\"\/><\/figure>\n\n\n<\/div>\n\n\n<\/div>\n\n\n\n<h2 class=\"wp-block-heading has-text-align-center\">In nur ein paar Klicks kann auch Ihr\nUnternehmen daten\u00adschutz\u00adkonform werden<\/h2>\n\n\n\n\n\n\n\n\n","protected":false},"excerpt":{"rendered":"<p>\u00dcber 400.000 Unternehmen in mehr als 180 L\u00e4ndern vertrauen auf uns H\u00e4ufig gestellte Fragen In nur ein paar Klicks kann auch Ihr Unternehmen daten\u00adschutz\u00adkonform werden<\/p>\n","protected":false},"author":0,"featured_media":0,"parent":0,"menu_order":0,"comment_status":"closed","ping_status":"closed","template":"","meta":{"_acf_changed":false,"editor_notices":[],"footnotes":""},"class_list":["post-1056","page","type-page","status-publish","hentry"],"acf":[],"yoast_head":"<title>Testen Sie Usercentrics 30 Tage lang kostenlos<\/title>\n<meta name=\"robots\" content=\"index, follow, max-snippet:-1, max-image-preview:large, max-video-preview:-1\" \/>\n<link rel=\"canonical\" href=\"https:\/\/usercentrics.com\/de\/free-trial-web\/\" \/>\n<meta property=\"og:locale\" content=\"de_DE\" \/>\n<meta property=\"og:type\" content=\"article\" \/>\n<meta property=\"og:title\" content=\"Testen Sie Usercentrics 30 Tage lang kostenlos\" \/>\n<meta property=\"og:description\" content=\"\u00dcber 400.000 Unternehmen in mehr als 180 L\u00e4ndern vertrauen auf uns H\u00e4ufig gestellte Fragen In nur ein paar Klicks kann auch Ihr Unternehmen daten\u00adschutz\u00adkonform werden\" \/>\n<meta property=\"og:url\" content=\"https:\/\/usercentrics.com\/de\/free-trial-web\/\" \/>\n<meta property=\"og:site_name\" content=\"Consent Management Platform (CMP) Usercentrics\" \/>\n<meta property=\"article:publisher\" content=\"https:\/\/www.facebook.com\/usercentrics\" \/>\n<meta property=\"article:modified_time\" content=\"2024-09-05T10:07:02+00:00\" \/>\n<meta property=\"og:image\" content=\"https:\/\/usercentrics.com\/de\/wp-content\/uploads\/sites\/2\/2024\/09\/Asset-93-100.jpg\" \/>\n<meta name=\"twitter:card\" content=\"summary_large_image\" \/>\n<meta name=\"twitter:title\" content=\"Testen Sie Usercentrics 30 Tage lang kostenlos\" \/>\n<meta name=\"twitter:site\" content=\"@usercentrics\" \/>\n<script type=\"application\/ld+json\" class=\"yoast-schema-graph\">{\"@context\":\"https:\/\/schema.org\",\"@graph\":[{\"@type\":\"WebPage\",\"@id\":\"https:\/\/usercentrics.com\/de\/free-trial-web\/\",\"url\":\"https:\/\/usercentrics.com\/de\/free-trial-web\/\",\"name\":\"Testen Sie Usercentrics 30 Tage lang kostenlos\",\"isPartOf\":{\"@id\":\"https:\/\/usercentrics.com\/de\/#website\"},\"primaryImageOfPage\":{\"@id\":\"https:\/\/usercentrics.com\/de\/free-trial-web\/#primaryimage\"},\"image\":{\"@id\":\"https:\/\/usercentrics.com\/de\/free-trial-web\/#primaryimage\"},\"thumbnailUrl\":\"https:\/\/usercentrics.com\/de\/wp-content\/uploads\/sites\/2\/2023\/12\/UC-certification-and-badges-500x476.png\",\"datePublished\":\"2022-09-12T09:34:44+00:00\",\"dateModified\":\"2024-09-05T10:07:02+00:00\",\"inLanguage\":\"de-DE\",\"potentialAction\":[{\"@type\":\"ReadAction\",\"target\":\"https:\/\/usercentrics.com\/de\/free-trial-web\/\"}]},{\"@type\":\"ImageObject\",\"inLanguage\":\"de-DE\",\"@id\":\"https:\/\/usercentrics.com\/de\/free-trial-web\/#primaryimage\",\"url\":\"https:\/\/usercentrics.com\/de\/wp-content\/uploads\/sites\/2\/2023\/12\/UC-certification-and-badges.png\",\"contentUrl\":\"https:\/\/usercentrics.com\/de\/wp-content\/uploads\/sites\/2\/2023\/12\/UC-certification-and-badges.png\",\"caption\":\"Usercentrics CMP\",\"copyrightNotice\":\"\u00a9 Copyright 2026 Usercentrics GmbH\",\"creator\":{\"@type\":\"Organization\",\"name\":\"Usercentrics GmbH\"},\"creditText\":\"Image: Usercentrics GmbH\"},{\"@type\":\"WebSite\",\"@id\":\"https:\/\/usercentrics.com\/de\/#website\",\"url\":\"https:\/\/usercentrics.com\/de\/\",\"name\":\"Consent Management Platform (CMP) Usercentrics\",\"description\":\"Consent Management Platform (CMP) Usercentrics\",\"potentialAction\":[{\"@type\":\"SearchAction\",\"target\":{\"@type\":\"EntryPoint\",\"urlTemplate\":\"https:\/\/usercentrics.com\/de\/?s={search_term_string}\"}}],\"inLanguage\":\"de-DE\"}]}<\/script>","yoast_head_json":{"title":"Testen Sie Usercentrics 30 Tage lang kostenlos","robots":{"index":"index","follow":"follow","max-snippet":"max-snippet:-1","max-image-preview":"max-image-preview:large","max-video-preview":"max-video-preview:-1"},"canonical":"https:\/\/usercentrics.com\/de\/free-trial-web\/","og_locale":"de_DE","og_type":"article","og_title":"Testen Sie Usercentrics 30 Tage lang kostenlos","og_description":"\u00dcber 400.000 Unternehmen in mehr als 180 L\u00e4ndern vertrauen auf uns H\u00e4ufig gestellte Fragen In nur ein paar Klicks kann auch Ihr Unternehmen daten\u00adschutz\u00adkonform werden","og_url":"https:\/\/usercentrics.com\/de\/free-trial-web\/","og_site_name":"Consent Management Platform (CMP) Usercentrics","article_publisher":"https:\/\/www.facebook.com\/usercentrics","article_modified_time":"2024-09-05T10:07:02+00:00","og_image":[{"url":"https:\/\/usercentrics.com\/de\/wp-content\/uploads\/sites\/2\/2024\/09\/Asset-93-100.jpg","type":"","width":"","height":""}],"twitter_card":"summary_large_image","twitter_title":"Testen Sie Usercentrics 30 Tage lang kostenlos","twitter_site":"@usercentrics","schema":{"@context":"https:\/\/schema.org","@graph":[{"@type":"WebPage","@id":"https:\/\/usercentrics.com\/de\/free-trial-web\/","url":"https:\/\/usercentrics.com\/de\/free-trial-web\/","name":"Testen Sie Usercentrics 30 Tage lang kostenlos","isPartOf":{"@id":"https:\/\/usercentrics.com\/de\/#website"},"primaryImageOfPage":{"@id":"https:\/\/usercentrics.com\/de\/free-trial-web\/#primaryimage"},"image":{"@id":"https:\/\/usercentrics.com\/de\/free-trial-web\/#primaryimage"},"thumbnailUrl":"https:\/\/usercentrics.com\/de\/wp-content\/uploads\/sites\/2\/2023\/12\/UC-certification-and-badges-500x476.png","datePublished":"2022-09-12T09:34:44+00:00","dateModified":"2024-09-05T10:07:02+00:00","inLanguage":"de-DE","potentialAction":[{"@type":"ReadAction","target":"https:\/\/usercentrics.com\/de\/free-trial-web\/"}]},{"@type":"ImageObject","inLanguage":"de-DE","@id":"https:\/\/usercentrics.com\/de\/free-trial-web\/#primaryimage","url":"https:\/\/usercentrics.com\/de\/wp-content\/uploads\/sites\/2\/2023\/12\/UC-certification-and-badges.png","contentUrl":"https:\/\/usercentrics.com\/de\/wp-content\/uploads\/sites\/2\/2023\/12\/UC-certification-and-badges.png","caption":"Usercentrics CMP","copyrightNotice":"\u00a9 Copyright 2026 Usercentrics GmbH","creator":{"@type":"Organization","name":"Usercentrics GmbH"},"creditText":"Image: Usercentrics GmbH"},{"@type":"WebSite","@id":"https:\/\/usercentrics.com\/de\/#website","url":"https:\/\/usercentrics.com\/de\/","name":"Consent Management Platform (CMP) Usercentrics","description":"Consent Management Platform (CMP) Usercentrics","potentialAction":[{"@type":"SearchAction","target":{"@type":"EntryPoint","urlTemplate":"https:\/\/usercentrics.com\/de\/?s={search_term_string}"}}],"inLanguage":"de-DE"}]}},"_links":{"self":[{"href":"https:\/\/usercentrics.com\/de\/wp-json\/wp\/v2\/pages\/1056","targetHints":{"allow":["GET"]}}],"collection":[{"href":"https:\/\/usercentrics.com\/de\/wp-json\/wp\/v2\/pages"}],"about":[{"href":"https:\/\/usercentrics.com\/de\/wp-json\/wp\/v2\/types\/page"}],"replies":[{"embeddable":true,"href":"https:\/\/usercentrics.com\/de\/wp-json\/wp\/v2\/comments?post=1056"}],"version-history":[{"count":0,"href":"https:\/\/usercentrics.com\/de\/wp-json\/wp\/v2\/pages\/1056\/revisions"}],"wp:attachment":[{"href":"https:\/\/usercentrics.com\/de\/wp-json\/wp\/v2\/media?parent=1056"}],"curies":[{"name":"wp","href":"https:\/\/api.w.org\/{rel}","templated":true}]}}