{"id":1059,"date":"2022-09-12T13:41:48","date_gmt":"2022-09-12T11:41:48","guid":{"rendered":"https:\/\/stage.usercentrics.com\/de\/?page_id=17195"},"modified":"2025-11-17T07:08:41","modified_gmt":"2025-11-17T06:08:41","slug":"jetzt-kaufen-web","status":"publish","type":"page","link":"https:\/\/usercentrics.com\/de\/jetzt-kaufen-web\/","title":{"rendered":"Buy now Web"},"content":{"rendered":"<div class=\"uc-flex-row\" style=\"--padding-top: 0px; --padding-bottom: 0px;\">\n\n<div class=\"uc-flex-column\" style=\"--column-size: var(--column-size-6);--i:1;\">\n    \n\n<h1 class=\"wp-block-heading\">Starten Sie jetzt mit dem Advanced Plan von Usercentrics<\/h1>\n\n\n<p>Weltweit vertrauen Kunden auf unsere Consent Management-L\u00f6sungen f\u00fcr Webseiten. Unsere benutzerfreundliche Technologie erm\u00f6glicht DSGVO- und CCPA-Konformit\u00e4t sowie Datenschutzkonformit\u00e4t mit weiteren einschl\u00e4gigen Datenschutzverordnungen.<\/p>\n\n\n\n<p><strong>Erleben Sie die Usercentrics CMP und ihre Vorteile selbst:<\/strong><\/p>\n\n\n\n\n\n\n\n\n\n\n\n\n<h4><strong>Erneut Sieger<\/strong><\/h4>\n\n\n\n\n\n\n<figure class=\"wp-block-image size-medium alignleft\"><img loading=\"lazy\" decoding=\"async\" height=\"54\" width=\"147\" src=\"https:\/\/usercentrics.com\/de\/wp-content\/uploads\/sites\/2\/2023\/05\/2G-logo-usercentrics.svg\" alt=\"\" class=\"wp-image-1058\" \/><\/figure>\n\n\n<\/div>\n\n<div class=\"uc-flex-column\" style=\"--column-size: var(--column-size-6);--i:2;\">\n    \n\n\n\nwindow.ucNfPriceParams = {pr:50,curr_code:&#8217;EUR&#8216;,curr:&#8217;\u20ac&#8216;,bm:12,vat:19,pr_suff_vat:&#8220;pro Jahr (inkl. MwSt.)&#8220;,pr_suff_no_vat:&#8220;pro Jahr (exkl. MwSt.)&#8220;,ty_p:&#8220;https:\/\/usercentrics.com\/de\/danke\/business\/&#8220;}\n\n\n\n\n\n\n\n<\/div>\n\n<\/div>\n<div class=\"uc-flex-row\" style=\"--padding-top: 0px; --padding-bottom: 0px;\">\n<div class=\"uc-flex-column\" style=\"--column-size: var(--column-size-4);--i:3;\">\n    \n\n<p><img loading=\"lazy\" decoding=\"async\" class=\"size-full wp-image-21940 alignleft\" src=\"https:\/\/usercentrics.com\/wp-content\/uploads\/2022\/03\/star.svg\" alt=\"\" width=\"21\" height=\"20\" \/>99% Kundenbindungsrate<\/p>\n\n\n\n<\/div>\n\n<div class=\"uc-flex-column\" style=\"--column-size: var(--column-size-4);--i:4;\">\n    \n\n<p><img loading=\"lazy\" decoding=\"async\" class=\"size-full wp-image-21920 alignleft\" src=\"https:\/\/usercentrics.com\/wp-content\/uploads\/2022\/03\/PointerFinger.svg\" alt=\"PointerFinger\" width=\"20\" height=\"20\" \/>61,000,000+ t\u00e4gliche Einwilligungen<\/p>\n\n\n\n<\/div>\n\n<div class=\"uc-flex-column\" style=\"--column-size: var(--column-size-4);--i:5;\">\n    \n\n<p><img loading=\"lazy\" decoding=\"async\" class=\"size-full wp-image-21939 alignleft\" src=\"https:\/\/usercentrics.com\/wp-content\/uploads\/2022\/03\/Partner.svg\" alt=\"\" width=\"21\" height=\"20\" \/>3,000+ Partner<\/p>\n\n\n\n<\/div>\n\n\n<\/div>\n\n\n\n\n\n\n<h4 style=\"text-align: center\">Mehr als 400.000 Unternehmen in \u00fcber 180 L\u00e4ndern vertrauen auf uns<\/h4>\n\n\n\n\n\n\n\n\n\n\n\n<div class=\"uc-flex-row\" style=\"--padding-top: 0px; --padding-bottom: 0px;\">\n<h2 class=\"wp-block-heading\">H\u00e4ufig gestellte Fragen<\/h2>\n\n\n\n\n\n<div class=\"uc-flex-column\" style=\"--column-size: var(--column-size-6);--i:6;\">\n    \n\n<h3 class=\"wp-block-heading\">Wie lange dauert die Installation der CMP, und ist daf\u00fcr IT-Support erforderlich? <\/h3>\n\n\n<p>Das h\u00e4ngt von Ihrer Webseite und Ihren spezifischen Konfigurationsanforderungen ab, aber die CMP kann mit etwas Hilfe von Javascript in wenigen Minuten installiert werden. Wir bieten viele Ressourcen an, die Ihnen als Anleitungen dienen. Sie m\u00fcssen Ihre IT-Abteilung damit nicht beauftragen. Die CMP von Usercentrics bietet Features wie die automatische Kategorisierung verwendeter Services, den Smart Data Protector und \u00fcber 2.000 rechtliche Vorlagen an, die Ihnen bei dem Setup und der Einhaltung von Datenschutzvorschriften helfen. Wir empfehlen jedoch, einen qualifizierten Rechtsexperten zu konsultieren, um die spezifischen regulatorischen und datenschutzrechtlichen Verantwortlichkeiten Ihres Unternehmens zu verstehen und abzubilden.<\/p>\n\n\n\n<\/div>\n\n<div class=\"uc-flex-column\" style=\"--column-size: var(--column-size-6);--i:7;\">\n    \n\n<h3 class=\"wp-block-heading\">Gibt es Anleitungen, die uns bei dem Setup und der Wartung der CMP helfen?<\/h3>\n\n\n<p>Ja! Wir stellen viele Ressourcen zur Verf\u00fcgung, um Ihnen bei der Implementierung, Anpassung und Optimierung zu helfen. Wir bieten eine Installationsanleitung f\u00fcr den <a href=\"https:\/\/docs.usercentrics.com\/#\/browser-sdk-google-tag-manager-configuration\" target=\"_blank\" rel=\"noopener\">Google Tag Manager<\/a> (auf Englisch) oder <a href=\"https:\/\/docs.usercentrics.com\/#\/direct-implementation-guide\" target=\"_blank\" rel=\"noopener\">direkt auf der Webseite<\/a> (auf Englisch). Weitere Anleitungen finden Sie in unserer <a href=\"https:\/\/usercentrics.atlassian.net\/wiki\/spaces\/SKB\/pages\/141557846\/Deutscher+FAQ+Bereich\" target=\"_blank\" rel=\"noopener\">Knowledge Base<\/a>.<\/p>\n\n\n\n<\/div>\n\n<div class=\"uc-flex-column\" style=\"--column-size: var(--column-size-6);--i:8;\">\n    \n\n<h3 class=\"wp-block-heading\">Sind Subdomains innerhalb einer Domain inbegriffen?<\/h3>\n\n\n<p>Ja, der Preis basiert auf der Anzahl der monatlichen Sessions und nicht auf der Anzahl der Subdomains.<\/p>\n\n\n\n<\/div>\n\n<div class=\"uc-flex-column\" style=\"--column-size: var(--column-size-6);--i:9;\">\n    \n\n<h3 class=\"wp-block-heading\">Blockieren Adblocker die CMP von Usercentrics?<\/h3>\n\n\n<p>Zurzeit sind uns keine Ad-Blocking-Technologien bekannt, die die CMP von Usercentrics blockieren.<\/p>\n\n\n\n<\/div>\n\n<div class=\"uc-flex-column\" style=\"--column-size: var(--column-size-6);--i:10;\">\n    \n\n<h3 class=\"wp-block-heading\">K\u00f6nnen Nutzereinwilligungen mit der CMP von Usercentrics f\u00fcr mehrere Domains genutzt werden?<\/h3>\n\n\n<p>Ja, wenn die Domains dasselbe Javascript verwenden. Das Cross-Domain Consent Sharing Feature erm\u00f6glicht diese gemeinsame Nutzung.<\/p>\n\n\n\n<\/div>\n\n<div class=\"uc-flex-column\" style=\"--column-size: var(--column-size-6);--i:11;\">\n    \n\n<h3 class=\"wp-block-heading\">K\u00f6nnen wir verschiedene Cookie-Banner auf unserer Webseite anzeigen?<\/h3>\n\n\n<p>Ja, Sie k\u00f6nnen beliebig viele CMP-Installationen f\u00fcr ein Unternehmen erstellen und diese auch individuell gestalten.<\/p>\n\n\n\n<\/div>\n\n<div class=\"uc-flex-column\" style=\"--column-size: var(--column-size-6);--i:12;\">\n    \n\n<h3 class=\"wp-block-heading\">Wo finde ich die Usercentrics AGB und AVV?<\/h3>\n\n\n<p>Unter den folgenden Links finden Sie die Usercentrics AGB und AVV.<\/p>\n<ul>\n<li><a href=\"https:\/\/usercentrics.com\/de\/agb\/\" target=\"_blank\" rel=\"noopener\">Usercentrics AGB<\/a><\/li>\n<li><a href=\"https:\/\/usercentrics.com\/wp-content\/uploads\/sites\/2\/2022\/01\/UC-AVV-DE.pdf\" target=\"_blank\" rel=\"noopener\">Usercentrics AVV<\/a><\/li>\n<\/ul>\n\n\n\n<\/div>\n\n<div class=\"uc-flex-column\" style=\"--column-size: var(--column-size-6);--i:13;\">\n    \n\n<h3 class=\"wp-block-heading\">Werden IP-Adressen durch die Nutzung von CDN an die USA \u00fcbermittelt?<\/h3>\n\n\n<p>Um den Code der Usercentrics CMP so schnell und verl\u00e4sslich wie m\u00f6glich f\u00fcr alle Ihre Nutzer zu laden, nutzt Usercentrics ein CDN (Content Distribution Network). Basierend auf der Ortung des Webseitenbesuchers wird somit der n\u00e4chste Server ausgew\u00e4hlt, um die entsprechenden Dateien zu laden. Da ein CDN eine globale Liste von IP-Adressen hat, k\u00f6nnen Analysetools wie Webkoll den Server f\u00fcr einen amerikanischen halten. Dennoch befinden sich alle Server, die Nutzereinwilligungen einholen und verarbeiten, in der EU. Unser API-Server befindet sich in Frankfurt, die Consent Datenbank in Belgien.<\/p>\n\n\n\n<\/div>\n\n<div class=\"uc-flex-column\" style=\"--column-size: var(--column-size-12);--i:14;\">\n    \n\n<h3 class=\"wp-block-heading\">Hat Usercentrics Standardvertragsklauseln mit Google Cloud geschlossen?<\/h3>\n\n\n<p>Wir haben am 19. Oktober 2019 vorsorglich einen EU-Standardvertrag (Processors 2010) mit Google LLC abgeschlossen. Unmittelbar nach Verku\u0308ndung des Schrems II Urteils hat Google LLC dann zum 15. August 2020 den Datentransfer an Google LLC von Privacy Shield auf die EU Standardvertragsklauseln (Processors 2010) fu\u0308r alle Kunden, auch fu\u0308r Usercentrics, umgestellt. Zwischen Google LLC und Usercentrics gelten damit seit dem 19. August 2020 die EU Standardvertragsklauseln (Processors) von Google LLC in der Version vom 19. August 2020.<\/p>\n\n\n\n<\/div>\n\n\n<\/div>\n\n\n<div class=\"uc-flex-row\" style=\"--padding-top: 0px; --padding-bottom: 0px;\">\n<div class=\"uc-flex-column\" style=\"--column-size: var(--column-size-3);--i:15;\">\n    \n\n<figure class=\"wp-block-image size-full alignleft\"><img decoding=\"async\" src=\"https:\/\/usercentrics.com\/de\/wp-content\/uploads\/sites\/2\/2021\/07\/iab_Logo.png\" alt=\"\" class=\"wp-image-1052\" \/><\/figure>\n\n\n<\/div>\n\n<div class=\"uc-flex-column\" style=\"--column-size: var(--column-size-3);--i:16;\">\n    \n\n<figure class=\"wp-block-image size-full alignleft\"><img loading=\"lazy\" decoding=\"async\" height=\"210\" width=\"865\" src=\"https:\/\/usercentrics.com\/de\/wp-content\/uploads\/sites\/2\/2021\/11\/WCAG-Badge-Montserrat-DE.svg\" alt=\"\" class=\"wp-image-1053\" \/><\/figure>\n\n\n<\/div>\n\n<div class=\"uc-flex-column\" style=\"--column-size: var(--column-size-3);--i:17;\">\n    \n\n<figure class=\"wp-block-image size-full alignleft\"><img loading=\"lazy\" decoding=\"async\" height=\"25\" width=\"230\" src=\"https:\/\/usercentrics.com\/de\/wp-content\/uploads\/sites\/2\/2022\/09\/ISO-TU\u0308V.svg\" alt=\"\" class=\"wp-image-1054\" \/><\/figure>\n\n\n<\/div>\n\n<div class=\"uc-flex-column\" style=\"--column-size: var(--column-size-3);--i:18;\">\n    \n\n<figure class=\"wp-block-image size-full alignleft\"><img loading=\"lazy\" decoding=\"async\" height=\"25\" width=\"225\" src=\"https:\/\/usercentrics.com\/de\/wp-content\/uploads\/sites\/2\/2022\/09\/Service-Level-Agreement.svg\" alt=\"\" class=\"wp-image-1055\" \/><\/figure>\n\n\n<\/div>\n\n\n<\/div>\n\n\n\n<h2 class=\"wp-block-heading has-text-align-center\">In nur ein paar Klicks kann auch Ihr\nUnternehmen datenschutzkonform werden<\/h2>\n\n\n\n\n\n\n\n\n","protected":false},"excerpt":{"rendered":"<p>Mehr als 400.000 Unternehmen in \u00fcber 180 L\u00e4ndern vertrauen auf uns In nur ein paar Klicks kann auch Ihr Unternehmen datenschutzkonform werden<\/p>\n","protected":false},"author":0,"featured_media":0,"parent":0,"menu_order":0,"comment_status":"closed","ping_status":"closed","template":"","meta":{"_acf_changed":false,"editor_notices":[],"footnotes":""},"class_list":["post-1059","page","type-page","status-publish","hentry"],"acf":[],"yoast_head":"<title>Starten Sie jetzt mit Usercentrics<\/title>\n<meta name=\"robots\" content=\"noindex, nofollow\" \/>\n<meta property=\"og:locale\" content=\"de_DE\" \/>\n<meta property=\"og:type\" content=\"article\" \/>\n<meta property=\"og:title\" content=\"Buy now Web\" \/>\n<meta property=\"og:description\" content=\"Mehr als 400.000 Unternehmen in \u00fcber 180 L\u00e4ndern vertrauen auf uns In nur ein paar Klicks kann auch Ihr Unternehmen datenschutzkonform werden\" \/>\n<meta property=\"og:url\" content=\"https:\/\/usercentrics.com\/de\/free-trial-web\/\" \/>\n<meta property=\"og:site_name\" content=\"Consent Management Platform (CMP) Usercentrics\" \/>\n<meta property=\"article:publisher\" content=\"https:\/\/www.facebook.com\/usercentrics\" \/>\n<meta property=\"article:modified_time\" content=\"2025-11-17T06:08:41+00:00\" \/>\n<meta property=\"og:image\" content=\"https:\/\/usercentrics.com\/de\/wp-content\/uploads\/sites\/2\/2024\/09\/Asset-93-100.jpg\" \/>\n<meta name=\"twitter:card\" content=\"summary_large_image\" \/>\n<meta name=\"twitter:site\" content=\"@usercentrics\" \/>\n<meta name=\"twitter:label1\" content=\"Gesch\u00e4tzte Lesezeit\" \/>\n\t<meta name=\"twitter:data1\" content=\"3 Minuten\" \/>\n<script type=\"application\/ld+json\" class=\"yoast-schema-graph\">{\"@context\":\"https:\/\/schema.org\",\"@graph\":[{\"@type\":\"WebPage\",\"@id\":\"https:\/\/usercentrics.com\/de\/jetzt-kaufen-web\/\",\"url\":\"https:\/\/usercentrics.com\/de\/free-trial-web\/\",\"name\":\"Starten Sie jetzt mit Usercentrics\",\"isPartOf\":{\"@id\":\"https:\/\/usercentrics.com\/de\/#website\"},\"primaryImageOfPage\":{\"@id\":\"https:\/\/usercentrics.com\/de\/free-trial-web\/#primaryimage\"},\"image\":{\"@id\":\"https:\/\/usercentrics.com\/de\/free-trial-web\/#primaryimage\"},\"thumbnailUrl\":\"https:\/\/usercentrics.com\/de\/wp-content\/uploads\/sites\/2\/2023\/05\/2G-logo-usercentrics.svg\",\"datePublished\":\"2022-09-12T11:41:48+00:00\",\"dateModified\":\"2025-11-17T06:08:41+00:00\",\"inLanguage\":\"de-DE\",\"potentialAction\":[{\"@type\":\"ReadAction\",\"target\":\"https:\/\/usercentrics.com\/de\/free-trial-web\/\"}]},{\"@type\":\"ImageObject\",\"inLanguage\":\"de-DE\",\"@id\":\"https:\/\/usercentrics.com\/de\/free-trial-web\/#primaryimage\",\"url\":\"https:\/\/usercentrics.com\/de\/wp-content\/uploads\/sites\/2\/2023\/05\/2G-logo-usercentrics.svg?v=ea092d59edeaddd3\",\"contentUrl\":\"https:\/\/usercentrics.com\/de\/wp-content\/uploads\/sites\/2\/2023\/05\/2G-logo-usercentrics.svg?v=ea092d59edeaddd3\",\"caption\":\"2G-logo-usercentrics\",\"copyrightNotice\":\"\u00a9 Copyright 2026 Usercentrics GmbH\",\"creator\":{\"@type\":\"Organization\",\"name\":\"Usercentrics GmbH\"},\"creditText\":\"Image: Usercentrics GmbH\"},{\"@type\":\"WebSite\",\"@id\":\"https:\/\/usercentrics.com\/de\/#website\",\"url\":\"https:\/\/usercentrics.com\/de\/\",\"name\":\"Consent Management Platform (CMP) Usercentrics\",\"description\":\"Consent Management Platform (CMP) Usercentrics\",\"potentialAction\":[{\"@type\":\"SearchAction\",\"target\":{\"@type\":\"EntryPoint\",\"urlTemplate\":\"https:\/\/usercentrics.com\/de\/?s={search_term_string}\"}}],\"inLanguage\":\"de-DE\"}]}<\/script>","yoast_head_json":{"title":"Starten Sie jetzt mit Usercentrics","robots":{"index":"noindex","follow":"nofollow"},"og_locale":"de_DE","og_type":"article","og_title":"Buy now Web","og_description":"Mehr als 400.000 Unternehmen in \u00fcber 180 L\u00e4ndern vertrauen auf uns In nur ein paar Klicks kann auch Ihr Unternehmen datenschutzkonform werden","og_url":"https:\/\/usercentrics.com\/de\/free-trial-web\/","og_site_name":"Consent Management Platform (CMP) Usercentrics","article_publisher":"https:\/\/www.facebook.com\/usercentrics","article_modified_time":"2025-11-17T06:08:41+00:00","og_image":[{"url":"https:\/\/usercentrics.com\/de\/wp-content\/uploads\/sites\/2\/2024\/09\/Asset-93-100.jpg","type":"","width":"","height":""}],"twitter_card":"summary_large_image","twitter_site":"@usercentrics","twitter_misc":{"Gesch\u00e4tzte Lesezeit":"3 Minuten"},"schema":{"@context":"https:\/\/schema.org","@graph":[{"@type":"WebPage","@id":"https:\/\/usercentrics.com\/de\/jetzt-kaufen-web\/","url":"https:\/\/usercentrics.com\/de\/free-trial-web\/","name":"Starten Sie jetzt mit Usercentrics","isPartOf":{"@id":"https:\/\/usercentrics.com\/de\/#website"},"primaryImageOfPage":{"@id":"https:\/\/usercentrics.com\/de\/free-trial-web\/#primaryimage"},"image":{"@id":"https:\/\/usercentrics.com\/de\/free-trial-web\/#primaryimage"},"thumbnailUrl":"https:\/\/usercentrics.com\/de\/wp-content\/uploads\/sites\/2\/2023\/05\/2G-logo-usercentrics.svg","datePublished":"2022-09-12T11:41:48+00:00","dateModified":"2025-11-17T06:08:41+00:00","inLanguage":"de-DE","potentialAction":[{"@type":"ReadAction","target":"https:\/\/usercentrics.com\/de\/free-trial-web\/"}]},{"@type":"ImageObject","inLanguage":"de-DE","@id":"https:\/\/usercentrics.com\/de\/free-trial-web\/#primaryimage","url":"https:\/\/usercentrics.com\/de\/wp-content\/uploads\/sites\/2\/2023\/05\/2G-logo-usercentrics.svg?v=ea092d59edeaddd3","contentUrl":"https:\/\/usercentrics.com\/de\/wp-content\/uploads\/sites\/2\/2023\/05\/2G-logo-usercentrics.svg?v=ea092d59edeaddd3","caption":"2G-logo-usercentrics","copyrightNotice":"\u00a9 Copyright 2026 Usercentrics GmbH","creator":{"@type":"Organization","name":"Usercentrics GmbH"},"creditText":"Image: Usercentrics GmbH"},{"@type":"WebSite","@id":"https:\/\/usercentrics.com\/de\/#website","url":"https:\/\/usercentrics.com\/de\/","name":"Consent Management Platform (CMP) Usercentrics","description":"Consent Management Platform (CMP) Usercentrics","potentialAction":[{"@type":"SearchAction","target":{"@type":"EntryPoint","urlTemplate":"https:\/\/usercentrics.com\/de\/?s={search_term_string}"}}],"inLanguage":"de-DE"}]}},"_links":{"self":[{"href":"https:\/\/usercentrics.com\/de\/wp-json\/wp\/v2\/pages\/1059","targetHints":{"allow":["GET"]}}],"collection":[{"href":"https:\/\/usercentrics.com\/de\/wp-json\/wp\/v2\/pages"}],"about":[{"href":"https:\/\/usercentrics.com\/de\/wp-json\/wp\/v2\/types\/page"}],"replies":[{"embeddable":true,"href":"https:\/\/usercentrics.com\/de\/wp-json\/wp\/v2\/comments?post=1059"}],"version-history":[{"count":0,"href":"https:\/\/usercentrics.com\/de\/wp-json\/wp\/v2\/pages\/1059\/revisions"}],"wp:attachment":[{"href":"https:\/\/usercentrics.com\/de\/wp-json\/wp\/v2\/media?parent=1059"}],"curies":[{"name":"wp","href":"https:\/\/api.w.org\/{rel}","templated":true}]}}