{"id":1078,"date":"2023-07-24T14:22:44","date_gmt":"2023-07-24T12:22:44","guid":{"rendered":"https:\/\/stage.usercentrics.com\/de\/?page_id=18835"},"modified":"2025-11-17T07:08:56","modified_gmt":"2025-11-17T06:08:56","slug":"fraud0-integrieren","status":"publish","type":"page","link":"https:\/\/usercentrics.com\/de\/fraud0-integrieren\/","title":{"rendered":"Integrieren Sie fraud0"},"content":{"rendered":"<div class=\"bg-brand-blue uc-flex-row--background-right alignfull uc-ctx--blue\" style=\"\" ><div class=\"uc-flex-row container\" style=\"--padding-top: var(--wp--preset--spacing--5-xl); --padding-bottom: var(--wp--preset--spacing--5-xl);--to: -1;\">\n<div class=\"uc-flex-column\" style=\"--column-size: var(--column-size-7);--i:1;\">\n    \n\n<h1 class=\"wp-block-heading\" id=\"h-integrieren-sie-fraud0-in-ihr-usercentrics-konto\">Integrieren Sie fraud0 in Ihr Usercentrics-Konto<\/h1>\n\n\n\n<p class=\"is-style-text-lg\">Aktivieren Sie die AI Bot &amp; Ad Fraud Detection Integration von fraud0 in Ihrem Usercentrics Admin Interface und profitieren Sie von bot-bereinigten Consent-Daten.<\/p>\n\n\n<a id=\"6b31dde1-1688-4be2-b1a7-15c560900821\" class=\"uc-button uc-button-size-l uc-button-contained  no-default-link-decoration\" href=\"https:\/\/admin.usercentrics.eu\/\" target=\"_blank\"><span>Jetzt loslegen<\/span><\/a>\n<\/div>\n\n\n<div class=\"uc-flex-column\" style=\"--column-size: var(--column-size-5);--i:2;\">\n    \n\n<figure class=\"wp-block-image aligncenter size-full is-resized\"><img decoding=\"async\" src=\"https:\/\/usercentrics.com\/wp-content\/uploads\/2023\/08\/fraud0-integration-analytics.svg\" alt=\"\" class=\"wp-image-1532\" style=\"width:500px\" \/><\/figure>\n\n<\/div>\n\n<\/div><\/div>\n\n<div class=\"uc-flex-row--background-right\" style=\"\" ><div class=\"uc-flex-row container\" style=\"--padding-top: var(--wp--preset--spacing--10-xl); --padding-bottom: var(--wp--preset--spacing--10-xl);\">\n<div class=\"uc-flex-column\" style=\"--column-size: var(--column-size-2);--i:3;\">\n    <\/div>\n\n\n<div class=\"uc-flex-column\" style=\"--column-size: var(--column-size-8);--i:4;\">\n    \n\n<figure class=\"wp-block-image aligncenter size-full\"><img decoding=\"async\" src=\"https:\/\/usercentrics.com\/wp-content\/uploads\/2021\/04\/audit-lightbulb.svg\" alt=\"\" class=\"wp-image-1592\" \/><\/figure>\n\n\n\n<h2 class=\"wp-block-heading has-text-align-center\" id=\"h-welche-auswirkungen-haben-bots-auf-meine-daten\">Welche Auswirkungen haben Bots auf meine Daten?<\/h2>\n\n\n\n<p class=\"has-text-align-center\">Bot-Aktivit\u00e4t kann zu einer verzerrten Datenkonformit\u00e4t, einer fehlerhaften Optimierung von Marketingkampagnen und schlechten Unternehmensentscheidungen f\u00fchren. Doch Bots verschwenden oft auch einen gro\u00dfen Teil Ihres Werbebudgets und beeinflussen so unbemerkt Ihre Budgetplanung, Prognosen, Funnel-Optimierung und viele weitere Faktoren. Mit der KI-gest\u00fctzten Bot- und Anzeigenbetrug-Erkennung von fraud0 erhalten Sie volle Transparenz \u00fcber Ihren tats\u00e4chlichen und Ihren von Bots-erzeugten Website-Traffic sowie \u00fcber betr\u00fcgerische Interaktionen mit Ihrer CMP und Ihren Werbeanzeigen. Sch\u00fctzen Sie Ihre Website vor Invalid Traffic, gewinnen Sie Kontrolle \u00fcber die Einhaltung von Datenschutzvorschriften auf Ihrer Website und treffen Sie wichtige Entscheidungen nur noch auf Basis valider Daten.<\/p>\n\n<\/div>\n\n\n<div class=\"uc-flex-column\" style=\"--column-size: var(--column-size-2);--i:5;\">\n    <\/div>\n\n<\/div><\/div>\n\n<div class=\"bg-brand-azure uc-flex-row--background-right alignfull uc-ctx--base\" style=\"\" ><div class=\"uc-flex-row container\" style=\"--padding-top: var(--wp--preset--spacing--10-xl); --padding-bottom: var(--wp--preset--spacing--10-xl);--to: -1;\">\n<div class=\"uc-flex-column\" style=\"--column-size: var(--column-size-7);--i:6;\">\n    \n\n<figure class=\"wp-block-image alignleft size-full\"><img decoding=\"async\" src=\"https:\/\/usercentrics.com\/wp-content\/uploads\/2023\/07\/Usercentrics-integration-fraud0-Integration-section-Admin-Interface.png\" alt=\"\" class=\"wp-image-1534\" \/><\/figure>\n\n<\/div>\n\n\n<div class=\"uc-flex-column\" style=\"--column-size: var(--column-size-5);--i:7;\">\n    \n\n<p class=\"is-style-label-m\">SCH\u00dcTZEN SIE IHRE DATEN<\/p>\n\n\n\n<h2 class=\"wp-block-heading\" id=\"h-nahtlose-integration-mit-usercentrics\">Nahtlose Integration mit Usercentrics<\/h2>\n\n\n\n<p>Erstellen Sie Ihr fraud0-Konto direkt im Usercentrics Admin Interface. Im neuen Bereich \u201eIntegrationen\u201c m\u00fcssen Sie daf\u00fcr nur \u201efraud0\u201c ausw\u00e4hlen und werden dann durch alle Schritte geleitet. Anschlie\u00dfend wird das fraud0-Skript, welches zur Erkennung von Invalid Traffic (IVT) dient, automatisch von der Usercentrics CMP ausgef\u00fchrt.<\/p>\n\n<\/div>\n\n<\/div><\/div>\n\n<div class=\"uc-flex-row\" style=\"--padding-top: var(--wp--preset--spacing--10-xl); --padding-bottom: var(--wp--preset--spacing--10-xl);\">\n<div class=\"uc-flex-column\" style=\"--column-size: var(--column-size-5);--i:8;\">\n    \n\n<p class=\"is-style-label-m\">STARTEN SIE MIT DER OPTIMIERUNG<\/p>\n\n\n\n<h2 class=\"wp-block-heading\" id=\"h-entscheidungen-auf-basis-valider-daten-und-nutzereinwilligung-treffen\">Entscheidungen auf Basis valider Daten und Nutzereinwilligung treffen<\/h2>\n\n\n\n<p><span style=\"font-weight: 400\">Mit der aktivierten fraud0-Integration sehen Sie auf einen Blick, wie hoch Ihre bot-bereinigte Einwilligungsrate ist und wie stark Ihre Website und Ihre Haupt-Marketingkan\u00e4le von Bot-Traffic betroffen sind. Im fraud0-Dashboard erhalten Sie zus\u00e4tzlich noch viele weitere Einblicke in Ihre Daten: Finden Sie heraus, welche Marketingkan\u00e4le und -kampagnen die meisten Bots anziehen, optimieren Sie die Performance Ihres Marketings und reduzieren Sie Invalid Traffic automatisch und in Echtzeit auf all Ihren Kan\u00e4len (z.B. Google Ads, Facebook, Instagram und viele mehr).<\/span><\/p>\n\n<\/div>\n\n\n<div class=\"uc-flex-column\" style=\"--column-size: var(--column-size-7);--i:9;\">\n    \n\n<figure class=\"wp-block-image alignright size-full\"><img decoding=\"async\" src=\"https:\/\/usercentrics.com\/wp-content\/uploads\/2023\/07\/fraud0-Dashboard-invalid-traffic-detection.png\" alt=\"\" class=\"wp-image-1535\" \/><\/figure>\n\n<\/div>\n\n<\/div>\n\n<div class=\"bg-brand-azure uc-flex-row--background-right uc-ctx--base\" style=\"\" ><div class=\"uc-flex-row container\" style=\"--padding-top: var(--wp--preset--spacing--10-xl); --padding-bottom: var(--wp--preset--spacing--10-xl);\">\n<div class=\"uc-flex-column\" style=\"--column-size: var(--column-size-12);--i:10;\">\n    \n\n<h2 class=\"wp-block-heading no-default-margin\" id=\"h-wie-lasst-sich-fraud0-in-usercentrics-integrieren\">Wie l\u00e4sst sich fraud0 in Usercentrics integrieren?<\/h2>\n\n\n\n<p class=\"is-style-text-lg\">Erstellen Sie Ihr fraud0-Konto direkt im Usercentrics Admin Interface.<\/p>\n\n<\/div>\n\n\n<div class=\"uc-flex-column\" style=\"--column-size: var(--column-size-4);--i:12;\">\n    \n<div class=\"uc-icon-number uc-icon-number--size-default\"><div class=\"uc-icon-number__icon uc-icon-number__icon--type-number\">\n                    <div class=\"uc-icon-number__icon__number no-default-margin\">1<\/div>\n    <\/div>\n    <div class=\"uc-icon-number__title\">Erstellen Sie Ihr Konto \u00fcber das Admin Interface von Usercentrics<\/div>\n\n    <div class=\"uc-icon-number__description\"><ul>\n<li>Melden Sie sich in Ihrem Usercentrics-Konto an, w\u00e4hlen Sie die Settings-ID aus, die Sie verbinden m\u00f6chten, und navigieren Sie zum neuen Men\u00fcpunkt \u201e<strong>Integrationen<\/strong>\u201c im Hauptmen\u00fc.<\/li>\n<li>W\u00e4hlen Sie anschlie\u00dfend \u201e<strong>fraud0<\/strong>\u201c und folgen Sie den Anweisungen, um ein Konto zu erstellen. Hinterlegen Sie Ihre E-Mail-Adresse, Ihre Domain und Ihren Firmennamen.<\/li>\n<li>Geben Sie an, dass fraud0 ein essentieller Service ist.<\/li>\n<li>Usercentrics wird das notwendige fraud0-JavaScript automatisch auf Ihrer Website implementieren. fraud0 ist dann direkt einsatzbereit!<\/li>\n<\/ul>\n<\/div>\n\n\n<\/div>\n\n<div class=\"uc-flex-column\" style=\"--column-size: var(--column-size-4);--i:11;\">\n    <\/div>\n\n<\/div>\n\n\n<div class=\"uc-flex-column\" style=\"--column-size: var(--column-size-4);--i:14;\">\n    \n<div class=\"uc-icon-number uc-icon-number--size-default\"><div class=\"uc-icon-number__icon uc-icon-number__icon--type-number\">\n                    <div class=\"uc-icon-number__icon__number no-default-margin\">2<\/div>\n    <\/div>\n    <div class=\"uc-icon-number__title\">Analysieren Sie Ihre Opt-In-Daten<\/div>\n\n    <div class=\"uc-icon-number__description\"><ul>\n<li>Sobald erste Daten eingelaufen sind, navigieren Sie im Admin Interface zum neuen Men\u00fcpunkt \u201e<strong>Integrationen\u201c \u2192 \u201efraud0<\/strong>\u201c.<\/li>\n<li>Hier finden Sie eine \u00dcbersicht \u00fcber verschiedene Metriken, u.a. den Anteil von Menschen und Bots an der Consent Interaction Rate als auch an der Consent Acceptance Rate.<\/li>\n<li>Sie sehen auch den Anteil von Menschen und Bots an Ihrem gesamten Traffic und Ihren wichtigsten Marketingkan\u00e4len.<\/li>\n<\/ul>\n<\/div>\n\n\n<\/div>\n\n<div class=\"uc-flex-column\" style=\"--column-size: var(--column-size-4);--i:13;\">\n    <\/div>\n\n<\/div>\n\n\n<div class=\"uc-flex-column\" style=\"--column-size: var(--column-size-4);--i:16;\">\n    \n<div class=\"uc-icon-number uc-icon-number--size-default\"><div class=\"uc-icon-number__icon uc-icon-number__icon--type-number\">\n                    <div class=\"uc-icon-number__icon__number no-default-margin\">3<\/div>\n    <\/div>\n    <div class=\"uc-icon-number__title\">Optimieren Sie Ihre Kampagnen<\/div>\n\n    <div class=\"uc-icon-number__description\"><ul>\n<li>Mit einem Klick auf \u201e<strong>Go to fraud0 Dashboard<\/strong>\u201c werden Sie automatisch in das fraud0-Dashboard weitergeleitet.<\/li>\n<li>Hier erhalten Sie zus\u00e4tzlich noch viele weitere Einblicke in Ihre Daten \u2013 und das in Echtzeit.<\/li>\n<li>Mit diesen Daten k\u00f6nnen Sie die Performance Ihrer Kampagnen optimieren und Ihr Werbebudget optimal einsetzen.<\/li>\n<\/ul>\n<\/div>\n\n\n<\/div>\n\n<div class=\"uc-flex-column\" style=\"--column-size: var(--column-size-4);--i:15;\">\n    <\/div>\n\n<\/div>\n\n<\/div><\/div>","protected":false},"excerpt":{"rendered":"","protected":false},"author":7,"featured_media":1080,"parent":0,"menu_order":0,"comment_status":"closed","ping_status":"closed","template":"","meta":{"_acf_changed":false,"editor_notices":[],"footnotes":""},"class_list":["post-1078","page","type-page","status-publish","has-post-thumbnail","hentry"],"acf":[],"yoast_head":"<title>Sch\u00fctzen Sie Ihre Daten mit fraud0| Usercentrics<\/title>\n<meta name=\"description\" content=\"Sch\u00fctzen Sie Ihr Werbebudget mit fraud0 in Usercentrics. Entdecken Sie Bots und sichern Sie pr\u00e4zise Daten. Jetzt 7 Tage kostenlos testen!\" \/>\n<meta name=\"robots\" content=\"index, follow, max-snippet:-1, max-image-preview:large, max-video-preview:-1\" \/>\n<link rel=\"canonical\" href=\"https:\/\/usercentrics.com\/de\/fraud0-integrieren\/\" \/>\n<meta property=\"og:locale\" content=\"de_DE\" \/>\n<meta property=\"og:type\" content=\"article\" \/>\n<meta property=\"og:title\" content=\"Sch\u00fctzen Sie Ihre Daten mit fraud0| Usercentrics\" \/>\n<meta property=\"og:description\" content=\"Sch\u00fctzen Sie Ihr Werbebudget mit fraud0 in Usercentrics. Entdecken Sie Bots und sichern Sie pr\u00e4zise Daten. Jetzt 7 Tage kostenlos testen!\" \/>\n<meta property=\"og:url\" content=\"https:\/\/usercentrics.com\/de\/fraud0-integrieren\/\" \/>\n<meta property=\"og:site_name\" content=\"Consent Management Platform (CMP) Usercentrics\" \/>\n<meta property=\"article:publisher\" content=\"https:\/\/www.facebook.com\/usercentrics\" \/>\n<meta property=\"article:modified_time\" content=\"2025-11-17T06:08:56+00:00\" \/>\n<meta property=\"og:image\" content=\"https:\/\/usercentrics.com\/wp-content\/uploads\/sites\/2\/2023\/07\/Usercentrics-integration-fraud0-Overview.png\" \/>\n<meta name=\"twitter:card\" content=\"summary_large_image\" \/>\n<meta name=\"twitter:title\" content=\"Integrieren Sie fraud0 in Ihr Usercentrics-Konto\" \/>\n<meta name=\"twitter:description\" content=\"Aktivieren Sie die AI Bot &amp; Ad Fraud Detection Integration von fraud0 in Ihrem Usercentrics Admin Interface und profitieren Sie von bot-bereinigten Consent-Daten.\" \/>\n<meta name=\"twitter:image\" content=\"https:\/\/usercentrics.com\/wp-content\/uploads\/sites\/2\/2023\/07\/Usercentrics-integration-fraud0-Overview.png\" \/>\n<meta name=\"twitter:site\" content=\"@usercentrics\" \/>\n<meta name=\"twitter:label1\" content=\"Gesch\u00e4tzte Lesezeit\" \/>\n\t<meta name=\"twitter:data1\" content=\"3 Minuten\" \/>\n<script type=\"application\/ld+json\" class=\"yoast-schema-graph\">{\"@context\":\"https:\\\/\\\/schema.org\",\"@graph\":[{\"@type\":\"WebPage\",\"@id\":\"https:\\\/\\\/usercentrics.com\\\/de\\\/fraud0-integrieren\\\/\",\"url\":\"https:\\\/\\\/usercentrics.com\\\/de\\\/fraud0-integrieren\\\/\",\"name\":\"Sch\u00fctzen Sie Ihre Daten mit fraud0| Usercentrics\",\"isPartOf\":{\"@id\":\"https:\\\/\\\/usercentrics.com\\\/de\\\/#website\"},\"primaryImageOfPage\":{\"@id\":\"https:\\\/\\\/usercentrics.com\\\/de\\\/fraud0-integrieren\\\/#primaryimage\"},\"image\":{\"@id\":\"https:\\\/\\\/usercentrics.com\\\/de\\\/fraud0-integrieren\\\/#primaryimage\"},\"thumbnailUrl\":\"https:\\\/\\\/usercentrics.com\\\/de\\\/wp-content\\\/uploads\\\/sites\\\/2\\\/2023\\\/07\\\/fraud0-integration.svg?v=b5e0d21dc00a5539\",\"datePublished\":\"2023-07-24T12:22:44+00:00\",\"dateModified\":\"2025-11-17T06:08:56+00:00\",\"description\":\"Sch\u00fctzen Sie Ihr Werbebudget mit fraud0 in Usercentrics. Entdecken Sie Bots und sichern Sie pr\u00e4zise Daten. Jetzt 7 Tage kostenlos testen!\",\"inLanguage\":\"de-DE\",\"potentialAction\":[{\"@type\":\"ReadAction\",\"target\":\"https:\\\/\\\/usercentrics.com\\\/de\\\/fraud0-integrieren\\\/\"}]},{\"@type\":\"ImageObject\",\"inLanguage\":\"de-DE\",\"@id\":\"https:\\\/\\\/usercentrics.com\\\/de\\\/fraud0-integrieren\\\/#primaryimage\",\"url\":\"https:\\\/\\\/usercentrics.com\\\/de\\\/wp-content\\\/uploads\\\/sites\\\/2\\\/2023\\\/07\\\/fraud0-integration.svg?v=b5e0d21dc00a5539\",\"contentUrl\":\"https:\\\/\\\/usercentrics.com\\\/de\\\/wp-content\\\/uploads\\\/sites\\\/2\\\/2023\\\/07\\\/fraud0-integration.svg?v=b5e0d21dc00a5539\",\"caption\":\"fraud0 integration\",\"copyrightNotice\":\"\u00a9 Copyright 2026 Usercentrics GmbH\",\"creator\":{\"@type\":\"Organization\",\"name\":\"Usercentrics GmbH\"},\"creditText\":\"Image: Usercentrics GmbH\"},{\"@type\":\"WebSite\",\"@id\":\"https:\\\/\\\/usercentrics.com\\\/de\\\/#website\",\"url\":\"https:\\\/\\\/usercentrics.com\\\/de\\\/\",\"name\":\"Consent Management Platform (CMP) Usercentrics\",\"description\":\"Consent Management Platform (CMP) Usercentrics\",\"potentialAction\":[{\"@type\":\"SearchAction\",\"target\":{\"@type\":\"EntryPoint\",\"urlTemplate\":\"https:\\\/\\\/usercentrics.com\\\/de\\\/?s={search_term_string}\"}}],\"inLanguage\":\"de-DE\"}]}<\/script>","yoast_head_json":{"title":"Sch\u00fctzen Sie Ihre Daten mit fraud0| Usercentrics","description":"Sch\u00fctzen Sie Ihr Werbebudget mit fraud0 in Usercentrics. Entdecken Sie Bots und sichern Sie pr\u00e4zise Daten. Jetzt 7 Tage kostenlos testen!","robots":{"index":"index","follow":"follow","max-snippet":"max-snippet:-1","max-image-preview":"max-image-preview:large","max-video-preview":"max-video-preview:-1"},"canonical":"https:\/\/usercentrics.com\/de\/fraud0-integrieren\/","og_locale":"de_DE","og_type":"article","og_title":"Sch\u00fctzen Sie Ihre Daten mit fraud0| Usercentrics","og_description":"Sch\u00fctzen Sie Ihr Werbebudget mit fraud0 in Usercentrics. Entdecken Sie Bots und sichern Sie pr\u00e4zise Daten. Jetzt 7 Tage kostenlos testen!","og_url":"https:\/\/usercentrics.com\/de\/fraud0-integrieren\/","og_site_name":"Consent Management Platform (CMP) Usercentrics","article_publisher":"https:\/\/www.facebook.com\/usercentrics","article_modified_time":"2025-11-17T06:08:56+00:00","og_image":[{"url":"https:\/\/usercentrics.com\/wp-content\/uploads\/sites\/2\/2023\/07\/Usercentrics-integration-fraud0-Overview.png","type":"","width":"","height":""}],"twitter_card":"summary_large_image","twitter_title":"Integrieren Sie fraud0 in Ihr Usercentrics-Konto","twitter_description":"Aktivieren Sie die AI Bot & Ad Fraud Detection Integration von fraud0 in Ihrem Usercentrics Admin Interface und profitieren Sie von bot-bereinigten Consent-Daten.","twitter_image":"https:\/\/usercentrics.com\/wp-content\/uploads\/sites\/2\/2023\/07\/Usercentrics-integration-fraud0-Overview.png","twitter_site":"@usercentrics","twitter_misc":{"Gesch\u00e4tzte Lesezeit":"3 Minuten"},"schema":{"@context":"https:\/\/schema.org","@graph":[{"@type":"WebPage","@id":"https:\/\/usercentrics.com\/de\/fraud0-integrieren\/","url":"https:\/\/usercentrics.com\/de\/fraud0-integrieren\/","name":"Sch\u00fctzen Sie Ihre Daten mit fraud0| Usercentrics","isPartOf":{"@id":"https:\/\/usercentrics.com\/de\/#website"},"primaryImageOfPage":{"@id":"https:\/\/usercentrics.com\/de\/fraud0-integrieren\/#primaryimage"},"image":{"@id":"https:\/\/usercentrics.com\/de\/fraud0-integrieren\/#primaryimage"},"thumbnailUrl":"https:\/\/usercentrics.com\/de\/wp-content\/uploads\/sites\/2\/2023\/07\/fraud0-integration.svg?v=b5e0d21dc00a5539","datePublished":"2023-07-24T12:22:44+00:00","dateModified":"2025-11-17T06:08:56+00:00","description":"Sch\u00fctzen Sie Ihr Werbebudget mit fraud0 in Usercentrics. Entdecken Sie Bots und sichern Sie pr\u00e4zise Daten. Jetzt 7 Tage kostenlos testen!","inLanguage":"de-DE","potentialAction":[{"@type":"ReadAction","target":"https:\/\/usercentrics.com\/de\/fraud0-integrieren\/"}]},{"@type":"ImageObject","inLanguage":"de-DE","@id":"https:\/\/usercentrics.com\/de\/fraud0-integrieren\/#primaryimage","url":"https:\/\/usercentrics.com\/de\/wp-content\/uploads\/sites\/2\/2023\/07\/fraud0-integration.svg?v=b5e0d21dc00a5539","contentUrl":"https:\/\/usercentrics.com\/de\/wp-content\/uploads\/sites\/2\/2023\/07\/fraud0-integration.svg?v=b5e0d21dc00a5539","caption":"fraud0 integration","copyrightNotice":"\u00a9 Copyright 2026 Usercentrics GmbH","creator":{"@type":"Organization","name":"Usercentrics GmbH"},"creditText":"Image: Usercentrics GmbH"},{"@type":"WebSite","@id":"https:\/\/usercentrics.com\/de\/#website","url":"https:\/\/usercentrics.com\/de\/","name":"Consent Management Platform (CMP) Usercentrics","description":"Consent Management Platform (CMP) Usercentrics","potentialAction":[{"@type":"SearchAction","target":{"@type":"EntryPoint","urlTemplate":"https:\/\/usercentrics.com\/de\/?s={search_term_string}"}}],"inLanguage":"de-DE"}]}},"_links":{"self":[{"href":"https:\/\/usercentrics.com\/de\/wp-json\/wp\/v2\/pages\/1078","targetHints":{"allow":["GET"]}}],"collection":[{"href":"https:\/\/usercentrics.com\/de\/wp-json\/wp\/v2\/pages"}],"about":[{"href":"https:\/\/usercentrics.com\/de\/wp-json\/wp\/v2\/types\/page"}],"author":[{"embeddable":true,"href":"https:\/\/usercentrics.com\/de\/wp-json\/wp\/v2\/users\/7"}],"replies":[{"embeddable":true,"href":"https:\/\/usercentrics.com\/de\/wp-json\/wp\/v2\/comments?post=1078"}],"version-history":[{"count":0,"href":"https:\/\/usercentrics.com\/de\/wp-json\/wp\/v2\/pages\/1078\/revisions"}],"wp:featuredmedia":[{"embeddable":true,"href":"https:\/\/usercentrics.com\/de\/wp-json\/wp\/v2\/media\/1080"}],"wp:attachment":[{"href":"https:\/\/usercentrics.com\/de\/wp-json\/wp\/v2\/media?parent=1078"}],"curies":[{"name":"wp","href":"https:\/\/api.w.org\/{rel}","templated":true}]}}