{"id":824,"date":"2020-02-10T04:22:44","date_gmt":"2020-02-10T03:22:44","guid":{"rendered":"https:\/\/stage.usercentrics.com\/?page_id=1171"},"modified":"2025-10-16T14:46:44","modified_gmt":"2025-10-16T12:46:44","slug":"impressum","status":"publish","type":"page","link":"https:\/\/usercentrics.com\/de\/impressum\/","title":{"rendered":"Impressum"},"content":{"rendered":"\n<script>\n  window.UC_UI_SUPPRESS_CMP_DISPLAY = true;\n<\/script>\n\n\n\n<h1 class=\"wp-block-heading\" id=\"h-impressum\">Impressum<\/h1>\n\n\n<div class=\"uc-flex-row\" style=\"--padding-top: 0px; --padding-bottom: var(--wp--preset--spacing--xl);\">\n<div class=\"uc-flex-column\" style=\"--column-size: var(--column-size-5);--i:1;\">\n    \n\n<h2 class=\"wp-block-heading\" id=\"h-haftung-fur-inhalte-auf-der-website\">Haftung f\u00fcr Inhalte auf der Website:<\/h2>\n\n\n<p>Dieses Impressum gilt f\u00fcr alle von Usercentrics betriebenen Websites sowie Social Media Accounts.\u00a0<\/p>\n<p><strong>Informationen zum Unternehmen<\/strong>\u00a0<br \/>Usercentrics GmbH Sendlinger Stra\u00dfe 7 80331 M\u00fcnchen Deutschland <br \/>Tel.:\u00a0<a href=\"tel:+49 89 21 54 01 20\">+ 49 89 21 54 01 20<\/a><br \/>Email: <a href=\"mailto:contact@usercentrics.com\">contact@usercentrics.com<\/a>\u00a0<\/p>\n<p><strong>Umsatzsteuer-Identifikationsnummer<\/strong>\u00a0<br \/>St.-IdNr.: DE318857096\u00a0<\/p>\n<p><strong>Registernummer<\/strong>\u00a0<br \/>HRB: 241272 | AG M\u00fcnchen\u00a0<\/p>\n<p><strong>Verantwortlich f\u00fcr den Inhalt gem\u00e4\u00df \u00a7 18 Abs. 2 MedienStV<\/strong>\u00a0<br \/>Donna Dror Sendlinger Stra\u00dfe 7 | 80331 Munich | Germany<\/p>\n<h2 class=\"wp-block-heading\">Management \/ Vertreten durch<\/h2>\n<p>Donna Dror, Ea Luise Andersen<\/p>\n\n<\/div>\n\n\n<div class=\"uc-flex-column\" style=\"--column-size: var(--column-size-1);--i:2;\">\n    <\/div>\n\n\n<div class=\"uc-flex-column\" style=\"--column-size: var(--column-size-6);--i:3;\">\n    \n\n<h2 class=\"wp-block-heading\" id=\"h-disclaimer\">Disclaimer<\/h2>\n\n\n<p><strong>Hinweis auf die EU-Streitbeilegung<\/strong><br \/>Die Europ\u00e4ische Kommission stellt eine Plattform zur Online-Streitbeilegung (OS) bereit:\u00a0<a href=\"https:\/\/ec.europa.eu\/consumers\/odr\" target=\"_blank\" rel=\"noopener\">https:\/\/ec.europa.eu\/consumers\/odr<\/a>. Unsere E-Mail Adresse finden Sie hier im Impressum.<\/p>\n<p><strong>Haftung f\u00fcr Inhalte<\/strong><br \/>Als Dienstanbieter sind wir f\u00fcr eigene Inhalte auf diesen Seiten nach den allgemeinen Gesetzen verantwortlich. Als Dienstanbieter sind wir jedoch nicht verpflichtet, \u00fcbermittelte oder gespeicherte fremde Informationen zu \u00fcberwachen oder nach Umst\u00e4nden zu forschen, die auf eine rechtswidrige T\u00e4tigkeit hinweisen. Verpflichtungen zur Entfernung oder Sperrung der Nutzung von Informationen nach den allgemeinen Gesetzen bleiben hiervon unber\u00fchrt. Eine diesbez\u00fcgliche Haftung ist jedoch erst ab dem Zeitpunkt der Kenntnis einer konkreten Rechtsverletzung m\u00f6glich. Bei Bekanntwerden von entsprechenden Rechtsverletzungen werden wir diese Inhalte umgehend entfernen.<\/p>\n<p><strong>Haftung f\u00fcr Links<\/strong><br \/>Unser Angebot enth\u00e4lt Links zu externen Webseiten Dritter, auf deren Inhalte wir keinen Einfluss haben. Deshalb k\u00f6nnen wir f\u00fcr diese fremden Inhalte auch keine Gew\u00e4hr \u00fcbernehmen. F\u00fcr die Inhalte der verlinkten Seiten ist stets der jeweilige Anbieter oder Betreiber der Seiten verantwortlich. Die verlinkten Seiten wurden zum Zeitpunkt der Verlinkung auf m\u00f6gliche Rechtsverst\u00f6\u00dfe \u00fcberpr\u00fcft. Rechtswidrige Inhalte waren zum Zeitpunkt der Verlinkung nicht erkennbar. Eine permanente inhaltliche Kontrolle der verlinkten Seiten ist jedoch ohne konkrete Anhaltspunkte einer Rechtsverletzung nicht zumutbar. Bei Bekanntwerden von Rechtsverletzungen werden wir derartige Links umgehend entfernen.<\/p>\n<p><strong>Urheberrecht<\/strong><br \/>Die Inhalte dieser Website unterliegen dem Urheberrecht, sofern nicht anders gekennzeichnet, und d\u00fcrfen nicht ohne vorherige schriftliche Zustimmung von Usercentrics weder als Ganzes noch in Teilen verbreitet, ver\u00e4ndert oder kopiert werden. Die auf dieser Website eingebundenen Bilder d\u00fcrfen nicht ohne vorherige schriftliche Zustimmung von Usercentrics verwendet werden. Auf den Websites enthaltene Bilder unterliegen teilweise dem Urheberrecht Dritter. Soweit die Inhalte auf dieser Seite nicht vom Betreiber erstellt wurden, werden die Urheberrechte Dritter beachtet. Insbesondere werden Inhalte Dritter als solche gekennzeichnet. Sollten Sie trotzdem auf eine Urheberrechtsverletzung aufmerksam werden, bitten wir um einen entsprechenden Hinweis. Bei Bekanntwerden von Rechtsverletzungen werden wir derartige Inhalte umgehend entfernen.<\/p>\n\n<\/div>\n\n<\/div>","protected":false},"excerpt":{"rendered":"<p>Impressum<\/p>\n","protected":false},"author":8,"featured_media":0,"parent":0,"menu_order":0,"comment_status":"closed","ping_status":"closed","template":"","meta":{"_acf_changed":false,"editor_notices":[],"footnotes":""},"class_list":["post-824","page","type-page","status-publish","hentry"],"acf":[],"yoast_head":"<title>Unser Impressum | Usercentrics<\/title>\n<meta name=\"description\" content=\"Dieses Impressum gilt f\u00fcr alle von Usercentrics betriebenen Websites sowie Social Media Accounts. Erfahren Sie mehr.\" \/>\n<meta name=\"robots\" content=\"index, follow, max-snippet:-1, max-image-preview:large, max-video-preview:-1\" \/>\n<link rel=\"canonical\" href=\"https:\/\/usercentrics.com\/de\/impressum\/\" \/>\n<meta property=\"og:locale\" content=\"de_DE\" \/>\n<meta property=\"og:type\" content=\"article\" \/>\n<meta property=\"og:title\" content=\"Unser Impressum | Usercentrics\" \/>\n<meta property=\"og:description\" content=\"Dieses Impressum gilt f\u00fcr alle von Usercentrics betriebenen Websites sowie Social Media Accounts. Erfahren Sie mehr.\" \/>\n<meta property=\"og:url\" content=\"https:\/\/usercentrics.com\/de\/impressum\/\" \/>\n<meta property=\"og:site_name\" content=\"Consent Management Platform (CMP) Usercentrics\" \/>\n<meta property=\"article:publisher\" content=\"https:\/\/www.facebook.com\/usercentrics\" \/>\n<meta property=\"article:modified_time\" content=\"2025-10-16T12:46:44+00:00\" \/>\n<meta property=\"og:image\" content=\"https:\/\/usercentrics.com\/de\/wp-content\/uploads\/sites\/2\/2024\/09\/Asset-93-100.jpg\" \/>\n\t<meta property=\"og:image:width\" content=\"1201\" \/>\n\t<meta property=\"og:image:height\" content=\"631\" \/>\n\t<meta property=\"og:image:type\" content=\"image\/jpeg\" \/>\n<meta name=\"twitter:card\" content=\"summary_large_image\" \/>\n<meta name=\"twitter:title\" content=\"Unser Impressum - Usercentrics\" \/>\n<meta name=\"twitter:site\" content=\"@usercentrics\" \/>\n<meta name=\"twitter:label1\" content=\"Gesch\u00e4tzte Lesezeit\" \/>\n\t<meta name=\"twitter:data1\" content=\"3 Minuten\" \/>\n<script type=\"application\/ld+json\" class=\"yoast-schema-graph\">{\"@context\":\"https:\\\/\\\/schema.org\",\"@graph\":[{\"@type\":\"WebPage\",\"@id\":\"https:\\\/\\\/usercentrics.com\\\/de\\\/impressum\\\/\",\"url\":\"https:\\\/\\\/usercentrics.com\\\/de\\\/impressum\\\/\",\"name\":\"Unser Impressum | Usercentrics\",\"isPartOf\":{\"@id\":\"https:\\\/\\\/usercentrics.com\\\/de\\\/#website\"},\"datePublished\":\"2020-02-10T03:22:44+00:00\",\"dateModified\":\"2025-10-16T12:46:44+00:00\",\"description\":\"Dieses Impressum gilt f\u00fcr alle von Usercentrics betriebenen Websites sowie Social Media Accounts. Erfahren Sie mehr.\",\"inLanguage\":\"de-DE\",\"potentialAction\":[{\"@type\":\"ReadAction\",\"target\":\"https:\\\/\\\/usercentrics.com\\\/de\\\/impressum\\\/\"}]},{\"@type\":\"WebSite\",\"@id\":\"https:\\\/\\\/usercentrics.com\\\/de\\\/#website\",\"url\":\"https:\\\/\\\/usercentrics.com\\\/de\\\/\",\"name\":\"Consent Management Platform (CMP) Usercentrics\",\"description\":\"Consent Management Platform (CMP) Usercentrics\",\"potentialAction\":[{\"@type\":\"SearchAction\",\"target\":{\"@type\":\"EntryPoint\",\"urlTemplate\":\"https:\\\/\\\/usercentrics.com\\\/de\\\/?s={search_term_string}\"}}],\"inLanguage\":\"de-DE\"}]}<\/script>","yoast_head_json":{"title":"Unser Impressum | Usercentrics","description":"Dieses Impressum gilt f\u00fcr alle von Usercentrics betriebenen Websites sowie Social Media Accounts. Erfahren Sie mehr.","robots":{"index":"index","follow":"follow","max-snippet":"max-snippet:-1","max-image-preview":"max-image-preview:large","max-video-preview":"max-video-preview:-1"},"canonical":"https:\/\/usercentrics.com\/de\/impressum\/","og_locale":"de_DE","og_type":"article","og_title":"Unser Impressum | Usercentrics","og_description":"Dieses Impressum gilt f\u00fcr alle von Usercentrics betriebenen Websites sowie Social Media Accounts. Erfahren Sie mehr.","og_url":"https:\/\/usercentrics.com\/de\/impressum\/","og_site_name":"Consent Management Platform (CMP) Usercentrics","article_publisher":"https:\/\/www.facebook.com\/usercentrics","article_modified_time":"2025-10-16T12:46:44+00:00","og_image":[{"width":1201,"height":631,"url":"https:\/\/usercentrics.com\/de\/wp-content\/uploads\/sites\/2\/2024\/09\/Asset-93-100.jpg","type":"image\/jpeg"}],"twitter_card":"summary_large_image","twitter_title":"Unser Impressum - Usercentrics","twitter_site":"@usercentrics","twitter_misc":{"Gesch\u00e4tzte Lesezeit":"3 Minuten"},"schema":{"@context":"https:\/\/schema.org","@graph":[{"@type":"WebPage","@id":"https:\/\/usercentrics.com\/de\/impressum\/","url":"https:\/\/usercentrics.com\/de\/impressum\/","name":"Unser Impressum | Usercentrics","isPartOf":{"@id":"https:\/\/usercentrics.com\/de\/#website"},"datePublished":"2020-02-10T03:22:44+00:00","dateModified":"2025-10-16T12:46:44+00:00","description":"Dieses Impressum gilt f\u00fcr alle von Usercentrics betriebenen Websites sowie Social Media Accounts. Erfahren Sie mehr.","inLanguage":"de-DE","potentialAction":[{"@type":"ReadAction","target":"https:\/\/usercentrics.com\/de\/impressum\/"}]},{"@type":"WebSite","@id":"https:\/\/usercentrics.com\/de\/#website","url":"https:\/\/usercentrics.com\/de\/","name":"Consent Management Platform (CMP) Usercentrics","description":"Consent Management Platform (CMP) Usercentrics","potentialAction":[{"@type":"SearchAction","target":{"@type":"EntryPoint","urlTemplate":"https:\/\/usercentrics.com\/de\/?s={search_term_string}"}}],"inLanguage":"de-DE"}]}},"_links":{"self":[{"href":"https:\/\/usercentrics.com\/de\/wp-json\/wp\/v2\/pages\/824","targetHints":{"allow":["GET"]}}],"collection":[{"href":"https:\/\/usercentrics.com\/de\/wp-json\/wp\/v2\/pages"}],"about":[{"href":"https:\/\/usercentrics.com\/de\/wp-json\/wp\/v2\/types\/page"}],"author":[{"embeddable":true,"href":"https:\/\/usercentrics.com\/de\/wp-json\/wp\/v2\/users\/8"}],"replies":[{"embeddable":true,"href":"https:\/\/usercentrics.com\/de\/wp-json\/wp\/v2\/comments?post=824"}],"version-history":[{"count":0,"href":"https:\/\/usercentrics.com\/de\/wp-json\/wp\/v2\/pages\/824\/revisions"}],"wp:attachment":[{"href":"https:\/\/usercentrics.com\/de\/wp-json\/wp\/v2\/media?parent=824"}],"curies":[{"name":"wp","href":"https:\/\/api.w.org\/{rel}","templated":true}]}}