{"id":861,"date":"2020-07-09T14:57:46","date_gmt":"2020-07-09T12:57:46","guid":{"rendered":"https:\/\/stage.usercentrics.com\/de\/?page_id=3859"},"modified":"2024-09-17T10:45:44","modified_gmt":"2024-09-17T08:45:44","slug":"dps-scanner","status":"publish","type":"page","link":"https:\/\/usercentrics.com\/de\/dps-scanner\/","title":{"rendered":"DPS Scanner"},"content":{"rendered":"<div class=\"bg-brand-primary-dark uc-flex-row--background-right alignfull uc-ctx--dark\" style=\"\" ><div class=\"uc-flex-row container\" style=\"--padding-top: var(--wp--preset--spacing--5-xl); --padding-bottom: var(--wp--preset--spacing--5-xl);--to: -1;\">\n<div class=\"uc-flex-column wp-elements-21e0288b35dd73b2a89fea4503dcdc9e\" style=\"--column-size: var(--column-size-7);--i:1;\">\n    \n\n<h1 class=\"wp-block-heading\" id=\"h-uberwachen-sie-die-daten-erhebung-24-7-und-halten-sie-ihre-website-daten-schutz-konform\">\u00dcberwachen Sie die Daten\u00aderhebung<br>24\/7 und halten Sie Ihre<br>Website daten\u00adschutz\u00adkonform<\/h1>\n\n\n\n<p class=\"is-style-text-lg\">Unser Data Processing Service Scanner \u201eDPS Scanner\u201c hilft Ihnen, die DSGVO-Bestimmungen besser einzuhalten. Das intelligente Tool identifiziert Datenverarbeitungsdienste (Drittanbieter-Technologien wie z.B. Google Analytics), die noch nicht zu Ihrer Consent Management Platform (CMP) hinzugef\u00fcgt wurden.<\/p>\n\n<\/div>\n\n\n<div class=\"uc-flex-column\" style=\"--column-size: var(--column-size-5);--i:2;\">\n    <\/div>\n\n<\/div><\/div>\n\n<div class=\"uc-flex-row\" style=\"--padding-top: var(--wp--preset--spacing--10-xl); --padding-bottom: var(--wp--preset--spacing--10-xl);\">\n<div class=\"uc-flex-column\" style=\"--column-size: var(--column-size-7);--i:3;\">\n    \n\n<div class=\"wp-block-group is-layout-constrained wp-block-group-is-layout-constrained\">\n<p class=\"like-label-l\">\u00dcBERWACHUNG DURCH LIVE-NUTZER<\/p>\n\n\n\n<h2 class=\"wp-block-heading\" id=\"h-wissen-was-auf-ihrer-website-passiert\" style=\"margin-top:0;margin-bottom:var(--wp--preset--spacing--l)\">Wissen, was auf Ihrer<br>Website passiert<\/h2>\n<\/div>\n\n\n\n<p>Vielleicht ist Ihr Unternehmen relativ gro\u00df und das Marketing-Team hat bei der Implementierung eines neuen Tools die Legal Abteilung umgangen. Vielleicht hat Ihre Agentur Sie nicht \u00fcber Updates auf dem Laufenden gehalten oder ein Tool wechselt seine Partner und kooperiert pl\u00f6tzlich mit externen Partnern, von denen Sie noch nie etwas geh\u00f6rt haben. In solchen F\u00e4llen kann es sein, dass Sie nicht die volle Kontrolle haben oder Ihnen nicht klar ist, welche Daten tats\u00e4chlich an Dritte weitergegeben werden. Aus diesem Grund haben wir unseren Data Processing Service Scanner entwickelt \u2013 den \u201eDPS Scanner\u201c.<\/p>\n\n\n\n<p>Der Dienst erkennt Live-Nutzer auf Ihrer Website oder in Ihrer App und \u00fcberwacht die Domains, die bei ihrem Besuch aufgerufen werden. <strong>Auf diese Weise stellen wir Ihnen eine Liste aller Datenverarbeitungsdienste zur Verf\u00fcgung, die auf Ihrer Website implementiert sind.<\/strong><\/p>\n\n<\/div>\n\n\n<div class=\"uc-flex-column\" style=\"--column-size: var(--column-size-5);--i:4;\">\n    \n\n<figure class=\"wp-block-image alignright size-full is-resized\"><img decoding=\"async\" src=\"https:\/\/usercentrics.com\/wp-content\/uploads\/2024\/09\/Asset-21.svg\" alt=\"Usercentrics shield checkmark logo\" class=\"wp-image-3577\" style=\"width:500px\"\/><\/figure>\n\n<\/div>\n\n<\/div>\n\n<div class=\"uc-flex-row\" style=\"--padding-top: var(--wp--preset--spacing--5-xl); --padding-bottom: var(--wp--preset--spacing--10-xl);--to: -1;\">\n<div class=\"uc-flex-column\" style=\"--column-size: var(--column-size-7);--i:5;\">\n    \n\n<figure class=\"wp-block-image aligncenter size-full\"><img decoding=\"async\" src=\"https:\/\/usercentrics.com\/wp-content\/uploads\/2020\/10\/Screenshot-2020-10-07-at-14.16.56.png\" alt=\"\" class=\"wp-image-1297\" style=\"object-fit:cover\"\/><\/figure>\n\n<\/div>\n\n\n<div class=\"uc-flex-column\" style=\"--column-size: var(--column-size-5);--i:6;\">\n    \n\n<div class=\"wp-block-group is-layout-constrained wp-block-group-is-layout-constrained\">\n<h2 class=\"wp-block-heading\" id=\"h-wie-unser-dps-scanner-technisch-funktioniert\" style=\"margin-top:0;margin-bottom:var(--wp--preset--spacing--l)\">Wie unser DPS Scanner<br>technisch funktioniert<\/h2>\n<\/div>\n\n\n\n<p>Unser Data Processing Service Scanner (DPS Scanner) sammelt Daten, ohne st\u00e4ndig Seiten crawlen zu m\u00fcssen. Stattdessen erkennt das Tool die Endnutzer, die Ihre Webseite besuchen und die Domains, die dabei geladen werden. Die Daten werden dann alle 24 Stunden aggregiert und gespeichert. Die Ergebnisse k\u00f6nnen am n\u00e4chsten Tag im Usercentrics Admin Interface unter <strong>\u201eService Einstellungen\u201c <\/strong>\u2192 <strong>\u201eDPS Scanner\u201c<\/strong> aufgerufen werden.<\/p>\n\n<\/div>\n\n<\/div>\n\n<div class=\"uc-flex-row\" style=\"--padding-top: var(--wp--preset--spacing--5-xl); --padding-bottom: var(--wp--preset--spacing--10-xl);\">\n<div class=\"uc-flex-column\" style=\"--column-size: var(--column-size-5);--i:7;\">\n    \n\n<div class=\"wp-block-group is-layout-constrained wp-block-group-is-layout-constrained\">\n<h2 class=\"wp-block-heading\" id=\"h-nutzen-sie-unseren-scanner-auf-ihrer-website\" style=\"margin-top:0;margin-bottom:var(--wp--preset--spacing--l)\">Nutzen Sie unseren Scanner auf Ihrer Website<\/h2>\n<\/div>\n\n\n\n<p>Eventuell haben Sie schon Scanning- und Crawling-Aktivit\u00e4ten auf Ihrer Website bemerkt, wahrscheinlich in Ihren Webserver- und Referrer-Logs.<br>Der folgende Useragent wird von Usercentrics verwendet, und Sie k\u00f6nnen ihn ebenfalls nutzen, um alle Anfragen zu identifizieren und zu erkennen:<\/p>\n\n\n\n<p><strong>Mozilla\/5.0 (X11; Linux x86_64) AppleWebKit\/605.1.15 (KHTML, like Gecko) Chrome\/W.X.Y.Z Safari\/605.1.15 (compatible; Usercentrics\/0.1; +http:\/\/usercentrics.com\/dps-scanner\/)<\/strong><\/p>\n\n\n\n<p><em>Wir aktualisieren unsere Rendering-Engine f\u00fcr Websites regelm\u00e4\u00dfig auf die neueste Version. W.X.Y.Z ist also ein Platzhalter, der die Version des Chrome-Browsers angibt, die der User Agent verwendet: zum Beispiel \u201e93.0.4577.82\u201c.<\/em><\/p>\n\n<\/div>\n\n\n<div class=\"uc-flex-column\" style=\"--column-size: var(--column-size-7);--i:8;\">\n    \n\n<figure class=\"wp-block-image alignright size-full\"><img decoding=\"async\" src=\"https:\/\/usercentrics.com\/wp-content\/uploads\/2020\/10\/Screenshot-2020-10-07-at-14.16.39.png\" alt=\"\" class=\"wp-image-1522\"\/><\/figure>\n\n<\/div>\n\n<\/div>\n\n<div class=\"uc-flex-row\" style=\"--padding-top: var(--wp--preset--spacing--3-xl); --padding-bottom: var(--wp--preset--spacing--10-xl);\">\n<div class=\"uc-flex-column\" style=\"--column-size: var(--column-size-8);--i:9;\">\n    \n\n<p>DATENVERARBEITUNGSDIENSTE<\/p>\n\n\n\n<h3 class=\"wp-block-heading\" id=\"h-stellen-sie-fest-ob-in-ihrer-cmp-dienste-fehlen\">Stellen Sie fest, ob in Ihrer CMP Dienste fehlen<\/h3>\n\n\n\n<p><span style=\"font-weight: 400;\">Sobald wir die Anfragen Dritter erkannt haben, k\u00f6nnen wir diese mit unserer Data Processing Service-Datenbank abgleichen und feststellen, zu welchen Datenverarbeitungsdiensten sie geh\u00f6ren.<\/span><\/p>\n\n\n\n<p>So k\u00f6nnen wir feststellen, ob eine Technologie von Drittanbietern ausgel\u00f6st wird, die noch nicht in Ihrer CMP hinzugef\u00fcgt wurde. Dies stellt eine Datenschutzverletzung dar. Sobald eine solche L\u00fccke entdeckt wird, aktualisieren wir die Ergebnisse entsprechend, so dass Sie sofort darauf reagieren k\u00f6nnen, indem Sie alle neu entdeckten Datenverarbeitungsdienste hinzuf\u00fcgen k\u00f6nnen.<\/p>\n\n<\/div>\n\n<\/div>\n\n<div class=\"uc-flex-row\" style=\"--padding-top: var(--wp--preset--spacing--3-xl); --padding-bottom: var(--wp--preset--spacing--10-xl);\">\n<div class=\"uc-flex-column\" style=\"--column-size: var(--column-size-8);--i:10;\">\n    \n\n<h3 class=\"wp-block-heading\" id=\"h-daten-schutz-erklarung-zusatzliche-bemerkungen\">Daten\u00adschutz\u00aderkl\u00e4rung \u2013 Zus\u00e4tzliche Bemerkungen<\/h3>\n\n\n\n<p><span style=\"font-weight: 400;\">Der DSGVO-Website-Check ist ein gro\u00dfartiges Tool, mit dem Sie DSGVO-Konformit\u00e4t auf Ihrer Website erreichen k\u00f6nnen. Zus\u00e4tzlich zum DSGVO-Website-Check ist es jedoch auch wichtig, eine klare und umfassende Datenschutzrichtlinie zu haben, die die Besucher dar\u00fcber informiert, wie ihre Daten verwendet werden. Dies sollte auch f\u00fcr alle Dienste von Drittanbietern gelten, die auf der Website genutzt werden. In der Daten\u00adschutz\u00aderkl\u00e4rung sollte auch angegeben werden, wie lange die Daten gespeichert werden und wie sie sicher gel\u00f6scht werden, wenn sie nicht mehr ben\u00f6tigt werden.<\/span><\/p>\n\n<\/div>\n\n<\/div>\n\n<div class=\"uc-cards-slider uc-cards-slider--layout-default\">\n        <div class=\"container\">\n                            <div class=\"uc-cards-slider__heading\">\n                <div class=\"uc-cards-slider__heading__title like-h2 no-default-margin\">\n                    Unser \u201cDPS Scanner\u201d gibt Ihnen Sicherheit                <\/div>\n\n                            <\/div>\n                    <div class=\"uc-slider uc-slider--not-drag\" id=\"slider_69e8fb6d4e77c\">\n                <div class=\"uc-slider__window\">\n            <div class=\"uc-slider__track\">\n                <div class=\"uc-card-icon uc-card-icon-default uc-card-icon__size-large\">\n    <div class=\"uc-card-icon__icon image \">\n        <div class=\"uc-card-icon__icon-inner\">\n            <svg width=\"72\" height=\"72\" viewBox=\"0 0 72 72\" fill=\"none\" xmlns=\"http:\/\/www.w3.org\/2000\/svg\">\n<path fill-rule=\"evenodd\" clip-rule=\"evenodd\" d=\"M72 0V39C72 54 57 72 36 72C15 72 0 54 0 39V0H72ZM60 12H12V39C12 42.7245 14.0286 48.0581 18.6103 52.6397C23.0182 57.0476 29.0621 60 36 60C42.9379 60 48.9818 57.0476 53.3897 52.6397C57.9714 48.0581 60 42.7245 60 39V12Z\" fill=\"#00A2FF\"\/>\n<path fill-rule=\"evenodd\" clip-rule=\"evenodd\" d=\"M35.627 33L23.1582 22.6093L30.8404 13.3907L54.3716 33L30.8404 52.6093L23.1582 43.3907L35.627 33Z\" fill=\"#00A2FF\"\/>\n<\/svg>\n        <\/div>\n    <\/div>\n<div class=\"uc-card-icon__inner\">\n                    <div class=\"uc-card-icon__description\">\n            <p>Bleiben Sie \u00fcber Dritt-Technologien auf Ihrer Webseite<br \/>\nauf dem Laufenden<\/p>\n        <\/div>\n    \n            <\/div>\n<\/div>\n<div class=\"uc-card-icon uc-card-icon-default uc-card-icon__size-large\">\n    <div class=\"uc-card-icon__icon image \">\n        <div class=\"uc-card-icon__icon-inner\">\n            <svg width=\"72\" height=\"72\" viewBox=\"0 0 72 72\" fill=\"none\" xmlns=\"http:\/\/www.w3.org\/2000\/svg\">\n<path fill-rule=\"evenodd\" clip-rule=\"evenodd\" d=\"M24 18H18V27H24V18ZM54 33H48V42H54V33ZM30 18H54V27H30V18ZM42 42V33H18V42H42Z\" fill=\"#00A2FF\"\/>\n<path fill-rule=\"evenodd\" clip-rule=\"evenodd\" d=\"M72 0V39C72 54 57 72 36 72C15 72 0 54 0 39V0H72ZM60 12H12V39C12 42.7245 14.0286 48.0581 18.6103 52.6397C23.0182 57.0476 29.0621 60 36 60C42.9379 60 48.9818 57.0476 53.3897 52.6397C57.9714 48.0581 60 42.7245 60 39V12Z\" fill=\"#00A2FF\"\/>\n<\/svg>\n        <\/div>\n    <\/div>\n<div class=\"uc-card-icon__inner\">\n                    <div class=\"uc-card-icon__description\">\n            <p>Sparen Sie Personal f\u00fcr interne Audits<\/p>\n        <\/div>\n    \n            <\/div>\n<\/div>\n<div class=\"uc-card-icon uc-card-icon-default uc-card-icon__size-large\">\n    <div class=\"uc-card-icon__icon image \">\n        <div class=\"uc-card-icon__icon-inner\">\n            <svg width=\"72\" height=\"72\" viewBox=\"0 0 72 72\" fill=\"none\" xmlns=\"http:\/\/www.w3.org\/2000\/svg\">\n<path fill-rule=\"evenodd\" clip-rule=\"evenodd\" d=\"M72 0V39C72 54 57 72 36 72C15 72 0 54 0 39V0H72ZM60 12H12V39C12 42.7245 14.0286 48.0581 18.6103 52.6397C23.0182 57.0476 29.0621 60 36 60C42.9379 60 48.9818 57.0476 53.3897 52.6397C57.9714 48.0581 60 42.7245 60 39V12Z\" fill=\"#00A2FF\"\/>\n<path fill-rule=\"evenodd\" clip-rule=\"evenodd\" d=\"M27 33C27 37.9706 31.0294 42 36 42C40.9706 42 45 37.9706 45 33H57C57 44.598 47.598 54 36 54C24.402 54 15 44.598 15 33H27Z\" fill=\"#00A2FF\"\/>\n<\/svg>\n        <\/div>\n    <\/div>\n<div class=\"uc-card-icon__inner\">\n                    <div class=\"uc-card-icon__description\">\n            <p>Verbessern Sie die Verwaltung Ihrer CMP, indem Sie relevante Daten-<br \/>\nverarbeitungsdienste hinzuf\u00fcgen<\/p>\n        <\/div>\n    \n            <\/div>\n<\/div>\n            <\/div>\n        <\/div>\n    <\/div>\n            <script type=\"module\">\n            new Uc_Slider(document.querySelector(\"#slider_69e8fb6d4e77c\"), {\"drag_enabled\":false,\"is_qa_card\":false})\n        <\/script>\n                        <\/div>\n<\/div>\n\n\n<div id=\"uc-cta_69e8fb6d501aa\" class=\"uc-cta uc-cta--button alignfull uc-cta--primary uc-ctx--blue\">\n    <div class=\"uc-cta__inner container\">\n        <div class=\"uc-cta__content\">\n                                        <div class=\"uc-cta__heading no-default-margin\">MEHR ERFAHREN<\/div>\n                                        <div class=\"uc-cta__description\">\n                    <p>Kontaktieren Sie uns f\u00fcr weitere Informationen zum DPS Scanner<\/p>\n                <\/div>\n                                                                    <\/div>\n                            <div class=\"uc-cta__section\">\n                                        <a id=\"db11d712-c543-474e-98de-a058ad709d84\" class=\"uc-button uc-button-size-l uc-button-contained  no-default-link-decoration\" href=\"https:\/\/usercentrics.com\/de\/beratungsgespraech-buchen\/\" target=\"\"><span>Sales kontaktieren<\/span><\/a><a id=\"8deae76f-caa9-4833-b8bf-c0f4b4e69cd9\" class=\"uc-button uc-button-size-l uc-button-outlined  no-default-link-decoration\" href=\"https:\/\/usercentrics.com\/de\/testversion-kostenlos\/\" target=\"\"><span>Kostenlos starten<\/span><\/a>                                    <\/div>\n            <\/div>\n<\/div>\n    <script type=\"module\">\n        new Uc_Cta(document.getElementById(\"uc-cta_69e8fb6d501aa\"));\n    <\/script>\n","protected":false},"excerpt":{"rendered":"","protected":false},"author":7,"featured_media":0,"parent":0,"menu_order":0,"comment_status":"closed","ping_status":"closed","template":"","meta":{"_acf_changed":false,"editor_notices":[],"footnotes":""},"class_list":["post-861","page","type-page","status-publish","hentry"],"acf":[],"yoast_head":"<title>Data Processing Service Scanner &quot;DPS Scanner&quot; | Usercentrics<\/title>\n<meta name=\"description\" content=\"Unser Data Processing Service Scanner identifiziert Datenverarbeitungsdienste (z.B Google Analytics), die noch nicht zu Ihrer CMP hinzugef\u00fcgt wurden.\" \/>\n<meta name=\"robots\" content=\"index, follow, max-snippet:-1, max-image-preview:large, max-video-preview:-1\" \/>\n<link rel=\"canonical\" href=\"https:\/\/usercentrics.com\/de\/dps-scanner\/\" \/>\n<meta property=\"og:locale\" content=\"de_DE\" \/>\n<meta property=\"og:type\" content=\"article\" \/>\n<meta property=\"og:title\" content=\"Data Processing Service Scanner &quot;DPS Scanner&quot;| Feature | Usercentrics\" \/>\n<meta property=\"og:description\" content=\"Unser Data Processing Service Scanner identifiziert Datenverarbeitungsdienste (z.B Google Analytics), die noch nicht zu Ihrer CMP hinzugef\u00fcgt wurden.\" \/>\n<meta property=\"og:url\" content=\"https:\/\/usercentrics.com\/de\/dps-scanner\/\" \/>\n<meta property=\"og:site_name\" content=\"Consent Management Platform (CMP) Usercentrics\" \/>\n<meta property=\"article:publisher\" content=\"https:\/\/www.facebook.com\/usercentrics\" \/>\n<meta property=\"article:modified_time\" content=\"2024-09-17T08:45:44+00:00\" \/>\n<meta property=\"og:image\" content=\"https:\/\/usercentrics.com\/de\/wp-content\/uploads\/sites\/2\/2024\/09\/Asset-93-100.jpg\" \/>\n<meta name=\"twitter:card\" content=\"summary_large_image\" \/>\n<meta name=\"twitter:title\" content=\"Data Processing Service Scanner &quot;DPS Scanner&quot;| Feature | Usercentrics\" \/>\n<meta name=\"twitter:description\" content=\"Unser Data Processing Service Scanner identifiziert Datenverarbeitungsdienste (z.B Google Analytics), die noch nicht zu Ihrer CMP hinzugef\u00fcgt wurden.\" \/>\n<meta name=\"twitter:site\" content=\"@usercentrics\" \/>\n<meta name=\"twitter:label1\" content=\"Gesch\u00e4tzte Lesezeit\" \/>\n\t<meta name=\"twitter:data1\" content=\"4 Minuten\" \/>\n<script type=\"application\/ld+json\" class=\"yoast-schema-graph\">{\"@context\":\"https:\\\/\\\/schema.org\",\"@graph\":[{\"@type\":\"WebPage\",\"@id\":\"https:\\\/\\\/usercentrics.com\\\/de\\\/dps-scanner\\\/\",\"url\":\"https:\\\/\\\/usercentrics.com\\\/de\\\/dps-scanner\\\/\",\"name\":\"Data Processing Service Scanner \\\"DPS Scanner\\\" | Usercentrics\",\"isPartOf\":{\"@id\":\"https:\\\/\\\/usercentrics.com\\\/de\\\/#website\"},\"primaryImageOfPage\":{\"@id\":\"https:\\\/\\\/usercentrics.com\\\/de\\\/dps-scanner\\\/#primaryimage\"},\"image\":{\"@id\":\"https:\\\/\\\/usercentrics.com\\\/de\\\/dps-scanner\\\/#primaryimage\"},\"thumbnailUrl\":\"https:\\\/\\\/usercentrics.com\\\/wp-content\\\/uploads\\\/2024\\\/09\\\/Asset-21.svg\",\"datePublished\":\"2020-07-09T12:57:46+00:00\",\"dateModified\":\"2024-09-17T08:45:44+00:00\",\"description\":\"Unser Data Processing Service Scanner identifiziert Datenverarbeitungsdienste (z.B Google Analytics), die noch nicht zu Ihrer CMP hinzugef\u00fcgt wurden.\",\"inLanguage\":\"de-DE\",\"potentialAction\":[{\"@type\":\"ReadAction\",\"target\":\"https:\\\/\\\/usercentrics.com\\\/de\\\/dps-scanner\\\/\"}]},{\"@type\":\"ImageObject\",\"inLanguage\":\"de-DE\",\"@id\":\"https:\\\/\\\/usercentrics.com\\\/de\\\/dps-scanner\\\/#primaryimage\",\"url\":\"https:\\\/\\\/usercentrics.com\\\/wp-content\\\/uploads\\\/2024\\\/09\\\/Asset-21.svg\",\"contentUrl\":\"https:\\\/\\\/usercentrics.com\\\/wp-content\\\/uploads\\\/2024\\\/09\\\/Asset-21.svg\",\"copyrightNotice\":\"\u00a9 Copyright 2026 Usercentrics GmbH\",\"creator\":{\"@type\":\"Organization\",\"name\":\"Usercentrics GmbH\"},\"creditText\":\"Image: Usercentrics GmbH\"},{\"@type\":\"WebSite\",\"@id\":\"https:\\\/\\\/usercentrics.com\\\/de\\\/#website\",\"url\":\"https:\\\/\\\/usercentrics.com\\\/de\\\/\",\"name\":\"Consent Management Platform (CMP) Usercentrics\",\"description\":\"Consent Management Platform (CMP) Usercentrics\",\"potentialAction\":[{\"@type\":\"SearchAction\",\"target\":{\"@type\":\"EntryPoint\",\"urlTemplate\":\"https:\\\/\\\/usercentrics.com\\\/de\\\/?s={search_term_string}\"}}],\"inLanguage\":\"de-DE\"}]}<\/script>","yoast_head_json":{"title":"Data Processing Service Scanner \"DPS Scanner\" | Usercentrics","description":"Unser Data Processing Service Scanner identifiziert Datenverarbeitungsdienste (z.B Google Analytics), die noch nicht zu Ihrer CMP hinzugef\u00fcgt wurden.","robots":{"index":"index","follow":"follow","max-snippet":"max-snippet:-1","max-image-preview":"max-image-preview:large","max-video-preview":"max-video-preview:-1"},"canonical":"https:\/\/usercentrics.com\/de\/dps-scanner\/","og_locale":"de_DE","og_type":"article","og_title":"Data Processing Service Scanner \"DPS Scanner\"| Feature | Usercentrics","og_description":"Unser Data Processing Service Scanner identifiziert Datenverarbeitungsdienste (z.B Google Analytics), die noch nicht zu Ihrer CMP hinzugef\u00fcgt wurden.","og_url":"https:\/\/usercentrics.com\/de\/dps-scanner\/","og_site_name":"Consent Management Platform (CMP) Usercentrics","article_publisher":"https:\/\/www.facebook.com\/usercentrics","article_modified_time":"2024-09-17T08:45:44+00:00","og_image":[{"url":"https:\/\/usercentrics.com\/de\/wp-content\/uploads\/sites\/2\/2024\/09\/Asset-93-100.jpg","type":"","width":"","height":""}],"twitter_card":"summary_large_image","twitter_title":"Data Processing Service Scanner \"DPS Scanner\"| Feature | Usercentrics","twitter_description":"Unser Data Processing Service Scanner identifiziert Datenverarbeitungsdienste (z.B Google Analytics), die noch nicht zu Ihrer CMP hinzugef\u00fcgt wurden.","twitter_site":"@usercentrics","twitter_misc":{"Gesch\u00e4tzte Lesezeit":"4 Minuten"},"schema":{"@context":"https:\/\/schema.org","@graph":[{"@type":"WebPage","@id":"https:\/\/usercentrics.com\/de\/dps-scanner\/","url":"https:\/\/usercentrics.com\/de\/dps-scanner\/","name":"Data Processing Service Scanner \"DPS Scanner\" | Usercentrics","isPartOf":{"@id":"https:\/\/usercentrics.com\/de\/#website"},"primaryImageOfPage":{"@id":"https:\/\/usercentrics.com\/de\/dps-scanner\/#primaryimage"},"image":{"@id":"https:\/\/usercentrics.com\/de\/dps-scanner\/#primaryimage"},"thumbnailUrl":"https:\/\/usercentrics.com\/wp-content\/uploads\/2024\/09\/Asset-21.svg","datePublished":"2020-07-09T12:57:46+00:00","dateModified":"2024-09-17T08:45:44+00:00","description":"Unser Data Processing Service Scanner identifiziert Datenverarbeitungsdienste (z.B Google Analytics), die noch nicht zu Ihrer CMP hinzugef\u00fcgt wurden.","inLanguage":"de-DE","potentialAction":[{"@type":"ReadAction","target":"https:\/\/usercentrics.com\/de\/dps-scanner\/"}]},{"@type":"ImageObject","inLanguage":"de-DE","@id":"https:\/\/usercentrics.com\/de\/dps-scanner\/#primaryimage","url":"https:\/\/usercentrics.com\/wp-content\/uploads\/2024\/09\/Asset-21.svg","contentUrl":"https:\/\/usercentrics.com\/wp-content\/uploads\/2024\/09\/Asset-21.svg","copyrightNotice":"\u00a9 Copyright 2026 Usercentrics GmbH","creator":{"@type":"Organization","name":"Usercentrics GmbH"},"creditText":"Image: Usercentrics GmbH"},{"@type":"WebSite","@id":"https:\/\/usercentrics.com\/de\/#website","url":"https:\/\/usercentrics.com\/de\/","name":"Consent Management Platform (CMP) Usercentrics","description":"Consent Management Platform (CMP) Usercentrics","potentialAction":[{"@type":"SearchAction","target":{"@type":"EntryPoint","urlTemplate":"https:\/\/usercentrics.com\/de\/?s={search_term_string}"}}],"inLanguage":"de-DE"}]}},"_links":{"self":[{"href":"https:\/\/usercentrics.com\/de\/wp-json\/wp\/v2\/pages\/861","targetHints":{"allow":["GET"]}}],"collection":[{"href":"https:\/\/usercentrics.com\/de\/wp-json\/wp\/v2\/pages"}],"about":[{"href":"https:\/\/usercentrics.com\/de\/wp-json\/wp\/v2\/types\/page"}],"author":[{"embeddable":true,"href":"https:\/\/usercentrics.com\/de\/wp-json\/wp\/v2\/users\/7"}],"replies":[{"embeddable":true,"href":"https:\/\/usercentrics.com\/de\/wp-json\/wp\/v2\/comments?post=861"}],"version-history":[{"count":0,"href":"https:\/\/usercentrics.com\/de\/wp-json\/wp\/v2\/pages\/861\/revisions"}],"wp:attachment":[{"href":"https:\/\/usercentrics.com\/de\/wp-json\/wp\/v2\/media?parent=861"}],"curies":[{"name":"wp","href":"https:\/\/api.w.org\/{rel}","templated":true}]}}