{"id":863,"date":"2020-07-15T11:00:50","date_gmt":"2020-07-15T09:00:50","guid":{"rendered":"https:\/\/stage.usercentrics.com\/de\/?page_id=3891"},"modified":"2025-08-05T16:15:28","modified_gmt":"2025-08-05T14:15:28","slug":"smart-data-protector","status":"publish","type":"page","link":"https:\/\/usercentrics.com\/de\/smart-data-protector\/","title":{"rendered":"SMART DATA PROTECTOR"},"content":{"rendered":"<div class=\"alignfull uc-blog-hero uc-blog-hero--has-image uc-blog-hero--layout-product uc-ctx--blue\" data-id=\"blog_hero_69d217ea166cb\">\n        <div class=\"uc-blog-hero__inner\">\n        <div class=\"uc-blog-hero__text\">\n                                            <h1 class=\"uc-blog-hero__title like-h1-upper no-default-margin\">Automatisches Blockieren von Dritt-Technologien<\/h1>                                    <div class=\"uc-blog-hero__description\">Schnell und sicher gel\u00f6st: Mit unserem Smart Data Protector verhindern Sie die \u00dcbertragung von Nutzerdaten an Dritte bis der Nutzer seine Zustimmung dazu gibt.<\/div>\n                                                                                    <div class=\"uc-blog-hero__buttons\">\n                        <a id=\"c39ea20a-b426-46c1-8b47-7d4ffb1d9091\" class=\"uc-button uc-button-size-l uc-button-contained  no-default-link-decoration\" href=\"#smart-data-protector-demo\" target=\"\"><span>Jetzt anfragen<\/span><\/a>                    <\/div>\n                                                                        <\/div>\n                            <div class=\"uc-blog-hero__background\">\n                                                                    <div class=\"uc-blog-hero__image-wp\">\n                                                                                                                        <img decoding=\"async\" fetchpriority='high'class=\"uc-blog-hero__image\" src=\"https:\/\/usercentrics.com\/de\/wp-content\/uploads\/sites\/2\/2024\/09\/Property-1Hero.svg?v=3f45381c5170fda1\" width=\"752\" height=\"628\" alt=\"\">                                                                                                        <\/div>\n                                                                            <\/div>\n                    <\/div>\n    <\/div>\n\n\n<div class=\"uc-flex-row\" style=\"--padding-top: 0px; --padding-bottom: 0px;\">\n<div class=\"uc-flex-column\" style=\"--column-size: var(--column-size-6);--i:1;\">\n    \n\n<figure class=\"wp-block-image aligncenter size-full is-resized\"><img decoding=\"async\" src=\"https:\/\/usercentrics.com\/wp-content\/uploads\/2024\/09\/Property-1SMART-BLOCKING-1.svg\" alt=\"\" class=\"\" style=\"width:656px;height:auto\"\/><\/figure>\n\n<\/div>\n\n\n<div class=\"uc-flex-column\" style=\"--column-size: var(--column-size-6);--i:2;\">\n    \n\n<p class=\"like-label-l\">SMART BLOCKING<\/p>\n\n\n\n<h3 class=\"wp-block-heading\" id=\"h-zeigen-sie-nutzern-den-mehrwert-ihrer-einwilligung\" style=\"margin-top:0;margin-bottom:0\">Zeigen Sie Nutzern den Mehrwert ihrer Einwilligung<\/h3>\n\n\n<p class=\"like-text-lg\">Der Usercentrics Smart Data Protector ist ein Feature, das Technologien von Drittanbietern,\u00a0die Sie Ihrer Website hinzugef\u00fcgt haben, blockiert und nur f\u00fcr Nutzer aktiviert, die ihre Einwilligung \u00fcber die CMP geben.\u00a0<\/p>\n<p class=\"like-text-lg\">Wenn z.B. das iFrame eines YouTube-Videos\u00a0auf Ihrer Webseite eingebettet ist, verhindert der Smart Data Protector, dass Daten an den YouTube-Server gesendet werden, bis die Einwilligung erteilt wird.<\/p>\n<p class=\"like-text-lg\">Zus\u00e4tzlich stellt unser\u00a0<b>Privacy Proxy-Service<\/b>\u00a0Nutzern ein Vorschaubild des Videos zur Verf\u00fcgung.<\/p>\n\n<\/div>\n\n<\/div>\n\n<div class=\"uc-flex-row\" style=\"--padding-top: 0px; --padding-bottom: 0px;\">\n<div class=\"uc-flex-column\" style=\"--column-size: var(--column-size-12);--i:3;\">\n    \n<a id=\"760678e9-7a06-4bb4-b143-5852397f3dd5\" class=\"uc-button uc-button-size-l uc-button-contained  no-default-link-decoration uc-button-center\" href=\"#smart-data-protector-demo\" target=\"\"><span> Jetzt anfragen<\/span><\/a>\n<\/div>\n\n<\/div>\n\n<div class=\"uc-flex-row\" style=\"--padding-top: 0px; --padding-bottom: 0px;\">\n<div class=\"uc-flex-column\" style=\"--column-size: var(--column-size-6);--i:4;\">\n    \n\n<p class=\"like-label-l\">PRIVACY PROXY<\/p>\n\n\n\n<h3 class=\"wp-block-heading\" id=\"h-ermoglichen-sie-ihren-nutzern-kontextuelle-opt-ins\" style=\"margin-top:0;margin-bottom:0\">Erm\u00f6glichen Sie Ihren Nutzern kontextuelle Opt-ins<\/h3>\n\n\n<p class=\"like-text-lg\">Unser Privacy Proxy bietet Nutzern einen Anreiz zum Opt-in, da diese w\u00e4hrend des Webseitenbesuchs direkt \u00fcber den Consent Layer zustimmen k\u00f6nnen.\u00a0<\/p>\n<p class=\"like-text-lg\"><b>Der Vorteil:<\/b>\u00a0Ihre Nutzer erhalten einen Einblick\u00a0in den Inhalt und werden dadurch dazu angeregt, mit dem Consent Layer im Vorschaubild zu interagieren.<\/p>\n<p class=\"like-text-lg\">Das Vorschaubild wird von unseren Servern bereitgestellt, so dass keine Datenanforderungen von Ihrer Website an die Server von Drittanbietern erfolgen.<\/p>\n\n<\/div>\n\n\n<div class=\"uc-flex-column\" style=\"--column-size: var(--column-size-6);--i:5;\">\n    \n\n<figure class=\"wp-block-image aligncenter size-full is-resized\"><img decoding=\"async\" src=\"https:\/\/usercentrics.com\/wp-content\/uploads\/2024\/09\/Property-1PRIVACY-PROXY-1.svg\" alt=\"\" class=\"\" style=\"width:592px;height:auto\"\/><\/figure>\n\n<\/div>\n\n<\/div>\n\n<div class=\"uc-flex-row\" style=\"--padding-top: 0px; --padding-bottom: 0px;\">\n<div class=\"uc-flex-column\" style=\"--column-size: var(--column-size-12);--i:6;\">\n    \n\n<h2 class=\"wp-block-heading has-text-align-center\" id=\"h-weitere-vorteile-des-smart-data-protectors\" style=\"margin-top:0;margin-bottom:0;padding-top:0;padding-bottom:0\">Weitere Vorteile des Smart Data Protectors<\/h2>\n\n<\/div>\n\n\n<div class=\"uc-flex-column\" style=\"--column-size: var(--column-size-4);--i:7;align-self:flex-start;\">\n    \n<div class=\"uc-icon-number uc-icon-number--size-default\"><div class=\"uc-icon-number__icon uc-icon-number__icon--type-image\">\n                        <img decoding=\"async\" width=\"24\" height=\"24\" src=\"https:\/\/usercentrics.com\/de\/wp-content\/uploads\/sites\/2\/2024\/09\/LaptopUsercentrics.svg?v=a6895b1e7d2a3a87\" class=\"attachment-full size-full\" alt=\"\" loading=\"lazy\" aria-hidden=\"true\" \/>            <\/div>\n    <div class=\"uc-icon-number__title\">Verhindert das Senden von Nutzerdaten an Dritte<\/div>\n\n\n\n<\/div>\n<\/div>\n\n\n<div class=\"uc-flex-column\" style=\"--column-size: var(--column-size-4);--i:8;\">\n    \n<div class=\"uc-icon-number uc-icon-number--size-default\"><div class=\"uc-icon-number__icon uc-icon-number__icon--type-image\">\n                        <img decoding=\"async\" width=\"56\" height=\"56\" src=\"https:\/\/usercentrics.com\/de\/wp-content\/uploads\/sites\/2\/2024\/09\/Certified-data-expertise.svg?v=a9a988daa634d73f\" class=\"attachment-full size-full\" alt=\"\" loading=\"lazy\" aria-hidden=\"true\" \/>            <\/div>\n    <div class=\"uc-icon-number__title\">Bietet einen zus\u00e4tzlichen Schutz f\u00fcr Nutzerdaten<\/div>\n\n\n\n<\/div>\n<\/div>\n\n\n<div class=\"uc-flex-column\" style=\"--column-size: var(--column-size-4);--i:9;\">\n    \n<div class=\"uc-icon-number uc-icon-number--size-default\"><div class=\"uc-icon-number__icon uc-icon-number__icon--type-image\">\n                        <img decoding=\"async\" width=\"24\" height=\"24\" src=\"https:\/\/usercentrics.com\/de\/wp-content\/uploads\/sites\/2\/2024\/09\/File-Text-icon.svg?v=dedb82232a7da9da\" class=\"attachment-full size-full\" alt=\"\" loading=\"lazy\" aria-hidden=\"true\" \/>            <\/div>\n    <div class=\"uc-icon-number__title\">Steigert die User Experience durch den Consent Layer<\/div>\n\n\n\n<\/div>\n<\/div>\n\n<\/div>\n\n<div class=\"uc-flex-row--background-right\" style=\"\" ><div class=\"uc-flex-row container\" style=\"--padding-top: 0px; --padding-bottom: 0px;\">\n<div class=\"uc-flex-column\" style=\"--column-size: var(--column-size-12);--i:10;\">\n    \n\n<p id=\"smart-data-protector-demo\"><\/p>\n\n<\/div>\n\n\n<div class=\"uc-flex-column\" style=\"--column-size: var(--column-size-12);--i:11;\">\n    \n<div id=\"uc-cta_69d217ea2442f\" class=\"uc-cta uc-cta--button alignfull uc-cta--primary uc-ctx--blue\">\n    <div class=\"uc-cta__inner container\">\n        <div class=\"uc-cta__content\">\n                                        <div class=\"uc-cta__heading no-default-margin\">Kontakt mit dem Experten-Team aufnehmen<\/div>\n                                        <div class=\"uc-cta__description\">\n                    <p>Wir beantworten gern all Ihre Fragen und machen Sie mit Usercentrics vertraut.<br \/>\nSie wollen Partner werden?\u00a0<a class=\"mfp-iframe lightbox-added\" href=\"https:\/\/ucoldstg.wpenginepowered.com\/de\/iframe-seite-formular-partner\/?iframe=true\" rel=\"nofollow\">Hier bewerben<\/a><\/p>\n                <\/div>\n                                                                    <\/div>\n                            <div class=\"uc-cta__section\">\n                                        <a id=\"e39a3b83-4250-467c-b91d-12683ab139a6\" class=\"uc-button uc-button-size-l uc-button-contained  no-default-link-decoration\" href=\"https:\/\/usercentrics.com\/de\/beratungsgespraech-buchen\/\" target=\"\"><span>Sales kontaktieren<\/span><\/a><a id=\"ef0013cb-70d2-4ef4-bb67-8b074ed09408\" class=\"uc-button uc-button-size-l uc-button-outlined  no-default-link-decoration\" href=\"\/de\/testversion-kostenlos\/\" target=\"\"><span>Kostenlos starten<\/span><\/a>                                    <\/div>\n            <\/div>\n<\/div>\n    <script type=\"module\">\n        new Uc_Cta(document.getElementById(\"uc-cta_69d217ea2442f\"));\n    <\/script>\n\n<\/div>\n\n<\/div><\/div>","protected":false},"excerpt":{"rendered":"","protected":false},"author":7,"featured_media":0,"parent":0,"menu_order":0,"comment_status":"closed","ping_status":"closed","template":"","meta":{"_acf_changed":false,"editor_notices":[],"footnotes":""},"class_list":["post-863","page","type-page","status-publish","hentry"],"acf":[],"yoast_head":"<title>Unser Smart Data Protector | Usercentrics<\/title>\n<meta name=\"description\" content=\"Verhindern Sie die \u00dcbertragung von Nutzerdaten an Dritte bis zur Zustimmung. Unser Smart Data Protector zeigt Nutzern den Mehrwert ihrer Einwilligung.\" \/>\n<meta name=\"robots\" content=\"index, follow, max-snippet:-1, max-image-preview:large, max-video-preview:-1\" \/>\n<link rel=\"canonical\" href=\"https:\/\/usercentrics.com\/de\/smart-data-protector\/\" \/>\n<meta property=\"og:locale\" content=\"de_DE\" \/>\n<meta property=\"og:type\" content=\"article\" \/>\n<meta property=\"og:title\" content=\"Unser Smart Data Protector | Usercentrics\" \/>\n<meta property=\"og:description\" content=\"Verhindern Sie die \u00dcbertragung von Nutzerdaten an Dritte bis zur Zustimmung. Unser Smart Data Protector zeigt Nutzern den Mehrwert ihrer Einwilligung.\" \/>\n<meta property=\"og:url\" content=\"https:\/\/usercentrics.com\/de\/smart-data-protector\/\" \/>\n<meta property=\"og:site_name\" content=\"Consent Management Platform (CMP) Usercentrics\" \/>\n<meta property=\"article:publisher\" content=\"https:\/\/www.facebook.com\/usercentrics\" \/>\n<meta property=\"article:modified_time\" content=\"2025-08-05T14:15:28+00:00\" \/>\n<meta property=\"og:image\" content=\"https:\/\/usercentrics.com\/de\/wp-content\/uploads\/sites\/2\/2024\/09\/Asset-93-100.jpg\" \/>\n<meta name=\"twitter:card\" content=\"summary_large_image\" \/>\n<meta name=\"twitter:title\" content=\"Produkt: Smart Data Protector | Usercentrics GmbH\" \/>\n<meta name=\"twitter:description\" content=\"Mit unserem Smart Data Protector verhindern Sie die \u00dcbertragung von Nutzerdaten an Dritte bis der Nutzer seine Zustimmung dazu gibt.\" \/>\n<meta name=\"twitter:site\" content=\"@usercentrics\" \/>\n<meta name=\"twitter:label1\" content=\"Gesch\u00e4tzte Lesezeit\" \/>\n\t<meta name=\"twitter:data1\" content=\"2 Minuten\" \/>\n<script type=\"application\/ld+json\" class=\"yoast-schema-graph\">{\"@context\":\"https:\/\/schema.org\",\"@graph\":[{\"@type\":\"WebPage\",\"@id\":\"https:\/\/usercentrics.com\/de\/smart-data-protector\/\",\"url\":\"https:\/\/usercentrics.com\/de\/smart-data-protector\/\",\"name\":\"Unser Smart Data Protector | Usercentrics\",\"isPartOf\":{\"@id\":\"https:\/\/usercentrics.com\/de\/#website\"},\"primaryImageOfPage\":{\"@id\":\"https:\/\/usercentrics.com\/de\/smart-data-protector\/#primaryimage\"},\"image\":{\"@id\":\"https:\/\/usercentrics.com\/de\/smart-data-protector\/#primaryimage\"},\"thumbnailUrl\":\"https:\/\/usercentrics.com\/wp-content\/uploads\/2024\/09\/Property-1SMART-BLOCKING-1.svg\",\"datePublished\":\"2020-07-15T09:00:50+00:00\",\"dateModified\":\"2025-08-05T14:15:28+00:00\",\"description\":\"Verhindern Sie die \u00dcbertragung von Nutzerdaten an Dritte bis zur Zustimmung. Unser Smart Data Protector zeigt Nutzern den Mehrwert ihrer Einwilligung.\",\"inLanguage\":\"de-DE\",\"potentialAction\":[{\"@type\":\"ReadAction\",\"target\":\"https:\/\/usercentrics.com\/de\/smart-data-protector\/\"}]},{\"@type\":\"ImageObject\",\"inLanguage\":\"de-DE\",\"@id\":\"https:\/\/usercentrics.com\/de\/smart-data-protector\/#primaryimage\",\"url\":\"https:\/\/usercentrics.com\/wp-content\/uploads\/2024\/09\/Property-1SMART-BLOCKING-1.svg\",\"contentUrl\":\"https:\/\/usercentrics.com\/wp-content\/uploads\/2024\/09\/Property-1SMART-BLOCKING-1.svg\",\"copyrightNotice\":\"\u00a9 Copyright 2026 Usercentrics GmbH\",\"creator\":{\"@type\":\"Organization\",\"name\":\"Usercentrics GmbH\"},\"creditText\":\"Image: Usercentrics GmbH\"},{\"@type\":\"WebSite\",\"@id\":\"https:\/\/usercentrics.com\/de\/#website\",\"url\":\"https:\/\/usercentrics.com\/de\/\",\"name\":\"Consent Management Platform (CMP) Usercentrics\",\"description\":\"Consent Management Platform (CMP) Usercentrics\",\"potentialAction\":[{\"@type\":\"SearchAction\",\"target\":{\"@type\":\"EntryPoint\",\"urlTemplate\":\"https:\/\/usercentrics.com\/de\/?s={search_term_string}\"}}],\"inLanguage\":\"de-DE\"}]}<\/script>","yoast_head_json":{"title":"Unser Smart Data Protector | Usercentrics","description":"Verhindern Sie die \u00dcbertragung von Nutzerdaten an Dritte bis zur Zustimmung. Unser Smart Data Protector zeigt Nutzern den Mehrwert ihrer Einwilligung.","robots":{"index":"index","follow":"follow","max-snippet":"max-snippet:-1","max-image-preview":"max-image-preview:large","max-video-preview":"max-video-preview:-1"},"canonical":"https:\/\/usercentrics.com\/de\/smart-data-protector\/","og_locale":"de_DE","og_type":"article","og_title":"Unser Smart Data Protector | Usercentrics","og_description":"Verhindern Sie die \u00dcbertragung von Nutzerdaten an Dritte bis zur Zustimmung. Unser Smart Data Protector zeigt Nutzern den Mehrwert ihrer Einwilligung.","og_url":"https:\/\/usercentrics.com\/de\/smart-data-protector\/","og_site_name":"Consent Management Platform (CMP) Usercentrics","article_publisher":"https:\/\/www.facebook.com\/usercentrics","article_modified_time":"2025-08-05T14:15:28+00:00","og_image":[{"url":"https:\/\/usercentrics.com\/de\/wp-content\/uploads\/sites\/2\/2024\/09\/Asset-93-100.jpg","type":"","width":"","height":""}],"twitter_card":"summary_large_image","twitter_title":"Produkt: Smart Data Protector | Usercentrics GmbH","twitter_description":"Mit unserem Smart Data Protector verhindern Sie die \u00dcbertragung von Nutzerdaten an Dritte bis der Nutzer seine Zustimmung dazu gibt.","twitter_site":"@usercentrics","twitter_misc":{"Gesch\u00e4tzte Lesezeit":"2 Minuten"},"schema":{"@context":"https:\/\/schema.org","@graph":[{"@type":"WebPage","@id":"https:\/\/usercentrics.com\/de\/smart-data-protector\/","url":"https:\/\/usercentrics.com\/de\/smart-data-protector\/","name":"Unser Smart Data Protector | Usercentrics","isPartOf":{"@id":"https:\/\/usercentrics.com\/de\/#website"},"primaryImageOfPage":{"@id":"https:\/\/usercentrics.com\/de\/smart-data-protector\/#primaryimage"},"image":{"@id":"https:\/\/usercentrics.com\/de\/smart-data-protector\/#primaryimage"},"thumbnailUrl":"https:\/\/usercentrics.com\/wp-content\/uploads\/2024\/09\/Property-1SMART-BLOCKING-1.svg","datePublished":"2020-07-15T09:00:50+00:00","dateModified":"2025-08-05T14:15:28+00:00","description":"Verhindern Sie die \u00dcbertragung von Nutzerdaten an Dritte bis zur Zustimmung. Unser Smart Data Protector zeigt Nutzern den Mehrwert ihrer Einwilligung.","inLanguage":"de-DE","potentialAction":[{"@type":"ReadAction","target":"https:\/\/usercentrics.com\/de\/smart-data-protector\/"}]},{"@type":"ImageObject","inLanguage":"de-DE","@id":"https:\/\/usercentrics.com\/de\/smart-data-protector\/#primaryimage","url":"https:\/\/usercentrics.com\/wp-content\/uploads\/2024\/09\/Property-1SMART-BLOCKING-1.svg","contentUrl":"https:\/\/usercentrics.com\/wp-content\/uploads\/2024\/09\/Property-1SMART-BLOCKING-1.svg","copyrightNotice":"\u00a9 Copyright 2026 Usercentrics GmbH","creator":{"@type":"Organization","name":"Usercentrics GmbH"},"creditText":"Image: Usercentrics GmbH"},{"@type":"WebSite","@id":"https:\/\/usercentrics.com\/de\/#website","url":"https:\/\/usercentrics.com\/de\/","name":"Consent Management Platform (CMP) Usercentrics","description":"Consent Management Platform (CMP) Usercentrics","potentialAction":[{"@type":"SearchAction","target":{"@type":"EntryPoint","urlTemplate":"https:\/\/usercentrics.com\/de\/?s={search_term_string}"}}],"inLanguage":"de-DE"}]}},"_links":{"self":[{"href":"https:\/\/usercentrics.com\/de\/wp-json\/wp\/v2\/pages\/863","targetHints":{"allow":["GET"]}}],"collection":[{"href":"https:\/\/usercentrics.com\/de\/wp-json\/wp\/v2\/pages"}],"about":[{"href":"https:\/\/usercentrics.com\/de\/wp-json\/wp\/v2\/types\/page"}],"author":[{"embeddable":true,"href":"https:\/\/usercentrics.com\/de\/wp-json\/wp\/v2\/users\/7"}],"replies":[{"embeddable":true,"href":"https:\/\/usercentrics.com\/de\/wp-json\/wp\/v2\/comments?post=863"}],"version-history":[{"count":0,"href":"https:\/\/usercentrics.com\/de\/wp-json\/wp\/v2\/pages\/863\/revisions"}],"wp:attachment":[{"href":"https:\/\/usercentrics.com\/de\/wp-json\/wp\/v2\/media?parent=863"}],"curies":[{"name":"wp","href":"https:\/\/api.w.org\/{rel}","templated":true}]}}