{"id":866,"date":"2020-07-16T11:57:02","date_gmt":"2020-07-16T09:57:02","guid":{"rendered":"https:\/\/stage.usercentrics.com\/de\/?page_id=3900"},"modified":"2024-09-05T12:07:01","modified_gmt":"2024-09-05T10:07:01","slug":"cross-device-consent-sharing","status":"publish","type":"page","link":"https:\/\/usercentrics.com\/de\/cross-device-consent-sharing\/","title":{"rendered":"Cross Device Consent Sharing"},"content":{"rendered":"\n\n\n\n<h1 class=\"wp-block-heading\">Eine Einwilligung f\u00fcr alle Endger\u00e4te<\/h1>\n<p>Schluss mit st\u00f6renden Unterbrechungen durch st\u00e4ndige Pop-up Privacy Banner!\nMit der Usercentrics Cross Device Consent-Funktion k\u00f6nnen Sie die Nutzer\nEinwilligung zwischen Native App und Webseite weitergeben, damit dem Nutzer\nnur ein einziges Mal das Privacy Banner gezeigt wird &#8211; egal mit welchem\nEndger\u00e4t er auf Ihren Service zugreift.<\/p>\n\n\n\n\n\n<a id=\"def5d04e-711a-4a35-9837-86582402ed6d\" class=\"uc-button uc-button-size-m uc-button-contained  no-default-link-decoration\" href=\"\/\" target=\"_self\"><span>Button<\/span><\/a>\n\n\n\n\n\n\n\n<div class=\"uc-flex-row\" style=\"--padding-top: 0px; --padding-bottom: 0px;\">\n<div class=\"uc-flex-column\" style=\"--column-size: var(--column-size-6);--i:1;\">\n    \n\n\n\n\n\n\n\n<\/div>\n\n<div class=\"uc-flex-column\" style=\"--column-size: var(--column-size-6);--i:2;\">\n    \n\n<p>EINHOLEN &amp; TEILEN<\/p>\n<h3 class=\"wp-block-heading\">Nutzer Einwilligung zwischen\nden Plattformen weitergeben<\/h3>\n\n\n<p><span style=\"font-weight: 400;\">Notebook, Tablet, App &#8211; Ihre Webseitennutzer sollen nicht jedes Mal durch ein Privacy Banner gest\u00f6rt f\u00fchlen, wenn sie auf Ihren Service mit einem anderen Endger\u00e4t zugreifen?<\/span><\/p>\n<p><span style=\"font-weight: 400;\">Dann haben wir die L\u00f6sung: Mit Usercentrics <\/span><b>Cross Device Consent Sharing<\/b><span style=\"font-weight: 400;\"> k\u00f6nnen Sie die Nutzer Pr\u00e4ferenzen zwischen den einzelnen Plattformen weitergeben, z.B. von <\/span><span style=\"font-weight: 400;\">Desktop Device zu Mobile Device (oder anders herum) &#8211; falls der Nutzer von dort aus auf Ihren Service zugreift.\u00a0<\/span><\/p>\n<p><span style=\"font-weight: 400;\">Mit der Usercentrics CMP kann die Nutzer Einwilligung kann auch zwischen Domains und Sub-Domains weitergegeben werden.\u00a0<\/span><\/p>\n<p><span style=\"font-weight: 400;\">Weiter Infos hierzu finden Sie unter <a href=\"https:\/\/usercentrics.com\/de\/cross-domain-consent-sharing\/\" target=\"_blank\" rel=\"noopener\">Cross Domain Consent Sharing<\/a>. <\/span><\/p>\n\n\n\n<\/div>\n\n\n<\/div>\n\n\n\n<a id=\"ef15d116-f4e8-4b81-a095-9dc391492dd1\" class=\"uc-button uc-button-size-m uc-button-contained  no-default-link-decoration\" href=\"\/\" target=\"_self\"><span>Button<\/span><\/a>\n\n\n\n\n\n<p style=\"text-align: center;\">VEREINFACHEN SIE IHR CONSENT MANAGEMENT<\/p>\n\n\n\n<p style=\"text-align: center;\">F\u00fcr eine perfekte User Experience:<\/p>\n<p style=\"text-align: center;\">EIN MAL fragen und die Einwilligung f\u00fcr<br \/>\nALLE Endger\u00e4te einholen<\/p>\n\n\n\n\n\n<div class=\"uc-flex-row\" style=\"--padding-top: 0px; --padding-bottom: 0px;\">\n<div class=\"uc-flex-column\" style=\"--column-size: var(--column-size-6);--i:3;\">\n    \n\n<p>SIMPLE L\u00d6SUNG<\/p>\n<h3 class=\"wp-block-heading\">Cross Device Consent Sharing:\nso funktioniert\u2019s<\/h3>\n\n\n<p><b>SCHRITT 1: <\/b><span style=\"font-weight: 400;\">Wenn ein Nutzer Ihren Service zum ersten Mal aufruft (\u00fcber die App oder einen Desktop Device) wird ihm eine <\/span><b>unique ID<\/b><span style=\"font-weight: 400;\"> zugeordnet (die \u201eUsercentrics controllerId\u201c), die im <\/span><b>localStorage<\/b><span style=\"font-weight: 400;\"> des Endger\u00e4ts gespreichert wird und dort abgerufen werden kann. Diese ID beinhaltet s\u00e4mtliche Informationen zu den Privacy Settings, die der Nutzer bei seinem ersten Besuch angegeben hat.<\/span><\/p>\n<p><b>SCHRITT 2: <\/b><span style=\"font-weight: 400;\">Sobald sich der Nutzer erneut mit einem anderen Endger\u00e4t auf Ihrer Webseite oder \u00fcber die App einlogged und als wiederkehrender Kunde indentifiziert werden kann,\u00a0 \u00fcberpr\u00fcft die Usercentrics CMP automatisch, ob bereits Informationen zur Nutzer Einwilligung vorliegen und zeigt dann ggfs. kein Privacy Banner mehr.<\/span><\/p>\n\n\n\n<\/div>\n\n<div class=\"uc-flex-column\" style=\"--column-size: var(--column-size-6);--i:4;\">\n    \n\n\n\n\n\n\n\n<\/div>\n\n\n<\/div>\n\n\n<div class=\"uc-flex-row\" style=\"--padding-top: 0px; --padding-bottom: 0px;\">\n<div class=\"uc-flex-column\" style=\"--column-size: var(--column-size-6);--i:5;\">\n    \n\n<p>FAKTEN &amp; VORAUSSETZUNGEN<\/p>\n<h3 class=\"wp-block-heading\">Das sollten Sie wissen<\/h3>\n\n\n<p><b>\u2714 <\/b><span style=\"font-weight: 400;\">Dieses Feature ist f\u00fcr die Usercentrics CMP Version 2 (Browser SDK) sowie f\u00fcr die Mobile App (In-App SDK) verf\u00fcgbar.<\/span><span style=\"font-weight: 400;\"><br \/>\n<\/span><\/p>\n<p><b>\u2714 <\/b><span style=\"font-weight: 400;\">Sowohl Ihre Webseite als auch Ihre App m\u00fcssen eine CMP implementiert haben damit\u00a0 die Cross Device Consent Sharing-Funktion genutzt werden kann.<\/span><span style=\"font-weight: 400;\"><br \/>\n<\/span><\/p>\n<p><b>\u2714<\/b><span style=\"font-weight: 400;\"> Allen Apps und Webseiten, f\u00fcr die das Feature genutzt werden soll, muss die selbe settingsID zugeordnet werden.<\/span><span style=\"font-weight: 400;\">\u00a0<\/span><\/p>\n<p><b>\u2714 <\/b><span style=\"font-weight: 400;\">Dieses Feature wird f\u00fcr iOS und Android SDK angeboten.<\/span><\/p>\n\n\n\n<p><span style=\"font-weight: 400;\">Weitere Infos zur Usercentrics Mobile App Consent (In-App SDK) finden Sie <\/span><a href=\"https:\/\/usercentrics.com\/de\/in-app-sdk\/\"><span style=\"font-weight: 400;\">hier<\/span><\/a><span style=\"font-weight: 400;\">.\u00a0 <\/span><\/p>\n\n\n\n<\/div>\n\n<div class=\"uc-flex-column\" style=\"--column-size: var(--column-size-6);--i:6;\">\n    \n\n<figure class=\"wp-block-image size-full aligncenter\"><img decoding=\"async\" src=\"https:\/\/usercentrics.com\/de\/wp-content\/uploads\/sites\/2\/2020\/07\/cross-device-final-3.png\" alt=\"\" class=\"wp-image-864\"\/><\/figure>\n\n\n\n\n\n<\/div>\n\n\n<\/div>\n\n\n<div class=\"uc-flex-row\" style=\"--padding-top: 0px; --padding-bottom: 0px;\">\n<div class=\"uc-flex-column\" style=\"--column-size: var(--column-size-6);--i:7;\">\n    \n\n<figure class=\"wp-block-image size-full aligncenter\"><img decoding=\"async\" src=\"https:\/\/usercentrics.com\/de\/wp-content\/uploads\/sites\/2\/2020\/07\/cross-device-final-4.png\" alt=\"\" class=\"wp-image-865\"\/><\/figure>\n\n\n\n\n\n<\/div>\n\n<div class=\"uc-flex-column\" style=\"--column-size: var(--column-size-6);--i:8;\">\n    \n\n<p>STEIGERN SIE IHRE PERFORMANCE<\/p>\n<h3 class=\"wp-block-heading\">Optimieren Sie Ihre Opt-in Rate\nmit Cross Device Consent Sharing<\/h3>\n\n\n<p><span style=\"font-weight: 400;\">Wenn Sie Ihre Nutzer zu oft mit einem Pop-Up Banner bel\u00e4stigen, laufen Sie Gefahr, dass ihre Nutzer in eine Art \u201cKlick-M\u00fcdigkeit\u201d verfallen, was dazu f\u00fchren kann, dass sie <\/span><span style=\"font-weight: 400;\">gar nicht erst mit dem Banner interagieren oder <\/span><span style=\"font-weight: 400;\">die Webseite schnellstm\u00f6glich wieder verlassen.\u00a0\u00a0<\/span><\/p>\n<p><span style=\"font-weight: 400;\">Interagiert der Nutzer nicht mit dem Banner und nutzt weiterhin die Webseite (z.B. durch Scrollen) bedeutet dies nicht automatisch, dass er seine Einwilligung zur Datennutzung gegeben hat.<\/span><\/p>\n<p><span style=\"font-weight: 400;\">\u21e8<\/span> <b>Achtung: Wenn die Nutzer Einwilligung nicht <\/b><a href=\"https:\/\/usercentrics.com\/de\/knowledge-hub\/nutzer-einwilligung-einholen-diese-fuenf-tricks-sind-nicht-dsgvo-konform\/\"><b>DSGVO-konform eingeholt <\/b><\/a><b>wurde, k\u00f6nnen Nutzerdaten nicht zu Marketingzwecken\u00a0 verwendet werden &#8211; was letztlich zum Verlust von Werbeeinnahmen f\u00fchrt.<\/b> <b>\u00a0<\/b><\/p>\n<p><span style=\"font-weight: 400;\">Verschaffen Sie sich einen Wettbewerbsvorteil: optimieren Sie Ihre Opt-in Rate!\u00a0\u00a0<\/span><\/p>\n<p><span style=\"font-weight: 400;\">Weitere Infos zum Thema Opt-in Optimierung finden Sie in unserem <\/span><a href=\"https:\/\/usercentrics.com\/de\/ressourcen\/whitepaper-opt-in-optimierung\/\"><span style=\"font-weight: 400;\">Whitepaper<\/span><\/a><span style=\"font-weight: 400;\">.\u00a0<\/span><span style=\"font-weight: 400;\">\u00a0<\/span><\/p>\n\n\n\n<\/div>\n\n\n<\/div>\n\n\n\n<p>MEHR ERFAHREN<\/p>\n<h2 class=\"wp-block-heading\">Jetzt loslegen mit Cross Device Consent Sharing<\/h2>\n\n\n\n\n<div class=\"uc-flex-row\" style=\"--padding-top: 0px; --padding-bottom: 0px;\">\n<div class=\"uc-flex-column\" style=\"--column-size: var(--column-size-12);--i:9;\">\n    \n\n\n\n\n\n\n\n<\/div>\n\n\n<\/div>\n","protected":false},"excerpt":{"rendered":"<p>Eine Einwilligung f\u00fcr alle Endger\u00e4te Schluss mit st\u00f6renden Unterbrechungen durch st\u00e4ndige Pop-up Privacy Banner! Mit der Usercentrics Cross Device Consent-Funktion k\u00f6nnen Sie die Nutzer Einwilligung zwischen Native App und Webseite weitergeben, damit dem Nutzer nur ein einziges Mal das Privacy Banner gezeigt wird &#8211; egal mit welchem Endger\u00e4t er auf Ihren Service zugreift. VEREINFACHEN SIE [&hellip;]<\/p>\n","protected":false},"author":0,"featured_media":0,"parent":0,"menu_order":0,"comment_status":"closed","ping_status":"closed","template":"","meta":{"_acf_changed":false,"editor_notices":[],"footnotes":""},"class_list":["post-866","page","type-page","status-publish","hentry"],"acf":[],"yoast_head":"<title>Cross Device Consent Sharing | Usercentrics GmbH<\/title>\n<meta name=\"description\" content=\"Vereinfachen Sie Ihr Consent Management! Mit unserem Cross Device Consent Sharing fragen Sie einmalig die Einwilligungen f\u00fcr alle Endger\u00e4te an.\" \/>\n<meta name=\"robots\" content=\"noindex, follow\" \/>\n<meta property=\"og:locale\" content=\"de_DE\" \/>\n<meta property=\"og:type\" content=\"article\" \/>\n<meta property=\"og:title\" content=\"Cross Device Consent Sharing | Usercentrics GmbH\" \/>\n<meta property=\"og:description\" content=\"Vereinfachen Sie Ihr Consent Management! Mit unserem Cross Device Consent Sharing fragen Sie einmalig die Einwilligungen f\u00fcr alle Endger\u00e4te an.\" \/>\n<meta property=\"og:url\" content=\"https:\/\/usercentrics.com\/de\/cross-device-consent-sharing\/\" \/>\n<meta property=\"og:site_name\" content=\"Consent Management Platform (CMP) Usercentrics\" \/>\n<meta property=\"article:publisher\" content=\"https:\/\/www.facebook.com\/usercentrics\" \/>\n<meta property=\"article:modified_time\" content=\"2024-09-05T10:07:01+00:00\" \/>\n<meta property=\"og:image\" content=\"https:\/\/usercentrics.com\/de\/wp-content\/uploads\/sites\/2\/2024\/09\/Asset-93-100.jpg\" \/>\n<meta name=\"twitter:card\" content=\"summary_large_image\" \/>\n<meta name=\"twitter:title\" content=\"Cross Device Consent Sharing | Usercentrics GmbH\" \/>\n<meta name=\"twitter:description\" content=\"Vereinfachen Sie Ihr Consent Management! Mit unserem Cross Device Consent Sharing fragen Sie einmalig die Einwilligungen f\u00fcr alle Endger\u00e4te an.\" \/>\n<meta name=\"twitter:site\" content=\"@usercentrics\" \/>\n<meta name=\"twitter:label1\" content=\"Gesch\u00e4tzte Lesezeit\" \/>\n\t<meta name=\"twitter:data1\" content=\"3 Minuten\" \/>\n<script type=\"application\/ld+json\" class=\"yoast-schema-graph\">{\"@context\":\"https:\\\/\\\/schema.org\",\"@graph\":[{\"@type\":\"WebPage\",\"@id\":\"https:\\\/\\\/usercentrics.com\\\/de\\\/cross-device-consent-sharing\\\/\",\"url\":\"https:\\\/\\\/usercentrics.com\\\/de\\\/cross-device-consent-sharing\\\/\",\"name\":\"Cross Device Consent Sharing | Usercentrics GmbH\",\"isPartOf\":{\"@id\":\"https:\\\/\\\/usercentrics.com\\\/de\\\/#website\"},\"primaryImageOfPage\":{\"@id\":\"https:\\\/\\\/usercentrics.com\\\/de\\\/cross-device-consent-sharing\\\/#primaryimage\"},\"image\":{\"@id\":\"https:\\\/\\\/usercentrics.com\\\/de\\\/cross-device-consent-sharing\\\/#primaryimage\"},\"thumbnailUrl\":\"https:\\\/\\\/usercentrics.com\\\/de\\\/wp-content\\\/uploads\\\/sites\\\/2\\\/2020\\\/07\\\/cross-device-final-3.png\",\"datePublished\":\"2020-07-16T09:57:02+00:00\",\"dateModified\":\"2024-09-05T10:07:01+00:00\",\"description\":\"Vereinfachen Sie Ihr Consent Management! Mit unserem Cross Device Consent Sharing fragen Sie einmalig die Einwilligungen f\u00fcr alle Endger\u00e4te an.\",\"inLanguage\":\"de-DE\",\"potentialAction\":[{\"@type\":\"ReadAction\",\"target\":\"https:\\\/\\\/usercentrics.com\\\/de\\\/cross-device-consent-sharing\\\/\"}]},{\"@type\":\"ImageObject\",\"inLanguage\":\"de-DE\",\"@id\":\"https:\\\/\\\/usercentrics.com\\\/de\\\/cross-device-consent-sharing\\\/#primaryimage\",\"url\":\"https:\\\/\\\/usercentrics.com\\\/de\\\/wp-content\\\/uploads\\\/sites\\\/2\\\/2020\\\/07\\\/cross-device-final-3.png\",\"contentUrl\":\"https:\\\/\\\/usercentrics.com\\\/de\\\/wp-content\\\/uploads\\\/sites\\\/2\\\/2020\\\/07\\\/cross-device-final-3.png\",\"caption\":\"cross-device |DE| Usercentrics\",\"copyrightNotice\":\"\u00a9 Copyright 2026 Usercentrics GmbH\",\"creator\":{\"@type\":\"Organization\",\"name\":\"Usercentrics GmbH\"},\"creditText\":\"Image: Usercentrics GmbH\"},{\"@type\":\"WebSite\",\"@id\":\"https:\\\/\\\/usercentrics.com\\\/de\\\/#website\",\"url\":\"https:\\\/\\\/usercentrics.com\\\/de\\\/\",\"name\":\"Consent Management Platform (CMP) Usercentrics\",\"description\":\"Consent Management Platform (CMP) Usercentrics\",\"potentialAction\":[{\"@type\":\"SearchAction\",\"target\":{\"@type\":\"EntryPoint\",\"urlTemplate\":\"https:\\\/\\\/usercentrics.com\\\/de\\\/?s={search_term_string}\"}}],\"inLanguage\":\"de-DE\"}]}<\/script>","yoast_head_json":{"title":"Cross Device Consent Sharing | Usercentrics GmbH","description":"Vereinfachen Sie Ihr Consent Management! Mit unserem Cross Device Consent Sharing fragen Sie einmalig die Einwilligungen f\u00fcr alle Endger\u00e4te an.","robots":{"index":"noindex","follow":"follow"},"og_locale":"de_DE","og_type":"article","og_title":"Cross Device Consent Sharing | Usercentrics GmbH","og_description":"Vereinfachen Sie Ihr Consent Management! Mit unserem Cross Device Consent Sharing fragen Sie einmalig die Einwilligungen f\u00fcr alle Endger\u00e4te an.","og_url":"https:\/\/usercentrics.com\/de\/cross-device-consent-sharing\/","og_site_name":"Consent Management Platform (CMP) Usercentrics","article_publisher":"https:\/\/www.facebook.com\/usercentrics","article_modified_time":"2024-09-05T10:07:01+00:00","og_image":[{"url":"https:\/\/usercentrics.com\/de\/wp-content\/uploads\/sites\/2\/2024\/09\/Asset-93-100.jpg","type":"","width":"","height":""}],"twitter_card":"summary_large_image","twitter_title":"Cross Device Consent Sharing | Usercentrics GmbH","twitter_description":"Vereinfachen Sie Ihr Consent Management! Mit unserem Cross Device Consent Sharing fragen Sie einmalig die Einwilligungen f\u00fcr alle Endger\u00e4te an.","twitter_site":"@usercentrics","twitter_misc":{"Gesch\u00e4tzte Lesezeit":"3 Minuten"},"schema":{"@context":"https:\/\/schema.org","@graph":[{"@type":"WebPage","@id":"https:\/\/usercentrics.com\/de\/cross-device-consent-sharing\/","url":"https:\/\/usercentrics.com\/de\/cross-device-consent-sharing\/","name":"Cross Device Consent Sharing | Usercentrics GmbH","isPartOf":{"@id":"https:\/\/usercentrics.com\/de\/#website"},"primaryImageOfPage":{"@id":"https:\/\/usercentrics.com\/de\/cross-device-consent-sharing\/#primaryimage"},"image":{"@id":"https:\/\/usercentrics.com\/de\/cross-device-consent-sharing\/#primaryimage"},"thumbnailUrl":"https:\/\/usercentrics.com\/de\/wp-content\/uploads\/sites\/2\/2020\/07\/cross-device-final-3.png","datePublished":"2020-07-16T09:57:02+00:00","dateModified":"2024-09-05T10:07:01+00:00","description":"Vereinfachen Sie Ihr Consent Management! Mit unserem Cross Device Consent Sharing fragen Sie einmalig die Einwilligungen f\u00fcr alle Endger\u00e4te an.","inLanguage":"de-DE","potentialAction":[{"@type":"ReadAction","target":"https:\/\/usercentrics.com\/de\/cross-device-consent-sharing\/"}]},{"@type":"ImageObject","inLanguage":"de-DE","@id":"https:\/\/usercentrics.com\/de\/cross-device-consent-sharing\/#primaryimage","url":"https:\/\/usercentrics.com\/de\/wp-content\/uploads\/sites\/2\/2020\/07\/cross-device-final-3.png","contentUrl":"https:\/\/usercentrics.com\/de\/wp-content\/uploads\/sites\/2\/2020\/07\/cross-device-final-3.png","caption":"cross-device |DE| Usercentrics","copyrightNotice":"\u00a9 Copyright 2026 Usercentrics GmbH","creator":{"@type":"Organization","name":"Usercentrics GmbH"},"creditText":"Image: Usercentrics GmbH"},{"@type":"WebSite","@id":"https:\/\/usercentrics.com\/de\/#website","url":"https:\/\/usercentrics.com\/de\/","name":"Consent Management Platform (CMP) Usercentrics","description":"Consent Management Platform (CMP) Usercentrics","potentialAction":[{"@type":"SearchAction","target":{"@type":"EntryPoint","urlTemplate":"https:\/\/usercentrics.com\/de\/?s={search_term_string}"}}],"inLanguage":"de-DE"}]}},"_links":{"self":[{"href":"https:\/\/usercentrics.com\/de\/wp-json\/wp\/v2\/pages\/866","targetHints":{"allow":["GET"]}}],"collection":[{"href":"https:\/\/usercentrics.com\/de\/wp-json\/wp\/v2\/pages"}],"about":[{"href":"https:\/\/usercentrics.com\/de\/wp-json\/wp\/v2\/types\/page"}],"replies":[{"embeddable":true,"href":"https:\/\/usercentrics.com\/de\/wp-json\/wp\/v2\/comments?post=866"}],"version-history":[{"count":0,"href":"https:\/\/usercentrics.com\/de\/wp-json\/wp\/v2\/pages\/866\/revisions"}],"wp:attachment":[{"href":"https:\/\/usercentrics.com\/de\/wp-json\/wp\/v2\/media?parent=866"}],"curies":[{"name":"wp","href":"https:\/\/api.w.org\/{rel}","templated":true}]}}