{"id":867,"date":"2020-07-16T14:00:01","date_gmt":"2020-07-16T12:00:01","guid":{"rendered":"https:\/\/stage.usercentrics.com\/de\/?page_id=3908"},"modified":"2024-09-05T12:07:01","modified_gmt":"2024-09-05T10:07:01","slug":"cross-domain-consent-sharing","status":"publish","type":"page","link":"https:\/\/usercentrics.com\/de\/cross-domain-consent-sharing\/","title":{"rendered":"Cross Domain Consent Sharing"},"content":{"rendered":"\n\n\n\n<h1 class=\"wp-block-heading\">Von Domain zu Domain &#8211; ohne Unterbrechung<\/h1>\n<p>Sie m\u00f6chten Ihren Nutzern das Surfen auf Ihren Domains so angenehm wie m\u00f6glich machen\nund ihnen deshalb das Privacy Banner am liebsten nur ein einziges Mal zeigen?\nDann haben wir die perfekte L\u00f6sung f\u00fcr Sie: Mit Usercentrics k\u00f6nnen Sie die Pr\u00e4ferenzen Ihrer Nutzer\neinmal f\u00fcr alle Ihre Domains abfragen und ganz nebenbei noch Ihre Datenstrategie vereinheitlichen.<\/p>\n\n\n\n\n\n<a id=\"afed39c0-56fc-49ba-8036-1e8ae5f0837f\" class=\"uc-button uc-button-size-m uc-button-contained  no-default-link-decoration\" href=\"\/\" target=\"_self\"><span>Button<\/span><\/a>\n\n\n\n\n\n\n\n<div class=\"uc-flex-row\" style=\"--padding-top: 0px; --padding-bottom: 0px;\">\n<div class=\"uc-flex-column\" style=\"--column-size: var(--column-size-6);--i:1;\">\n    \n\n\n\n\n\n\n\n<\/div>\n\n<div class=\"uc-flex-column\" style=\"--column-size: var(--column-size-6);--i:2;\">\n    \n\n<p>ZENTRAL &amp; VEREINFACHT<\/p>\n<h3 class=\"wp-block-heading\">Eine Nutzer Einwilligung f\u00fcr alle Domains<\/h3>\n\n\n<p><span style=\"font-weight: 400;\">Ihre Nutzer sollen Ihre Webseite mit allen Subdomains nutzen k\u00f6nnen, ohne die ganze Zeit durch ein Privacy Banner gest\u00f6rt zu werden?<\/span><\/p>\n<p><span style=\"font-weight: 400;\">Kein Problem! Legen Sie einfach s\u00e4mtliche Domains fest, f\u00fcr die die Nutzer Einwilligung gelten soll und aktivieren Sie im Admin Interface unserer Usercentrics CMP die Option \u201cCross Domain Consent Sharing\u201d.<\/span><b>\u00a0\u00a0<\/b><\/p>\n<p><b>\u21e8 Wenn der Nutzer seine Einwilligung bereits auf einer der Domains gegeben hat, wird diese beim Besuch der anderen (Sub-)Domains nicht erneut per Privacy Banner abgefragt.<\/b><\/p>\n<p><span style=\"font-weight: 400;\">Die Usercentrics CMP bietet auch die M\u00f6glichkeit, die Nutzer Einwilligung<\/span><b> zwischen verschiedenen Endger\u00e4ten<\/b><span style=\"font-weight: 400;\"> weiterzugeben (<\/span><a href=\"https:\/\/usercentrics.com\/de\/cross-device-consent-sharing\/\" target=\"_blank\" rel=\"noopener\"><b>Cross Device Consent Sharing<\/b><\/a>)<span style=\"font-weight: 400;\">. <\/span><\/p>\n\n\n\n<\/div>\n\n\n<\/div>\n\n\n\n<a id=\"fe76367b-9985-47ad-a78b-5fa1203d8dea\" class=\"uc-button uc-button-size-m uc-button-contained  no-default-link-decoration\" href=\"\/\" target=\"_self\"><span>Button<\/span><\/a>\n\n\n\n\n\n<p style=\"text-align: center;\">OPTIMIEREN SIE IHR CONSENT MANAGEMENT<\/p>\n\n\n\n<p style=\"text-align: center;\">Zeigen Sie, dass Ihre Nutzer Ihnen wichtig sind, indem Sie f\u00fcr eine perfekte User Journey sorgen<\/p>\n\n\n\n\n\n<div class=\"uc-flex-row\" style=\"--padding-top: 0px; --padding-bottom: 0px;\">\n<div class=\"uc-flex-column\" style=\"--column-size: var(--column-size-6);--i:3;\">\n    \n\n<p>EINFACHER ABLAUF<\/p>\n<h3 class=\"wp-block-heading\">Cross Domain Consent Sharing:\nso funktioniert\u2019s<\/h3>\n\n\n<p><b>SCHRITT 1: <\/b><span style=\"font-weight: 400;\">Wenn das CDCS-Feature aktiv ist, f\u00fcgt die Usercentrics CMP ein zus\u00e4tzliches iFrame in die Webseite ein und speichert die Einwilligungsinformationen nicht nur im localStorage der Webseite, sondern zus\u00e4tzlich auch im localStorage des iFrames. <\/span><\/p>\n<p><b>SCHRITT 2: <\/b><span style=\"font-weight: 400;\">Wenn der Nutzer dann auf eine andere Domain oder Sub-Domain wechselt,\u00a0 wird der <\/span><span style=\"font-weight: 400;\">localStorage des <\/span><span style=\"font-weight: 400;\">iFrames gepr\u00fcft und &#8211; falls bereits Einwilligungsinfomationen vorhanden sind &#8211; eben diese Informationen des iFrame im localStorage der neuen (Sub-)Domain gespeichert.\u00a0 <\/span><\/p>\n\n\n\n<\/div>\n\n<div class=\"uc-flex-column\" style=\"--column-size: var(--column-size-6);--i:4;\">\n    \n\n\n\n\n\n\n\n<\/div>\n\n\n<\/div>\n\n\n<div class=\"uc-flex-row\" style=\"--padding-top: 0px; --padding-bottom: 0px;\">\n<div class=\"uc-flex-column\" style=\"--column-size: var(--column-size-6);--i:5;\">\n    \n\n<p>FAKTEN &amp; VORAUSSETZUNGEN<\/p>\n<h3 class=\"wp-block-heading\">Das sollten Sie wissen<\/h3>\n\n\n<p><b>\u2714 <\/b><span style=\"font-weight: 400;\">Auf allen (Sub-)Domains, auf denen die Cross Domain Consent Sharing-Funktion aktiviert werden soll, muss die selbe SettingsID (JavaScript) implementiert sein.<\/span><\/p>\n<p><b>\u2714<\/b> <span style=\"font-weight: 400;\">Der Aufbau des Privacy Banners bzw. der Privacy Wall muss f\u00fcr alle Domains und Sub-Domains identisch sein. Gleiches gilt f\u00fcr alle Data Processing Services, die auf den Domains und Sub-Domains im Einsatz sind.\u00a0\u00a0<\/span><\/p>\n<p><b>\u2714 <\/b><span style=\"font-weight: 400;\">Informieren Sie Ihre Nutzer, dass sich die G\u00fcltigkeit ihrer Einwilligung auf mehrere Webseiten bezieht, sobald Sie die Cross Domain Consent Sharing-Funktion aktivieren. <\/span><\/p>\n\n\n\n<\/div>\n\n<div class=\"uc-flex-column\" style=\"--column-size: var(--column-size-6);--i:6;\">\n    \n\n<h5 class=\"wp-block-heading\">Einschr\u00e4nkungen durch Browser Settings:<\/h5>\n\n\n<p><b>\u274c <\/b><b>\u00a0<\/b><b>Safari:<\/b><span style=\"font-weight: 400;\"> Safari bietet nicht die M\u00f6glichkeit 3rd Party localStorage \u00fcber mehrere Browser Tabs hinweg zu teilen. Deshalb wird jedes Mal, wenn der Nutzer eine Webseite in einem neuen Tab \u00f6ffnet, erneut ein Privacy Banner bzw. eine Privacy Wall gezeigt. Aufgrund der Browser Settings kann demzufolge der Zugriff auf das localStorage des iFrame nicht Tab-\u00fcbergreifend geteilt werden.\u00a0\u00a0<\/span><\/p>\n<p><b>\u274c<\/b> <b>\u00a0<\/b><b>Firefox: <\/b><span style=\"font-weight: 400;\">Wenn in Firefox die Option \u201cCookies L\u00f6schen\u201d aktiviert ist, werden bei jeder Verwendung eines neuen Tabs s\u00e4mtliche Cookies im localStorage gel\u00f6scht &#8211; die Nutzer Einwilligung \u00fcber mehrer Webseiten hinweg zu teilen ist hierdurch nicht m\u00f6glich.<\/span><\/p>\n\n\n\n<\/div>\n\n\n<\/div>\n\n\n<div class=\"uc-flex-row\" style=\"--padding-top: 0px; --padding-bottom: 0px;\">\n<div class=\"uc-flex-column\" style=\"--column-size: var(--column-size-6);--i:7;\">\n    \n\n\n\n\n\n\n\n<\/div>\n\n<div class=\"uc-flex-column\" style=\"--column-size: var(--column-size-6);--i:8;\">\n    \n\n\n\n\n<p>EINFACH &amp; PRAKTISCH<\/p>\n<h3 class=\"wp-block-heading\">Diese Vorteile bringt Ihnen\nCross Domain Consent Sharing<\/h3>\n\n\n<p><b>\u2714 <\/b><b>Vereinheitlichen Sie Ihre Datenstrategie<\/b><\/p>\n<p><span style=\"font-weight: 400;\">Mit Cross Domain Consent Sharing haben Sie die M\u00f6glichkeit, ihr Einwilligungsmanagement so zu optimieren, dass Sie pro Nutzer f\u00fcr mehrere Domains nur einen einzigen Sammelpunkt f\u00fcr Ihre Daten haben.<\/span><\/p>\n<p><b>\u2714 <\/b><b>Optimieren Sie Ihre Opt-in Rate <\/b><b><br \/>\n<\/b><span style=\"font-weight: 400;\">Je seltener sich Ihre Nutzer durch Pop-ups gest\u00f6rt f\u00fchlen, desto eher interagieren sie voraussichtlich mit Ihrem Privacy Banner und geben ihre Zustimmung zur Datennutzung.<\/span><\/p>\n\n\n\n<\/div>\n\n\n<\/div>\n\n\n\n\n\n\n\n\n","protected":false},"excerpt":{"rendered":"<p>Von Domain zu Domain &#8211; ohne Unterbrechung Sie m\u00f6chten Ihren Nutzern das Surfen auf Ihren Domains so angenehm wie m\u00f6glich machen und ihnen deshalb das Privacy Banner am liebsten nur ein einziges Mal zeigen? Dann haben wir die perfekte L\u00f6sung f\u00fcr Sie: Mit Usercentrics k\u00f6nnen Sie die Pr\u00e4ferenzen Ihrer Nutzer einmal f\u00fcr alle Ihre Domains [&hellip;]<\/p>\n","protected":false},"author":0,"featured_media":0,"parent":0,"menu_order":0,"comment_status":"closed","ping_status":"closed","template":"","meta":{"_acf_changed":false,"editor_notices":[],"footnotes":""},"class_list":["post-867","page","type-page","status-publish","hentry"],"acf":[],"yoast_head":"<title>Cross Domain Consent Sharing | Usercentrics GmbH<\/title>\n<meta name=\"description\" content=\"Eine Nutzer Einwilligung f\u00fcr alle Domains. Zeigen Sie, dass Ihre Nutzer Ihnen wichtig sind, indem Sie f\u00fcr eine perfekte User Journey sorgen.\" \/>\n<meta name=\"robots\" content=\"noindex, follow\" \/>\n<meta property=\"og:locale\" content=\"de_DE\" \/>\n<meta property=\"og:type\" content=\"article\" \/>\n<meta property=\"og:title\" content=\"Cross Domain Consent Sharing | Usercentrics GmbH\" \/>\n<meta property=\"og:description\" content=\"Eine Nutzer Einwilligung f\u00fcr alle Domains. Zeigen Sie, dass Ihre Nutzer Ihnen wichtig sind, indem Sie f\u00fcr eine perfekte User Journey sorgen.\" \/>\n<meta property=\"og:url\" content=\"https:\/\/usercentrics.com\/de\/cross-domain-consent-sharing\/\" \/>\n<meta property=\"og:site_name\" content=\"Consent Management Platform (CMP) Usercentrics\" \/>\n<meta property=\"article:publisher\" content=\"https:\/\/www.facebook.com\/usercentrics\" \/>\n<meta property=\"article:modified_time\" content=\"2024-09-05T10:07:01+00:00\" \/>\n<meta property=\"og:image\" content=\"https:\/\/usercentrics.com\/de\/wp-content\/uploads\/sites\/2\/2024\/09\/Asset-93-100.jpg\" \/>\n\t<meta property=\"og:image:width\" content=\"1201\" \/>\n\t<meta property=\"og:image:height\" content=\"631\" \/>\n\t<meta property=\"og:image:type\" content=\"image\/jpeg\" \/>\n<meta name=\"twitter:card\" content=\"summary_large_image\" \/>\n<meta name=\"twitter:title\" content=\"Cross Domain Consent Sharing | Usercentrics GmbH\" \/>\n<meta name=\"twitter:description\" content=\"Eine Nutzer Einwilligung f\u00fcr alle Domains. Zeigen Sie, dass Ihre Nutzer Ihnen wichtig sind, indem Sie f\u00fcr eine perfekte User Journey sorgen.\" \/>\n<meta name=\"twitter:site\" content=\"@usercentrics\" \/>\n<meta name=\"twitter:label1\" content=\"Gesch\u00e4tzte Lesezeit\" \/>\n\t<meta name=\"twitter:data1\" content=\"3 Minuten\" \/>\n<script type=\"application\/ld+json\" class=\"yoast-schema-graph\">{\"@context\":\"https:\\\/\\\/schema.org\",\"@graph\":[{\"@type\":\"WebPage\",\"@id\":\"https:\\\/\\\/usercentrics.com\\\/de\\\/cross-domain-consent-sharing\\\/\",\"url\":\"https:\\\/\\\/usercentrics.com\\\/de\\\/cross-domain-consent-sharing\\\/\",\"name\":\"Cross Domain Consent Sharing | Usercentrics GmbH\",\"isPartOf\":{\"@id\":\"https:\\\/\\\/usercentrics.com\\\/de\\\/#website\"},\"datePublished\":\"2020-07-16T12:00:01+00:00\",\"dateModified\":\"2024-09-05T10:07:01+00:00\",\"description\":\"Eine Nutzer Einwilligung f\u00fcr alle Domains. Zeigen Sie, dass Ihre Nutzer Ihnen wichtig sind, indem Sie f\u00fcr eine perfekte User Journey sorgen.\",\"inLanguage\":\"de-DE\",\"potentialAction\":[{\"@type\":\"ReadAction\",\"target\":\"https:\\\/\\\/usercentrics.com\\\/de\\\/cross-domain-consent-sharing\\\/\"}]},{\"@type\":\"WebSite\",\"@id\":\"https:\\\/\\\/usercentrics.com\\\/de\\\/#website\",\"url\":\"https:\\\/\\\/usercentrics.com\\\/de\\\/\",\"name\":\"Consent Management Platform (CMP) Usercentrics\",\"description\":\"Consent Management Platform (CMP) Usercentrics\",\"potentialAction\":[{\"@type\":\"SearchAction\",\"target\":{\"@type\":\"EntryPoint\",\"urlTemplate\":\"https:\\\/\\\/usercentrics.com\\\/de\\\/?s={search_term_string}\"}}],\"inLanguage\":\"de-DE\"}]}<\/script>","yoast_head_json":{"title":"Cross Domain Consent Sharing | Usercentrics GmbH","description":"Eine Nutzer Einwilligung f\u00fcr alle Domains. Zeigen Sie, dass Ihre Nutzer Ihnen wichtig sind, indem Sie f\u00fcr eine perfekte User Journey sorgen.","robots":{"index":"noindex","follow":"follow"},"og_locale":"de_DE","og_type":"article","og_title":"Cross Domain Consent Sharing | Usercentrics GmbH","og_description":"Eine Nutzer Einwilligung f\u00fcr alle Domains. Zeigen Sie, dass Ihre Nutzer Ihnen wichtig sind, indem Sie f\u00fcr eine perfekte User Journey sorgen.","og_url":"https:\/\/usercentrics.com\/de\/cross-domain-consent-sharing\/","og_site_name":"Consent Management Platform (CMP) Usercentrics","article_publisher":"https:\/\/www.facebook.com\/usercentrics","article_modified_time":"2024-09-05T10:07:01+00:00","og_image":[{"width":1201,"height":631,"url":"https:\/\/usercentrics.com\/de\/wp-content\/uploads\/sites\/2\/2024\/09\/Asset-93-100.jpg","type":"image\/jpeg"}],"twitter_card":"summary_large_image","twitter_title":"Cross Domain Consent Sharing | Usercentrics GmbH","twitter_description":"Eine Nutzer Einwilligung f\u00fcr alle Domains. Zeigen Sie, dass Ihre Nutzer Ihnen wichtig sind, indem Sie f\u00fcr eine perfekte User Journey sorgen.","twitter_site":"@usercentrics","twitter_misc":{"Gesch\u00e4tzte Lesezeit":"3 Minuten"},"schema":{"@context":"https:\/\/schema.org","@graph":[{"@type":"WebPage","@id":"https:\/\/usercentrics.com\/de\/cross-domain-consent-sharing\/","url":"https:\/\/usercentrics.com\/de\/cross-domain-consent-sharing\/","name":"Cross Domain Consent Sharing | Usercentrics GmbH","isPartOf":{"@id":"https:\/\/usercentrics.com\/de\/#website"},"datePublished":"2020-07-16T12:00:01+00:00","dateModified":"2024-09-05T10:07:01+00:00","description":"Eine Nutzer Einwilligung f\u00fcr alle Domains. Zeigen Sie, dass Ihre Nutzer Ihnen wichtig sind, indem Sie f\u00fcr eine perfekte User Journey sorgen.","inLanguage":"de-DE","potentialAction":[{"@type":"ReadAction","target":"https:\/\/usercentrics.com\/de\/cross-domain-consent-sharing\/"}]},{"@type":"WebSite","@id":"https:\/\/usercentrics.com\/de\/#website","url":"https:\/\/usercentrics.com\/de\/","name":"Consent Management Platform (CMP) Usercentrics","description":"Consent Management Platform (CMP) Usercentrics","potentialAction":[{"@type":"SearchAction","target":{"@type":"EntryPoint","urlTemplate":"https:\/\/usercentrics.com\/de\/?s={search_term_string}"}}],"inLanguage":"de-DE"}]}},"_links":{"self":[{"href":"https:\/\/usercentrics.com\/de\/wp-json\/wp\/v2\/pages\/867","targetHints":{"allow":["GET"]}}],"collection":[{"href":"https:\/\/usercentrics.com\/de\/wp-json\/wp\/v2\/pages"}],"about":[{"href":"https:\/\/usercentrics.com\/de\/wp-json\/wp\/v2\/types\/page"}],"replies":[{"embeddable":true,"href":"https:\/\/usercentrics.com\/de\/wp-json\/wp\/v2\/comments?post=867"}],"version-history":[{"count":0,"href":"https:\/\/usercentrics.com\/de\/wp-json\/wp\/v2\/pages\/867\/revisions"}],"wp:attachment":[{"href":"https:\/\/usercentrics.com\/de\/wp-json\/wp\/v2\/media?parent=867"}],"curies":[{"name":"wp","href":"https:\/\/api.w.org\/{rel}","templated":true}]}}