{"id":870,"date":"2020-07-28T09:27:31","date_gmt":"2020-07-28T07:27:31","guid":{"rendered":"https:\/\/stage.usercentrics.com\/de\/?page_id=3989"},"modified":"2025-02-06T13:49:20","modified_gmt":"2025-02-06T12:49:20","slug":"amp-consent-management","status":"publish","type":"page","link":"https:\/\/usercentrics.com\/de\/amp-consent-management\/","title":{"rendered":"AMP Consent Management (closed beta)"},"content":{"rendered":"<div class=\"alignfull uc-blog-hero uc-blog-hero--layout-product uc-ctx--blue\" data-id=\"blog_hero_69ecda38e1c93\">\n        <div class=\"uc-blog-hero__inner\">\n        <div class=\"uc-blog-hero__text\">\n                                            <h1 class=\"uc-blog-hero__title like-h1-upper no-default-margin\">DSGVO-Compliance f\u00fcr mobil optimierte Webseiten<\/h1>                                    <div class=\"uc-blog-hero__description\">Sie haben eine AMP Webseite und fragen sich, wie Sie f\u00fcr diese DSGVO-Konformit\u00e4t erreichen k\u00f6nnen? Dann ist unsere native AMP Consent Management Platform (closed beta) genau das Richtige f\u00fcr Sie! Die intuitive L\u00f6sung wurde f\u00fcr AMP Seiten gebaut und hilft Ihnen dabei, die DSGVO Anforderungen hinsichtlich Einwilligung und Information Ihrer Nutzer einzuhalten.<\/div>\n                                                                                    <div class=\"uc-blog-hero__buttons\">\n                        <a id=\"f6ce8c7c-d37c-4d93-8004-27ea459cc20d\" class=\"uc-button uc-button-size-l uc-button-contained  no-default-link-decoration\" href=\"#amp-consent-management-demo\" target=\"\"><span>Mehr erfahren<\/span><\/a>                    <\/div>\n                                                                        <\/div>\n                            <div class=\"uc-blog-hero__background\">\n                                                    <div class=\"uc-blog-hero__shield-clip\" aria-hidden=\"true\">\n                        <div class=\"uc-blog-hero__shield\">\n                            <svg width=\"1066\" height=\"1066\" viewBox=\"0 0 1066 1066\" fill=\"none\" xmlns=\"http:\/\/www.w3.org\/2000\/svg\">\n    <path fill-rule=\"evenodd\" clip-rule=\"evenodd\" d=\"M599.625 466.78H466.375V532.537C466.375 569.365 496.204 599.22 533 599.22C569.796 599.22 599.625 569.365 599.625 532.537V466.78ZM440.465 440.848V532.537C440.465 583.687 481.894 625.152 533 625.152C584.106 625.152 625.535 583.687 625.535 532.537V440.848H440.465Z\" fill=\"url(#paint0_linear_360_97)\"\/>\n    <path fill-rule=\"evenodd\" clip-rule=\"evenodd\" d=\"M662.549 403.802H403.451V532.537C403.451 604.147 461.452 662.198 533 662.198C604.548 662.198 662.549 604.147 662.549 532.537V403.802ZM377.542 377.87V532.537C377.542 618.469 447.143 688.13 533 688.13C618.857 688.13 688.458 618.469 688.458 532.537V377.87H377.542Z\" fill=\"url(#paint1_linear_360_97)\"\/>\n    <path fill-rule=\"evenodd\" clip-rule=\"evenodd\" d=\"M725.472 340.824H340.528V532.537C340.528 638.929 426.701 725.176 533 725.176C639.299 725.176 725.472 638.929 725.472 532.537V340.824ZM314.618 314.891V532.537C314.618 653.251 412.391 751.109 533 751.109C653.609 751.109 751.382 653.251 751.382 532.537V314.891H314.618Z\" fill=\"url(#paint2_linear_360_97)\"\/>\n    <path fill-rule=\"evenodd\" clip-rule=\"evenodd\" d=\"M788.396 277.845H277.604V532.537C277.604 673.711 391.949 788.155 533 788.155C674.051 788.155 788.396 673.711 788.396 532.537V277.845ZM251.694 251.913V532.537C251.694 688.033 377.639 814.087 533 814.087C688.361 814.087 814.306 688.033 814.306 532.537V251.913H251.694Z\" fill=\"url(#paint3_linear_360_97)\"\/>\n    <path fill-rule=\"evenodd\" clip-rule=\"evenodd\" d=\"M851.319 214.867H214.681V532.537C214.681 708.493 357.197 851.133 533 851.133C708.803 851.133 851.319 708.493 851.319 532.537V214.867ZM188.771 188.935V532.537C188.771 722.815 342.887 877.065 533 877.065C723.112 877.065 877.229 722.815 877.229 532.537V188.935H188.771Z\" fill=\"url(#paint4_linear_360_97)\"\/>\n    <path fill-rule=\"evenodd\" clip-rule=\"evenodd\" d=\"M914.243 151.889H151.757V532.537C151.757 743.275 322.445 914.111 533 914.111C743.555 914.111 914.243 743.275 914.243 532.537V151.889ZM125.847 125.957V532.537C125.847 757.597 308.136 940.043 533 940.043C757.864 940.043 940.153 757.597 940.153 532.537V125.957H125.847Z\" fill=\"url(#paint5_linear_360_97)\"\/>\n    <path fill-rule=\"evenodd\" clip-rule=\"evenodd\" d=\"M977.167 88.9105H88.8333V532.537C88.8333 778.057 287.694 977.09 533 977.09C778.306 977.09 977.167 778.057 977.167 532.537V88.9105ZM62.9236 62.9783V532.537C62.9236 792.378 273.384 1003.02 533 1003.02C792.616 1003.02 1003.08 792.379 1003.08 532.537V62.9783H62.9236Z\" fill=\"url(#paint6_linear_360_97)\"\/>\n    <path fill-rule=\"evenodd\" clip-rule=\"evenodd\" d=\"M1040.09 25.9322H25.9097V532.537C25.9097 812.838 252.942 1040.07 533 1040.07C813.058 1040.07 1040.09 812.838 1040.09 532.537V25.9322ZM0 0V532.537C0 827.16 238.632 1066 533 1066C827.368 1066 1066 827.16 1066 532.537V0H0Z\" fill=\"url(#paint7_linear_360_97)\"\/>\n    <defs>\n        <linearGradient id=\"paint0_linear_360_97\" x1=\"440.465\" y1=\"440.848\" x2=\"624.768\" y2=\"625.916\" gradientUnits=\"userSpaceOnUse\">\n            <stop stop-color=\"white\" stop-opacity=\"0.05\"\/>\n            <stop offset=\"1\" stop-color=\"white\" stop-opacity=\"0.5\"\/>\n        <\/linearGradient>\n        <linearGradient id=\"paint1_linear_360_97\" x1=\"377.542\" y1=\"377.87\" x2=\"687.802\" y2=\"688.786\" gradientUnits=\"userSpaceOnUse\">\n            <stop stop-color=\"white\" stop-opacity=\"0.05\"\/>\n            <stop offset=\"1\" stop-color=\"white\" stop-opacity=\"0.5\"\/>\n        <\/linearGradient>\n        <linearGradient id=\"paint2_linear_360_97\" x1=\"314.618\" y1=\"314.891\" x2=\"750.835\" y2=\"751.655\" gradientUnits=\"userSpaceOnUse\">\n            <stop stop-color=\"white\" stop-opacity=\"0.05\"\/>\n            <stop offset=\"1\" stop-color=\"white\" stop-opacity=\"0.5\"\/>\n        <\/linearGradient>\n        <linearGradient id=\"paint3_linear_360_97\" x1=\"251.694\" y1=\"251.913\" x2=\"813.868\" y2=\"814.524\" gradientUnits=\"userSpaceOnUse\">\n            <stop stop-color=\"white\" stop-opacity=\"0.05\"\/>\n            <stop offset=\"1\" stop-color=\"white\" stop-opacity=\"0.5\"\/>\n        <\/linearGradient>\n        <linearGradient id=\"paint4_linear_360_97\" x1=\"188.771\" y1=\"188.935\" x2=\"876.901\" y2=\"877.393\" gradientUnits=\"userSpaceOnUse\">\n            <stop stop-color=\"white\" stop-opacity=\"0.05\"\/>\n            <stop offset=\"1\" stop-color=\"white\" stop-opacity=\"0.5\"\/>\n        <\/linearGradient>\n        <linearGradient id=\"paint5_linear_360_97\" x1=\"125.847\" y1=\"125.957\" x2=\"939.934\" y2=\"940.262\" gradientUnits=\"userSpaceOnUse\">\n            <stop stop-color=\"white\" stop-opacity=\"0.05\"\/>\n            <stop offset=\"1\" stop-color=\"white\" stop-opacity=\"0.5\"\/>\n        <\/linearGradient>\n        <linearGradient id=\"paint6_linear_360_97\" x1=\"62.9236\" y1=\"62.9783\" x2=\"1002.97\" y2=\"1003.13\" gradientUnits=\"userSpaceOnUse\">\n            <stop stop-color=\"white\" stop-opacity=\"0.05\"\/>\n            <stop offset=\"1\" stop-color=\"white\" stop-opacity=\"0.5\"\/>\n        <\/linearGradient>\n        <linearGradient id=\"paint7_linear_360_97\" x1=\"0\" y1=\"0\" x2=\"1066\" y2=\"1066\" gradientUnits=\"userSpaceOnUse\">\n            <stop stop-color=\"white\" stop-opacity=\"0.05\"\/>\n            <stop offset=\"1\" stop-color=\"white\" stop-opacity=\"0.5\"\/>\n        <\/linearGradient>\n    <\/defs>\n<\/svg>\n                        <\/div>\n                    <\/div>\n                                                                                                                            <\/div>\n                    <\/div>\n    <\/div>\n\n\n<div class=\"uc-flex-row\" style=\"--padding-top: 0px; --padding-bottom: 0px;\">\n<div class=\"uc-flex-column\" style=\"--column-size: var(--column-size-6);--i:1;\">\n    \n\n<figure class=\"wp-block-image aligncenter size-full\"><img decoding=\"async\" src=\"https:\/\/usercentrics.com\/wp-content\/uploads\/2020\/07\/amp-final-1.png\" alt=\"\" class=\"wp-image-1309\"\/><\/figure>\n\n<\/div>\n\n\n<div class=\"uc-flex-column\" style=\"--column-size: var(--column-size-6);--i:2;\">\n    \n\n<p class=\"like-label-l\">WAS IST EINE AMP (CLOSED BETA)?<\/p>\n\n\n\n<h2 class=\"wp-block-heading like-h3\" id=\"h-das-wachsende-mobile-surfverhalten-erfordert-mobile-optimierte-webseiten\" style=\"margin-top:0;margin-bottom:0\">Das wachsende<br>mobile Surfverhalten<br>erfordert mobile<br>optimierte Webseiten<\/h2>\n\n\n<p class=\"like-text-lg\">Im Juni 2020 betrug der Anteil von mobil aufgerufenen Webseiten weltweit\u00a0<a href=\"https:\/\/gs.statcounter.com\/platform-market-share\/desktop-mobile-tablet\/worldwide\" target=\"_blank\" rel=\"noopener\">mehr als 50%<\/a>\u00a0des gesamten Internettraffics. Daher sind mobil optimierte Webseiten ebenfalls immer st\u00e4rker gefragt.\u00a0<\/p>\n<p class=\"like-text-lg\">Das AMP (Accelerated Mobile Pages) Framework wurde genau f\u00fcr diesen Zweck ins Leben gerufen. Das Open Source HTML Framework wurde von Google gegr\u00fcndet und hilft Webseiten dabei, schneller zu laden und macht diese dadurch nutzerfreundlicher.<\/p>\n\n<\/div>\n\n<\/div>\n\n<div class=\"uc-flex-row\" style=\"--padding-top: 0px; --padding-bottom: 0px;\">\n<div class=\"uc-flex-column\" style=\"--column-size: var(--column-size-6);--i:3;\">\n    \n\n<p class=\"like-label-l\">MACHEN SIE IHRE SEITEN DSGVO-KONFORM<\/p>\n\n\n\n<h2 class=\"wp-block-heading like-h3\" id=\"h-seien-sie-gleichzeitig-nutzerfreundlich-und-datenschutzkonform\" style=\"margin-top:0;margin-bottom:0\">Seien Sie gleichzeitig<br>nutzerfreundlich und datenschutzkonform<\/h2>\n\n\n<p class=\"like-text-lg\">Benutzer lieben AMP Seiten, haupts\u00e4chlich deswegen, weil sie so schnell laden. Viele AMP Seiten k\u00e4mpfen allerdings noch mit der Herausforderung, DSGVO-konform zu sein und die Einwilligung der Nutzer sauber einzuholen.\u00a0<\/p>\n<p class=\"like-text-lg\">Hier kommt die native Usercentrics CMP f\u00fcr AMP Seiten (closed beta) ins Spiel.\u00a0<strong>Integrieren Sie die CMP, indem Sie einfach ein paar wenige Code Bl\u00f6cke in Ihre Seite einf\u00fcgen<\/strong>\u00a0\u2013 und schon holen die Einwilligung Ihrer Seitenbesucher zur Verarbeitung von deren Daten ein. Dar\u00fcber hinaus hilft Ihnen die CMP f\u00fcr AMP (beta) dabei, Ihrer Informationspflicht nachzukommen (DSGVO, Art. 14).<\/p>\n\n<\/div>\n\n\n<div class=\"uc-flex-column\" style=\"--column-size: var(--column-size-6);--i:4;\">\n    \n\n<figure class=\"wp-block-image aligncenter size-full\"><img decoding=\"async\" src=\"https:\/\/usercentrics.com\/wp-content\/uploads\/2020\/07\/amp-final-2.png\" alt=\"\" class=\"wp-image-1310\"\/><\/figure>\n\n<\/div>\n\n<\/div>\n\n<div class=\"uc-flex-row\" style=\"--padding-top: 0px; --padding-bottom: 0px;\">\n<div class=\"uc-flex-column\" style=\"--column-size: var(--column-size-12);--i:5;\">\n    \n<a id=\"3c5fc605-b8ac-49e5-ba38-a715d02420d5\" class=\"uc-button uc-button-size-l uc-button-contained  no-default-link-decoration uc-button-center\" href=\"#amp-consent-management-demo\" target=\"\"><span>Jetzt anfragen<\/span><\/a>\n<\/div>\n\n<\/div>\n\n<div class=\"uc-flex-row\" style=\"--padding-top: 0px; --padding-bottom: 0px;\">\n<div class=\"uc-flex-column\" style=\"--column-size: var(--column-size-6);--i:6;\">\n    \n\n<p class=\"like-label-l\">FAKTEN &amp; VORAUSSETZUNGEN<\/p>\n\n\n\n<h2 class=\"wp-block-heading like-h3\" id=\"h-das-sollten-sie-wissen\" style=\"margin-top:0;margin-bottom:0\">Das sollten Sie wissen<\/h2>\n\n\n<p><b>\u2714\u00a0<\/b>Leicht zu implementierende CMP L\u00f6sung f\u00fcr AMP Webseiten<\/p>\n<p><b>\u2714\u00a0<\/b>Die Position des Banners ist immer unten<\/p>\n<p><b>\u2714\u00a0<\/b>Informationen zu den einzelnen Datenverarbeitungsdiensten erhalten Sie, wenn Sie in der erweiterten Ansicht, wenn Sie in die\u00a0obere rechte Ecke klicken<\/p>\n<p><b>\u2714\u00a0<\/b>Granulare Zustimmung wird f\u00fcr IAB-Anbieter unterst\u00fctzt<\/p>\n<p><b>\u2714\u00a0<\/b>Die Optionen \u201eAlle akzeptieren\u201c oder \u201eAlle ablehnen\u201c f\u00fcr die Zustimmung der Nutzer bestehen nur f\u00fcr Nicht-IAB-Anbieter<\/p>\n<p><b>\u2714\u00a0<\/b>Diese Beta-Version speichert Einwilligungen nur im Browser<\/p>\n<p><b>\u2714<\/b>\u00a0Limitierte Individualisierungsoptionen<\/p>\n<p><b>\u2714\u00a0<\/b>Nicht kompatibel mit dem\u00a0<a href=\"https:\/\/usercentrics.com\/de\/smart-data-protector\/\">Smart Data Protector<\/a><\/p>\n<p class=\"like-text-lg\">\n\n<\/div>\n\n\n<div class=\"uc-flex-column\" style=\"--column-size: var(--column-size-6);--i:7;\">\n    \n\n<figure class=\"wp-block-image aligncenter size-full\"><img decoding=\"async\" src=\"https:\/\/usercentrics.com\/wp-content\/uploads\/2020\/07\/amp-final-3.png\" alt=\"\" class=\"wp-image-1311\"\/><\/figure>\n\n<\/div>\n\n<\/div>\n\n<div class=\"uc-flex-row\" style=\"--padding-top: 0px; --padding-bottom: 0px;\">\n<div class=\"uc-flex-column\" style=\"--column-size: var(--column-size-6);--i:8;\">\n    \n\n<figure class=\"wp-block-image aligncenter size-full\"><img decoding=\"async\" src=\"https:\/\/usercentrics.com\/wp-content\/uploads\/2020\/07\/amp-final-4.png\" alt=\"\" class=\"wp-image-1312\"\/><\/figure>\n\n<\/div>\n\n\n<div class=\"uc-flex-column\" style=\"--column-size: var(--column-size-6);--i:9;\">\n    \n\n<p class=\"like-label-l\">ERSTE SCHRITTE<\/p>\n\n\n\n<h2 class=\"wp-block-heading like-h3\" id=\"h-so-integrieren-sie-unsere-native-amp-consent-management-platform-closed-beta-in-ihre-amp-seite\" style=\"margin-top:0;margin-bottom:0\">So integrieren Sie unsere<br>native AMP Consent Management Platform<br>(closed beta) in Ihre AMP Seite<\/h2>\n\n\n<p class=\"like-text-lg\">Um die Usercentrics AMP Consent Management Platform in Ihre AMP Seite zu integrieren, m\u00fcssen Sie nichts weiter tun als ein paar Code Snippets einzuf\u00fcgen \u2013\u00a0<strong>und schon sind Sie gewappnet, um die Einwilligungen Ihrer Nutzer sauber einzuholen.<\/strong><\/p>\n<p class=\"like-text-lg\">Folgen Sie einfach den folgenden Schritten:\u00a0<\/p>\n<ol>\n<li>F\u00fcgen Sie das amp-consent script Ihrer Webseite hinzu<\/li>\n<li>Passen Sie das Styling durch Hinzuf\u00fcgen von benutzerdefiniertem CSS an\u00a0<\/li>\n<li>Legen Sie die Einstellungen fest\u00a0<\/li>\n<li>Erlauben Sie den Nutzern, den Einwilligungsstatus anzupassen<\/li>\n<li style=\"font-weight: 400;\">\u00a0<\/li>\n<\/ol>\n<p class=\"like-text-lg\"><b>Herzlichen Gl\u00fcckwunsch, Ihre AMP Seite ist nun bestens ausger\u00fcstet mit unserer Consent Management Platform!<\/b><\/p>\n\n<\/div>\n\n<\/div>\n\n<div class=\"uc-flex-row--background-right\" style=\"\" ><div class=\"uc-flex-row container\" style=\"--padding-top: 0px; --padding-bottom: 0px;\">\n<div class=\"uc-flex-column\" style=\"--column-size: var(--column-size-12);--i:10;\">\n    \n\n<p id=\"amp-consent-management-demo\"><\/p>\n\n<\/div>\n\n\n<div class=\"uc-flex-column\" style=\"--column-size: var(--column-size-12);--i:11;\">\n    \n<div id=\"uc-cta_69ecda38ea301\" class=\"uc-cta uc-cta--button alignfull uc-cta--primary uc-ctx--blue\">\n    <div class=\"uc-cta__inner container\">\n        <div class=\"uc-cta__content\">\n                                        <div class=\"uc-cta__heading no-default-margin\">Kontakt mit dem Experten-Team aufnehmen<\/div>\n                                        <div class=\"uc-cta__description\">\n                    <p>Wir beantworten gern all Ihre Fragen und machen Sie mit Usercentrics vertraut.<\/p>\n<p>Sie wollen Partner werden?\u00a0<a class=\"mfp-iframe lightbox-added\" href=\"https:\/\/ucoldstg.wpenginepowered.com\/de\/iframe-seite-formular-partner\/?iframe=true\" rel=\"nofollow\">Hier bewerben<\/a><\/p>\n<p>&nbsp;<\/p>\n                <\/div>\n                                                                    <\/div>\n                            <div class=\"uc-cta__section\">\n                                        <a id=\"293cfacc-17b8-429e-a5db-a28b83afc381\" class=\"uc-button uc-button-size-l uc-button-contained  no-default-link-decoration\" href=\"\/de\/beratungsgespraech-buchen\/\" target=\"\"><span>Sales kontaktieren<\/span><\/a><a id=\"3b524153-a43a-4d36-8f3f-76870cf9c85e\" class=\"uc-button uc-button-size-l uc-button-outlined  no-default-link-decoration\" href=\"\/de\/testversion-kostenlos\/\" target=\"\"><span>Kostenlos starten<\/span><\/a>                                    <\/div>\n            <\/div>\n<\/div>\n    <script type=\"module\">\n        new Uc_Cta(document.getElementById(\"uc-cta_69ecda38ea301\"));\n    <\/script>\n\n<\/div>\n\n<\/div><\/div>\n\n\n<script type=\"application\/ld+json\">\n{\n\"@context\": \"https:\/\/schema.org\",\n\"@type\": \"FAQPage\",\n\"mainEntity\": {\n\"@type\": \"Question\",\n\"name\": \"What is an AMP?\",\n\"acceptedAnswer\": {\n\"@type\": \"Answer\",\n\"text\": \"The AMP (Accelerated Mobile Pages) framework is used to optimise mobile web browsing.\"\n}\n}\n}<\/script>\n","protected":false},"excerpt":{"rendered":"","protected":false},"author":7,"featured_media":0,"parent":0,"menu_order":0,"comment_status":"closed","ping_status":"closed","template":"","meta":{"_acf_changed":false,"editor_notices":[],"footnotes":""},"class_list":["post-870","page","type-page","status-publish","hentry"],"acf":[],"yoast_head":"<title>Accelerated Mobile Pages Consent Management | Usercentrics<\/title>\n<meta name=\"description\" content=\"Unsere AMP Seiten helfen Ihnen schneller zu laden und die DSGVO Anforderungen hinsichtlich Einwilligung und Information Ihrer Nutzer einzuhalten.\" \/>\n<meta name=\"robots\" content=\"index, follow, max-snippet:-1, max-image-preview:large, max-video-preview:-1\" \/>\n<link rel=\"canonical\" href=\"https:\/\/usercentrics.com\/de\/amp-consent-management\/\" \/>\n<meta property=\"og:locale\" content=\"de_DE\" \/>\n<meta property=\"og:type\" content=\"article\" \/>\n<meta property=\"og:title\" content=\"Accelerated Mobile Pages Consent Management | Usercentrics GmbH\" \/>\n<meta property=\"og:description\" content=\"Unsere AMP Seiten helfen Ihnen schneller zu laden und die DSGVO Anforderungen hinsichtlich Einwilligung und Information Ihrer Nutzer einzuhalten.\" \/>\n<meta property=\"og:url\" content=\"https:\/\/usercentrics.com\/de\/amp-consent-management\/\" \/>\n<meta property=\"og:site_name\" content=\"Consent Management Platform (CMP) Usercentrics\" \/>\n<meta property=\"article:publisher\" content=\"https:\/\/www.facebook.com\/usercentrics\" \/>\n<meta property=\"article:modified_time\" content=\"2025-02-06T12:49:20+00:00\" \/>\n<meta property=\"og:image\" content=\"https:\/\/usercentrics.com\/de\/wp-content\/uploads\/sites\/2\/2024\/09\/Asset-93-100.jpg\" \/>\n\t<meta property=\"og:image:width\" content=\"1201\" \/>\n\t<meta property=\"og:image:height\" content=\"631\" \/>\n\t<meta property=\"og:image:type\" content=\"image\/jpeg\" \/>\n<meta name=\"twitter:card\" content=\"summary_large_image\" \/>\n<meta name=\"twitter:title\" content=\"Accelerated Mobile Pages Consent Management | Usercentrics GmbH\" \/>\n<meta name=\"twitter:description\" content=\"Unsere AMP Seiten helfen Ihnen schneller zu laden und die DSGVO Anforderungen hinsichtlich Einwilligung und Information Ihrer Nutzer einzuhalten.\" \/>\n<meta name=\"twitter:site\" content=\"@usercentrics\" \/>\n<meta name=\"twitter:label1\" content=\"Gesch\u00e4tzte Lesezeit\" \/>\n\t<meta name=\"twitter:data1\" content=\"3 Minuten\" \/>\n<script type=\"application\/ld+json\" class=\"yoast-schema-graph\">{\"@context\":\"https:\\\/\\\/schema.org\",\"@graph\":[{\"@type\":\"WebPage\",\"@id\":\"https:\\\/\\\/usercentrics.com\\\/de\\\/amp-consent-management\\\/\",\"url\":\"https:\\\/\\\/usercentrics.com\\\/de\\\/amp-consent-management\\\/\",\"name\":\"Accelerated Mobile Pages Consent Management | Usercentrics\",\"isPartOf\":{\"@id\":\"https:\\\/\\\/usercentrics.com\\\/de\\\/#website\"},\"primaryImageOfPage\":{\"@id\":\"https:\\\/\\\/usercentrics.com\\\/de\\\/amp-consent-management\\\/#primaryimage\"},\"image\":{\"@id\":\"https:\\\/\\\/usercentrics.com\\\/de\\\/amp-consent-management\\\/#primaryimage\"},\"thumbnailUrl\":\"https:\\\/\\\/usercentrics.com\\\/wp-content\\\/uploads\\\/2020\\\/07\\\/amp-final-1.png\",\"datePublished\":\"2020-07-28T07:27:31+00:00\",\"dateModified\":\"2025-02-06T12:49:20+00:00\",\"description\":\"Unsere AMP Seiten helfen Ihnen schneller zu laden und die DSGVO Anforderungen hinsichtlich Einwilligung und Information Ihrer Nutzer einzuhalten.\",\"inLanguage\":\"de-DE\",\"potentialAction\":[{\"@type\":\"ReadAction\",\"target\":\"https:\\\/\\\/usercentrics.com\\\/de\\\/amp-consent-management\\\/\"}]},{\"@type\":\"ImageObject\",\"inLanguage\":\"de-DE\",\"@id\":\"https:\\\/\\\/usercentrics.com\\\/de\\\/amp-consent-management\\\/#primaryimage\",\"url\":\"https:\\\/\\\/usercentrics.com\\\/wp-content\\\/uploads\\\/2020\\\/07\\\/amp-final-1.png\",\"contentUrl\":\"https:\\\/\\\/usercentrics.com\\\/wp-content\\\/uploads\\\/2020\\\/07\\\/amp-final-1.png\",\"copyrightNotice\":\"\u00a9 Copyright 2026 Usercentrics GmbH\",\"creator\":{\"@type\":\"Organization\",\"name\":\"Usercentrics GmbH\"},\"creditText\":\"Image: Usercentrics GmbH\"},{\"@type\":\"WebSite\",\"@id\":\"https:\\\/\\\/usercentrics.com\\\/de\\\/#website\",\"url\":\"https:\\\/\\\/usercentrics.com\\\/de\\\/\",\"name\":\"Consent Management Platform (CMP) Usercentrics\",\"description\":\"Consent Management Platform (CMP) Usercentrics\",\"potentialAction\":[{\"@type\":\"SearchAction\",\"target\":{\"@type\":\"EntryPoint\",\"urlTemplate\":\"https:\\\/\\\/usercentrics.com\\\/de\\\/?s={search_term_string}\"}}],\"inLanguage\":\"de-DE\"}]}<\/script>","yoast_head_json":{"title":"Accelerated Mobile Pages Consent Management | Usercentrics","description":"Unsere AMP Seiten helfen Ihnen schneller zu laden und die DSGVO Anforderungen hinsichtlich Einwilligung und Information Ihrer Nutzer einzuhalten.","robots":{"index":"index","follow":"follow","max-snippet":"max-snippet:-1","max-image-preview":"max-image-preview:large","max-video-preview":"max-video-preview:-1"},"canonical":"https:\/\/usercentrics.com\/de\/amp-consent-management\/","og_locale":"de_DE","og_type":"article","og_title":"Accelerated Mobile Pages Consent Management | Usercentrics GmbH","og_description":"Unsere AMP Seiten helfen Ihnen schneller zu laden und die DSGVO Anforderungen hinsichtlich Einwilligung und Information Ihrer Nutzer einzuhalten.","og_url":"https:\/\/usercentrics.com\/de\/amp-consent-management\/","og_site_name":"Consent Management Platform (CMP) Usercentrics","article_publisher":"https:\/\/www.facebook.com\/usercentrics","article_modified_time":"2025-02-06T12:49:20+00:00","og_image":[{"width":1201,"height":631,"url":"https:\/\/usercentrics.com\/de\/wp-content\/uploads\/sites\/2\/2024\/09\/Asset-93-100.jpg","type":"image\/jpeg"}],"twitter_card":"summary_large_image","twitter_title":"Accelerated Mobile Pages Consent Management | Usercentrics GmbH","twitter_description":"Unsere AMP Seiten helfen Ihnen schneller zu laden und die DSGVO Anforderungen hinsichtlich Einwilligung und Information Ihrer Nutzer einzuhalten.","twitter_site":"@usercentrics","twitter_misc":{"Gesch\u00e4tzte Lesezeit":"3 Minuten"},"schema":{"@context":"https:\/\/schema.org","@graph":[{"@type":"WebPage","@id":"https:\/\/usercentrics.com\/de\/amp-consent-management\/","url":"https:\/\/usercentrics.com\/de\/amp-consent-management\/","name":"Accelerated Mobile Pages Consent Management | Usercentrics","isPartOf":{"@id":"https:\/\/usercentrics.com\/de\/#website"},"primaryImageOfPage":{"@id":"https:\/\/usercentrics.com\/de\/amp-consent-management\/#primaryimage"},"image":{"@id":"https:\/\/usercentrics.com\/de\/amp-consent-management\/#primaryimage"},"thumbnailUrl":"https:\/\/usercentrics.com\/wp-content\/uploads\/2020\/07\/amp-final-1.png","datePublished":"2020-07-28T07:27:31+00:00","dateModified":"2025-02-06T12:49:20+00:00","description":"Unsere AMP Seiten helfen Ihnen schneller zu laden und die DSGVO Anforderungen hinsichtlich Einwilligung und Information Ihrer Nutzer einzuhalten.","inLanguage":"de-DE","potentialAction":[{"@type":"ReadAction","target":"https:\/\/usercentrics.com\/de\/amp-consent-management\/"}]},{"@type":"ImageObject","inLanguage":"de-DE","@id":"https:\/\/usercentrics.com\/de\/amp-consent-management\/#primaryimage","url":"https:\/\/usercentrics.com\/wp-content\/uploads\/2020\/07\/amp-final-1.png","contentUrl":"https:\/\/usercentrics.com\/wp-content\/uploads\/2020\/07\/amp-final-1.png","copyrightNotice":"\u00a9 Copyright 2026 Usercentrics GmbH","creator":{"@type":"Organization","name":"Usercentrics GmbH"},"creditText":"Image: Usercentrics GmbH"},{"@type":"WebSite","@id":"https:\/\/usercentrics.com\/de\/#website","url":"https:\/\/usercentrics.com\/de\/","name":"Consent Management Platform (CMP) Usercentrics","description":"Consent Management Platform (CMP) Usercentrics","potentialAction":[{"@type":"SearchAction","target":{"@type":"EntryPoint","urlTemplate":"https:\/\/usercentrics.com\/de\/?s={search_term_string}"}}],"inLanguage":"de-DE"}]}},"_links":{"self":[{"href":"https:\/\/usercentrics.com\/de\/wp-json\/wp\/v2\/pages\/870","targetHints":{"allow":["GET"]}}],"collection":[{"href":"https:\/\/usercentrics.com\/de\/wp-json\/wp\/v2\/pages"}],"about":[{"href":"https:\/\/usercentrics.com\/de\/wp-json\/wp\/v2\/types\/page"}],"author":[{"embeddable":true,"href":"https:\/\/usercentrics.com\/de\/wp-json\/wp\/v2\/users\/7"}],"replies":[{"embeddable":true,"href":"https:\/\/usercentrics.com\/de\/wp-json\/wp\/v2\/comments?post=870"}],"version-history":[{"count":0,"href":"https:\/\/usercentrics.com\/de\/wp-json\/wp\/v2\/pages\/870\/revisions"}],"wp:attachment":[{"href":"https:\/\/usercentrics.com\/de\/wp-json\/wp\/v2\/media?parent=870"}],"curies":[{"name":"wp","href":"https:\/\/api.w.org\/{rel}","templated":true}]}}