{"id":898,"date":"2021-04-26T11:00:11","date_gmt":"2021-04-26T09:00:11","guid":{"rendered":"https:\/\/stage.usercentrics.com\/de\/?page_id=7202"},"modified":"2025-11-17T07:08:11","modified_gmt":"2025-11-17T06:08:11","slug":"iframe-risikobericht-guide-2","status":"publish","type":"page","link":"https:\/\/usercentrics.com\/de\/iframe-risikobericht-guide-2\/","title":{"rendered":"DE &#8211; The privacy risk guide"},"content":{"rendered":"<h1 class=\"wp-block-heading\"> Der Risikobericht Guide<\/h1>\n\n\n<p>Der Sinn eines Datenschutz-Audits ist es, Ihre Webseite zu \u00fcberpr\u00fcfen, um festzustellen, ob Sie bereits <span data-renderer-mark=\"true\">Datenschutz<\/span>-konform ist oder ob es noch Raum f\u00fcr Verbesserungen in Bezug auf Ihre Datenschutzstrategie gibt. Je nach Ergebnis des Audits gibt es drei verschiedene Einstufungen, die sich jeweils nach dem Grad der Konformit\u00e4t Ihrer Webseite richten. Die Kriterien, die zur Messung der Risikostufe verwendet werden, sind von den folgenden drei Faktoren abh\u00e4ngig: 1) First Party Cookies, 2) Third Party Cookies 3) Third Party Requests.<\/p>\n\n\n\n<p><strong>Levels<\/strong><\/p>\n\n\n\n<p><img loading=\"lazy\" decoding=\"async\" class=\"mobile_max_33 alignleft wp-image-7455 size-full\" src=\"https:\/\/usercentrics.com\/de\/wp-content\/uploads\/sites\/2\/2021\/04\/High_DE.svg\" alt=\"\" width=\"200\" height=\"163\" \/><br \/>\n<strong>Hohes Risiko &#8211;<\/strong> Hoher, leicht nachweisbarer Beweis f\u00fcr mangelnde Konformit\u00e4t. Ihre HTML-Website setzt eine gro\u00dfe Anzahl von Third Party Cookies und Third Party Requests. Aufgrund des hohen Risikos von Bu\u00dfgeldern empfiehlt unser Legal Team so schnell wie m\u00f6glich Ma\u00dfnahmen zu ergreifen.<\/p>\n\n\n\n\n\n\n<p><img loading=\"lazy\" decoding=\"async\" class=\"mobile_max_33 alignleft wp-image-7455 size-full\" src=\"https:\/\/usercentrics.com\/de\/wp-content\/uploads\/sites\/2\/2021\/04\/Medium_DE.svg\" alt=\"\" width=\"200\" height=\"163\" \/><br \/>\n<strong>Mittleres Risiko &#8211;<\/strong> Nachweislich mangelnde Konformit\u00e4t. Ihre Website setzt entweder eine \u00fcberdurchschnittlich hohe Anzahl von a) First Party Cookies ODER b) Third Party Cookies und\/oder Third Party Requests. Aufgrund des hohen Risikos von Bu\u00dfgeldern empfiehlt unser Legal Team so schnell wie m\u00f6glich Ma\u00dfnahmen zu ergreifen.<\/p>\n\n\n\n\n\n\n<p><img loading=\"lazy\" decoding=\"async\" class=\"mobile_max_33 alignleft wp-image-7455 size-full\" src=\"https:\/\/usercentrics.com\/de\/wp-content\/uploads\/sites\/2\/2021\/04\/Low_DE.svg\" alt=\"\" width=\"200\" height=\"163\" \/><br \/>\n<strong>Niedriges Risiko &#8211;<\/strong> Ihre Website setzt m\u00f6glicherweise First Party Cookies. Es wurden keine Third Party Cookies und\/oder Third Party Requests gefunden.<\/p>\n\n\n\n\n\n\n<p><strong>Definitionen<\/strong><\/p>\n<p>Sobald Sie festgestellt haben, welche Cookies und Requests von Ihrer Website verwendet werden, k\u00f6nnen Sie damit beginnen, Ihre Website-Besucher um Einwilligung zu bitten. Eine Consent Management Platform (CMP) ist eine einfache L\u00f6sung, um Einwilligungen rechtskonform zu verwalten, zu sammeln und zu speichern.<\/p>\n<p><strong>Cookies <\/strong><\/p>\n<p>Cookies identifizieren Online-Nutzer und sind so zum Hauptbestandteil einer personalisierten Online-Marketing-Kampagne geworden. Vielen Website-Betreibern fehlt jedoch das Know-how, welche Cookies auf ihrer Website verwendet werden. Dies erschwert die Einholung der Einwilligung f\u00fcr den richtigen Dienst und macht die Einhaltung der DSGVO\/CCPA zu einem langwierigen Prozess. Genau hier kommen wir ins Spiel: Mit der Usercentrics CMP wissen Sie nicht nur, welche First- und Third Party Cookies gesetzt werden, sondern auch, welche Third Party Anfragen gestellt werden &#8211; die Grundlage einer jeden guten Datenschutzstrategie. Sammeln Sie Einwilligungen auf transparente, granulare und konforme Weise mit unserer CMP.<\/p>\n<p><strong>First Party Cookies<\/strong><\/p>\n<p>First Party Cookies werden z. B. von der Website gesetzt, auf der Sie gerade surfen. Diese Cookies erm\u00f6glichen es Website-Anbietern, Kundenanalysedaten zu sammeln, sich an Spracheinstellungen zu erinnern und andere n\u00fctzliche Funktionen auszuf\u00fchren, die dazu beitragen, ein personalisiertes Benutzererlebnis zu bieten.<\/p>\n<p><strong>Third Party Cookies<\/strong><\/p>\n<p>Third Party Cookies sind die umstrittensten Cookies, die in der Regel f\u00fcr Tracking- und Retargeting-Marketing-Kampagnen gesetzt werden. Sie werden von Drittanbieter-Servern (wie z. B. bei einem eingebetteten YouTube-Video) auf den Webseiten der Publisher gesetzt.<\/p>\n<p><strong>Third Party Requests<\/strong><\/p>\n<p>Anfragen von Drittanbietern sind Dateien, die von einer anderen Website als derjenigen geladen werden, die der Benutzer gerade besucht. Sie stammen in der Regel von Anbietern, deren Technologie auf der Website implementiert ist oder die die Website f\u00fcr Werbe- und Trackingzwecke nutzen.<\/p>\n\n","protected":false},"excerpt":{"rendered":"<p>Der Risikobericht Guide Der Sinn eines Datenschutz-Audits ist es, Ihre Webseite zu \u00fcberpr\u00fcfen, um festzustellen, ob Sie bereits Datenschutz-konform ist oder ob es noch Raum f\u00fcr Verbesserungen in Bezug auf Ihre Datenschutzstrategie gibt. Je nach Ergebnis des Audits gibt es drei verschiedene Einstufungen, die sich jeweils nach dem Grad der Konformit\u00e4t Ihrer Webseite richten. Die [&hellip;]<\/p>\n","protected":false},"author":0,"featured_media":0,"parent":0,"menu_order":0,"comment_status":"closed","ping_status":"closed","template":"","meta":{"_acf_changed":false,"editor_notices":[],"footnotes":""},"class_list":["post-898","page","type-page","status-publish","hentry"],"acf":[],"yoast_head":"<title>DE - The privacy risk guide - Consent Management Platform (CMP) Usercentrics<\/title>\n<meta name=\"robots\" content=\"noindex, nofollow\" \/>\n<meta property=\"og:locale\" content=\"de_DE\" \/>\n<meta property=\"og:type\" content=\"article\" \/>\n<meta property=\"og:title\" content=\"DE - The privacy risk guide\" \/>\n<meta property=\"og:description\" content=\"Der Risikobericht Guide Der Sinn eines Datenschutz-Audits ist es, Ihre Webseite zu \u00fcberpr\u00fcfen, um festzustellen, ob Sie bereits Datenschutz-konform ist oder ob es noch Raum f\u00fcr Verbesserungen in Bezug auf Ihre Datenschutzstrategie gibt. Je nach Ergebnis des Audits gibt es drei verschiedene Einstufungen, die sich jeweils nach dem Grad der Konformit\u00e4t Ihrer Webseite richten. Die [&hellip;]\" \/>\n<meta property=\"og:url\" content=\"https:\/\/usercentrics.com\/de\/iframe-risikobericht-guide-2\/\" \/>\n<meta property=\"og:site_name\" content=\"Consent Management Platform (CMP) Usercentrics\" \/>\n<meta property=\"article:publisher\" content=\"https:\/\/www.facebook.com\/usercentrics\" \/>\n<meta property=\"article:modified_time\" content=\"2025-11-17T06:08:11+00:00\" \/>\n<meta property=\"og:image\" content=\"https:\/\/usercentrics.com\/de\/wp-content\/uploads\/sites\/2\/2024\/09\/Asset-93-100.jpg\" \/>\n<meta name=\"twitter:card\" content=\"summary_large_image\" \/>\n<meta name=\"twitter:site\" content=\"@usercentrics\" \/>\n<meta name=\"twitter:label1\" content=\"Gesch\u00e4tzte Lesezeit\" \/>\n\t<meta name=\"twitter:data1\" content=\"2 Minuten\" \/>\n<script type=\"application\/ld+json\" class=\"yoast-schema-graph\">{\"@context\":\"https:\/\/schema.org\",\"@graph\":[{\"@type\":\"WebPage\",\"@id\":\"https:\/\/usercentrics.com\/de\/iframe-risikobericht-guide-2\/\",\"url\":\"https:\/\/usercentrics.com\/de\/iframe-risikobericht-guide-2\/\",\"name\":\"DE - The privacy risk guide - Consent Management Platform (CMP) Usercentrics\",\"isPartOf\":{\"@id\":\"https:\/\/usercentrics.com\/de\/#website\"},\"primaryImageOfPage\":{\"@id\":\"https:\/\/usercentrics.com\/de\/iframe-risikobericht-guide-2\/#primaryimage\"},\"image\":{\"@id\":\"https:\/\/usercentrics.com\/de\/iframe-risikobericht-guide-2\/#primaryimage\"},\"thumbnailUrl\":\"https:\/\/usercentrics.com\/de\/wp-content\/uploads\/sites\/2\/2021\/04\/High_DE.svg\",\"datePublished\":\"2021-04-26T09:00:11+00:00\",\"dateModified\":\"2025-11-17T06:08:11+00:00\",\"inLanguage\":\"de-DE\",\"potentialAction\":[{\"@type\":\"ReadAction\",\"target\":\"https:\/\/usercentrics.com\/de\/iframe-risikobericht-guide-2\/\"}]},{\"@type\":\"ImageObject\",\"inLanguage\":\"de-DE\",\"@id\":\"https:\/\/usercentrics.com\/de\/iframe-risikobericht-guide-2\/#primaryimage\",\"url\":\"\",\"contentUrl\":\"\",\"copyrightNotice\":\"\u00a9 Copyright 2026 Usercentrics GmbH\",\"creator\":{\"@type\":\"Organization\",\"name\":\"Usercentrics GmbH\"},\"creditText\":\"Image: Usercentrics GmbH\"},{\"@type\":\"WebSite\",\"@id\":\"https:\/\/usercentrics.com\/de\/#website\",\"url\":\"https:\/\/usercentrics.com\/de\/\",\"name\":\"Consent Management Platform (CMP) Usercentrics\",\"description\":\"Consent Management Platform (CMP) Usercentrics\",\"potentialAction\":[{\"@type\":\"SearchAction\",\"target\":{\"@type\":\"EntryPoint\",\"urlTemplate\":\"https:\/\/usercentrics.com\/de\/?s={search_term_string}\"}}],\"inLanguage\":\"de-DE\"}]}<\/script>","yoast_head_json":{"title":"DE - The privacy risk guide - Consent Management Platform (CMP) Usercentrics","robots":{"index":"noindex","follow":"nofollow"},"og_locale":"de_DE","og_type":"article","og_title":"DE - The privacy risk guide","og_description":"Der Risikobericht Guide Der Sinn eines Datenschutz-Audits ist es, Ihre Webseite zu \u00fcberpr\u00fcfen, um festzustellen, ob Sie bereits Datenschutz-konform ist oder ob es noch Raum f\u00fcr Verbesserungen in Bezug auf Ihre Datenschutzstrategie gibt. Je nach Ergebnis des Audits gibt es drei verschiedene Einstufungen, die sich jeweils nach dem Grad der Konformit\u00e4t Ihrer Webseite richten. Die [&hellip;]","og_url":"https:\/\/usercentrics.com\/de\/iframe-risikobericht-guide-2\/","og_site_name":"Consent Management Platform (CMP) Usercentrics","article_publisher":"https:\/\/www.facebook.com\/usercentrics","article_modified_time":"2025-11-17T06:08:11+00:00","og_image":[{"url":"https:\/\/usercentrics.com\/de\/wp-content\/uploads\/sites\/2\/2024\/09\/Asset-93-100.jpg","type":"","width":"","height":""}],"twitter_card":"summary_large_image","twitter_site":"@usercentrics","twitter_misc":{"Gesch\u00e4tzte Lesezeit":"2 Minuten"},"schema":{"@context":"https:\/\/schema.org","@graph":[{"@type":"WebPage","@id":"https:\/\/usercentrics.com\/de\/iframe-risikobericht-guide-2\/","url":"https:\/\/usercentrics.com\/de\/iframe-risikobericht-guide-2\/","name":"DE - The privacy risk guide - Consent Management Platform (CMP) Usercentrics","isPartOf":{"@id":"https:\/\/usercentrics.com\/de\/#website"},"primaryImageOfPage":{"@id":"https:\/\/usercentrics.com\/de\/iframe-risikobericht-guide-2\/#primaryimage"},"image":{"@id":"https:\/\/usercentrics.com\/de\/iframe-risikobericht-guide-2\/#primaryimage"},"thumbnailUrl":"https:\/\/usercentrics.com\/de\/wp-content\/uploads\/sites\/2\/2021\/04\/High_DE.svg","datePublished":"2021-04-26T09:00:11+00:00","dateModified":"2025-11-17T06:08:11+00:00","inLanguage":"de-DE","potentialAction":[{"@type":"ReadAction","target":"https:\/\/usercentrics.com\/de\/iframe-risikobericht-guide-2\/"}]},{"@type":"ImageObject","inLanguage":"de-DE","@id":"https:\/\/usercentrics.com\/de\/iframe-risikobericht-guide-2\/#primaryimage","url":"","contentUrl":"","copyrightNotice":"\u00a9 Copyright 2026 Usercentrics GmbH","creator":{"@type":"Organization","name":"Usercentrics GmbH"},"creditText":"Image: Usercentrics GmbH"},{"@type":"WebSite","@id":"https:\/\/usercentrics.com\/de\/#website","url":"https:\/\/usercentrics.com\/de\/","name":"Consent Management Platform (CMP) Usercentrics","description":"Consent Management Platform (CMP) Usercentrics","potentialAction":[{"@type":"SearchAction","target":{"@type":"EntryPoint","urlTemplate":"https:\/\/usercentrics.com\/de\/?s={search_term_string}"}}],"inLanguage":"de-DE"}]}},"_links":{"self":[{"href":"https:\/\/usercentrics.com\/de\/wp-json\/wp\/v2\/pages\/898","targetHints":{"allow":["GET"]}}],"collection":[{"href":"https:\/\/usercentrics.com\/de\/wp-json\/wp\/v2\/pages"}],"about":[{"href":"https:\/\/usercentrics.com\/de\/wp-json\/wp\/v2\/types\/page"}],"replies":[{"embeddable":true,"href":"https:\/\/usercentrics.com\/de\/wp-json\/wp\/v2\/comments?post=898"}],"version-history":[{"count":0,"href":"https:\/\/usercentrics.com\/de\/wp-json\/wp\/v2\/pages\/898\/revisions"}],"wp:attachment":[{"href":"https:\/\/usercentrics.com\/de\/wp-json\/wp\/v2\/media?parent=898"}],"curies":[{"name":"wp","href":"https:\/\/api.w.org\/{rel}","templated":true}]}}