{"id":3683,"date":"2020-02-10T04:22:44","date_gmt":"2020-02-10T03:22:44","guid":{"rendered":"https:\/\/stage.usercentrics.com\/?page_id=1171"},"modified":"2025-10-16T14:47:16","modified_gmt":"2025-10-16T12:47:16","slug":"legal-notice","status":"publish","type":"page","link":"https:\/\/usercentrics.com\/es\/legal-notice\/","title":{"rendered":"Legal Notice"},"content":{"rendered":"\n<script>\n  window.UC_UI_SUPPRESS_CMP_DISPLAY = true;\n<\/script>\n\n\n\n<h1 class=\"wp-block-heading\" id=\"h-aviso-legal\">Aviso legal<\/h1>\n\n\n<div class=\"uc-flex-row\" style=\"--padding-top: 0px; --padding-bottom: var(--wp--preset--spacing--xl);\">\n<div class=\"uc-flex-column\" style=\"--column-size: var(--column-size-5);--i:1;\">\n    \n\n<h2 class=\"wp-block-heading\" id=\"h-editor-y-responsable-del-contenido-del-sitio-web\">Editor y responsable del contenido del sitio web:<\/h2>\n\n\n<p>Esta declaraci\u00f3n legal es v\u00e1lida para todos los sitios web operados por Usercentrics, as\u00ed como para todas las cuentas de redes sociales de Usercentrics.<\/p>\n<p><b>Informaci\u00f3n sobre la empresa<\/b><br \/>Usercentrics GmbH<br \/>Sendlinger Stra\u00dfe 7<br \/>80331\u00a0M\u00fanich<br \/>Alemania<br \/>Tel.:\u00a0<a href=\"tel:+49 89 21 54 01 20\">+ 49 89 21 54 01 20<\/a><br \/>Correo electr\u00f3nico:\u00a0<a href=\"mailto:contact@usercentrics.com\">contact@usercentrics.com<\/a><br \/><em>Tenga en cuenta que las solicitudes de empleo solo se aceptar\u00e1n a trav\u00e9s de nuestro sitio web de empleo.<\/em><\/p>\n<p><strong><b>N\u00famero de identificaci\u00f3n del impuesto sobre las ventas (NIF-IVA)<\/b><br \/><\/strong><strong>NIF-IVA conforme al art.\u00a027 de la Ley del Impuesto sobre el Valor Agregado:<br \/><\/strong>NIF-IVA: DE318857096<\/p>\n<p><b>N\u00famero de registro mercantil<\/b><br \/>Registro mercantil: 241272 | Tribunal de Distrito de M\u00fanich<\/p>\n<p><b>Responsable del contenido de acuerdo con el art.\u00a018 p\u00e1rr. 2 del Contrato Estatal de Medios de Alemania<br \/><\/b>Donna Dror<b><br \/><\/b>Sendlingerstra\u00dfe 7 | 80331\u00a0M\u00fanich\u00a0|\u00a0Alemania<\/p>\n<h2 id=\"gestionado-representado-por\" class=\"wbq-index__content-heading av-special-heading-tag  wbq_looks_like_h4\" data-heading-level=\"2\">Gestionado\/Representado por<\/h2>\n<p>Donna Dror, Ea Luise Andersen<\/p>\n\n<\/div>\n\n\n<div class=\"uc-flex-column\" style=\"--column-size: var(--column-size-1);--i:2;\">\n    <\/div>\n\n\n<div class=\"uc-flex-column\" style=\"--column-size: var(--column-size-6);--i:3;\">\n    \n\n<h2 class=\"wp-block-heading\" id=\"h-descargo-de-responsabilidad\">Descargo de responsabilidad<\/h2>\n\n\n<p><b>Referencia a la resoluci\u00f3n de disputas de la UE<\/b><br \/>La Comisi\u00f3n Europea proporciona una plataforma para la resoluci\u00f3n de litigios en l\u00ednea (RLL): https:\/\/ec.europa.eu\/consumers\/odr. Encontrar\u00e1 nuestra direcci\u00f3n de correo electr\u00f3nico en esta declaraci\u00f3n legal.<\/p>\n<p><strong>Responsabilidad por contenidos<\/strong><br \/>Como proveedores de servicios, somos responsables, de nuestros propios contenidos en estos sitios web, de conformidad con las leyes generales. Sin embargo, no estamos obligados como proveedores de servicios a supervisar la informaci\u00f3n transmitida o almacenada o a investigar las circunstancias que indiquen actividades il\u00edcitas. La obligaci\u00f3n de eliminar o bloquear el uso de informaci\u00f3n en virtud de las leyes generales no se ver\u00e1 afectado. No obstante, la responsabilidad en este sentido solo ser\u00e1 posible desde el momento en el que se conoce una infracci\u00f3n espec\u00edfica. Tras la notificaci\u00f3n de cualquier infracci\u00f3n, eliminaremos el contenido en cuesti\u00f3n sin demora.<\/p>\n<p><strong>Responsabilidad por los enlaces<\/strong><br \/>Nuestra oferta contiene enlaces a sitios web externos o de terceros sobre cuyos contenidos no tenemos influencia. Por lo tanto, no podemos asumir ninguna responsabilidad por estos contenidos externos. El respectivo proveedor u operador de las p\u00e1ginas es siempre el responsable de los contenidos de las p\u00e1ginas enlazadas. En el momento de enlazar las p\u00e1ginas, se revisaron para comprobar que no infringieran las leyes. No se detect\u00f3 contenido ilegal en el momento de incluir los enlaces. Sin embargo, no es razonable llevar un control permanente de las p\u00e1ginas enlazadas sin evidencias concretas de la existencia de una infracci\u00f3n. Una vez recibamos notificaci\u00f3n de las infracciones, eliminaremos los enlaces de inmediato.<\/p>\n<p><strong>Derechos de autor<\/strong><br \/>El contenido y los trabajos de estas p\u00e1ginas creados por los operadores del sitio web est\u00e1n sujetos a la ley de derechos de autor alemana. La reproducci\u00f3n, procesamiento, distribuci\u00f3n y cualquier tipo de explotaci\u00f3n fuera de los l\u00edmites de los derechos de autor requieren el consentimiento por escrito del autor o creador respectivo. Las descargas y copias de este sitio web son solo para uso privado y no comercial. Para el contenido de este sitio web que no haya sido creado por el operador, se tendr\u00e1n en cuenta los derechos de autor de terceros. En particular, el contenido de terceros est\u00e1 marcado como tal. Si es consciente de alguna infracci\u00f3n de derechos de autor, le solicitamos que nos lo notifique. Tras la notificaci\u00f3n de cualquier infracci\u00f3n, eliminaremos el contenido en cuesti\u00f3n sin demora.<\/p>\n\n<\/div>\n\n<\/div>","protected":false},"excerpt":{"rendered":"<p>Aviso legal<\/p>\n","protected":false},"author":8,"featured_media":0,"parent":0,"menu_order":0,"comment_status":"open","ping_status":"closed","template":"","meta":{"_acf_changed":false,"editor_notices":[],"footnotes":""},"class_list":["post-3683","page","type-page","status-publish","hentry"],"acf":[],"yoast_head":"<title>Aviso legal | Usercentrics CMP<\/title>\n<meta name=\"description\" content=\"Aviso legal de Usercentrics: este aviso es v\u00e1lido para todos los sitios web operados por Usercentrics, as\u00ed como para todas las cuentas de redes sociales de Usercentrics.\" \/>\n<meta name=\"robots\" content=\"index, follow, max-snippet:-1, max-image-preview:large, max-video-preview:-1\" \/>\n<link rel=\"canonical\" href=\"https:\/\/usercentrics.com\/es\/legal-notice\/\" \/>\n<meta property=\"og:locale\" content=\"es_ES\" \/>\n<meta property=\"og:type\" content=\"article\" \/>\n<meta property=\"og:title\" content=\"Aviso legal | Usercentrics CMP\" \/>\n<meta property=\"og:description\" content=\"Aviso legal de Usercentrics: este aviso es v\u00e1lido para todos los sitios web operados por Usercentrics, as\u00ed como para todas las cuentas de redes sociales de Usercentrics.\" \/>\n<meta property=\"og:url\" content=\"https:\/\/usercentrics.com\/es\/legal-notice\/\" \/>\n<meta property=\"og:site_name\" content=\"Consent Management Platform (CMP) Usercentrics\" \/>\n<meta property=\"article:publisher\" content=\"https:\/\/www.facebook.com\/usercentrics\" \/>\n<meta property=\"article:modified_time\" content=\"2025-10-16T12:47:16+00:00\" \/>\n<meta property=\"og:image\" content=\"https:\/\/usercentrics.com\/es\/wp-content\/uploads\/sites\/6\/2024\/09\/Asset-93-100.jpg\" \/>\n\t<meta property=\"og:image:width\" content=\"1201\" \/>\n\t<meta property=\"og:image:height\" content=\"631\" \/>\n\t<meta property=\"og:image:type\" content=\"image\/jpeg\" \/>\n<meta name=\"twitter:card\" content=\"summary_large_image\" \/>\n<meta name=\"twitter:title\" content=\"Aviso Legal | Usercentrics CMP\" \/>\n<meta name=\"twitter:description\" content=\"Aviso legal de Usercentrics: este aviso es v\u00e1lido para todos los sitios web operados por Usercentrics, as\u00ed como para todas las cuentas de redes sociales de Usercentrics.\" \/>\n<meta name=\"twitter:site\" content=\"@usercentrics\" \/>\n<meta name=\"twitter:label1\" content=\"Est. reading time\" \/>\n\t<meta name=\"twitter:data1\" content=\"3 minutos\" \/>\n<script type=\"application\/ld+json\" class=\"yoast-schema-graph\">{\"@context\":\"https:\\\/\\\/schema.org\",\"@graph\":[{\"@type\":\"WebPage\",\"@id\":\"https:\\\/\\\/usercentrics.com\\\/es\\\/legal-notice\\\/\",\"url\":\"https:\\\/\\\/usercentrics.com\\\/es\\\/legal-notice\\\/\",\"name\":\"Aviso legal | Usercentrics CMP\",\"isPartOf\":{\"@id\":\"https:\\\/\\\/usercentrics.com\\\/es\\\/#website\"},\"datePublished\":\"2020-02-10T03:22:44+00:00\",\"dateModified\":\"2025-10-16T12:47:16+00:00\",\"description\":\"Aviso legal de Usercentrics: este aviso es v\u00e1lido para todos los sitios web operados por Usercentrics, as\u00ed como para todas las cuentas de redes sociales de Usercentrics.\",\"inLanguage\":\"es\",\"potentialAction\":[{\"@type\":\"ReadAction\",\"target\":\"https:\\\/\\\/usercentrics.com\\\/es\\\/legal-notice\\\/\"}]},{\"@type\":\"WebSite\",\"@id\":\"https:\\\/\\\/usercentrics.com\\\/es\\\/#website\",\"url\":\"https:\\\/\\\/usercentrics.com\\\/es\\\/\",\"name\":\"Consent Management Platform (CMP) Usercentrics\",\"description\":\"Consent Management Platform (CMP) Usercentrics\",\"potentialAction\":[{\"@type\":\"SearchAction\",\"target\":{\"@type\":\"EntryPoint\",\"urlTemplate\":\"https:\\\/\\\/usercentrics.com\\\/es\\\/?s={search_term_string}\"}}],\"inLanguage\":\"es\"}]}<\/script>","yoast_head_json":{"title":"Aviso legal | Usercentrics CMP","description":"Aviso legal de Usercentrics: este aviso es v\u00e1lido para todos los sitios web operados por Usercentrics, as\u00ed como para todas las cuentas de redes sociales de Usercentrics.","robots":{"index":"index","follow":"follow","max-snippet":"max-snippet:-1","max-image-preview":"max-image-preview:large","max-video-preview":"max-video-preview:-1"},"canonical":"https:\/\/usercentrics.com\/es\/legal-notice\/","og_locale":"es_ES","og_type":"article","og_title":"Aviso legal | Usercentrics CMP","og_description":"Aviso legal de Usercentrics: este aviso es v\u00e1lido para todos los sitios web operados por Usercentrics, as\u00ed como para todas las cuentas de redes sociales de Usercentrics.","og_url":"https:\/\/usercentrics.com\/es\/legal-notice\/","og_site_name":"Consent Management Platform (CMP) Usercentrics","article_publisher":"https:\/\/www.facebook.com\/usercentrics","article_modified_time":"2025-10-16T12:47:16+00:00","og_image":[{"width":1201,"height":631,"url":"https:\/\/usercentrics.com\/es\/wp-content\/uploads\/sites\/6\/2024\/09\/Asset-93-100.jpg","type":"image\/jpeg"}],"twitter_card":"summary_large_image","twitter_title":"Aviso Legal | Usercentrics CMP","twitter_description":"Aviso legal de Usercentrics: este aviso es v\u00e1lido para todos los sitios web operados por Usercentrics, as\u00ed como para todas las cuentas de redes sociales de Usercentrics.","twitter_site":"@usercentrics","twitter_misc":{"Est. reading time":"3 minutos"},"schema":{"@context":"https:\/\/schema.org","@graph":[{"@type":"WebPage","@id":"https:\/\/usercentrics.com\/es\/legal-notice\/","url":"https:\/\/usercentrics.com\/es\/legal-notice\/","name":"Aviso legal | Usercentrics CMP","isPartOf":{"@id":"https:\/\/usercentrics.com\/es\/#website"},"datePublished":"2020-02-10T03:22:44+00:00","dateModified":"2025-10-16T12:47:16+00:00","description":"Aviso legal de Usercentrics: este aviso es v\u00e1lido para todos los sitios web operados por Usercentrics, as\u00ed como para todas las cuentas de redes sociales de Usercentrics.","inLanguage":"es","potentialAction":[{"@type":"ReadAction","target":"https:\/\/usercentrics.com\/es\/legal-notice\/"}]},{"@type":"WebSite","@id":"https:\/\/usercentrics.com\/es\/#website","url":"https:\/\/usercentrics.com\/es\/","name":"Consent Management Platform (CMP) Usercentrics","description":"Consent Management Platform (CMP) Usercentrics","potentialAction":[{"@type":"SearchAction","target":{"@type":"EntryPoint","urlTemplate":"https:\/\/usercentrics.com\/es\/?s={search_term_string}"}}],"inLanguage":"es"}]}},"_links":{"self":[{"href":"https:\/\/usercentrics.com\/es\/wp-json\/wp\/v2\/pages\/3683","targetHints":{"allow":["GET"]}}],"collection":[{"href":"https:\/\/usercentrics.com\/es\/wp-json\/wp\/v2\/pages"}],"about":[{"href":"https:\/\/usercentrics.com\/es\/wp-json\/wp\/v2\/types\/page"}],"author":[{"embeddable":true,"href":"https:\/\/usercentrics.com\/es\/wp-json\/wp\/v2\/users\/8"}],"replies":[{"embeddable":true,"href":"https:\/\/usercentrics.com\/es\/wp-json\/wp\/v2\/comments?post=3683"}],"version-history":[{"count":0,"href":"https:\/\/usercentrics.com\/es\/wp-json\/wp\/v2\/pages\/3683\/revisions"}],"wp:attachment":[{"href":"https:\/\/usercentrics.com\/es\/wp-json\/wp\/v2\/media?parent=3683"}],"curies":[{"name":"wp","href":"https:\/\/api.w.org\/{rel}","templated":true}]}}