{"id":3727,"date":"2020-07-09T10:43:38","date_gmt":"2020-07-09T08:43:38","guid":{"rendered":"https:\/\/stage.usercentrics.com\/?page_id=3800"},"modified":"2026-04-22T13:54:12","modified_gmt":"2026-04-22T11:54:12","slug":"dps-scanner","status":"publish","type":"page","link":"https:\/\/usercentrics.com\/es\/dps-scanner\/","title":{"rendered":"DPS Scanner"},"content":{"rendered":"<div class=\"bg-brand-primary-dark uc-flex-row--background-right alignfull uc-ctx--dark\" style=\"\" ><div class=\"uc-flex-row container\" style=\"--padding-top: var(--wp--preset--spacing--5-xl); --padding-bottom: var(--wp--preset--spacing--5-xl);--to: -1;\">\n<div class=\"uc-flex-column wp-elements-3479294d5690b03f163121892bfa2433\" style=\"--column-size: var(--column-size-7);--i:1;\">\n    \n\n<h1 class=\"wp-block-heading\" id=\"h-recopilacion-de-datos-en-tu-sitio-web-siempre-bajo-para-cumplir-la-normativa\">Recopilaci\u00f3n de datos en tu sitio web siempre bajo para cumplir la normativa.<\/h1>\n\n\n\n<p class=\"is-style-text-lg\">Nuestro esc\u00e1ner de servicio de tratamiento de datos \u00abDPS Scanner\u00bb ayuda a cumplir mejor las normas del RGPD. La herramienta inteligente identifica los servicios de tratamiento de datos (tecnolog\u00edas de terceros, como, por ejemplo, Google Analytics) que a\u00fan no se hayan a\u00f1adido a tu plataforma de gesti\u00f3n de consentimiento (CMP).<\/p>\n\n<\/div>\n\n\n<div class=\"uc-flex-column\" style=\"--column-size: var(--column-size-5);--i:2;\">\n    <\/div>\n\n<\/div><\/div>\n\n<div class=\"uc-flex-row\" style=\"--padding-top: var(--wp--preset--spacing--10-xl); --padding-bottom: var(--wp--preset--spacing--10-xl);\">\n<div class=\"uc-flex-column\" style=\"--column-size: var(--column-size-7);--i:3;\">\n    \n\n<div class=\"wp-block-group is-layout-constrained wp-block-group-is-layout-constrained\">\n<p class=\"like-label-l\">MONITORIZACI\u00d3N A TRAV\u00c9S DE<br>USUARIOS EN VIVO<\/p>\n\n\n\n<h2 class=\"wp-block-heading\" id=\"h-mantente-al-tanto-de-todo\" style=\"margin-top:0;margin-bottom:var(--wp--preset--spacing--5-xl)\">Mantente al tanto de todo<\/h2>\n<\/div>\n\n\n\n<p>Puede que tu organizaci\u00f3n sea grande y tus acciones de marketing hayan traspasado los l\u00edmites legales al implantar una nueva herramienta, o que tu agencia no te haya informado de ello. Tambi\u00e9n es posible que una herramienta cambie de colaboradores y de repente est\u00e9 compartiendo datos con terceros de los que nunca hab\u00edas o\u00eddo hablar. En estos casos, es probable que hayas perdido cierto control o que desconozcas por completo qu\u00e9 datos se est\u00e1n transfiriendo a terceros. Por eso hemos creado nuestro esc\u00e1ner de servicios de tratamiento de datos, el \u00abDPS Scanner\u00bb.<\/p>\n\n\n\n<p>Este servicio detecta los servicios activos en tu sitio web o en tu aplicaci\u00f3n y supervisa los dominios a los que acceden tus visitantes. <strong>De esta manera, te proporcionamos una lista completa con todos los servicios de tratamiento de datos presentes en tu sitio.<\/strong><\/p>\n\n<\/div>\n\n\n<div class=\"uc-flex-column\" style=\"--column-size: var(--column-size-5);--i:4;\">\n    \n\n<figure class=\"wp-block-image alignright size-full is-resized\"><img loading=\"lazy\" decoding=\"async\" height=\"451\" width=\"983\" src=\"https:\/\/usercentrics.com\/wp-content\/uploads\/2024\/09\/Asset-21.svg\" alt=\"Usercentrics shield checkmark logo\" class=\"wp-image-3577\" style=\"width:500px\"\/><\/figure>\n\n<\/div>\n\n<\/div>\n\n<div class=\"uc-flex-row\" style=\"--padding-top: var(--wp--preset--spacing--5-xl); --padding-bottom: var(--wp--preset--spacing--10-xl);--to: -1;\">\n<div class=\"uc-flex-column\" style=\"--column-size: var(--column-size-7);--i:5;\">\n    \n\n<figure class=\"wp-block-image aligncenter size-full\"><img decoding=\"async\" src=\"https:\/\/usercentrics.com\/wp-content\/uploads\/2020\/10\/Screenshot-2020-10-07-at-14.16.56.png\" alt=\"\" class=\"wp-image-1297\" style=\"object-fit:cover\"\/><\/figure>\n\n<\/div>\n\n\n<div class=\"uc-flex-column\" style=\"--column-size: var(--column-size-5);--i:6;\">\n    \n\n<div class=\"wp-block-group is-layout-constrained wp-block-group-is-layout-constrained\">\n<h2 class=\"wp-block-heading\" id=\"h-como-funciona-nuestro-dps-scanner\" style=\"margin-top:0;margin-bottom:var(--wp--preset--spacing--5-xl)\">C\u00f3mo funciona nuestro DPS Scanner<\/h2>\n<\/div>\n\n\n\n<p>Nuestro esc\u00e1ner de servicios de tratamiento de datos, el \u00abDPS Scanner\u00bb, recopila datos sin necesidad de rastrear p\u00e1ginas de forma continua. En lugar de eso, detecta a los usuarios finales que visitan tu sitio web y los dominios que se cargan durante su navegaci\u00f3n. Todos los datos se agregan y almacenan cada 24 horas. Puedes consultar los resultados al d\u00eda siguiente en la interfaz de administraci\u00f3n de Usercentrics, en <strong>\u00abConfiguraci\u00f3n del servicio\u00bb \u2192 \u00abDPS Scanner\u00bb<\/strong>.<\/p>\n\n<\/div>\n\n<\/div>\n\n<div class=\"uc-flex-row\" style=\"--padding-top: var(--wp--preset--spacing--5-xl); --padding-bottom: var(--wp--preset--spacing--10-xl);\">\n<div class=\"uc-flex-column\" style=\"--column-size: var(--column-size-5);--i:7;\">\n    \n\n<div class=\"wp-block-group is-layout-constrained wp-block-group-is-layout-constrained\">\n<h2 class=\"wp-block-heading\" id=\"h-detecta-nuestro-escaner-en-tu-sitio-web\" style=\"margin-top:0;margin-bottom:var(--wp--preset--spacing--5-xl)\">Detecta nuestro esc\u00e1ner en tu sitio web<\/h2>\n<\/div>\n\n\n\n<p>Puede que ya hayas observado actividades de escaneo y rastreo en tu sitio web, probablemente en tu servidor web y en los registros de referentes. Usercentrics usa el siguiente agente de usuario, que tambi\u00e9n puedes utilizar para identificar y detectar todas nuestras solicitudes:<\/p>\n\n\n\n<p><strong>Mozilla\/5.0 (X11; Linux x86_64) AppleWebKit\/605.1.15 (KHTML, like Gecko) Chrome\/W.X.Y.Z Safari\/605.1.15 (compatible; Usercentrics\/0.1; +http:\/\/usercentrics.com\/dps-scanner\/)<\/strong><\/p>\n\n\n\n<p><em>Actualizamos peri\u00f3dicamente nuestro motor de renderizado de p\u00e1ginas web con la \u00faltima versi\u00f3n. Por tanto, W.X.Y.Z es un marcador de posici\u00f3n que representa la versi\u00f3n del navegador Chrome utilizada por dicho agente de usuario: por ejemplo, \u00ab93.0.4577.82\u00bb.<\/em><\/p>\n\n<\/div>\n\n\n<div class=\"uc-flex-column\" style=\"--column-size: var(--column-size-7);--i:8;\">\n    \n\n<figure class=\"wp-block-image alignright size-full\"><img decoding=\"async\" src=\"https:\/\/usercentrics.com\/wp-content\/uploads\/2020\/10\/Screenshot-2020-10-07-at-14.16.39.png\" alt=\"\" class=\"wp-image-1522\"\/><\/figure>\n\n<\/div>\n\n<\/div>\n\n<div class=\"uc-flex-row\" style=\"--padding-top: var(--wp--preset--spacing--3-xl); --padding-bottom: var(--wp--preset--spacing--10-xl);\">\n<div class=\"uc-flex-column\" style=\"--column-size: var(--column-size-8);--i:9;\">\n    \n\n<p>SERVICIOS DE TRATAMIENTO DE DATOS<\/p>\n\n\n\n<h3 class=\"wp-block-heading\" id=\"h-determina-si-le-falta-algo-a-tu-cmp\">Determina si le falta algo<br>a tu CMP<\/h3>\n\n\n\n<p>Una vez detectadas las solicitudes de terceros, las cruzamos con nuestra base de datos de servicios para identificar a qu\u00e9 servicios de tratamiento de datos pertenecen.<\/p>\n\n\n\n<p>A partir de ah\u00ed, podemos determinar si existe alguna discrepancia, es decir, si se est\u00e1 activando alguna tecnolog\u00eda de terceros no incluida en tu CMP. <strong>Esto constituye una violaci\u00f3n de datos<\/strong>. Si se detecta algo as\u00ed, actualizamos los resultados de inmediato para que puedas actuar al momento y a\u00f1adir todos los servicios de tratamiento de datos detectados.<\/p>\n\n<\/div>\n\n<\/div>\n\n<div class=\"uc-cards-slider uc-cards-slider--layout-default\">\n        <div class=\"container\">\n                            <div class=\"uc-cards-slider__heading\">\n                <div class=\"uc-cards-slider__heading__title like-h2 no-default-margin\">\n                    Nuestro \u00abDPS Scanner\u00bb te ofrece calma y seguridad                <\/div>\n\n                            <\/div>\n                    <div class=\"uc-slider uc-slider--not-drag\" id=\"slider_69f2bb2d4d396\">\n                <div class=\"uc-slider__window\">\n            <div class=\"uc-slider__track\">\n                <div class=\"uc-card-icon uc-card-icon-default uc-card-icon__size-default\">\n    <div class=\"uc-card-icon__icon image \">\n        <div class=\"uc-card-icon__icon-inner\">\n            <svg width=\"72\" height=\"72\" viewBox=\"0 0 72 72\" fill=\"none\" xmlns=\"http:\/\/www.w3.org\/2000\/svg\">\n<path fill-rule=\"evenodd\" clip-rule=\"evenodd\" d=\"M72 0V39C72 54 57 72 36 72C15 72 0 54 0 39V0H72ZM60 12H12V39C12 42.7245 14.0286 48.0581 18.6103 52.6397C23.0182 57.0476 29.0621 60 36 60C42.9379 60 48.9818 57.0476 53.3897 52.6397C57.9714 48.0581 60 42.7245 60 39V12Z\" fill=\"#00A2FF\"\/>\n<path fill-rule=\"evenodd\" clip-rule=\"evenodd\" d=\"M35.627 33L23.1582 22.6093L30.8404 13.3907L54.3716 33L30.8404 52.6093L23.1582 43.3907L35.627 33Z\" fill=\"#00A2FF\"\/>\n<\/svg>\n        <\/div>\n    <\/div>\n<div class=\"uc-card-icon__inner\">\n                    <div class=\"uc-card-icon__description\">\n            <p>Mantente al d\u00eda en lo referente a las tecnolog\u00edas de terceros en tu sitio web<\/p>\n        <\/div>\n    \n            <\/div>\n<\/div>\n<div class=\"uc-card-icon uc-card-icon-default uc-card-icon__size-default\">\n    <div class=\"uc-card-icon__icon image \">\n        <div class=\"uc-card-icon__icon-inner\">\n            <svg width=\"72\" height=\"72\" viewBox=\"0 0 72 72\" fill=\"none\" xmlns=\"http:\/\/www.w3.org\/2000\/svg\">\n<path fill-rule=\"evenodd\" clip-rule=\"evenodd\" d=\"M24 18H18V27H24V18ZM54 33H48V42H54V33ZM30 18H54V27H30V18ZM42 42V33H18V42H42Z\" fill=\"#00A2FF\"\/>\n<path fill-rule=\"evenodd\" clip-rule=\"evenodd\" d=\"M72 0V39C72 54 57 72 36 72C15 72 0 54 0 39V0H72ZM60 12H12V39C12 42.7245 14.0286 48.0581 18.6103 52.6397C23.0182 57.0476 29.0621 60 36 60C42.9379 60 48.9818 57.0476 53.3897 52.6397C57.9714 48.0581 60 42.7245 60 39V12Z\" fill=\"#00A2FF\"\/>\n<\/svg>\n        <\/div>\n    <\/div>\n<div class=\"uc-card-icon__inner\">\n                    <div class=\"uc-card-icon__description\">\n            <p>Ahorra en recursos humanos para las auditor\u00edas internas<\/p>\n        <\/div>\n    \n            <\/div>\n<\/div>\n<div class=\"uc-card-icon uc-card-icon-default uc-card-icon__size-default\">\n    <div class=\"uc-card-icon__icon image \">\n        <div class=\"uc-card-icon__icon-inner\">\n            <svg width=\"72\" height=\"72\" viewBox=\"0 0 72 72\" fill=\"none\" xmlns=\"http:\/\/www.w3.org\/2000\/svg\">\n<path d=\"M0 0V36C0 55.848 16.1519 72 36 72C55.848 72 72 55.848 72 36V0H0ZM61.3552 36C61.3552 49.9836 49.9836 61.3552 36 61.3552C22.0164 61.3552 10.6448 49.9836 10.6448 36V10.6448H61.3552V36Z\" fill=\"#00A2FF\"\/>\n<path d=\"M36.001 55.3553C47.3234 55.3553 56.5267 46.152 56.5267 34.8296H45.8819C45.8819 40.2752 41.4466 44.6982 36.0133 44.6982C30.5801 44.6982 26.1448 40.2629 26.1448 34.8296H15.5C15.5 46.152 24.7033 55.3553 36.0257 55.3553H36.001Z\" fill=\"#00A2FF\"\/>\n<\/svg>\n        <\/div>\n    <\/div>\n<div class=\"uc-card-icon__inner\">\n                    <div class=\"uc-card-icon__description\">\n            <p>Gestiona mejor tu CMP integrando servicios de tratamiento de datos importantes<\/p>\n        <\/div>\n    \n            <\/div>\n<\/div>\n            <\/div>\n        <\/div>\n    <\/div>\n            <script type=\"module\">\n            new Uc_Slider(document.querySelector(\"#slider_69f2bb2d4d396\"), {\"drag_enabled\":false,\"is_qa_card\":false})\n        <\/script>\n                        <\/div>\n<\/div>\n\n\n<div id=\"uc-cta_69f2bb2d4f20b\" class=\"uc-cta uc-cta--button alignfull uc-cta--size-full uc-cta--primary uc-ctx--blue\">\n    <div class=\"uc-cta__inner container\">\n        <div class=\"uc-cta__content\">\n                                        <div class=\"uc-cta__heading no-default-margin\">M\u00c1S INFORMACI\u00d3N<\/div>\n                                        <div class=\"uc-cta__description\">\n                    <p>Ponte en contacto con nosotros para obtener m\u00e1s informaci\u00f3n sobre DPS Scanner.<\/p>\n                <\/div>\n                                                                    <\/div>\n                            <div class=\"uc-cta__section\">\n                                        <a id=\"72873cb1-baec-4936-8868-4ff598102c4e\" class=\"uc-button uc-button-size-l uc-button-contained  no-default-link-decoration\" href=\"https:\/\/usercentrics.com\/es\/book-a-consultation\/\" target=\"\"><span>CONTACTAR CON VENTAS<\/span><\/a><a id=\"ab50b144-ea1c-4e63-bed3-91b57e6bb6fa\" class=\"uc-button uc-button-size-l uc-button-outlined  no-default-link-decoration\" href=\"https:\/\/usercentrics.com\/es\/free-trial\/\" target=\"\"><span>EMPEZAR GRATIS<\/span><\/a>                                    <\/div>\n            <\/div>\n<\/div>\n    <script type=\"module\">\n        new Uc_Cta(document.getElementById(\"uc-cta_69f2bb2d4f20b\"));\n    <\/script>\n","protected":false},"excerpt":{"rendered":"","protected":false},"author":7,"featured_media":0,"parent":0,"menu_order":0,"comment_status":"closed","ping_status":"closed","template":"","meta":{"_acf_changed":false,"editor_notices":[],"footnotes":""},"class_list":["post-3727","page","type-page","status-publish","hentry"],"acf":[],"yoast_head":"<title>Esc\u00e1ner de servicios de tratamiento de datos (DPS)<\/title>\n<meta name=\"description\" content=\"Nuestro esc\u00e1ner de servicios de tratamiento de datos identifica los servicios de tratamiento de datos que a\u00fan no se han agregado a tu plataforma de gesti\u00f3n de consentimiento (CMP).\" \/>\n<meta name=\"robots\" content=\"index, follow, max-snippet:-1, max-image-preview:large, max-video-preview:-1\" \/>\n<link rel=\"canonical\" href=\"https:\/\/usercentrics.com\/es\/dps-scanner\/\" \/>\n<meta property=\"og:locale\" content=\"es_ES\" \/>\n<meta property=\"og:type\" content=\"article\" \/>\n<meta property=\"og:title\" content=\"Esc\u00e1ner de servicios de tratamiento de datos (DPS)\" \/>\n<meta property=\"og:description\" content=\"Nuestro esc\u00e1ner de servicios de tratamiento de datos identifica los servicios de tratamiento de datos que a\u00fan no se han agregado a tu plataforma de gesti\u00f3n de consentimiento (CMP).\" \/>\n<meta property=\"og:url\" content=\"https:\/\/usercentrics.com\/es\/dps-scanner\/\" \/>\n<meta property=\"og:site_name\" content=\"Consent Management Platform (CMP) Usercentrics\" \/>\n<meta property=\"article:publisher\" content=\"https:\/\/www.facebook.com\/usercentrics\" \/>\n<meta property=\"article:modified_time\" content=\"2026-04-22T11:54:12+00:00\" \/>\n<meta property=\"og:image\" content=\"https:\/\/usercentrics.com\/es\/wp-content\/uploads\/sites\/6\/2024\/09\/Asset-93-100.jpg\" \/>\n\t<meta property=\"og:image:width\" content=\"1201\" \/>\n\t<meta property=\"og:image:height\" content=\"631\" \/>\n\t<meta property=\"og:image:type\" content=\"image\/jpeg\" \/>\n<meta name=\"twitter:card\" content=\"summary_large_image\" \/>\n<meta name=\"twitter:title\" content=\"Esc\u00e1ner de Servicios de Tratamiento de Datos (DPS)\" \/>\n<meta name=\"twitter:description\" content=\"Nuestro esc\u00e1ner de servicios de tratamiento de datos identifica los servicios de tratamiento de datos que a\u00fan no se han agregado a su Plataforma de Gesti\u00f3n de Consentimiento (CMP).\" \/>\n<meta name=\"twitter:site\" content=\"@usercentrics\" \/>\n<meta name=\"twitter:label1\" content=\"Est. reading time\" \/>\n\t<meta name=\"twitter:data1\" content=\"3 minutos\" \/>\n<script type=\"application\/ld+json\" class=\"yoast-schema-graph\">{\"@context\":\"https:\\\/\\\/schema.org\",\"@graph\":[{\"@type\":\"WebPage\",\"@id\":\"https:\\\/\\\/usercentrics.com\\\/es\\\/dps-scanner\\\/\",\"url\":\"https:\\\/\\\/usercentrics.com\\\/es\\\/dps-scanner\\\/\",\"name\":\"Esc\u00e1ner de servicios de tratamiento de datos (DPS)\",\"isPartOf\":{\"@id\":\"https:\\\/\\\/usercentrics.com\\\/es\\\/#website\"},\"primaryImageOfPage\":{\"@id\":\"https:\\\/\\\/usercentrics.com\\\/es\\\/dps-scanner\\\/#primaryimage\"},\"image\":{\"@id\":\"https:\\\/\\\/usercentrics.com\\\/es\\\/dps-scanner\\\/#primaryimage\"},\"thumbnailUrl\":\"https:\\\/\\\/usercentrics.com\\\/wp-content\\\/uploads\\\/2024\\\/09\\\/Asset-21.svg\",\"datePublished\":\"2020-07-09T08:43:38+00:00\",\"dateModified\":\"2026-04-22T11:54:12+00:00\",\"description\":\"Nuestro esc\u00e1ner de servicios de tratamiento de datos identifica los servicios de tratamiento de datos que a\u00fan no se han agregado a tu plataforma de gesti\u00f3n de consentimiento (CMP).\",\"inLanguage\":\"es\",\"potentialAction\":[{\"@type\":\"ReadAction\",\"target\":\"https:\\\/\\\/usercentrics.com\\\/es\\\/dps-scanner\\\/\"}]},{\"@type\":\"ImageObject\",\"inLanguage\":\"es\",\"@id\":\"https:\\\/\\\/usercentrics.com\\\/es\\\/dps-scanner\\\/#primaryimage\",\"url\":\"https:\\\/\\\/usercentrics.com\\\/wp-content\\\/uploads\\\/2024\\\/09\\\/Asset-21.svg\",\"contentUrl\":\"https:\\\/\\\/usercentrics.com\\\/wp-content\\\/uploads\\\/2024\\\/09\\\/Asset-21.svg\",\"copyrightNotice\":\"\u00a9 Copyright 2026 Usercentrics GmbH\",\"creator\":{\"@type\":\"Organization\",\"name\":\"Usercentrics GmbH\"},\"creditText\":\"Image: Usercentrics GmbH\"},{\"@type\":\"WebSite\",\"@id\":\"https:\\\/\\\/usercentrics.com\\\/es\\\/#website\",\"url\":\"https:\\\/\\\/usercentrics.com\\\/es\\\/\",\"name\":\"Consent Management Platform (CMP) Usercentrics\",\"description\":\"Consent Management Platform (CMP) Usercentrics\",\"potentialAction\":[{\"@type\":\"SearchAction\",\"target\":{\"@type\":\"EntryPoint\",\"urlTemplate\":\"https:\\\/\\\/usercentrics.com\\\/es\\\/?s={search_term_string}\"}}],\"inLanguage\":\"es\"}]}<\/script>","yoast_head_json":{"title":"Esc\u00e1ner de servicios de tratamiento de datos (DPS)","description":"Nuestro esc\u00e1ner de servicios de tratamiento de datos identifica los servicios de tratamiento de datos que a\u00fan no se han agregado a tu plataforma de gesti\u00f3n de consentimiento (CMP).","robots":{"index":"index","follow":"follow","max-snippet":"max-snippet:-1","max-image-preview":"max-image-preview:large","max-video-preview":"max-video-preview:-1"},"canonical":"https:\/\/usercentrics.com\/es\/dps-scanner\/","og_locale":"es_ES","og_type":"article","og_title":"Esc\u00e1ner de servicios de tratamiento de datos (DPS)","og_description":"Nuestro esc\u00e1ner de servicios de tratamiento de datos identifica los servicios de tratamiento de datos que a\u00fan no se han agregado a tu plataforma de gesti\u00f3n de consentimiento (CMP).","og_url":"https:\/\/usercentrics.com\/es\/dps-scanner\/","og_site_name":"Consent Management Platform (CMP) Usercentrics","article_publisher":"https:\/\/www.facebook.com\/usercentrics","article_modified_time":"2026-04-22T11:54:12+00:00","og_image":[{"width":1201,"height":631,"url":"https:\/\/usercentrics.com\/es\/wp-content\/uploads\/sites\/6\/2024\/09\/Asset-93-100.jpg","type":"image\/jpeg"}],"twitter_card":"summary_large_image","twitter_title":"Esc\u00e1ner de Servicios de Tratamiento de Datos (DPS)","twitter_description":"Nuestro esc\u00e1ner de servicios de tratamiento de datos identifica los servicios de tratamiento de datos que a\u00fan no se han agregado a su Plataforma de Gesti\u00f3n de Consentimiento (CMP).","twitter_site":"@usercentrics","twitter_misc":{"Est. reading time":"3 minutos"},"schema":{"@context":"https:\/\/schema.org","@graph":[{"@type":"WebPage","@id":"https:\/\/usercentrics.com\/es\/dps-scanner\/","url":"https:\/\/usercentrics.com\/es\/dps-scanner\/","name":"Esc\u00e1ner de servicios de tratamiento de datos (DPS)","isPartOf":{"@id":"https:\/\/usercentrics.com\/es\/#website"},"primaryImageOfPage":{"@id":"https:\/\/usercentrics.com\/es\/dps-scanner\/#primaryimage"},"image":{"@id":"https:\/\/usercentrics.com\/es\/dps-scanner\/#primaryimage"},"thumbnailUrl":"https:\/\/usercentrics.com\/wp-content\/uploads\/2024\/09\/Asset-21.svg","datePublished":"2020-07-09T08:43:38+00:00","dateModified":"2026-04-22T11:54:12+00:00","description":"Nuestro esc\u00e1ner de servicios de tratamiento de datos identifica los servicios de tratamiento de datos que a\u00fan no se han agregado a tu plataforma de gesti\u00f3n de consentimiento (CMP).","inLanguage":"es","potentialAction":[{"@type":"ReadAction","target":"https:\/\/usercentrics.com\/es\/dps-scanner\/"}]},{"@type":"ImageObject","inLanguage":"es","@id":"https:\/\/usercentrics.com\/es\/dps-scanner\/#primaryimage","url":"https:\/\/usercentrics.com\/wp-content\/uploads\/2024\/09\/Asset-21.svg","contentUrl":"https:\/\/usercentrics.com\/wp-content\/uploads\/2024\/09\/Asset-21.svg","copyrightNotice":"\u00a9 Copyright 2026 Usercentrics GmbH","creator":{"@type":"Organization","name":"Usercentrics GmbH"},"creditText":"Image: Usercentrics GmbH"},{"@type":"WebSite","@id":"https:\/\/usercentrics.com\/es\/#website","url":"https:\/\/usercentrics.com\/es\/","name":"Consent Management Platform (CMP) Usercentrics","description":"Consent Management Platform (CMP) Usercentrics","potentialAction":[{"@type":"SearchAction","target":{"@type":"EntryPoint","urlTemplate":"https:\/\/usercentrics.com\/es\/?s={search_term_string}"}}],"inLanguage":"es"}]}},"_links":{"self":[{"href":"https:\/\/usercentrics.com\/es\/wp-json\/wp\/v2\/pages\/3727","targetHints":{"allow":["GET"]}}],"collection":[{"href":"https:\/\/usercentrics.com\/es\/wp-json\/wp\/v2\/pages"}],"about":[{"href":"https:\/\/usercentrics.com\/es\/wp-json\/wp\/v2\/types\/page"}],"author":[{"embeddable":true,"href":"https:\/\/usercentrics.com\/es\/wp-json\/wp\/v2\/users\/7"}],"replies":[{"embeddable":true,"href":"https:\/\/usercentrics.com\/es\/wp-json\/wp\/v2\/comments?post=3727"}],"version-history":[{"count":0,"href":"https:\/\/usercentrics.com\/es\/wp-json\/wp\/v2\/pages\/3727\/revisions"}],"wp:attachment":[{"href":"https:\/\/usercentrics.com\/es\/wp-json\/wp\/v2\/media?parent=3727"}],"curies":[{"name":"wp","href":"https:\/\/api.w.org\/{rel}","templated":true}]}}