{"id":3566,"date":"2020-02-10T04:22:44","date_gmt":"2020-02-10T03:22:44","guid":{"rendered":"https:\/\/stage.usercentrics.com\/?page_id=1171"},"modified":"2025-10-16T14:47:43","modified_gmt":"2025-10-16T12:47:43","slug":"mentions-legales","status":"publish","type":"page","link":"https:\/\/usercentrics.com\/fr\/mentions-legales\/","title":{"rendered":"Legal Notice"},"content":{"rendered":"\n<script>\n  window.UC_UI_SUPPRESS_CMP_DISPLAY = true;\n<\/script>\n\n\n\n<h1 class=\"wp-block-heading\" id=\"h-mentions-legales\">Mentions l\u00e9gales<\/h1>\n\n\n<div class=\"uc-flex-row\" style=\"--padding-top: 0px; --padding-bottom: var(--wp--preset--spacing--xl);\">\n<div class=\"uc-flex-column\" style=\"--column-size: var(--column-size-5);--i:1;\">\n    \n\n<h2 class=\"wp-block-heading\" id=\"h-editeur-et-responsable-du-contenu-du-site\">Editeur et responsable du contenu du site :<\/h2>\n\n\n\n<p>Cette mention est valable pour tous les sites exploit\u00e9s par Usercentrics ainsi que pour tous les r\u00e9seaux sociaux d\u2019Usercentrics.<\/p>\n\n\n\n<p><strong>Informations de l\u2019entreprise<\/strong><br>Usercentrics GmbH<br>Sendlinger Stra\u00dfe 7<br>80331 Munich<br>Allemagne<br>T\u00e9l.:&nbsp;<a href=\"tel:+49 89 21 54 01 20\">+ 49 89 21 54 01 20<\/a><br>E-mail:&nbsp;<a href=\"mailto:contact@usercentrics.com\">contact@usercentrics.com<\/a><\/p>\n\n\n\n<p><strong>Num\u00e9ro d\u2019identification TVA<\/strong><br>N\u00b0 de TVA conform\u00e9ment au \u00a727 a de la loi sur la taxe sur la valeur ajout\u00e9e :<br>USt.-IdNr.: DE318857096<\/p>\n\n\n\n<p><strong>Num\u00e9ro de registre national des soci\u00e9t\u00e9s<\/strong><br>HRB: 241272 | AG Munich<\/p>\n\n\n\n<p><strong>Responsable du contenu conform\u00e9ment \u00e0 l\u2019article 18 al. 2 MedienStV<\/strong><br>Donna Dror<br>Sendlingerstra\u00dfe 7 | 80331 Munich | Germany<\/p>\n\n\n\n<h2 class=\"wp-block-heading wbq-index__content-heading av-special-heading-tag  wbq_looks_like_h4\" id=\"management-represente-par\">Management \/ Repr\u00e9sent\u00e9 par<\/h2>\n\n\n\n<p>Donna Dror, Ea Luise Andersen<\/p>\n\n<\/div>\n\n\n<div class=\"uc-flex-column\" style=\"--column-size: var(--column-size-1);--i:2;\">\n    <\/div>\n\n\n<div class=\"uc-flex-column\" style=\"--column-size: var(--column-size-6);--i:3;\">\n    \n\n<h2 class=\"wp-block-heading\" id=\"h-clause-de-non-responsabilite\">Clause de non-responsabilit\u00e9<\/h2>\n\n\n\n<p><strong>R\u00e9f\u00e9rence au r\u00e8glement des litiges de l\u2019UE<\/strong><br>La Commission europ\u00e9enne met \u00e0 disposition une plateforme de r\u00e8glement en ligne des litiges&nbsp;: https:\/\/ec.europa.eu\/consumers\/odr. Vous pouvez trouver notre adresse e-mail dans cette mention.<\/p>\n\n\n\n<p><strong>Responsabilit\u00e9 du contenu<\/strong><br>En tant que fournisseur de services, nous sommes responsables, de nos propres contenus, conform\u00e9ment aux lois g\u00e9n\u00e9rales. Nous ne sommes toutefois pas tenus, en tant que prestataire de services, de surveiller les informations externes transmises ou stock\u00e9es, ni d\u2019enqu\u00eater sur les circonstances qui indiquent une activit\u00e9 ill\u00e9gale. Les obligations de supprimer ou de bloquer l\u2019utilisation des informations en vertu du droit g\u00e9n\u00e9ral ne sont pas affect\u00e9es. Une responsabilit\u00e9 \u00e0 cet \u00e9gard n\u2019est toutefois possible qu\u2019\u00e0 partir de la date de la connaissance d\u2019une infraction sp\u00e9cifique. D\u00e8s notification des violations, nous supprimerons imm\u00e9diatement ce contenu<\/p>\n\n\n\n<p><strong>Responsabilit\u00e9 des liens<\/strong><br>Notre offre contient des liens vers des sites externes de tiers sur le contenu desquels nous n\u2019avons aucune influence. Par cons\u00e9quent, nous ne pouvons assumer aucune responsabilit\u00e9 pour ces contenus externes. Le fournisseur ou l\u2019exploitant respectif des pages est toujours responsable des contenus des pages li\u00e9es. Les pages li\u00e9es ont \u00e9t\u00e9 v\u00e9rifi\u00e9es au moment de l\u2019\u00e9tablissement du lien afin de d\u00e9tecter d\u2019\u00e9ventuelles violations de la loi. Aucun contenu ill\u00e9gal n\u2019a \u00e9t\u00e9 reconnu au moment de l\u2019\u00e9tablissement du lien. Toutefois, un contr\u00f4le permanent du contenu des pages li\u00e9es n\u2019est pas raisonnable sans preuve concr\u00e8te d\u2019une infraction. D\u00e8s notification des violations, nous supprimerons imm\u00e9diatement ce contenu.<\/p>\n\n\n\n<p><strong>Copyright<\/strong><br>Le contenu et les travaux de ces pages cr\u00e9\u00e9s par les exploitants du site sont soumis \u00e0 la l\u00e9gislation allemande sur le droit d\u2019auteur. La reproduction, le traitement, la distribution et tout type d\u2019exploitation en dehors des limites du droit d\u2019auteur n\u00e9cessitent le consentement \u00e9crit de l\u2019auteur ou du cr\u00e9ateur respectif. Les t\u00e9l\u00e9chargements et les copies de ce site sont destin\u00e9es \u00e0 un usage priv\u00e9 et non commercial. Dans la mesure o\u00f9 les contenus de ce site n\u2019ont pas \u00e9t\u00e9 cr\u00e9\u00e9s par l\u2019op\u00e9rateur, les droits d\u2019auteur de tiers sont pris en compte. En particulier, les contenus de tiers sont signal\u00e9s comme tels. Si vous avez tout de m\u00eame connaissance d\u2019une infraction au droit d\u2019auteur, nous vous demandons de nous en faire part. D\u00e8s notification des violations, nous supprimerons imm\u00e9diatement ce contenu.<\/p>\n\n<\/div>\n\n<\/div>","protected":false},"excerpt":{"rendered":"<p>Mentions l\u00e9gales<\/p>\n","protected":false},"author":8,"featured_media":0,"parent":0,"menu_order":0,"comment_status":"closed","ping_status":"closed","template":"","meta":{"_acf_changed":false,"editor_notices":[],"footnotes":""},"class_list":["post-3566","page","type-page","status-publish","hentry"],"acf":[],"yoast_head":"<title>Mentions l\u00e9gales | Usercentrics<\/title>\n<meta name=\"description\" content=\"Mention l\u00e9gale de Usercentrics : cette mention est valable pour tous les sites Internet exploit\u00e9s par Usercentrics ainsi que pour tous les comptes de r\u00e9seaux sociaux Usercentrics.\" \/>\n<meta name=\"robots\" content=\"index, follow, max-snippet:-1, max-image-preview:large, max-video-preview:-1\" \/>\n<link rel=\"canonical\" href=\"https:\/\/usercentrics.com\/fr\/mentions-legales\/\" \/>\n<meta property=\"og:locale\" content=\"fr_FR\" \/>\n<meta property=\"og:type\" content=\"article\" \/>\n<meta property=\"og:title\" content=\"Legal Notice\" \/>\n<meta property=\"og:description\" content=\"Mention l\u00e9gale de Usercentrics : cette mention est valable pour tous les sites Internet exploit\u00e9s par Usercentrics ainsi que pour tous les comptes de r\u00e9seaux sociaux Usercentrics.\" \/>\n<meta property=\"og:url\" content=\"https:\/\/usercentrics.com\/fr\/mentions-legales\/\" \/>\n<meta property=\"og:site_name\" content=\"Consent Management Platform (CMP) Usercentrics\" \/>\n<meta property=\"article:publisher\" content=\"https:\/\/www.facebook.com\/usercentrics\" \/>\n<meta property=\"article:modified_time\" content=\"2025-10-16T12:47:43+00:00\" \/>\n<meta property=\"og:image\" content=\"https:\/\/usercentrics.com\/fr\/wp-content\/uploads\/sites\/4\/2024\/09\/Asset-93-100.jpg\" \/>\n\t<meta property=\"og:image:width\" content=\"1201\" \/>\n\t<meta property=\"og:image:height\" content=\"631\" \/>\n\t<meta property=\"og:image:type\" content=\"image\/jpeg\" \/>\n<meta name=\"twitter:card\" content=\"summary_large_image\" \/>\n<meta name=\"twitter:site\" content=\"@usercentrics\" \/>\n<meta name=\"twitter:label1\" content=\"Est. reading time\" \/>\n\t<meta name=\"twitter:data1\" content=\"3 minutes\" \/>\n<script type=\"application\/ld+json\" class=\"yoast-schema-graph\">{\"@context\":\"https:\/\/schema.org\",\"@graph\":[{\"@type\":\"WebPage\",\"@id\":\"https:\/\/usercentrics.com\/fr\/mentions-legales\/\",\"url\":\"https:\/\/usercentrics.com\/fr\/mentions-legales\/\",\"name\":\"Mentions l\u00e9gales | Usercentrics\",\"isPartOf\":{\"@id\":\"https:\/\/usercentrics.com\/fr\/#website\"},\"datePublished\":\"2020-02-10T03:22:44+00:00\",\"dateModified\":\"2025-10-16T12:47:43+00:00\",\"description\":\"Mention l\u00e9gale de Usercentrics : cette mention est valable pour tous les sites Internet exploit\u00e9s par Usercentrics ainsi que pour tous les comptes de r\u00e9seaux sociaux Usercentrics.\",\"inLanguage\":\"fr-FR\",\"potentialAction\":[{\"@type\":\"ReadAction\",\"target\":\"https:\/\/usercentrics.com\/fr\/mentions-legales\/\"}]},{\"@type\":\"WebSite\",\"@id\":\"https:\/\/usercentrics.com\/fr\/#website\",\"url\":\"https:\/\/usercentrics.com\/fr\/\",\"name\":\"Consent Management Platform (CMP) Usercentrics\",\"description\":\"Consent Management Platform (CMP) Usercentrics\",\"potentialAction\":[{\"@type\":\"SearchAction\",\"target\":{\"@type\":\"EntryPoint\",\"urlTemplate\":\"https:\/\/usercentrics.com\/fr\/?s={search_term_string}\"}}],\"inLanguage\":\"fr-FR\"}]}<\/script>","yoast_head_json":{"title":"Mentions l\u00e9gales | Usercentrics","description":"Mention l\u00e9gale de Usercentrics : cette mention est valable pour tous les sites Internet exploit\u00e9s par Usercentrics ainsi que pour tous les comptes de r\u00e9seaux sociaux Usercentrics.","robots":{"index":"index","follow":"follow","max-snippet":"max-snippet:-1","max-image-preview":"max-image-preview:large","max-video-preview":"max-video-preview:-1"},"canonical":"https:\/\/usercentrics.com\/fr\/mentions-legales\/","og_locale":"fr_FR","og_type":"article","og_title":"Legal Notice","og_description":"Mention l\u00e9gale de Usercentrics : cette mention est valable pour tous les sites Internet exploit\u00e9s par Usercentrics ainsi que pour tous les comptes de r\u00e9seaux sociaux Usercentrics.","og_url":"https:\/\/usercentrics.com\/fr\/mentions-legales\/","og_site_name":"Consent Management Platform (CMP) Usercentrics","article_publisher":"https:\/\/www.facebook.com\/usercentrics","article_modified_time":"2025-10-16T12:47:43+00:00","og_image":[{"width":1201,"height":631,"url":"https:\/\/usercentrics.com\/fr\/wp-content\/uploads\/sites\/4\/2024\/09\/Asset-93-100.jpg","type":"image\/jpeg"}],"twitter_card":"summary_large_image","twitter_site":"@usercentrics","twitter_misc":{"Est. reading time":"3 minutes"},"schema":{"@context":"https:\/\/schema.org","@graph":[{"@type":"WebPage","@id":"https:\/\/usercentrics.com\/fr\/mentions-legales\/","url":"https:\/\/usercentrics.com\/fr\/mentions-legales\/","name":"Mentions l\u00e9gales | Usercentrics","isPartOf":{"@id":"https:\/\/usercentrics.com\/fr\/#website"},"datePublished":"2020-02-10T03:22:44+00:00","dateModified":"2025-10-16T12:47:43+00:00","description":"Mention l\u00e9gale de Usercentrics : cette mention est valable pour tous les sites Internet exploit\u00e9s par Usercentrics ainsi que pour tous les comptes de r\u00e9seaux sociaux Usercentrics.","inLanguage":"fr-FR","potentialAction":[{"@type":"ReadAction","target":"https:\/\/usercentrics.com\/fr\/mentions-legales\/"}]},{"@type":"WebSite","@id":"https:\/\/usercentrics.com\/fr\/#website","url":"https:\/\/usercentrics.com\/fr\/","name":"Consent Management Platform (CMP) Usercentrics","description":"Consent Management Platform (CMP) Usercentrics","potentialAction":[{"@type":"SearchAction","target":{"@type":"EntryPoint","urlTemplate":"https:\/\/usercentrics.com\/fr\/?s={search_term_string}"}}],"inLanguage":"fr-FR"}]}},"_links":{"self":[{"href":"https:\/\/usercentrics.com\/fr\/wp-json\/wp\/v2\/pages\/3566","targetHints":{"allow":["GET"]}}],"collection":[{"href":"https:\/\/usercentrics.com\/fr\/wp-json\/wp\/v2\/pages"}],"about":[{"href":"https:\/\/usercentrics.com\/fr\/wp-json\/wp\/v2\/types\/page"}],"author":[{"embeddable":true,"href":"https:\/\/usercentrics.com\/fr\/wp-json\/wp\/v2\/users\/8"}],"replies":[{"embeddable":true,"href":"https:\/\/usercentrics.com\/fr\/wp-json\/wp\/v2\/comments?post=3566"}],"version-history":[{"count":0,"href":"https:\/\/usercentrics.com\/fr\/wp-json\/wp\/v2\/pages\/3566\/revisions"}],"wp:attachment":[{"href":"https:\/\/usercentrics.com\/fr\/wp-json\/wp\/v2\/media?parent=3566"}],"curies":[{"name":"wp","href":"https:\/\/api.w.org\/{rel}","templated":true}]}}