{"id":3606,"date":"2020-07-09T10:43:38","date_gmt":"2020-07-09T08:43:38","guid":{"rendered":"https:\/\/stage.usercentrics.com\/?page_id=3800"},"modified":"2024-09-17T12:04:03","modified_gmt":"2024-09-17T10:04:03","slug":"dps-scanner","status":"publish","type":"page","link":"https:\/\/usercentrics.com\/fr\/dps-scanner\/","title":{"rendered":"DPS Scanner"},"content":{"rendered":"<div class=\"bg-brand-primary-dark uc-flex-row--background-right alignfull uc-ctx--dark\" style=\"\" ><div class=\"uc-flex-row container\" style=\"--padding-top: var(--wp--preset--spacing--5-xl); --padding-bottom: var(--wp--preset--spacing--5-xl);--to: -1;\">\n<div class=\"uc-flex-column wp-elements-ed25af68ec9faaa531b95ae8fcf97726\" style=\"--column-size: var(--column-size-7);--i:1;\">\n    \n\n<h1 class=\"wp-block-heading\" id=\"h-surveillez-la-collecte-de-donnees-sur-votre-site-web-24h-24-et-7j-7-pour-etre-conforme\">Surveillez la collecte de donn\u00e9es sur votre site Web 24h\/24 et 7j\/7 pour \u00eatre conforme<\/h1>\n\n\n\n<p class=\"is-style-text-lg\">Notre scanner de services de traitement des donn\u00e9es \u00ab DPS Scanner \u00bb vous aide \u00e0 devenir plus conforme au RGPD. Cet outil intelligent identifie les services de traitement des donn\u00e9es (technologies tierces, par exemple Google Analytics) qui n\u2019ont pas encore \u00e9t\u00e9 ajout\u00e9s \u00e0 votre plateforme de gestion des consentements (CMP).<\/p>\n\n<\/div>\n\n\n<div class=\"uc-flex-column\" style=\"--column-size: var(--column-size-5);--i:2;\">\n    <\/div>\n\n<\/div><\/div>\n\n<div class=\"uc-flex-row\" style=\"--padding-top: var(--wp--preset--spacing--10-xl); --padding-bottom: var(--wp--preset--spacing--10-xl);\">\n<div class=\"uc-flex-column\" style=\"--column-size: var(--column-size-7);--i:3;\">\n    \n\n<div class=\"wp-block-group is-layout-constrained wp-block-group-is-layout-constrained\">\n<p class=\"like-label-l\">MONITORING PAR<br>UTILISATEURS R\u00c9ELS<\/p>\n\n\n\n<h2 class=\"wp-block-heading\" id=\"h-ne-laissez-aucune-place-au-doute\" style=\"margin-top:0;margin-bottom:var(--wp--preset--spacing--l)\">Ne laissez aucune place au doute<\/h2>\n<\/div>\n\n\n\n<p>Peut-\u00eatre que de par la taille de votre organisation et que le marketing est pass\u00e9 outre le service juridique lors de la mise en \u0153uvre d\u2019un nouvel outil, ou que l\u2019agence ne vous a pas mis au courant. Ou encore, un outil change de partenaire et fait soudainement appel \u00e0 des partenaires externes dont vous n\u2019avez jamais entendu parler. Dans de tels cas, il est possible que vous n\u2019ayez pas le plein contr\u00f4le ou que vous ignoriez totalement quelles donn\u00e9es peuvent \u00eatre transf\u00e9r\u00e9es \u00e0 des tiers. C\u2019est pourquoi nous avons con\u00e7u notre scanner de services de traitement des donn\u00e9es \u2013 le \u00ab DPS Scanner \u00bb.<\/p>\n\n\n\n<p>Ce service d\u00e9tecte les utilisateurs en direct sur votre site web ou dans votre application et surveille les domaines qui sont appel\u00e9s lors de leur visite. <strong>De cette fa\u00e7on, nous vous fournissons une liste de tous les services de traitement des donn\u00e9es qui sont impl\u00e9ment\u00e9s sur votre site.<\/strong><\/p>\n\n<\/div>\n\n\n<div class=\"uc-flex-column\" style=\"--column-size: var(--column-size-5);--i:4;\">\n    \n\n<figure class=\"wp-block-image alignright size-full is-resized\"><img loading=\"lazy\" decoding=\"async\" height=\"220\" width=\"315\" src=\"https:\/\/usercentrics.com\/wp-content\/uploads\/2024\/09\/Asset-21.svg\" alt=\"Usercentrics shield checkmark logo\" class=\"wp-image-3577\" style=\"width:500px\"\/><\/figure>\n\n<\/div>\n\n<\/div>\n\n<div class=\"uc-flex-row\" style=\"--padding-top: var(--wp--preset--spacing--5-xl); --padding-bottom: var(--wp--preset--spacing--10-xl);--to: -1;\">\n<div class=\"uc-flex-column\" style=\"--column-size: var(--column-size-7);--i:5;\">\n    \n\n<figure class=\"wp-block-image aligncenter size-full\"><img decoding=\"async\" src=\"https:\/\/usercentrics.com\/wp-content\/uploads\/2020\/10\/Screenshot-2020-10-07-at-14.16.56.png\" alt=\"\" class=\"wp-image-1297\" style=\"object-fit:cover\"\/><\/figure>\n\n<\/div>\n\n\n<div class=\"uc-flex-column\" style=\"--column-size: var(--column-size-5);--i:6;\">\n    \n\n<div class=\"wp-block-group is-layout-constrained wp-block-group-is-layout-constrained\">\n<h2 class=\"wp-block-heading\" id=\"h-comment-fonctionne-techniquement-notre-scanner-dps\" style=\"margin-top:0;margin-bottom:var(--wp--preset--spacing--l)\">Comment fonctionne techniquement notre<br>scanner DPS<\/h2>\n<\/div>\n\n\n\n<p>Notre scanner de services de traitement des donn\u00e9es \u2013 le \u00ab scanner DPS \u00bb \u2013 collecte des donn\u00e9es sans avoir \u00e0 parcourir les pages en permanence. Au lieu de cela, l\u2019outil d\u00e9tecte les utilisateurs finaux qui visitent votre site Web et les domaines qui sont charg\u00e9s. Toutes les donn\u00e9es sont ensuite agr\u00e9g\u00e9es et stock\u00e9es toutes les 24 heures. Les r\u00e9sultats se trouvent dans l\u2019interface d\u2019administration d\u2019Usercentrics sous \u00ab <strong>Param\u00e8tres du service <\/strong>\u00bb \u2192 \u00ab <strong>DPS Scanner <\/strong>\u00bb le jour suivant.<\/p>\n\n<\/div>\n\n<\/div>\n\n<div class=\"uc-flex-row\" style=\"--padding-top: var(--wp--preset--spacing--5-xl); --padding-bottom: var(--wp--preset--spacing--10-xl);\">\n<div class=\"uc-flex-column\" style=\"--column-size: var(--column-size-5);--i:7;\">\n    \n\n<div class=\"wp-block-group is-layout-constrained wp-block-group-is-layout-constrained\">\n<h2 class=\"wp-block-heading\" id=\"h-detectez-notre-scanner-sur-votre-site-web\" style=\"margin-top:0;margin-bottom:var(--wp--preset--spacing--l)\">D\u00e9tectez notre Scanner sur votre site web<\/h2>\n<\/div>\n\n\n\n<p>Vous avez peut-\u00eatre d\u00e9j\u00e0 remarqu\u00e9 des activit\u00e9s de Scanning et Crawling sur votre site Web, probablement dans vos journaux de serveur Web et de r\u00e9f\u00e9rents.<br>The following Useragent is used by Usercentrics and you can use the same to identify and detect all our requests:<\/p>\n\n\n\n<p><strong>Mozilla\/5.0 (X11; Linux x86_64) AppleWebKit\/605.1.15 (KHTML, like Gecko) Chrome\/W.X.Y.Z Safari\/605.1.15 (compatible; Usercentrics\/0.1; +http:\/\/usercentrics.com\/dps-scanner\/)<\/strong><\/p>\n\n\n\n<p><em>Nous mettons r\u00e9guli\u00e8rement \u00e0 jour notre moteur de rendu de pages web \u00e0 la derni\u00e8re version. Ainsi, W.X.Y.Z est un caract\u00e8re g\u00e9n\u00e9rique qui repr\u00e9sente la version du navigateur Chrome utilis\u00e9 par cet agent utilisateur : par exemple, \u00ab 93.0.4577.82 \u00bb.<\/em><\/p>\n\n<\/div>\n\n\n<div class=\"uc-flex-column\" style=\"--column-size: var(--column-size-7);--i:8;\">\n    \n\n<figure class=\"wp-block-image alignright size-full\"><img decoding=\"async\" src=\"https:\/\/usercentrics.com\/wp-content\/uploads\/2020\/10\/Screenshot-2020-10-07-at-14.16.39.png\" alt=\"\" class=\"wp-image-1522\"\/><\/figure>\n\n<\/div>\n\n<\/div>\n\n<div class=\"uc-flex-row\" style=\"--padding-top: var(--wp--preset--spacing--3-xl); --padding-bottom: var(--wp--preset--spacing--10-xl);\">\n<div class=\"uc-flex-column\" style=\"--column-size: var(--column-size-8);--i:9;\">\n    \n\n<p>SERVICES DE TRAITEMENT DES DONN\u00c9ES<\/p>\n\n\n\n<h3 class=\"wp-block-heading\" id=\"h-determinez-si-quelque-chose-manque-dans-votre-cmp\">D\u00e9terminez si quelque chose<br>manque dans votre CMP<\/h3>\n\n\n\n<p><span style=\"font-weight: 400;\">Une fois que nous avons d\u00e9tect\u00e9 les demandes de tiers, nous pouvons les faire correspondre \u00e0 notre base de donn\u00e9es de services et identifier \u00e0 quels services de traitement des donn\u00e9es elles appartiennent.<\/span><\/p>\n\n\n\n<p>\u00c0 partir de l\u00e0, nous pouvons d\u00e9terminer s\u2019il existe une lacune, c\u2019est-\u00e0-dire si une technologie tierce est d\u00e9clench\u00e9e mais n\u2019est pas incluse dans votre CMP. <strong>Cela constitue une violation des donn\u00e9es<\/strong>. Si une telle lacune est d\u00e9tect\u00e9e, nous mettons \u00e0 jour les r\u00e9sultats en cons\u00e9quence, afin que vous puissiez <strong>agir imm\u00e9diatement<\/strong> en ajoutant tous les services de traitement des donn\u00e9es d\u00e9tect\u00e9s.<\/p>\n\n<\/div>\n\n<\/div>\n\n<div class=\"uc-cards-slider uc-cards-slider--layout-default\">\n        <div class=\"container\">\n                            <div class=\"uc-cards-slider__heading\">\n                <div class=\"uc-cards-slider__heading__title like-h2 no-default-margin\">\n                    Notre \u00ab DPS Scanner \u00bb vous apporte la tranquillit\u00e9 d\u2019esprit                <\/div>\n\n                            <\/div>\n                    <div class=\"uc-slider uc-slider--not-drag\" id=\"slider_69f23390acd78\">\n                <div class=\"uc-slider__window\">\n            <div class=\"uc-slider__track\">\n                <div class=\"uc-card-icon uc-card-icon-default uc-card-icon__size-large\">\n    <div class=\"uc-card-icon__icon image \">\n        <div class=\"uc-card-icon__icon-inner\">\n            <svg width=\"72\" height=\"72\" viewBox=\"0 0 72 72\" fill=\"none\" xmlns=\"http:\/\/www.w3.org\/2000\/svg\">\n<path fill-rule=\"evenodd\" clip-rule=\"evenodd\" d=\"M72 0V39C72 54 57 72 36 72C15 72 0 54 0 39V0H72ZM60 12H12V39C12 42.7245 14.0286 48.0581 18.6103 52.6397C23.0182 57.0476 29.0621 60 36 60C42.9379 60 48.9818 57.0476 53.3897 52.6397C57.9714 48.0581 60 42.7245 60 39V12Z\" fill=\"#00A2FF\"\/>\n<path fill-rule=\"evenodd\" clip-rule=\"evenodd\" d=\"M35.627 33L23.1582 22.6093L30.8404 13.3907L54.3716 33L30.8404 52.6093L23.1582 43.3907L35.627 33Z\" fill=\"#00A2FF\"\/>\n<\/svg>\n        <\/div>\n    <\/div>\n<div class=\"uc-card-icon__inner\">\n                    <div class=\"uc-card-icon__description\">\n            <p>Soyez \u00e0 jour sur les technologies tierces sur votre site web<\/p>\n        <\/div>\n    \n            <\/div>\n<\/div>\n<div class=\"uc-card-icon uc-card-icon-default uc-card-icon__size-large\">\n    <div class=\"uc-card-icon__icon image \">\n        <div class=\"uc-card-icon__icon-inner\">\n            <svg width=\"72\" height=\"72\" viewBox=\"0 0 72 72\" fill=\"none\" xmlns=\"http:\/\/www.w3.org\/2000\/svg\">\n<path fill-rule=\"evenodd\" clip-rule=\"evenodd\" d=\"M24 18H18V27H24V18ZM54 33H48V42H54V33ZM30 18H54V27H30V18ZM42 42V33H18V42H42Z\" fill=\"#00A2FF\"\/>\n<path fill-rule=\"evenodd\" clip-rule=\"evenodd\" d=\"M72 0V39C72 54 57 72 36 72C15 72 0 54 0 39V0H72ZM60 12H12V39C12 42.7245 14.0286 48.0581 18.6103 52.6397C23.0182 57.0476 29.0621 60 36 60C42.9379 60 48.9818 57.0476 53.3897 52.6397C57.9714 48.0581 60 42.7245 60 39V12Z\" fill=\"#00A2FF\"\/>\n<\/svg>\n        <\/div>\n    <\/div>\n<div class=\"uc-card-icon__inner\">\n                    <div class=\"uc-card-icon__description\">\n            <p>Economisez des ressources en personnel<br \/>\npour les audits internes<\/p>\n        <\/div>\n    \n            <\/div>\n<\/div>\n<div class=\"uc-card-icon uc-card-icon-default uc-card-icon__size-large\">\n    <div class=\"uc-card-icon__icon image \">\n        <div class=\"uc-card-icon__icon-inner\">\n            <svg width=\"72\" height=\"72\" viewBox=\"0 0 72 72\" fill=\"none\" xmlns=\"http:\/\/www.w3.org\/2000\/svg\">\n<path d=\"M0 0V36C0 55.848 16.1519 72 36 72C55.848 72 72 55.848 72 36V0H0ZM61.3552 36C61.3552 49.9836 49.9836 61.3552 36 61.3552C22.0164 61.3552 10.6448 49.9836 10.6448 36V10.6448H61.3552V36Z\" fill=\"#00A2FF\"\/>\n<path d=\"M36.001 55.3553C47.3234 55.3553 56.5267 46.152 56.5267 34.8296H45.8819C45.8819 40.2752 41.4466 44.6982 36.0133 44.6982C30.5801 44.6982 26.1448 40.2629 26.1448 34.8296H15.5C15.5 46.152 24.7033 55.3553 36.0257 55.3553H36.001Z\" fill=\"#00A2FF\"\/>\n<\/svg>\n        <\/div>\n    <\/div>\n<div class=\"uc-card-icon__inner\">\n                    <div class=\"uc-card-icon__description\">\n            <p>G\u00e9rez mieux votre CMP en int\u00e9grant des Services de traitement des donn\u00e9es pertinents<\/p>\n        <\/div>\n    \n            <\/div>\n<\/div>\n            <\/div>\n        <\/div>\n    <\/div>\n            <script type=\"module\">\n            new Uc_Slider(document.querySelector(\"#slider_69f23390acd78\"), {\"drag_enabled\":false,\"is_qa_card\":false})\n        <\/script>\n                        <\/div>\n<\/div>\n\n\n<div id=\"uc-cta_69f23390aea39\" class=\"uc-cta uc-cta--button alignfull uc-cta--primary uc-ctx--blue\">\n    <div class=\"uc-cta__inner container\">\n        <div class=\"uc-cta__content\">\n                                        <div class=\"uc-cta__heading no-default-margin\">EN SAVOIR PLUS<\/div>\n                                        <div class=\"uc-cta__description\">\n                    <p>Contactez-nous pour plus d\u2019informations<br \/>\nsur le DPS Scanner.<\/p>\n                <\/div>\n                                                                    <\/div>\n                            <div class=\"uc-cta__section\">\n                                        <a id=\"d10a8e69-c313-4d2e-b3db-494885d831d3\" class=\"uc-button uc-button-size-l uc-button-contained  no-default-link-decoration\" href=\"https:\/\/usercentrics.com\/fr\/book-a-consultation\/\" target=\"\"><span>CONTACTER L\u2019\u00c9QUIPE COMMERCIALE<\/span><\/a><a id=\"4bbe8ccf-3c6b-4817-8650-dda633e0f976\" class=\"uc-button uc-button-size-l uc-button-outlined  no-default-link-decoration\" href=\"https:\/\/usercentrics.com\/fr\/free-trial\/\" target=\"\"><span>COMMENCER GRATUITEMENT<\/span><\/a>                                    <\/div>\n            <\/div>\n<\/div>\n    <script type=\"module\">\n        new Uc_Cta(document.getElementById(\"uc-cta_69f23390aea39\"));\n    <\/script>\n","protected":false},"excerpt":{"rendered":"","protected":false},"author":7,"featured_media":0,"parent":0,"menu_order":0,"comment_status":"closed","ping_status":"closed","template":"","meta":{"_acf_changed":false,"editor_notices":[],"footnotes":""},"class_list":["post-3606","page","type-page","status-publish","hentry"],"acf":[],"yoast_head":"<title>Scan de services de traitement des donn\u00e9es : &quot;DPS Scanner&quot;<\/title>\n<meta name=\"description\" content=\"Notre scanner de services de traitement des donn\u00e9es identifie les services de traitement des donn\u00e9es qui n&#039;ont pas encore \u00e9t\u00e9 ajout\u00e9s \u00e0 votre plateforme de gestion des consentements (CMP).\" \/>\n<meta name=\"robots\" content=\"index, follow, max-snippet:-1, max-image-preview:large, max-video-preview:-1\" \/>\n<link rel=\"canonical\" href=\"https:\/\/usercentrics.com\/fr\/dps-scanner\/\" \/>\n<meta property=\"og:locale\" content=\"fr_FR\" \/>\n<meta property=\"og:type\" content=\"article\" \/>\n<meta property=\"og:title\" content=\"Scan de services de traitement des donn\u00e9es : &quot;DPS Scanner&quot;\" \/>\n<meta property=\"og:description\" content=\"Notre scanner de services de traitement des donn\u00e9es identifie les services de traitement des donn\u00e9es qui n&#039;ont pas encore \u00e9t\u00e9 ajout\u00e9s \u00e0 votre plateforme de gestion des consentements (CMP).\" \/>\n<meta property=\"og:url\" content=\"https:\/\/usercentrics.com\/fr\/dps-scanner\/\" \/>\n<meta property=\"og:site_name\" content=\"Consent Management Platform (CMP) Usercentrics\" \/>\n<meta property=\"article:publisher\" content=\"https:\/\/www.facebook.com\/usercentrics\" \/>\n<meta property=\"article:modified_time\" content=\"2024-09-17T10:04:03+00:00\" \/>\n<meta property=\"og:image\" content=\"https:\/\/usercentrics.com\/fr\/wp-content\/uploads\/sites\/4\/2024\/09\/Asset-93-100.jpg\" \/>\n<meta name=\"twitter:card\" content=\"summary_large_image\" \/>\n<meta name=\"twitter:title\" content=\"Scan de services de traitement des donn\u00e9es : &quot;DPS Scanner&quot;\" \/>\n<meta name=\"twitter:description\" content=\"Notre scanner de services de traitement des donn\u00e9es identifie les services de traitement des donn\u00e9es qui n&#039;ont pas encore \u00e9t\u00e9 ajout\u00e9s \u00e0 votre plateforme de gestion des consentements (CMP).\" \/>\n<meta name=\"twitter:site\" content=\"@usercentrics\" \/>\n<meta name=\"twitter:label1\" content=\"Est. reading time\" \/>\n\t<meta name=\"twitter:data1\" content=\"4 minutes\" \/>\n<script type=\"application\/ld+json\" class=\"yoast-schema-graph\">{\"@context\":\"https:\\\/\\\/schema.org\",\"@graph\":[{\"@type\":\"WebPage\",\"@id\":\"https:\\\/\\\/usercentrics.com\\\/fr\\\/dps-scanner\\\/\",\"url\":\"https:\\\/\\\/usercentrics.com\\\/fr\\\/dps-scanner\\\/\",\"name\":\"Scan de services de traitement des donn\u00e9es : \\\"DPS Scanner\\\"\",\"isPartOf\":{\"@id\":\"https:\\\/\\\/usercentrics.com\\\/fr\\\/#website\"},\"primaryImageOfPage\":{\"@id\":\"https:\\\/\\\/usercentrics.com\\\/fr\\\/dps-scanner\\\/#primaryimage\"},\"image\":{\"@id\":\"https:\\\/\\\/usercentrics.com\\\/fr\\\/dps-scanner\\\/#primaryimage\"},\"thumbnailUrl\":\"https:\\\/\\\/usercentrics.com\\\/wp-content\\\/uploads\\\/2024\\\/09\\\/Asset-21.svg\",\"datePublished\":\"2020-07-09T08:43:38+00:00\",\"dateModified\":\"2024-09-17T10:04:03+00:00\",\"description\":\"Notre scanner de services de traitement des donn\u00e9es identifie les services de traitement des donn\u00e9es qui n'ont pas encore \u00e9t\u00e9 ajout\u00e9s \u00e0 votre plateforme de gestion des consentements (CMP).\",\"inLanguage\":\"fr-FR\",\"potentialAction\":[{\"@type\":\"ReadAction\",\"target\":\"https:\\\/\\\/usercentrics.com\\\/fr\\\/dps-scanner\\\/\"}]},{\"@type\":\"ImageObject\",\"inLanguage\":\"fr-FR\",\"@id\":\"https:\\\/\\\/usercentrics.com\\\/fr\\\/dps-scanner\\\/#primaryimage\",\"url\":\"https:\\\/\\\/usercentrics.com\\\/wp-content\\\/uploads\\\/2024\\\/09\\\/Asset-21.svg\",\"contentUrl\":\"https:\\\/\\\/usercentrics.com\\\/wp-content\\\/uploads\\\/2024\\\/09\\\/Asset-21.svg\",\"copyrightNotice\":\"\u00a9 Copyright 2026 Usercentrics GmbH\",\"creator\":{\"@type\":\"Organization\",\"name\":\"Usercentrics GmbH\"},\"creditText\":\"Image: Usercentrics GmbH\"},{\"@type\":\"WebSite\",\"@id\":\"https:\\\/\\\/usercentrics.com\\\/fr\\\/#website\",\"url\":\"https:\\\/\\\/usercentrics.com\\\/fr\\\/\",\"name\":\"Consent Management Platform (CMP) Usercentrics\",\"description\":\"Consent Management Platform (CMP) Usercentrics\",\"potentialAction\":[{\"@type\":\"SearchAction\",\"target\":{\"@type\":\"EntryPoint\",\"urlTemplate\":\"https:\\\/\\\/usercentrics.com\\\/fr\\\/?s={search_term_string}\"}}],\"inLanguage\":\"fr-FR\"}]}<\/script>","yoast_head_json":{"title":"Scan de services de traitement des donn\u00e9es : \"DPS Scanner\"","description":"Notre scanner de services de traitement des donn\u00e9es identifie les services de traitement des donn\u00e9es qui n'ont pas encore \u00e9t\u00e9 ajout\u00e9s \u00e0 votre plateforme de gestion des consentements (CMP).","robots":{"index":"index","follow":"follow","max-snippet":"max-snippet:-1","max-image-preview":"max-image-preview:large","max-video-preview":"max-video-preview:-1"},"canonical":"https:\/\/usercentrics.com\/fr\/dps-scanner\/","og_locale":"fr_FR","og_type":"article","og_title":"Scan de services de traitement des donn\u00e9es : \"DPS Scanner\"","og_description":"Notre scanner de services de traitement des donn\u00e9es identifie les services de traitement des donn\u00e9es qui n'ont pas encore \u00e9t\u00e9 ajout\u00e9s \u00e0 votre plateforme de gestion des consentements (CMP).","og_url":"https:\/\/usercentrics.com\/fr\/dps-scanner\/","og_site_name":"Consent Management Platform (CMP) Usercentrics","article_publisher":"https:\/\/www.facebook.com\/usercentrics","article_modified_time":"2024-09-17T10:04:03+00:00","og_image":[{"url":"https:\/\/usercentrics.com\/fr\/wp-content\/uploads\/sites\/4\/2024\/09\/Asset-93-100.jpg","type":"","width":"","height":""}],"twitter_card":"summary_large_image","twitter_title":"Scan de services de traitement des donn\u00e9es : \"DPS Scanner\"","twitter_description":"Notre scanner de services de traitement des donn\u00e9es identifie les services de traitement des donn\u00e9es qui n'ont pas encore \u00e9t\u00e9 ajout\u00e9s \u00e0 votre plateforme de gestion des consentements (CMP).","twitter_site":"@usercentrics","twitter_misc":{"Est. reading time":"4 minutes"},"schema":{"@context":"https:\/\/schema.org","@graph":[{"@type":"WebPage","@id":"https:\/\/usercentrics.com\/fr\/dps-scanner\/","url":"https:\/\/usercentrics.com\/fr\/dps-scanner\/","name":"Scan de services de traitement des donn\u00e9es : \"DPS Scanner\"","isPartOf":{"@id":"https:\/\/usercentrics.com\/fr\/#website"},"primaryImageOfPage":{"@id":"https:\/\/usercentrics.com\/fr\/dps-scanner\/#primaryimage"},"image":{"@id":"https:\/\/usercentrics.com\/fr\/dps-scanner\/#primaryimage"},"thumbnailUrl":"https:\/\/usercentrics.com\/wp-content\/uploads\/2024\/09\/Asset-21.svg","datePublished":"2020-07-09T08:43:38+00:00","dateModified":"2024-09-17T10:04:03+00:00","description":"Notre scanner de services de traitement des donn\u00e9es identifie les services de traitement des donn\u00e9es qui n'ont pas encore \u00e9t\u00e9 ajout\u00e9s \u00e0 votre plateforme de gestion des consentements (CMP).","inLanguage":"fr-FR","potentialAction":[{"@type":"ReadAction","target":"https:\/\/usercentrics.com\/fr\/dps-scanner\/"}]},{"@type":"ImageObject","inLanguage":"fr-FR","@id":"https:\/\/usercentrics.com\/fr\/dps-scanner\/#primaryimage","url":"https:\/\/usercentrics.com\/wp-content\/uploads\/2024\/09\/Asset-21.svg","contentUrl":"https:\/\/usercentrics.com\/wp-content\/uploads\/2024\/09\/Asset-21.svg","copyrightNotice":"\u00a9 Copyright 2026 Usercentrics GmbH","creator":{"@type":"Organization","name":"Usercentrics GmbH"},"creditText":"Image: Usercentrics GmbH"},{"@type":"WebSite","@id":"https:\/\/usercentrics.com\/fr\/#website","url":"https:\/\/usercentrics.com\/fr\/","name":"Consent Management Platform (CMP) Usercentrics","description":"Consent Management Platform (CMP) Usercentrics","potentialAction":[{"@type":"SearchAction","target":{"@type":"EntryPoint","urlTemplate":"https:\/\/usercentrics.com\/fr\/?s={search_term_string}"}}],"inLanguage":"fr-FR"}]}},"_links":{"self":[{"href":"https:\/\/usercentrics.com\/fr\/wp-json\/wp\/v2\/pages\/3606","targetHints":{"allow":["GET"]}}],"collection":[{"href":"https:\/\/usercentrics.com\/fr\/wp-json\/wp\/v2\/pages"}],"about":[{"href":"https:\/\/usercentrics.com\/fr\/wp-json\/wp\/v2\/types\/page"}],"author":[{"embeddable":true,"href":"https:\/\/usercentrics.com\/fr\/wp-json\/wp\/v2\/users\/7"}],"replies":[{"embeddable":true,"href":"https:\/\/usercentrics.com\/fr\/wp-json\/wp\/v2\/comments?post=3606"}],"version-history":[{"count":0,"href":"https:\/\/usercentrics.com\/fr\/wp-json\/wp\/v2\/pages\/3606\/revisions"}],"wp:attachment":[{"href":"https:\/\/usercentrics.com\/fr\/wp-json\/wp\/v2\/media?parent=3606"}],"curies":[{"name":"wp","href":"https:\/\/api.w.org\/{rel}","templated":true}]}}