{"id":3610,"date":"2020-07-09T13:28:31","date_gmt":"2020-07-09T11:28:31","guid":{"rendered":"https:\/\/stage.usercentrics.com\/?page_id=3822"},"modified":"2024-09-19T13:23:10","modified_gmt":"2024-09-19T11:23:10","slug":"smart-data-protector","status":"publish","type":"page","link":"https:\/\/usercentrics.com\/fr\/smart-data-protector\/","title":{"rendered":"Smart Data Protector"},"content":{"rendered":"<div class=\"alignfull uc-blog-hero uc-blog-hero--has-image uc-blog-hero--layout-product uc-ctx--blue\" data-id=\"blog_hero_69d51dcdc8bd5\">\n        <div class=\"uc-blog-hero__inner\">\n        <div class=\"uc-blog-hero__text\">\n                                            <h1 class=\"uc-blog-hero__title like-h1-upper no-default-margin\">Bloquer automati\u00adquement les demandes de tiers<\/h1>                                    <div class=\"uc-blog-hero__description\">Avec notre Smart Data Protector, profitez de toute la rapidit\u00e9 et la s\u00e9curit\u00e9 dont vous avez besoin. Pr\u00e9venez les transferts de donn\u00e9es de vos utilisateurs \u00e0 des tiers tant que la personne concern\u00e9e n\u2019a pas accord\u00e9 son consentement.<\/div>\n                                                                                    <div class=\"uc-blog-hero__buttons\">\n                        <a id=\"e4939bbc-3216-452c-8ab9-fdb05f46e313\" class=\"uc-button uc-button-size-l uc-button-contained  no-default-link-decoration\" href=\"#smart-data-protector-demo\" target=\"\"><span>D\u00e9marrer d\u00e8s maintenant<\/span><\/a>                    <\/div>\n                                                                        <\/div>\n                            <div class=\"uc-blog-hero__background\">\n                                                                    <div class=\"uc-blog-hero__image-wp\">\n                                                                                                                        <img decoding=\"async\" fetchpriority='high'class=\"uc-blog-hero__image\" src=\"https:\/\/usercentrics.com\/fr\/wp-content\/uploads\/sites\/4\/2024\/09\/Property-1Hero.svg?v=3f45381c5170fda1\" width=\"752\" height=\"628\" alt=\"\">                                                                                                        <\/div>\n                                                                            <\/div>\n                    <\/div>\n    <\/div>\n\n\n<div class=\"uc-flex-row\" style=\"--padding-top: 0px; --padding-bottom: 0px;\">\n<div class=\"uc-flex-column\" style=\"--column-size: var(--column-size-6);--i:1;\">\n    \n\n<figure class=\"wp-block-image aligncenter size-full is-resized\"><img decoding=\"async\" src=\"https:\/\/usercentrics.com\/wp-content\/uploads\/2024\/09\/Property-1SMART-BLOCKING-1.svg\" alt=\"\" class=\"wp-image-6995\" style=\"width:656px;height:auto\"\/><\/figure>\n\n<\/div>\n\n\n<div class=\"uc-flex-column\" style=\"--column-size: var(--column-size-6);--i:2;\">\n    \n\n<p class=\"like-label-l\">BLOCAGE INTELLIGENT<\/p>\n\n\n\n<h3 class=\"wp-block-heading\" id=\"h-montrez-a-vos-utilisateurs-pourquoi-leur-consentement-est-necessaire\" style=\"margin-top:0;margin-bottom:0\">Montrez \u00e0 vos utilisateurs pourquoi leur consentement est n\u00e9cessaire !<\/h3>\n\n\n<p class=\"like-text-lg\">Smart\u00a0Data\u00a0Protector d\u2019Usercentrics bloque les technologies tierces que vous avez ajout\u00e9es \u00e0 votre site, et ne les active que pour les utilisateurs qui accordent leur consentement par le CMP.<\/p>\n<p class=\"like-text-lg\">Si un iFrame vid\u00e9o YouTube, par exemple, est int\u00e9gr\u00e9 \u00e0 votre site, Smart\u00a0Data\u00a0Protector emp\u00eache l\u2019envoi de donn\u00e9es au serveur de YouTube tant que le consentement n\u2019a pas \u00e9t\u00e9 donn\u00e9.<\/p>\n<p class=\"like-text-lg\">Notre service Privacy\u00a0Proxy fournit par ailleurs une image de pr\u00e9visualisation de la vid\u00e9o assur\u00e9e par nos serveurs.<\/p>\n\n<\/div>\n\n<\/div>\n\n<div class=\"uc-flex-row\" style=\"--padding-top: 0px; --padding-bottom: 0px;\">\n<div class=\"uc-flex-column\" style=\"--column-size: var(--column-size-12);--i:3;\">\n    \n<a id=\"17bca3c2-795a-4241-8edd-46de4c1b1082\" class=\"uc-button uc-button-size-l uc-button-contained  no-default-link-decoration uc-button-center\" href=\"#smart-data-protector-demo\" target=\"\"><span>D\u00e9marrer d\u00e8s maintenant<\/span><\/a>\n<\/div>\n\n<\/div>\n\n<div class=\"uc-flex-row\" style=\"--padding-top: 0px; --padding-bottom: 0px;\">\n<div class=\"uc-flex-column\" style=\"--column-size: var(--column-size-6);--i:4;\">\n    \n\n<p class=\"like-label-l\">PROXY DE CONFIDENTIALIT\u00c9<\/p>\n\n\n\n<h3 class=\"wp-block-heading\" id=\"h-permettez-les-consentements-contextuels\" style=\"margin-top:0;margin-bottom:0\">Permettez les consentements contextuels<\/h3>\n\n\n<p class=\"like-text-lg\">Le Privacy Proxy incite les utilisateurs \u00e0 accorder leur consentement en offrant une option qui propose l\u2019accord directement sur l\u2019image d\u2019aper\u00e7u.<\/p>\n<p class=\"like-text-lg\"><strong>L\u2019avantage<\/strong>\u00a0: Vos utilisateurs ont un aper\u00e7u du contenu et sont donc incit\u00e9s \u00e0 interagir avec la couche de consentement.<\/p>\n<p class=\"like-text-lg\">L\u2019image d\u2019aper\u00e7u est fournie par nos serveurs et aucune requ\u00eate de donn\u00e9es n\u2019est transmise entre votre site et un serveur tiers.<\/p>\n\n<\/div>\n\n\n<div class=\"uc-flex-column\" style=\"--column-size: var(--column-size-6);--i:5;\">\n    \n\n<figure class=\"wp-block-image aligncenter size-full is-resized\"><img decoding=\"async\" src=\"https:\/\/usercentrics.com\/wp-content\/uploads\/2024\/09\/Property-1PRIVACY-PROXY-1.svg\" alt=\"\" class=\"wp-image-6997\" style=\"width:592px;height:auto\"\/><\/figure>\n\n<\/div>\n\n<\/div>\n\n<div class=\"uc-flex-row\" style=\"--padding-top: 0px; --padding-bottom: 0px;\">\n<div class=\"uc-flex-column\" style=\"--column-size: var(--column-size-12);--i:6;\">\n    \n\n<h2 class=\"wp-block-heading has-text-align-center\" id=\"h-smart-data-protector-assure-votre-tranquillite-d-esprit\" style=\"margin-top:0;margin-bottom:0;padding-top:0;padding-bottom:0\">Smart Data Protector assure votre tranquillit\u00e9 d\u2019esprit<\/h2>\n\n<\/div>\n\n\n<div class=\"uc-flex-column\" style=\"--column-size: var(--column-size-4);--i:7;align-self:flex-start;\">\n    \n<div class=\"uc-icon-number uc-icon-number--size-default\"><div class=\"uc-icon-number__icon uc-icon-number__icon--type-image\">\n                        <img decoding=\"async\" width=\"24\" height=\"24\" src=\"https:\/\/usercentrics.com\/fr\/wp-content\/uploads\/sites\/4\/2024\/09\/LaptopUsercentrics.svg?v=a6895b1e7d2a3a87\" class=\"attachment-full size-full\" alt=\"\" loading=\"lazy\" aria-hidden=\"true\" \/>            <\/div>\n    <div class=\"uc-icon-number__title\">Pr\u00e9vient l\u2019envoi non consenti des donn\u00e9es des utilisateurs<\/div>\n\n\n\n<\/div>\n<\/div>\n\n\n<div class=\"uc-flex-column\" style=\"--column-size: var(--column-size-4);--i:8;\">\n    \n<div class=\"uc-icon-number uc-icon-number--size-default\"><div class=\"uc-icon-number__icon uc-icon-number__icon--type-image\">\n                        <img decoding=\"async\" width=\"56\" height=\"56\" src=\"https:\/\/usercentrics.com\/fr\/wp-content\/uploads\/sites\/4\/2024\/09\/Certified-data-expertise.svg?v=a9a988daa634d73f\" class=\"attachment-full size-full\" alt=\"\" loading=\"lazy\" aria-hidden=\"true\" \/>            <\/div>\n    <div class=\"uc-icon-number__title\">Offre une couche de protection suppl\u00e9mentaire pour les donn\u00e9es<\/div>\n\n\n\n<\/div>\n<\/div>\n\n\n<div class=\"uc-flex-column\" style=\"--column-size: var(--column-size-4);--i:9;\">\n    \n<div class=\"uc-icon-number uc-icon-number--size-default\"><div class=\"uc-icon-number__icon uc-icon-number__icon--type-image\">\n                        <img decoding=\"async\" width=\"24\" height=\"24\" src=\"https:\/\/usercentrics.com\/fr\/wp-content\/uploads\/sites\/4\/2024\/09\/File-Text-icon.svg?v=dedb82232a7da9da\" class=\"attachment-full size-full\" alt=\"\" loading=\"lazy\" aria-hidden=\"true\" \/>            <\/div>\n    <div class=\"uc-icon-number__title\">Enrich user experience by explicit consent layer<\/div>\n\n\n\n<\/div>\n<\/div>\n\n<\/div>\n\n<div class=\"uc-flex-row--background-right\" style=\"\" ><div class=\"uc-flex-row container\" style=\"--padding-top: 0px; --padding-bottom: 0px;\">\n<div class=\"uc-flex-column\" style=\"--column-size: var(--column-size-12);--i:10;\">\n    \n\n<p id=\"smart-data-protector-demo\"><\/p>\n\n<\/div>\n\n\n<div class=\"uc-flex-column\" style=\"--column-size: var(--column-size-12);--i:11;\">\n    \n<div id=\"uc-cta_69d51dcdd5dfa\" class=\"uc-cta uc-cta--button alignfull uc-cta--primary uc-ctx--blue\">\n    <div class=\"uc-cta__inner container\">\n        <div class=\"uc-cta__content\">\n                                        <div class=\"uc-cta__heading no-default-margin\">Contactez notre \u00e9quipe d\u2019experts<\/div>\n                                        <div class=\"uc-cta__description\">\n                    <p>Nous sommes toujours ravis de r\u00e9pondre \u00e0 vos questions et de vous aider \u00e0 mieux conna\u00eetre Usercentrics.<br \/>\nVous souhaitez travailler avec nous ?\u00a0<a class=\"mfp-iframe lightbox-added\" href=\"https:\/\/ucoldstg.wpenginepowered.com\/fr\/iframe-page-form-partner\/?iframe=true\" rel=\"nofollow\">Postulez ici<\/a><\/p>\n                <\/div>\n                                                                    <\/div>\n                            <div class=\"uc-cta__section\">\n                                        <a id=\"f93517d4-cc18-4660-bcea-ed709f0e60d8\" class=\"uc-button uc-button-size-l uc-button-contained  no-default-link-decoration\" href=\"\/fr\/book-a-consultation\/\" target=\"\"><span>CONTACTER L\u2019\u00c9QUIPE COMMERCIALE<\/span><\/a><a id=\"d1220d31-61d2-472b-9807-60b1f8d456b6\" class=\"uc-button uc-button-size-l uc-button-outlined  no-default-link-decoration\" href=\"\/fr\/free-trial\/\" target=\"\"><span>COMMENCER GRATUITEMENT<\/span><\/a>                                    <\/div>\n            <\/div>\n<\/div>\n    <script type=\"module\">\n        new Uc_Cta(document.getElementById(\"uc-cta_69d51dcdd5dfa\"));\n    <\/script>\n\n<\/div>\n\n<\/div><\/div>","protected":false},"excerpt":{"rendered":"","protected":false},"author":7,"featured_media":0,"parent":0,"menu_order":0,"comment_status":"closed","ping_status":"closed","template":"","meta":{"_acf_changed":false,"editor_notices":[],"footnotes":""},"class_list":["post-3610","page","type-page","status-publish","hentry"],"acf":[],"yoast_head":"<title>Smart Data Protector par Usercentrics<\/title>\n<meta name=\"description\" content=\"Soyez rapide et s\u00fbr avec notre Smart Data Protector. Emp\u00eachez le transfert de toute donn\u00e9e utilisateur \u00e0 des destinataires tiers tant que l&#039;utilisateur n&#039;y a pas consenti.\" \/>\n<meta name=\"robots\" content=\"index, follow, max-snippet:-1, max-image-preview:large, max-video-preview:-1\" \/>\n<link rel=\"canonical\" href=\"https:\/\/usercentrics.com\/fr\/smart-data-protector\/\" \/>\n<meta property=\"og:locale\" content=\"fr_FR\" \/>\n<meta property=\"og:type\" content=\"article\" \/>\n<meta property=\"og:title\" content=\"Smart Data Protector par Usercentrics\" \/>\n<meta property=\"og:description\" content=\"Soyez rapide et s\u00fbr avec notre Smart Data Protector. Emp\u00eachez le transfert de toute donn\u00e9e utilisateur \u00e0 des destinataires tiers tant que l&#039;utilisateur n&#039;y a pas consenti.\" \/>\n<meta property=\"og:url\" content=\"https:\/\/usercentrics.com\/fr\/smart-data-protector\/\" \/>\n<meta property=\"og:site_name\" content=\"Consent Management Platform (CMP) Usercentrics\" \/>\n<meta property=\"article:publisher\" content=\"https:\/\/www.facebook.com\/usercentrics\" \/>\n<meta property=\"article:modified_time\" content=\"2024-09-19T11:23:10+00:00\" \/>\n<meta property=\"og:image\" content=\"https:\/\/usercentrics.com\/fr\/wp-content\/uploads\/sites\/4\/2024\/09\/Asset-93-100.jpg\" \/>\n<meta name=\"twitter:card\" content=\"summary_large_image\" \/>\n<meta name=\"twitter:title\" content=\"Smart Data Protector par Usercentrics\" \/>\n<meta name=\"twitter:description\" content=\"Soyez rapide et s\u00fbr avec notre Smart Data Protector. Emp\u00eachez le transfert de toute donn\u00e9e utilisateur \u00e0 des destinataires tiers tant que l&#039;utilisateur n&#039;y a pas consenti.\" \/>\n<meta name=\"twitter:site\" content=\"@usercentrics\" \/>\n<meta name=\"twitter:label1\" content=\"Est. reading time\" \/>\n\t<meta name=\"twitter:data1\" content=\"2 minutes\" \/>\n<script type=\"application\/ld+json\" class=\"yoast-schema-graph\">{\"@context\":\"https:\/\/schema.org\",\"@graph\":[{\"@type\":\"WebPage\",\"@id\":\"https:\/\/usercentrics.com\/fr\/smart-data-protector\/\",\"url\":\"https:\/\/usercentrics.com\/fr\/smart-data-protector\/\",\"name\":\"Smart Data Protector par Usercentrics\",\"isPartOf\":{\"@id\":\"https:\/\/usercentrics.com\/fr\/#website\"},\"primaryImageOfPage\":{\"@id\":\"https:\/\/usercentrics.com\/fr\/smart-data-protector\/#primaryimage\"},\"image\":{\"@id\":\"https:\/\/usercentrics.com\/fr\/smart-data-protector\/#primaryimage\"},\"thumbnailUrl\":\"https:\/\/usercentrics.com\/wp-content\/uploads\/2024\/09\/Property-1SMART-BLOCKING-1.svg\",\"datePublished\":\"2020-07-09T11:28:31+00:00\",\"dateModified\":\"2024-09-19T11:23:10+00:00\",\"description\":\"Soyez rapide et s\u00fbr avec notre Smart Data Protector. Emp\u00eachez le transfert de toute donn\u00e9e utilisateur \u00e0 des destinataires tiers tant que l'utilisateur n'y a pas consenti.\",\"inLanguage\":\"fr-FR\",\"potentialAction\":[{\"@type\":\"ReadAction\",\"target\":\"https:\/\/usercentrics.com\/fr\/smart-data-protector\/\"}]},{\"@type\":\"ImageObject\",\"inLanguage\":\"fr-FR\",\"@id\":\"https:\/\/usercentrics.com\/fr\/smart-data-protector\/#primaryimage\",\"url\":\"https:\/\/usercentrics.com\/wp-content\/uploads\/2024\/09\/Property-1SMART-BLOCKING-1.svg\",\"contentUrl\":\"https:\/\/usercentrics.com\/wp-content\/uploads\/2024\/09\/Property-1SMART-BLOCKING-1.svg\",\"copyrightNotice\":\"\u00a9 Copyright 2026 Usercentrics GmbH\",\"creator\":{\"@type\":\"Organization\",\"name\":\"Usercentrics GmbH\"},\"creditText\":\"Image: Usercentrics GmbH\"},{\"@type\":\"WebSite\",\"@id\":\"https:\/\/usercentrics.com\/fr\/#website\",\"url\":\"https:\/\/usercentrics.com\/fr\/\",\"name\":\"Consent Management Platform (CMP) Usercentrics\",\"description\":\"Consent Management Platform (CMP) Usercentrics\",\"potentialAction\":[{\"@type\":\"SearchAction\",\"target\":{\"@type\":\"EntryPoint\",\"urlTemplate\":\"https:\/\/usercentrics.com\/fr\/?s={search_term_string}\"}}],\"inLanguage\":\"fr-FR\"}]}<\/script>","yoast_head_json":{"title":"Smart Data Protector par Usercentrics","description":"Soyez rapide et s\u00fbr avec notre Smart Data Protector. Emp\u00eachez le transfert de toute donn\u00e9e utilisateur \u00e0 des destinataires tiers tant que l'utilisateur n'y a pas consenti.","robots":{"index":"index","follow":"follow","max-snippet":"max-snippet:-1","max-image-preview":"max-image-preview:large","max-video-preview":"max-video-preview:-1"},"canonical":"https:\/\/usercentrics.com\/fr\/smart-data-protector\/","og_locale":"fr_FR","og_type":"article","og_title":"Smart Data Protector par Usercentrics","og_description":"Soyez rapide et s\u00fbr avec notre Smart Data Protector. Emp\u00eachez le transfert de toute donn\u00e9e utilisateur \u00e0 des destinataires tiers tant que l'utilisateur n'y a pas consenti.","og_url":"https:\/\/usercentrics.com\/fr\/smart-data-protector\/","og_site_name":"Consent Management Platform (CMP) Usercentrics","article_publisher":"https:\/\/www.facebook.com\/usercentrics","article_modified_time":"2024-09-19T11:23:10+00:00","og_image":[{"url":"https:\/\/usercentrics.com\/fr\/wp-content\/uploads\/sites\/4\/2024\/09\/Asset-93-100.jpg","type":"","width":"","height":""}],"twitter_card":"summary_large_image","twitter_title":"Smart Data Protector par Usercentrics","twitter_description":"Soyez rapide et s\u00fbr avec notre Smart Data Protector. Emp\u00eachez le transfert de toute donn\u00e9e utilisateur \u00e0 des destinataires tiers tant que l'utilisateur n'y a pas consenti.","twitter_site":"@usercentrics","twitter_misc":{"Est. reading time":"2 minutes"},"schema":{"@context":"https:\/\/schema.org","@graph":[{"@type":"WebPage","@id":"https:\/\/usercentrics.com\/fr\/smart-data-protector\/","url":"https:\/\/usercentrics.com\/fr\/smart-data-protector\/","name":"Smart Data Protector par Usercentrics","isPartOf":{"@id":"https:\/\/usercentrics.com\/fr\/#website"},"primaryImageOfPage":{"@id":"https:\/\/usercentrics.com\/fr\/smart-data-protector\/#primaryimage"},"image":{"@id":"https:\/\/usercentrics.com\/fr\/smart-data-protector\/#primaryimage"},"thumbnailUrl":"https:\/\/usercentrics.com\/wp-content\/uploads\/2024\/09\/Property-1SMART-BLOCKING-1.svg","datePublished":"2020-07-09T11:28:31+00:00","dateModified":"2024-09-19T11:23:10+00:00","description":"Soyez rapide et s\u00fbr avec notre Smart Data Protector. Emp\u00eachez le transfert de toute donn\u00e9e utilisateur \u00e0 des destinataires tiers tant que l'utilisateur n'y a pas consenti.","inLanguage":"fr-FR","potentialAction":[{"@type":"ReadAction","target":"https:\/\/usercentrics.com\/fr\/smart-data-protector\/"}]},{"@type":"ImageObject","inLanguage":"fr-FR","@id":"https:\/\/usercentrics.com\/fr\/smart-data-protector\/#primaryimage","url":"https:\/\/usercentrics.com\/wp-content\/uploads\/2024\/09\/Property-1SMART-BLOCKING-1.svg","contentUrl":"https:\/\/usercentrics.com\/wp-content\/uploads\/2024\/09\/Property-1SMART-BLOCKING-1.svg","copyrightNotice":"\u00a9 Copyright 2026 Usercentrics GmbH","creator":{"@type":"Organization","name":"Usercentrics GmbH"},"creditText":"Image: Usercentrics GmbH"},{"@type":"WebSite","@id":"https:\/\/usercentrics.com\/fr\/#website","url":"https:\/\/usercentrics.com\/fr\/","name":"Consent Management Platform (CMP) Usercentrics","description":"Consent Management Platform (CMP) Usercentrics","potentialAction":[{"@type":"SearchAction","target":{"@type":"EntryPoint","urlTemplate":"https:\/\/usercentrics.com\/fr\/?s={search_term_string}"}}],"inLanguage":"fr-FR"}]}},"_links":{"self":[{"href":"https:\/\/usercentrics.com\/fr\/wp-json\/wp\/v2\/pages\/3610","targetHints":{"allow":["GET"]}}],"collection":[{"href":"https:\/\/usercentrics.com\/fr\/wp-json\/wp\/v2\/pages"}],"about":[{"href":"https:\/\/usercentrics.com\/fr\/wp-json\/wp\/v2\/types\/page"}],"author":[{"embeddable":true,"href":"https:\/\/usercentrics.com\/fr\/wp-json\/wp\/v2\/users\/7"}],"replies":[{"embeddable":true,"href":"https:\/\/usercentrics.com\/fr\/wp-json\/wp\/v2\/comments?post=3610"}],"version-history":[{"count":0,"href":"https:\/\/usercentrics.com\/fr\/wp-json\/wp\/v2\/pages\/3610\/revisions"}],"wp:attachment":[{"href":"https:\/\/usercentrics.com\/fr\/wp-json\/wp\/v2\/media?parent=3610"}],"curies":[{"name":"wp","href":"https:\/\/api.w.org\/{rel}","templated":true}]}}