{"id":5463,"date":"2024-12-16T12:22:48","date_gmt":"2024-12-16T11:22:48","guid":{"rendered":"https:\/\/stage.usercentrics.com\/fr\/?page_id=5463"},"modified":"2026-02-12T16:52:34","modified_gmt":"2026-02-12T15:52:34","slug":"documents-legaux","status":"publish","type":"page","link":"https:\/\/usercentrics.com\/fr\/documents-legaux\/","title":{"rendered":"Legal Documents"},"content":{"rendered":"<div class=\"alignfull uc-blog-hero bg-brand-off-white custom-bg-color uc-blog-hero--layout-overview uc-blog-hero--resource-empty uc-ctx--base\" data-id=\"blog_hero_69de86fe643db\">\n        <div class=\"uc-blog-hero__inner\">\n        <div class=\"uc-blog-hero__text\">\n                                            <h1 class=\"uc-blog-hero__title like-h1-upper no-default-margin\">Documentation juridique<\/h1>                                    <div class=\"uc-blog-hero__description\">Acc\u00e9dez \u00e0 l\u2019ensemble des documents juridiques et contractuels de Usercentrics.<\/div>\n                                                                                                                        <\/div>\n                            <div class=\"uc-blog-hero__background\">\n                                                                                                            <\/div>\n                    <\/div>\n    <\/div>\n\n\n<div class=\"uc-flex-row\" style=\"--padding-top: var(--wp--preset--spacing--5-xl); --padding-bottom: var(--wp--preset--spacing--10-xl);\">\n<div class=\"uc-flex-column\" style=\"--column-size: var(--column-size-4);--i:1;\">\n    \n<div class=\"uc-icon-number uc-icon-number--size-default\"><div class=\"uc-icon-number__icon uc-icon-number__icon--type-image\">\n                        <img decoding=\"async\" width=\"40\" height=\"40\" src=\"https:\/\/usercentrics.com\/fr\/wp-content\/uploads\/sites\/4\/2026\/02\/Billing.svg?v=bdf0501ce8a90e8a\" class=\"attachment-full size-full\" alt=\"\" loading=\"lazy\" aria-hidden=\"true\" \/>            <\/div>\n    <div class=\"uc-icon-number__title\">Conditions g\u00e9n\u00e9rales<\/div>\n\n    <div class=\"uc-icon-number__description\"><ul>\n<li><a href=\"https:\/\/usercentrics.com\/terms-and-conditions\/\" target=\"_blank\" rel=\"noopener\">Conditions g\u00e9n\u00e9rales de Usercentrics<\/a><\/li>\n<li><a href=\"https:\/\/usercentrics.com\/terms-and-conditions-usa\/\" target=\"_blank\" rel=\"noopener\">Conditions g\u00e9n\u00e9rales <\/a><a href=\"https:\/\/usercentrics.com\/terms-and-conditions-usa\/\" target=\"_blank\" rel=\"noopener\">de Usercentrics <\/a><a href=\"https:\/\/usercentrics.com\/terms-and-conditions-usa\/\" target=\"_blank\" rel=\"noopener\">pour les \u00c9tats-Unis<\/a><\/li>\n<li><a href=\"https:\/\/www.cookiebot.com\/fr\/terms-of-service\/\" target=\"_blank\" rel=\"noopener\">Conditions de service de Cookiebot<img loading=\"lazy\" decoding=\"async\" class=\"alignnone size-full wp-image-9980\" src=\"https:\/\/usercentrics.com\/fr\/wp-content\/uploads\/sites\/4\/2026\/02\/External-link.svg?v=6b11b98b0453a5fb\" alt=\"\" width=\"16\" height=\"16\" \/><\/a><\/li>\n<li><a href=\"https:\/\/www.cookiebot.com\/en\/terms-of-service-privacy-policy-generator\/\" target=\"_blank\" rel=\"noopener\">Conditions g\u00e9n\u00e9rales du g\u00e9n\u00e9rateur de politiques de confidentialit\u00e9<img loading=\"lazy\" decoding=\"async\" class=\"alignnone size-full wp-image-9980\" src=\"https:\/\/usercentrics.com\/fr\/wp-content\/uploads\/sites\/4\/2026\/02\/External-link.svg?v=6b11b98b0453a5fb\" alt=\"\" width=\"16\" height=\"16\" \/><\/a><\/li>\n<\/ul>\n<\/div>\n\n\n<\/div>\n<\/div>\n\n\n<div class=\"uc-flex-column\" style=\"--column-size: var(--column-size-4);--i:2;\">\n    \n<div class=\"uc-icon-number uc-icon-number--size-default\"><div class=\"uc-icon-number__icon uc-icon-number__icon--type-image\">\n                        <img decoding=\"async\" width=\"40\" height=\"40\" src=\"https:\/\/usercentrics.com\/fr\/wp-content\/uploads\/sites\/4\/2026\/02\/Data-privacy-compliance.svg?v=8225a53a6d85658b\" class=\"attachment-full size-full\" alt=\"\" loading=\"lazy\" aria-hidden=\"true\" \/>            <\/div>\n    <div class=\"uc-icon-number__title\">Accords de traitement des donn\u00e9es<\/div>\n\n    <div class=\"uc-icon-number__description\"><ul>\n<li><a href=\"\/fr\/data-processing-agreement\/\" target=\"_blank\" rel=\"noopener\">Accord de traitement des donn\u00e9es de Usercentrics<img loading=\"lazy\" decoding=\"async\" class=\"alignnone size-full wp-image-9979\" src=\"https:\/\/usercentrics.com\/fr\/wp-content\/uploads\/sites\/4\/2026\/02\/Download.svg?v=e572183cc1e9811c\" alt=\"\" width=\"16\" height=\"16\" \/><\/a><\/li>\n<li><a href=\"https:\/\/www.cookiebot.com\/fr\/data-processing-agreement\/\" target=\"_blank\" rel=\"noopener\">Accord de traitement des donn\u00e9es de Cookiebot<img loading=\"lazy\" decoding=\"async\" class=\"alignnone size-full wp-image-9979\" src=\"https:\/\/usercentrics.com\/fr\/wp-content\/uploads\/sites\/4\/2026\/02\/Download.svg?v=e572183cc1e9811c\" alt=\"\" width=\"16\" height=\"16\" \/><\/a><\/li>\n<\/ul>\n<\/div>\n\n\n<\/div>\n<\/div>\n\n\n<div class=\"uc-flex-column\" style=\"--column-size: var(--column-size-4);--i:3;\">\n    \n<div class=\"uc-icon-number uc-icon-number--size-default\"><div class=\"uc-icon-number__icon uc-icon-number__icon--type-image\">\n                        <img decoding=\"async\" width=\"40\" height=\"40\" src=\"https:\/\/usercentrics.com\/fr\/wp-content\/uploads\/sites\/4\/2026\/02\/Shield-person.svg?v=28af9f29f97270a2\" class=\"attachment-full size-full\" alt=\"\" loading=\"lazy\" aria-hidden=\"true\" \/>            <\/div>\n    <div class=\"uc-icon-number__title\">Politiques de confidentialit\u00e9<\/div>\n\n    <div class=\"uc-icon-number__description\"><ul>\n<li><a href=\"\/es\/privacy-policy\/\">Politique de confidentialit\u00e9 de Usercentrics<\/a><\/li>\n<li><a href=\"https:\/\/www.cookiebot.com\/fr\/privacy-policy\/\" target=\"_blank\" rel=\"noopener\">Politique de confidentialit\u00e9 de Cookiebot<img loading=\"lazy\" decoding=\"async\" class=\"alignnone size-full wp-image-9980\" src=\"https:\/\/usercentrics.com\/fr\/wp-content\/uploads\/sites\/4\/2026\/02\/External-link.svg?v=6b11b98b0453a5fb\" alt=\"\" width=\"16\" height=\"16\" \/><\/a><\/li>\n<\/ul>\n<\/div>\n\n\n<\/div>\n<\/div>\n\n<\/div>","protected":false},"excerpt":{"rendered":"","protected":false},"author":5,"featured_media":0,"parent":0,"menu_order":0,"comment_status":"closed","ping_status":"closed","template":"","meta":{"_acf_changed":false,"editor_notices":[],"footnotes":""},"class_list":["post-5463","page","type-page","status-publish","hentry"],"acf":[],"yoast_head":"<title>Documentation juridique Usercentrics | Conditions et politiques<\/title>\n<meta name=\"description\" content=\"Acc\u00e9dez aux documents juridiques de Usercentrics : conditions g\u00e9n\u00e9rales, accord de traitement des donn\u00e9es et politique de confidentialit\u00e9.\" \/>\n<meta name=\"robots\" content=\"index, follow, max-snippet:-1, max-image-preview:large, max-video-preview:-1\" \/>\n<link rel=\"canonical\" href=\"https:\/\/usercentrics.com\/fr\/documents-legaux\/\" \/>\n<meta property=\"og:locale\" content=\"fr_FR\" \/>\n<meta property=\"og:type\" content=\"article\" \/>\n<meta property=\"og:title\" content=\"Legal Documents\" \/>\n<meta property=\"og:description\" content=\"Acc\u00e9dez aux documents juridiques de Usercentrics : conditions g\u00e9n\u00e9rales, accord de traitement des donn\u00e9es et politique de confidentialit\u00e9.\" \/>\n<meta property=\"og:url\" content=\"https:\/\/usercentrics.com\/fr\/documents-legaux\/\" \/>\n<meta property=\"og:site_name\" content=\"Consent Management Platform (CMP) Usercentrics\" \/>\n<meta property=\"article:publisher\" content=\"https:\/\/www.facebook.com\/usercentrics\" \/>\n<meta property=\"article:modified_time\" content=\"2026-02-12T15:52:34+00:00\" \/>\n<meta property=\"og:image\" content=\"https:\/\/usercentrics.com\/fr\/wp-content\/uploads\/sites\/4\/2024\/09\/Asset-93-100.jpg\" \/>\n\t<meta property=\"og:image:width\" content=\"1201\" \/>\n\t<meta property=\"og:image:height\" content=\"631\" \/>\n\t<meta property=\"og:image:type\" content=\"image\/jpeg\" \/>\n<meta name=\"twitter:card\" content=\"summary_large_image\" \/>\n<meta name=\"twitter:site\" content=\"@usercentrics\" \/>\n<script type=\"application\/ld+json\" class=\"yoast-schema-graph\">{\"@context\":\"https:\\\/\\\/schema.org\",\"@graph\":[{\"@type\":\"WebPage\",\"@id\":\"https:\\\/\\\/usercentrics.com\\\/fr\\\/documents-legaux\\\/\",\"url\":\"https:\\\/\\\/usercentrics.com\\\/fr\\\/documents-legaux\\\/\",\"name\":\"Documentation juridique Usercentrics | Conditions et politiques\",\"isPartOf\":{\"@id\":\"https:\\\/\\\/usercentrics.com\\\/fr\\\/#website\"},\"datePublished\":\"2024-12-16T11:22:48+00:00\",\"dateModified\":\"2026-02-12T15:52:34+00:00\",\"description\":\"Acc\u00e9dez aux documents juridiques de Usercentrics : conditions g\u00e9n\u00e9rales, accord de traitement des donn\u00e9es et politique de confidentialit\u00e9.\",\"inLanguage\":\"fr-FR\",\"potentialAction\":[{\"@type\":\"ReadAction\",\"target\":\"https:\\\/\\\/usercentrics.com\\\/fr\\\/documents-legaux\\\/\"}]},{\"@type\":\"WebSite\",\"@id\":\"https:\\\/\\\/usercentrics.com\\\/fr\\\/#website\",\"url\":\"https:\\\/\\\/usercentrics.com\\\/fr\\\/\",\"name\":\"Consent Management Platform (CMP) Usercentrics\",\"description\":\"Consent Management Platform (CMP) Usercentrics\",\"potentialAction\":[{\"@type\":\"SearchAction\",\"target\":{\"@type\":\"EntryPoint\",\"urlTemplate\":\"https:\\\/\\\/usercentrics.com\\\/fr\\\/?s={search_term_string}\"}}],\"inLanguage\":\"fr-FR\"}]}<\/script>","yoast_head_json":{"title":"Documentation juridique Usercentrics | Conditions et politiques","description":"Acc\u00e9dez aux documents juridiques de Usercentrics : conditions g\u00e9n\u00e9rales, accord de traitement des donn\u00e9es et politique de confidentialit\u00e9.","robots":{"index":"index","follow":"follow","max-snippet":"max-snippet:-1","max-image-preview":"max-image-preview:large","max-video-preview":"max-video-preview:-1"},"canonical":"https:\/\/usercentrics.com\/fr\/documents-legaux\/","og_locale":"fr_FR","og_type":"article","og_title":"Legal Documents","og_description":"Acc\u00e9dez aux documents juridiques de Usercentrics : conditions g\u00e9n\u00e9rales, accord de traitement des donn\u00e9es et politique de confidentialit\u00e9.","og_url":"https:\/\/usercentrics.com\/fr\/documents-legaux\/","og_site_name":"Consent Management Platform (CMP) Usercentrics","article_publisher":"https:\/\/www.facebook.com\/usercentrics","article_modified_time":"2026-02-12T15:52:34+00:00","og_image":[{"width":1201,"height":631,"url":"https:\/\/usercentrics.com\/fr\/wp-content\/uploads\/sites\/4\/2024\/09\/Asset-93-100.jpg","type":"image\/jpeg"}],"twitter_card":"summary_large_image","twitter_site":"@usercentrics","schema":{"@context":"https:\/\/schema.org","@graph":[{"@type":"WebPage","@id":"https:\/\/usercentrics.com\/fr\/documents-legaux\/","url":"https:\/\/usercentrics.com\/fr\/documents-legaux\/","name":"Documentation juridique Usercentrics | Conditions et politiques","isPartOf":{"@id":"https:\/\/usercentrics.com\/fr\/#website"},"datePublished":"2024-12-16T11:22:48+00:00","dateModified":"2026-02-12T15:52:34+00:00","description":"Acc\u00e9dez aux documents juridiques de Usercentrics : conditions g\u00e9n\u00e9rales, accord de traitement des donn\u00e9es et politique de confidentialit\u00e9.","inLanguage":"fr-FR","potentialAction":[{"@type":"ReadAction","target":"https:\/\/usercentrics.com\/fr\/documents-legaux\/"}]},{"@type":"WebSite","@id":"https:\/\/usercentrics.com\/fr\/#website","url":"https:\/\/usercentrics.com\/fr\/","name":"Consent Management Platform (CMP) Usercentrics","description":"Consent Management Platform (CMP) Usercentrics","potentialAction":[{"@type":"SearchAction","target":{"@type":"EntryPoint","urlTemplate":"https:\/\/usercentrics.com\/fr\/?s={search_term_string}"}}],"inLanguage":"fr-FR"}]}},"_links":{"self":[{"href":"https:\/\/usercentrics.com\/fr\/wp-json\/wp\/v2\/pages\/5463","targetHints":{"allow":["GET"]}}],"collection":[{"href":"https:\/\/usercentrics.com\/fr\/wp-json\/wp\/v2\/pages"}],"about":[{"href":"https:\/\/usercentrics.com\/fr\/wp-json\/wp\/v2\/types\/page"}],"author":[{"embeddable":true,"href":"https:\/\/usercentrics.com\/fr\/wp-json\/wp\/v2\/users\/5"}],"replies":[{"embeddable":true,"href":"https:\/\/usercentrics.com\/fr\/wp-json\/wp\/v2\/comments?post=5463"}],"version-history":[{"count":0,"href":"https:\/\/usercentrics.com\/fr\/wp-json\/wp\/v2\/pages\/5463\/revisions"}],"wp:attachment":[{"href":"https:\/\/usercentrics.com\/fr\/wp-json\/wp\/v2\/media?parent=5463"}],"curies":[{"name":"wp","href":"https:\/\/api.w.org\/{rel}","templated":true}]}}