{"id":3573,"date":"2020-02-10T04:22:44","date_gmt":"2020-02-10T03:22:44","guid":{"rendered":"https:\/\/stage.usercentrics.com\/?page_id=1171"},"modified":"2025-10-16T14:48:10","modified_gmt":"2025-10-16T12:48:10","slug":"note-legali","status":"publish","type":"page","link":"https:\/\/usercentrics.com\/it\/note-legali\/","title":{"rendered":"Legal Notice"},"content":{"rendered":"\n<script>\n  window.UC_UI_SUPPRESS_CMP_DISPLAY = true;\n<\/script>\n\n\n\n<h1 class=\"wp-block-heading\" id=\"h-note-legali\">Note legali<\/h1>\n\n\n<div class=\"uc-flex-row\" style=\"--padding-top: 0px; --padding-bottom: var(--wp--preset--spacing--xl);\">\n<div class=\"uc-flex-column\" style=\"--column-size: var(--column-size-5);--i:1;\">\n    \n\n<h2 class=\"wp-block-heading\" id=\"h-editore-e-responsabile-per-il-contenuto-del-sito\">Editore e responsabile per il contenuto del sito:<\/h2>\n\n\n\n<p>Questa nota \u00e8 valida per tutti i siti web gestiti da Usercentrics cos\u00ec come per tutti gli account dei social network di Usercentrics.<\/p>\n\n\n\n<p><strong>Informazioni aziendali<\/strong><\/p>\n\n\n\n<p>Usercentrics GmbH<br>Sendlinger Stra\u00dfe 7<br>80331 Monaco di Baviera<br>Germania<br>Tel.:&nbsp;<a href=\"tel:+49 89 21 54 01 20\">+ 49 89 21 54 01 20<\/a><br>Email:&nbsp;<a href=\"mailto:contact@usercentrics.com\">contact@usercentrics.com<\/a><br><em>Si prega di notare che le candidature per i posti di lavoro sono accettate solo se avvengono tramite la sezione \u201cLavora con noi\u201d del nostro sito web.<\/em><\/p>\n\n\n\n<p><strong>Numero di identificazione fiscale (Partita IVA)<br><\/strong><strong>Partita IVA ai sensi del \u00a727 della legge sull\u2019imposta sul valore aggiunto:<br><\/strong>USt.-IdNr.: DE318857096<\/p>\n\n\n\n<p><strong>Numero di iscrizione al registro delle imprese<\/strong><br>HRB: 241272 | AG Monaco di Baviera<\/p>\n\n\n\n<p><strong>Responsabile del contenuto ai sensi del \u00a7 18 Abs. 2 MedienStV<br><\/strong>Donna Dror<br>Sendlingerstrasse 7 | 80331 Monaco di Baviera | Germania<\/p>\n\n\n\n<h2 class=\"wp-block-heading wbq-index__content-heading av-special-heading-tag  wbq_looks_like_h4\" id=\"direzione-rappresentato-da\">Direzione\/Rappresentato da<\/h2>\n\n\n\n<p>Donna Dror, Ea Luise Andersen<\/p>\n\n<\/div>\n\n\n<div class=\"uc-flex-column\" style=\"--column-size: var(--column-size-1);--i:2;\">\n    <\/div>\n\n\n<div class=\"uc-flex-column\" style=\"--column-size: var(--column-size-6);--i:3;\">\n    \n\n<h2 class=\"wp-block-heading\" id=\"h-dichiarazione-di-esonero-di-responsabilita\">Dichiarazione di esonero di responsabilit\u00e0<\/h2>\n\n\n\n<p><strong>Riferimento alla risoluzione delle controversie dell\u2019UE<br><\/strong>La Commissione europea fornisce una piattaforma per la risoluzione delle controversie online (OS): https:\/\/ec.europa.eu\/consumers\/odr. Il nostro indirizzo e-mail si trova qui, nel nostro imprint.<\/p>\n\n\n\n<p><strong>Responsabilit\u00e0 per i contenuti<br><\/strong>In qualit\u00e0 di fornitore di servizi siamo responsabili per i nostri contenuti in conformit\u00e0 alle legislazioni generali. In qualit\u00e0 di fornitori di servizi non abbiamo tuttavia l\u2019obbligo di controllare le informazioni trasmesse o archiviate oppure di indagare su circostanze che indicano un\u2019attivit\u00e0 illegittima. Gli obblighi di rimuovere o bloccare l\u2019uso delle informazioni ai sensi della legge generale rimangono inalterati. Tuttavia, una responsabilit\u00e0 a questo riguardo \u00e8 possibile solo dal momento in cui si viene a conoscenza di una infrazione specifica. Non appena verremo a conoscenza di eventuali violazioni, rimuoveremo immediatamente i contenuti in questione.<\/p>\n\n\n\n<p><strong>Responsabilit\u00e0 civile per i link<br><\/strong>La nostra offerta contiene link che rimandano a pagine Internet di terzi, sui cui contenuti non abbiamo influenza alcuna. Pertanto, non possiamo perci\u00f2 assumerci alcuna responsabilit\u00e0 per tali contenuti esterni. I fornitori o gestori delle suddette pagine sono gli unici responsabili dei contenuti ivi presenti. Le pagine collegate sono state controllate in merito ad eventuali violazioni della legge al momento della creazione del collegamento. Tali violazioni non sono state riscontrate al momento del collegamento. Ciononostante, un controllo permanente del contenuto delle pagine collegate non \u00e8 ragionevole in assenza di prove concrete di una determinata violazione. Qualora venissimo a conoscenza di tali violazioni, rimuoveremo immediatamente i collegamenti in questione.<\/p>\n\n\n\n<p><strong>Copyright<br><\/strong>Il contenuto e le opere create dall\u2019operatore del sito web su queste pagine sono soggette alla legge tedesca sul diritto d\u2019autore. La riproduzione, il trattamento, la distribuzione e qualsiasi forma di utilizzo al di fuori dei limiti del diritto d\u2019autore richiedono il consenso scritto del rispettivo autore o creatore. Il download e la duplicazione di queste pagine sono consentiti unicamente per uso privato e non commerciale. Nella misura in cui i contenuti di questo sito non sono stati creati dal gestore, i diritti d\u2019autore di terze parti sono rispettati. In particolare, i contenuti di terzi sono contrassegnati come tali. Se dovessi ancora venire a conoscenza di una violazione del copyright, ti chiediamo gentilmente di informarci. Non appena verremo a conoscenza di eventuali violazioni, rimuoveremo immediatamente i contenuti in questione.<\/p>\n\n<\/div>\n\n<\/div>","protected":false},"excerpt":{"rendered":"<p>Note legali<\/p>\n","protected":false},"author":8,"featured_media":0,"parent":0,"menu_order":0,"comment_status":"closed","ping_status":"closed","template":"","meta":{"_acf_changed":false,"editor_notices":[],"footnotes":""},"class_list":["post-3573","page","type-page","status-publish","hentry"],"acf":[],"yoast_head":"<title>Note legali Usercentrics | Sito web e social media<\/title>\n<meta name=\"description\" content=\"Note legali Usercentrics: questa nota \u00e8 valida per tutti i siti web gestiti da Usercentrics cos\u00ec come per tutti gli account dei social network di Usercentrics.\" \/>\n<meta name=\"robots\" content=\"index, follow, max-snippet:-1, max-image-preview:large, max-video-preview:-1\" \/>\n<link rel=\"canonical\" href=\"https:\/\/usercentrics.com\/it\/note-legali\/\" \/>\n<meta property=\"og:locale\" content=\"it_IT\" \/>\n<meta property=\"og:type\" content=\"article\" \/>\n<meta property=\"og:title\" content=\"Note legali Usercentrics | Sito web e social media\" \/>\n<meta property=\"og:description\" content=\"Note legali Usercentrics: questa nota \u00e8 valida per tutti i siti web gestiti da Usercentrics cos\u00ec come per tutti gli account dei social network di Usercentrics.\" \/>\n<meta property=\"og:url\" content=\"https:\/\/usercentrics.com\/it\/note-legali\/\" \/>\n<meta property=\"og:site_name\" content=\"Consent Management Platform (CMP) Usercentrics\" \/>\n<meta property=\"article:publisher\" content=\"https:\/\/www.facebook.com\/usercentrics\" \/>\n<meta property=\"article:modified_time\" content=\"2025-10-16T12:48:10+00:00\" \/>\n<meta property=\"og:image\" content=\"https:\/\/usercentrics.com\/it\/wp-content\/uploads\/sites\/5\/2024\/09\/Asset-93-100.jpg\" \/>\n\t<meta property=\"og:image:width\" content=\"1201\" \/>\n\t<meta property=\"og:image:height\" content=\"631\" \/>\n\t<meta property=\"og:image:type\" content=\"image\/jpeg\" \/>\n<meta name=\"twitter:card\" content=\"summary_large_image\" \/>\n<meta name=\"twitter:title\" content=\"Note legali Usercentrics | Sito web e social media\" \/>\n<meta name=\"twitter:description\" content=\"Note legali Usercentrics: questa nota \u00e8 valida per tutti i siti web gestiti da Usercentrics cos\u00ec come per tutti gli account dei social network di Usercentrics.\" \/>\n<meta name=\"twitter:site\" content=\"@usercentrics\" \/>\n<meta name=\"twitter:label1\" content=\"Est. reading time\" \/>\n\t<meta name=\"twitter:data1\" content=\"3 minuti\" \/>\n<script type=\"application\/ld+json\" class=\"yoast-schema-graph\">{\"@context\":\"https:\\\/\\\/schema.org\",\"@graph\":[{\"@type\":\"WebPage\",\"@id\":\"https:\\\/\\\/usercentrics.com\\\/it\\\/note-legali\\\/\",\"url\":\"https:\\\/\\\/usercentrics.com\\\/it\\\/note-legali\\\/\",\"name\":\"Note legali Usercentrics | Sito web e social media\",\"isPartOf\":{\"@id\":\"https:\\\/\\\/usercentrics.com\\\/it\\\/#website\"},\"datePublished\":\"2020-02-10T03:22:44+00:00\",\"dateModified\":\"2025-10-16T12:48:10+00:00\",\"description\":\"Note legali Usercentrics: questa nota \u00e8 valida per tutti i siti web gestiti da Usercentrics cos\u00ec come per tutti gli account dei social network di Usercentrics.\",\"inLanguage\":\"it-IT\",\"potentialAction\":[{\"@type\":\"ReadAction\",\"target\":\"https:\\\/\\\/usercentrics.com\\\/it\\\/note-legali\\\/\"}]},{\"@type\":\"WebSite\",\"@id\":\"https:\\\/\\\/usercentrics.com\\\/it\\\/#website\",\"url\":\"https:\\\/\\\/usercentrics.com\\\/it\\\/\",\"name\":\"Consent Management Platform (CMP) Usercentrics\",\"description\":\"Consent Management Platform (CMP) Usercentrics\",\"potentialAction\":[{\"@type\":\"SearchAction\",\"target\":{\"@type\":\"EntryPoint\",\"urlTemplate\":\"https:\\\/\\\/usercentrics.com\\\/it\\\/?s={search_term_string}\"}}],\"inLanguage\":\"it-IT\"}]}<\/script>","yoast_head_json":{"title":"Note legali Usercentrics | Sito web e social media","description":"Note legali Usercentrics: questa nota \u00e8 valida per tutti i siti web gestiti da Usercentrics cos\u00ec come per tutti gli account dei social network di Usercentrics.","robots":{"index":"index","follow":"follow","max-snippet":"max-snippet:-1","max-image-preview":"max-image-preview:large","max-video-preview":"max-video-preview:-1"},"canonical":"https:\/\/usercentrics.com\/it\/note-legali\/","og_locale":"it_IT","og_type":"article","og_title":"Note legali Usercentrics | Sito web e social media","og_description":"Note legali Usercentrics: questa nota \u00e8 valida per tutti i siti web gestiti da Usercentrics cos\u00ec come per tutti gli account dei social network di Usercentrics.","og_url":"https:\/\/usercentrics.com\/it\/note-legali\/","og_site_name":"Consent Management Platform (CMP) Usercentrics","article_publisher":"https:\/\/www.facebook.com\/usercentrics","article_modified_time":"2025-10-16T12:48:10+00:00","og_image":[{"width":1201,"height":631,"url":"https:\/\/usercentrics.com\/it\/wp-content\/uploads\/sites\/5\/2024\/09\/Asset-93-100.jpg","type":"image\/jpeg"}],"twitter_card":"summary_large_image","twitter_title":"Note legali Usercentrics | Sito web e social media","twitter_description":"Note legali Usercentrics: questa nota \u00e8 valida per tutti i siti web gestiti da Usercentrics cos\u00ec come per tutti gli account dei social network di Usercentrics.","twitter_site":"@usercentrics","twitter_misc":{"Est. reading time":"3 minuti"},"schema":{"@context":"https:\/\/schema.org","@graph":[{"@type":"WebPage","@id":"https:\/\/usercentrics.com\/it\/note-legali\/","url":"https:\/\/usercentrics.com\/it\/note-legali\/","name":"Note legali Usercentrics | Sito web e social media","isPartOf":{"@id":"https:\/\/usercentrics.com\/it\/#website"},"datePublished":"2020-02-10T03:22:44+00:00","dateModified":"2025-10-16T12:48:10+00:00","description":"Note legali Usercentrics: questa nota \u00e8 valida per tutti i siti web gestiti da Usercentrics cos\u00ec come per tutti gli account dei social network di Usercentrics.","inLanguage":"it-IT","potentialAction":[{"@type":"ReadAction","target":"https:\/\/usercentrics.com\/it\/note-legali\/"}]},{"@type":"WebSite","@id":"https:\/\/usercentrics.com\/it\/#website","url":"https:\/\/usercentrics.com\/it\/","name":"Consent Management Platform (CMP) Usercentrics","description":"Consent Management Platform (CMP) Usercentrics","potentialAction":[{"@type":"SearchAction","target":{"@type":"EntryPoint","urlTemplate":"https:\/\/usercentrics.com\/it\/?s={search_term_string}"}}],"inLanguage":"it-IT"}]}},"_links":{"self":[{"href":"https:\/\/usercentrics.com\/it\/wp-json\/wp\/v2\/pages\/3573","targetHints":{"allow":["GET"]}}],"collection":[{"href":"https:\/\/usercentrics.com\/it\/wp-json\/wp\/v2\/pages"}],"about":[{"href":"https:\/\/usercentrics.com\/it\/wp-json\/wp\/v2\/types\/page"}],"author":[{"embeddable":true,"href":"https:\/\/usercentrics.com\/it\/wp-json\/wp\/v2\/users\/8"}],"replies":[{"embeddable":true,"href":"https:\/\/usercentrics.com\/it\/wp-json\/wp\/v2\/comments?post=3573"}],"version-history":[{"count":0,"href":"https:\/\/usercentrics.com\/it\/wp-json\/wp\/v2\/pages\/3573\/revisions"}],"wp:attachment":[{"href":"https:\/\/usercentrics.com\/it\/wp-json\/wp\/v2\/media?parent=3573"}],"curies":[{"name":"wp","href":"https:\/\/api.w.org\/{rel}","templated":true}]}}