{"id":3554,"date":"2020-02-10T04:22:44","date_gmt":"2020-02-10T03:22:44","guid":{"rendered":"https:\/\/stage.usercentrics.com\/?page_id=1171"},"modified":"2025-10-16T14:48:40","modified_gmt":"2025-10-16T12:48:40","slug":"informacoes-legais","status":"publish","type":"page","link":"https:\/\/usercentrics.com\/pt\/informacoes-legais\/","title":{"rendered":"Informa\u00e7\u00f5es legais"},"content":{"rendered":"\n<script>\n  window.UC_UI_SUPPRESS_CMP_DISPLAY = true;\n<\/script>\n\n\n\n<h1 class=\"wp-block-heading\" id=\"h-informacoes-legais\">Informa\u00e7\u00f5es legais<\/h1>\n\n\n<div class=\"uc-flex-row\" style=\"--padding-top: 0px; --padding-bottom: var(--wp--preset--spacing--xl);\">\n<div class=\"uc-flex-column\" style=\"--column-size: var(--column-size-5);--i:1;\">\n    \n\n<h2 class=\"wp-block-heading\" id=\"h-responsabilidade-pelo-conteudo-do-site\">Responsabilidade pelo conte\u00fado do site:<\/h2>\n\n\n\n<p>As presentes informa\u00e7\u00f5es legais valem para todos os sites operados pela Usercentrics, bem como contas de redes sociais.<\/p>\n\n\n\n<p><strong>Informa\u00e7\u00f5es sobre a empresa<\/strong><br>Usercentrics GmbH<br>Sendlingerstra\u00dfe 7<br>80331&nbsp;Munique<br>Alemanha<br>Tel.:&nbsp;<a href=\"tel:+49 89 21 54 01 20\">+ 49 89 21 54 01 20<\/a><br>e-mail:&nbsp;<a href=\"mailto:contact@usercentrics.com\">contact@usercentrics.com<\/a><\/p>\n\n\n\n<p><strong>N\u00famero de identifica\u00e7\u00e3o fiscal de identifica\u00e7\u00e3o para imposto sobre o rendimento:<br><\/strong>DE318857096&nbsp;&nbsp;<\/p>\n\n\n\n<p><strong>N\u00famero do registo comercial<br><\/strong>HRB:&nbsp;241272 | AG M\u00fcnchen<\/p>\n\n\n\n<p><strong>Respons\u00e1vel pelo conte\u00fado conforme \u00a7 18 al\u00ednea 2 do MedienStV<br><\/strong>Donna Dror<br>Sendlinger Stra\u00dfe 7 | 80331 Munique | Alemanha<\/p>\n\n\n\n<h2 class=\"wp-block-heading\" id=\"h-gestao-representado-por\">Gest\u00e3o \/ Representado por<\/h2>\n\n\n\n<p>Donna Dror, Ea Luise Andersen<\/p>\n\n<\/div>\n\n\n<div class=\"uc-flex-column\" style=\"--column-size: var(--column-size-1);--i:2;\">\n    <\/div>\n\n\n<div class=\"uc-flex-column\" style=\"--column-size: var(--column-size-6);--i:3;\">\n    \n\n<h2 class=\"wp-block-heading\" id=\"h-aviso-legal\">Aviso Legal<\/h2>\n\n\n\n<p><strong>Refer\u00eancia \u00e0 resolu\u00e7\u00e3o de lit\u00edgios da UE<\/strong><br>A Comiss\u00e3o Europeia disponibiliza uma plataforma para a resolu\u00e7\u00e3o de lit\u00edgios online (OS): https:\/\/ec.europa.eu\/consumers\/odr. O nosso e-mail pode ser encontrado aqui no aviso legal.<\/p>\n\n\n\n<p><strong>Responsabilidade pelo conte\u00fado<\/strong><br>Como prestador de servi\u00e7os, somos respons\u00e1veis pelos nossos conte\u00fados nestes sites, de acordo com as leis gerais. No entanto, enquanto prestadores de servi\u00e7os, n\u00e3o somos obrigados a monitorizar informa\u00e7\u00f5es externas transmitidas ou armazenadas ou a investigar circunst\u00e2ncias que indiquem uma atividade ilegal. As obriga\u00e7\u00f5es de remover ou bloquear a utiliza\u00e7\u00e3o de informa\u00e7\u00f5es ao abrigo da lei geral n\u00e3o s\u00e3o afetadas. No entanto, uma responsabilidade a este respeito s\u00f3 \u00e9 poss\u00edvel a partir da data de conhecimento de uma infra\u00e7\u00e3o espec\u00edfica. Ap\u00f3s notifica\u00e7\u00e3o de viola\u00e7\u00f5es apropriadas, removeremos imediatamente esse conte\u00fado.<\/p>\n\n\n\n<p><strong>Responsabilidade por links<br><\/strong>A nossa oferta cont\u00e9m links para sites externos de terceiros, sobre cujo conte\u00fado n\u00e3o temos influ\u00eancia. Por isto n\u00e3o podemos assumir responsabilidade por estes conte\u00fados. No que respeita aos&nbsp;conte\u00fados das p\u00e1ginas conectadas por link, o respectivo fornecedor ou operador das mesmas \u00e9 sempre o respons\u00e1vel. As p\u00e1ginas conectadas por link s\u00e3o verificadas no momento da cria\u00e7\u00e3o do link para detectar poss\u00edveis viola\u00e7\u00f5es da lei. No momento da cria\u00e7\u00e3o do link, n\u00e3o foram reconhecidos conte\u00fados il\u00edcitos. Um controle permanente do conte\u00fado das p\u00e1ginas conectadas por link, no entanto, n\u00e3o \u00e9 poss\u00edvel sem ind\u00edcios concretos de viola\u00e7\u00e3o da lei. No momento da tomada de ci\u00eancia de viola\u00e7\u00f5es da lei, eliminaremos amplamente tais links.<\/p>\n\n\n\n<p><strong>Direitos autorais<\/strong><br>Os conte\u00fados e obras destas p\u00e1ginas criados pelos operadores do s\u00edtio est\u00e3o sujeitos \u00e0 legisla\u00e7\u00e3o alem\u00e3 em mat\u00e9ria de direitos de autor. A reprodu\u00e7\u00e3o, processamento, distribui\u00e7\u00e3o e qualquer tipo de explora\u00e7\u00e3o fora dos limites dos direitos de autor requerem o consentimento escrito do respetivo autor ou criador. Os downloads e c\u00f3pias deste site destinam-se apenas a uso privado e n\u00e3o comercial. No que respeita aos conte\u00fados deste site que n\u00e3o foram criados pelo operador, s\u00e3o considerados os direitos de autor de terceiros. Em particular, os conte\u00fados de terceiros s\u00e3o assinalados como tal. Se tiver conhecimento de uma viola\u00e7\u00e3o de direitos de autor, solicitamos uma notifica\u00e7\u00e3o. Ap\u00f3s notifica\u00e7\u00e3o de viola\u00e7\u00e3o, removeremos imediatamente esse conte\u00fado.<\/p>\n\n<\/div>\n\n<\/div>","protected":false},"excerpt":{"rendered":"<p>Informa\u00e7\u00f5es legais<\/p>\n","protected":false},"author":8,"featured_media":0,"parent":0,"menu_order":0,"comment_status":"closed","ping_status":"closed","template":"","meta":{"_acf_changed":false,"editor_notices":[],"footnotes":""},"class_list":["post-3554","page","type-page","status-publish","hentry"],"acf":[],"yoast_head":"<title>Aviso legal | Sites e redes sociais Usercentrics<\/title>\n<meta name=\"description\" content=\"Aviso legal Usercentrics: Este aviso \u00e9 v\u00e1lido para todos os sites operados pela Usercentrics, bem como para todas as contas de m\u00eddias sociais da Usercentrics.\" \/>\n<meta name=\"robots\" content=\"index, follow, max-snippet:-1, max-image-preview:large, max-video-preview:-1\" \/>\n<link rel=\"canonical\" href=\"https:\/\/usercentrics.com\/pt\/informacoes-legais\/\" \/>\n<meta property=\"og:locale\" content=\"pt_BR\" \/>\n<meta property=\"og:type\" content=\"article\" \/>\n<meta property=\"og:title\" content=\"Aviso legal | Sites e redes sociais Usercentrics\" \/>\n<meta property=\"og:description\" content=\"Aviso legal Usercentrics: Este aviso \u00e9 v\u00e1lido para todos os sites operados pela Usercentrics, bem como para todas as contas de m\u00eddias sociais da Usercentrics.\" \/>\n<meta property=\"og:url\" content=\"https:\/\/usercentrics.com\/pt\/informacoes-legais\/\" \/>\n<meta property=\"og:site_name\" content=\"Consent Management Platform (CMP) Usercentrics\" \/>\n<meta property=\"article:publisher\" content=\"https:\/\/www.facebook.com\/usercentrics\" \/>\n<meta property=\"article:modified_time\" content=\"2025-10-16T12:48:40+00:00\" \/>\n<meta property=\"og:image\" content=\"https:\/\/usercentrics.com\/pt\/wp-content\/uploads\/sites\/3\/2024\/09\/Asset-93-100.jpg\" \/>\n\t<meta property=\"og:image:width\" content=\"1201\" \/>\n\t<meta property=\"og:image:height\" content=\"631\" \/>\n\t<meta property=\"og:image:type\" content=\"image\/jpeg\" \/>\n<meta name=\"twitter:card\" content=\"summary_large_image\" \/>\n<meta name=\"twitter:title\" content=\"Aviso legal | Sites e redes sociais Usercentrics\" \/>\n<meta name=\"twitter:site\" content=\"@usercentrics\" \/>\n<meta name=\"twitter:label1\" content=\"Est. reading time\" \/>\n\t<meta name=\"twitter:data1\" content=\"3 minutos\" \/>\n<script type=\"application\/ld+json\" class=\"yoast-schema-graph\">{\"@context\":\"https:\\\/\\\/schema.org\",\"@graph\":[{\"@type\":\"WebPage\",\"@id\":\"https:\\\/\\\/usercentrics.com\\\/pt\\\/informacoes-legais\\\/\",\"url\":\"https:\\\/\\\/usercentrics.com\\\/pt\\\/informacoes-legais\\\/\",\"name\":\"Aviso legal | Sites e redes sociais Usercentrics\",\"isPartOf\":{\"@id\":\"https:\\\/\\\/usercentrics.com\\\/pt\\\/#website\"},\"datePublished\":\"2020-02-10T03:22:44+00:00\",\"dateModified\":\"2025-10-16T12:48:40+00:00\",\"description\":\"Aviso legal Usercentrics: Este aviso \u00e9 v\u00e1lido para todos os sites operados pela Usercentrics, bem como para todas as contas de m\u00eddias sociais da Usercentrics.\",\"inLanguage\":\"pt-BR\",\"potentialAction\":[{\"@type\":\"ReadAction\",\"target\":\"https:\\\/\\\/usercentrics.com\\\/pt\\\/informacoes-legais\\\/\"}]},{\"@type\":\"WebSite\",\"@id\":\"https:\\\/\\\/usercentrics.com\\\/pt\\\/#website\",\"url\":\"https:\\\/\\\/usercentrics.com\\\/pt\\\/\",\"name\":\"Consent Management Platform (CMP) Usercentrics\",\"description\":\"Consent Management Platform (CMP) Usercentrics\",\"potentialAction\":[{\"@type\":\"SearchAction\",\"target\":{\"@type\":\"EntryPoint\",\"urlTemplate\":\"https:\\\/\\\/usercentrics.com\\\/pt\\\/?s={search_term_string}\"}}],\"inLanguage\":\"pt-BR\"}]}<\/script>","yoast_head_json":{"title":"Aviso legal | Sites e redes sociais Usercentrics","description":"Aviso legal Usercentrics: Este aviso \u00e9 v\u00e1lido para todos os sites operados pela Usercentrics, bem como para todas as contas de m\u00eddias sociais da Usercentrics.","robots":{"index":"index","follow":"follow","max-snippet":"max-snippet:-1","max-image-preview":"max-image-preview:large","max-video-preview":"max-video-preview:-1"},"canonical":"https:\/\/usercentrics.com\/pt\/informacoes-legais\/","og_locale":"pt_BR","og_type":"article","og_title":"Aviso legal | Sites e redes sociais Usercentrics","og_description":"Aviso legal Usercentrics: Este aviso \u00e9 v\u00e1lido para todos os sites operados pela Usercentrics, bem como para todas as contas de m\u00eddias sociais da Usercentrics.","og_url":"https:\/\/usercentrics.com\/pt\/informacoes-legais\/","og_site_name":"Consent Management Platform (CMP) Usercentrics","article_publisher":"https:\/\/www.facebook.com\/usercentrics","article_modified_time":"2025-10-16T12:48:40+00:00","og_image":[{"width":1201,"height":631,"url":"https:\/\/usercentrics.com\/pt\/wp-content\/uploads\/sites\/3\/2024\/09\/Asset-93-100.jpg","type":"image\/jpeg"}],"twitter_card":"summary_large_image","twitter_title":"Aviso legal | Sites e redes sociais Usercentrics","twitter_site":"@usercentrics","twitter_misc":{"Est. reading time":"3 minutos"},"schema":{"@context":"https:\/\/schema.org","@graph":[{"@type":"WebPage","@id":"https:\/\/usercentrics.com\/pt\/informacoes-legais\/","url":"https:\/\/usercentrics.com\/pt\/informacoes-legais\/","name":"Aviso legal | Sites e redes sociais Usercentrics","isPartOf":{"@id":"https:\/\/usercentrics.com\/pt\/#website"},"datePublished":"2020-02-10T03:22:44+00:00","dateModified":"2025-10-16T12:48:40+00:00","description":"Aviso legal Usercentrics: Este aviso \u00e9 v\u00e1lido para todos os sites operados pela Usercentrics, bem como para todas as contas de m\u00eddias sociais da Usercentrics.","inLanguage":"pt-BR","potentialAction":[{"@type":"ReadAction","target":"https:\/\/usercentrics.com\/pt\/informacoes-legais\/"}]},{"@type":"WebSite","@id":"https:\/\/usercentrics.com\/pt\/#website","url":"https:\/\/usercentrics.com\/pt\/","name":"Consent Management Platform (CMP) Usercentrics","description":"Consent Management Platform (CMP) Usercentrics","potentialAction":[{"@type":"SearchAction","target":{"@type":"EntryPoint","urlTemplate":"https:\/\/usercentrics.com\/pt\/?s={search_term_string}"}}],"inLanguage":"pt-BR"}]}},"_links":{"self":[{"href":"https:\/\/usercentrics.com\/pt\/wp-json\/wp\/v2\/pages\/3554","targetHints":{"allow":["GET"]}}],"collection":[{"href":"https:\/\/usercentrics.com\/pt\/wp-json\/wp\/v2\/pages"}],"about":[{"href":"https:\/\/usercentrics.com\/pt\/wp-json\/wp\/v2\/types\/page"}],"author":[{"embeddable":true,"href":"https:\/\/usercentrics.com\/pt\/wp-json\/wp\/v2\/users\/8"}],"replies":[{"embeddable":true,"href":"https:\/\/usercentrics.com\/pt\/wp-json\/wp\/v2\/comments?post=3554"}],"version-history":[{"count":0,"href":"https:\/\/usercentrics.com\/pt\/wp-json\/wp\/v2\/pages\/3554\/revisions"}],"wp:attachment":[{"href":"https:\/\/usercentrics.com\/pt\/wp-json\/wp\/v2\/media?parent=3554"}],"curies":[{"name":"wp","href":"https:\/\/api.w.org\/{rel}","templated":true}]}}