{"id":3599,"date":"2020-07-09T10:43:38","date_gmt":"2020-07-09T08:43:38","guid":{"rendered":"https:\/\/stage.usercentrics.com\/?page_id=3800"},"modified":"2024-09-17T10:53:08","modified_gmt":"2024-09-17T08:53:08","slug":"dps-scanner","status":"publish","type":"page","link":"https:\/\/usercentrics.com\/pt\/dps-scanner\/","title":{"rendered":"DPS Scanner"},"content":{"rendered":"<div class=\"bg-brand-primary-dark uc-flex-row--background-right alignfull uc-ctx--dark\" style=\"\" ><div class=\"uc-flex-row container\" style=\"--padding-top: var(--wp--preset--spacing--5-xl); --padding-bottom: var(--wp--preset--spacing--5-xl);--to: -1;\">\n<div class=\"uc-flex-column wp-elements-ded187fb49ba19c7b6f9f92523cda76f\" style=\"--column-size: var(--column-size-7);--i:1;\">\n    \n\n<h1 class=\"wp-block-heading\" id=\"h-monitore-a-coleta-de-dados-no-seu-site-24-horas-por-dia-7-dias-por-semana-para-estar-em-conformidade\">Monitore a coleta de dados no seu site 24 horas por dia, 7 dias por semana, para estar em conformidade.<\/h1>\n\n\n\n<p class=\"is-style-text-lg\">O nosso Scanner de Servi\u00e7o de Processamento de Dados \u201cDPS Scanner\u201d ajuda-o a estar conformidade com os regulamentos de RGPD. A ferramenta inteligente identifica Servi\u00e7os de Processamento de Dados (tecnologias de terceiros, por exemplo, Google Analytics) que ainda n\u00e3o foram adicionados \u00e0 sua Plataforma de Gest\u00e3o de Consentimento (CMP).<\/p>\n\n<\/div>\n\n\n<div class=\"uc-flex-column\" style=\"--column-size: var(--column-size-5);--i:2;\">\n    <\/div>\n\n<\/div><\/div>\n\n<div class=\"uc-flex-row\" style=\"--padding-top: var(--wp--preset--spacing--10-xl); --padding-bottom: var(--wp--preset--spacing--10-xl);\">\n<div class=\"uc-flex-column\" style=\"--column-size: var(--column-size-7);--i:3;\">\n    \n\n<div class=\"wp-block-group is-layout-constrained wp-block-group-is-layout-constrained\">\n<p class=\"like-label-l\">MONITORAMENTO ATRAV\u00c9S DE<br>USU\u00c1RIOS AO VIVO<\/p>\n\n\n\n<h2 class=\"wp-block-heading\" id=\"h-saiba-o-que-esta-a-acontecer\" style=\"margin-top:0;margin-bottom:var(--wp--preset--spacing--l)\">Saiba o que est\u00e1 a acontecer<\/h2>\n<\/div>\n\n\n\n<p>Talvez a sua organiza\u00e7\u00e3o seja grande e o marketing tenha contornado a lei ao implementar uma nova ferramenta ou sua ag\u00eancia n\u00e3o o manteve informado sobre as atualiza\u00e7\u00f5es. Ou uma ferramenta mudou de parceiros e, de repente, est\u00e1 incluindo parceiros externos dos quais voc\u00ea nunca ouviu falar. Nestes casos, \u00e9 poss\u00edvel que voc\u00ea n\u00e3o esteja em pleno controle, ou que desconhe\u00e7a completamente quais dados s\u00e3o transferidos para terceiros. \u00c9 por isso que criamos o Scanner de Servi\u00e7o de Processamento de Dados \u2013 o \u201cDPS Scanner\u201d.<\/p>\n\n\n\n<p>O servi\u00e7o detecta usu\u00e1rios ativos no seu site ou aplicativos e monitora os dom\u00ednios que s\u00e3o carregados durante a sua visita. <strong>Desta forma, fornecemos uma lista de todos os Servi\u00e7os de Processamento de Dados implementados no seu site.<\/strong><\/p>\n\n<\/div>\n\n\n<div class=\"uc-flex-column\" style=\"--column-size: var(--column-size-5);--i:4;\">\n    \n\n<figure class=\"wp-block-image alignright size-full is-resized\"><img loading=\"lazy\" decoding=\"async\" height=\"516\" width=\"516\" src=\"https:\/\/usercentrics.com\/wp-content\/uploads\/2024\/09\/Asset-21.svg\" alt=\"Usercentrics shield checkmark logo\" class=\"wp-image-3577\" style=\"width:500px\"\/><\/figure>\n\n<\/div>\n\n<\/div>\n\n<div class=\"uc-flex-row\" style=\"--padding-top: var(--wp--preset--spacing--5-xl); --padding-bottom: var(--wp--preset--spacing--10-xl);--to: -1;\">\n<div class=\"uc-flex-column\" style=\"--column-size: var(--column-size-7);--i:5;\">\n    \n\n<figure class=\"wp-block-image aligncenter size-full\"><img decoding=\"async\" src=\"https:\/\/usercentrics.com\/wp-content\/uploads\/2020\/10\/Screenshot-2020-10-07-at-14.16.56.png\" alt=\"\" class=\"wp-image-1297\" style=\"object-fit:cover\"\/><\/figure>\n\n<\/div>\n\n\n<div class=\"uc-flex-column\" style=\"--column-size: var(--column-size-5);--i:6;\">\n    \n\n<div class=\"wp-block-group is-layout-constrained wp-block-group-is-layout-constrained\">\n<h2 class=\"wp-block-heading\" id=\"h-como-e-que-o-nosso-scanner-dps-funciona-a-nivel-tecnico\" style=\"margin-top:0;margin-bottom:var(--wp--preset--spacing--l)\">Como \u00e9 que o nosso Scanner DPS funciona a n\u00edvel t\u00e9cnico<\/h2>\n<\/div>\n\n\n\n<p>O nosso Scanner de Servi\u00e7o de Processamento de Dados \u201cDPS Scanner\u201d recolhe dados sem ter que rastrear as p\u00e1ginas o tempo todo. Em vez disso, a ferramenta detecta os usu\u00e1rios que visitam o seu site e os dom\u00ednios carregados. Todos os dados s\u00e3o agregados e armazenados a cada 24 horas. Voc\u00ea pode consultar os resultados no dia seguinte, na Interface administrativa da Usercentrics em <strong>\u201cConfigura\u00e7\u00f5es de servi\u00e7o\u201c<\/strong> \u2192 <strong>\u201cDPS Scanner\u201d<\/strong>.<\/p>\n\n<\/div>\n\n<\/div>\n\n<div class=\"uc-flex-row\" style=\"--padding-top: var(--wp--preset--spacing--5-xl); --padding-bottom: var(--wp--preset--spacing--10-xl);\">\n<div class=\"uc-flex-column\" style=\"--column-size: var(--column-size-5);--i:7;\">\n    \n\n<div class=\"wp-block-group is-layout-constrained wp-block-group-is-layout-constrained\">\n<h2 class=\"wp-block-heading\" id=\"h-detecte-o-nosso-scanner-no-seu-site\" style=\"margin-top:0;margin-bottom:var(--wp--preset--spacing--l)\">Detecte o nosso scanner no seu site<\/h2>\n<\/div>\n\n\n\n<p>Voc\u00ea j\u00e1 deve ter notado atividades de Escaneamento e Rastreamento em seu website, provavelmente em seu servidor web e logs de refer\u00eancia.<br>O seguinte User-Agent \u00e9 usado pelo Usercentrics e voc\u00ea pode usar o mesmo para identificar e detectar todos os nossos pedidos:<\/p>\n\n\n\n<p><strong>Mozilla\/5.0 (X11; Linux x86_64) AppleWebKit\/605.1.15 (KHTML, like Gecko) Chrome\/W.X.Y.Z Safari\/605.1.15 (compatible; Usercentrics\/0.1; +http:\/\/usercentrics.com\/dps-scanner\/)<\/strong><\/p>\n\n\n\n<p><em>N\u00f3s atualizamos regularmente o nosso sistema de renderiza\u00e7\u00e3o de p\u00e1gina web para a vers\u00e3o mais recente. Portanto, o W.X.Y.Z \u00e9 um espa\u00e7o reservado que representa a vers\u00e3o do navegador Chrome usado por esse User-Agent: por exemplo, \u201c93.0.4577.82\u201d.<\/em><\/p>\n\n<\/div>\n\n\n<div class=\"uc-flex-column\" style=\"--column-size: var(--column-size-7);--i:8;\">\n    \n\n<figure class=\"wp-block-image alignright size-full\"><img decoding=\"async\" src=\"https:\/\/usercentrics.com\/wp-content\/uploads\/2020\/10\/Screenshot-2020-10-07-at-14.16.39.png\" alt=\"\" class=\"wp-image-1522\"\/><\/figure>\n\n<\/div>\n\n<\/div>\n\n<div class=\"uc-flex-row\" style=\"--padding-top: var(--wp--preset--spacing--3-xl); --padding-bottom: var(--wp--preset--spacing--10-xl);\">\n<div class=\"uc-flex-column\" style=\"--column-size: var(--column-size-8);--i:9;\">\n    \n\n<p>SERVI\u00c7OS DE PROCESSAMENTO DE DADOS<\/p>\n\n\n\n<h3 class=\"wp-block-heading\" id=\"h-determine-se-alguma-coisa-esta-faltando-na-sua-cmp\">Determine se alguma coisa<br>est\u00e1 faltando na sua CMP.<\/h3>\n\n\n\n<p><span style=\"font-weight: 400;\">Quando tivermos detectado as solicita\u00e7\u00f5es de terceiros, podemos combin\u00e1-las com a nossa base de dados de servi\u00e7o e identificar a que Servi\u00e7os de Processamento de Dados elas pertencem.<\/span><\/p>\n\n\n\n<p>A partir disso, podemos determinar se h\u00e1 uma lacuna, por exemplo, se alguma tecnologia de terceiros est\u00e1 foi acionada, mas n\u00e3o est\u00e1 inclu\u00edda na CMP. <strong>Isso constitui uma viola\u00e7\u00e3o de dados<\/strong>. Se tal lacuna for detectada, atualizamos os resultados de acordo, para que voc\u00ea <strong>possa agir imediatamente<\/strong> e adicionar todos os Servi\u00e7os de Processamento de Dados detetados.<\/p>\n\n<\/div>\n\n<\/div>\n\n<div class=\"uc-cards-slider uc-cards-slider--layout-default\">\n        <div class=\"container\">\n                            <div class=\"uc-cards-slider__heading\">\n                <div class=\"uc-cards-slider__heading__title like-h2 no-default-margin\">\n                    Nosso \u201cDPS Scanner\u201d te d\u00e1 paz de esp\u00edrito                <\/div>\n\n                            <\/div>\n                    <div class=\"uc-slider uc-slider--not-drag\" id=\"slider_69eea005b7f2d\">\n                <div class=\"uc-slider__window\">\n            <div class=\"uc-slider__track\">\n                <div class=\"uc-card-icon uc-card-icon-default uc-card-icon__size-large\">\n    <div class=\"uc-card-icon__icon image \">\n        <div class=\"uc-card-icon__icon-inner\">\n            <svg width=\"72\" height=\"72\" viewBox=\"0 0 72 72\" fill=\"none\" xmlns=\"http:\/\/www.w3.org\/2000\/svg\">\n<path fill-rule=\"evenodd\" clip-rule=\"evenodd\" d=\"M72 0V39C72 54 57 72 36 72C15 72 0 54 0 39V0H72ZM60 12H12V39C12 42.7245 14.0286 48.0581 18.6103 52.6397C23.0182 57.0476 29.0621 60 36 60C42.9379 60 48.9818 57.0476 53.3897 52.6397C57.9714 48.0581 60 42.7245 60 39V12Z\" fill=\"#00A2FF\"\/>\n<path fill-rule=\"evenodd\" clip-rule=\"evenodd\" d=\"M35.627 33L23.1582 22.6093L30.8404 13.3907L54.3716 33L30.8404 52.6093L23.1582 43.3907L35.627 33Z\" fill=\"#00A2FF\"\/>\n<\/svg>\n        <\/div>\n    <\/div>\n<div class=\"uc-card-icon__inner\">\n                    <div class=\"uc-card-icon__description\">\n            <p>Esteja atualizado sobre as tecnologias de terceiros no seu site<\/p>\n        <\/div>\n    \n            <\/div>\n<\/div>\n<div class=\"uc-card-icon uc-card-icon-default uc-card-icon__size-large\">\n    <div class=\"uc-card-icon__icon image \">\n        <div class=\"uc-card-icon__icon-inner\">\n            <svg width=\"72\" height=\"72\" viewBox=\"0 0 72 72\" fill=\"none\" xmlns=\"http:\/\/www.w3.org\/2000\/svg\">\n<path fill-rule=\"evenodd\" clip-rule=\"evenodd\" d=\"M24 18H18V27H24V18ZM54 33H48V42H54V33ZM30 18H54V27H30V18ZM42 42V33H18V42H42Z\" fill=\"#00A2FF\"\/>\n<path fill-rule=\"evenodd\" clip-rule=\"evenodd\" d=\"M72 0V39C72 54 57 72 36 72C15 72 0 54 0 39V0H72ZM60 12H12V39C12 42.7245 14.0286 48.0581 18.6103 52.6397C23.0182 57.0476 29.0621 60 36 60C42.9379 60 48.9818 57.0476 53.3897 52.6397C57.9714 48.0581 60 42.7245 60 39V12Z\" fill=\"#00A2FF\"\/>\n<\/svg>\n        <\/div>\n    <\/div>\n<div class=\"uc-card-icon__inner\">\n                    <div class=\"uc-card-icon__description\">\n            <p>Poupe recursos humanos para auditorias<br \/>\ninternas<\/p>\n        <\/div>\n    \n            <\/div>\n<\/div>\n<div class=\"uc-card-icon uc-card-icon-default uc-card-icon__size-large\">\n    <div class=\"uc-card-icon__icon image \">\n        <div class=\"uc-card-icon__icon-inner\">\n            <svg width=\"72\" height=\"72\" viewBox=\"0 0 72 72\" fill=\"none\" xmlns=\"http:\/\/www.w3.org\/2000\/svg\">\n<path d=\"M0 0V36C0 55.848 16.1519 72 36 72C55.848 72 72 55.848 72 36V0H0ZM61.3552 36C61.3552 49.9836 49.9836 61.3552 36 61.3552C22.0164 61.3552 10.6448 49.9836 10.6448 36V10.6448H61.3552V36Z\" fill=\"#00A2FF\"\/>\n<path d=\"M36.001 55.3553C47.3234 55.3553 56.5267 46.152 56.5267 34.8296H45.8819C45.8819 40.2752 41.4466 44.6982 36.0133 44.6982C30.5801 44.6982 26.1448 40.2629 26.1448 34.8296H15.5C15.5 46.152 24.7033 55.3553 36.0257 55.3553H36.001Z\" fill=\"#00A2FF\"\/>\n<\/svg>\n        <\/div>\n    <\/div>\n<div class=\"uc-card-icon__inner\">\n                    <div class=\"uc-card-icon__description\">\n            <p>Fa\u00e7a uma melhor gest\u00e3o da sua CMP ao integrar Servi\u00e7os de Processamento de Dados relevantes<\/p>\n        <\/div>\n    \n            <\/div>\n<\/div>\n            <\/div>\n        <\/div>\n    <\/div>\n            <script type=\"module\">\n            new Uc_Slider(document.querySelector(\"#slider_69eea005b7f2d\"), {\"drag_enabled\":false,\"is_qa_card\":false})\n        <\/script>\n                        <\/div>\n<\/div>\n\n\n<div id=\"uc-cta_69eea005b96c2\" class=\"uc-cta uc-cta--button alignfull uc-cta--primary uc-ctx--blue\">\n    <div class=\"uc-cta__inner container\">\n        <div class=\"uc-cta__content\">\n                                        <div class=\"uc-cta__heading no-default-margin\">SAIBA MAIS<\/div>\n                                        <div class=\"uc-cta__description\">\n                    <p>Entre em contato conosco para obter mais informa\u00e7\u00f5es sobre o DPS Scanner<\/p>\n                <\/div>\n                                                                    <\/div>\n                            <div class=\"uc-cta__section\">\n                                        <a id=\"0937a472-7921-434e-8237-ab91d01d2210\" class=\"uc-button uc-button-size-l uc-button-contained  no-default-link-decoration\" href=\"https:\/\/usercentrics.com\/pt\/marcar-consultoria\/\" target=\"\"><span>Contactar vendas<\/span><\/a><a id=\"e4991bd7-61ad-464b-ae03-024875963948\" class=\"uc-button uc-button-size-l uc-button-outlined  no-default-link-decoration\" href=\"https:\/\/usercentrics.com\/pt\/versao-gratuita\/\" target=\"\"><span>COMECE GRATUITAMENTE<\/span><\/a>                                    <\/div>\n            <\/div>\n<\/div>\n    <script type=\"module\">\n        new Uc_Cta(document.getElementById(\"uc-cta_69eea005b96c2\"));\n    <\/script>\n","protected":false},"excerpt":{"rendered":"","protected":false},"author":7,"featured_media":0,"parent":0,"menu_order":0,"comment_status":"closed","ping_status":"closed","template":"","meta":{"_acf_changed":false,"editor_notices":[],"footnotes":""},"class_list":["post-3599","page","type-page","status-publish","hentry"],"acf":[],"yoast_head":"<title>Scanner de Servi\u00e7o de Processamento de Dados (DPS Scanner)<\/title>\n<meta name=\"description\" content=\"O nosso Scanner de Servi\u00e7o de Processamento de Dados identifica os Servi\u00e7os de Processamento de Dados que ainda n\u00e3o foram adicionados \u00e0 sua Plataforma de Gest\u00e3o de Consentimento.\" \/>\n<meta name=\"robots\" content=\"index, follow, max-snippet:-1, max-image-preview:large, max-video-preview:-1\" \/>\n<link rel=\"canonical\" href=\"https:\/\/usercentrics.com\/pt\/dps-scanner\/\" \/>\n<meta property=\"og:locale\" content=\"pt_BR\" \/>\n<meta property=\"og:type\" content=\"article\" \/>\n<meta property=\"og:title\" content=\"Scanner de Servi\u00e7o de Processamento de Dados (DPS Scanner)\" \/>\n<meta property=\"og:description\" content=\"O nosso Scanner de Servi\u00e7o de Processamento de Dados identifica os Servi\u00e7os de Processamento de Dados que ainda n\u00e3o foram adicionados \u00e0 sua Plataforma de Gest\u00e3o de Consentimento.\" \/>\n<meta property=\"og:url\" content=\"https:\/\/usercentrics.com\/pt\/dps-scanner\/\" \/>\n<meta property=\"og:site_name\" content=\"Consent Management Platform (CMP) Usercentrics\" \/>\n<meta property=\"article:publisher\" content=\"https:\/\/www.facebook.com\/usercentrics\" \/>\n<meta property=\"article:modified_time\" content=\"2024-09-17T08:53:08+00:00\" \/>\n<meta property=\"og:image\" content=\"https:\/\/usercentrics.com\/pt\/wp-content\/uploads\/sites\/3\/2024\/09\/Asset-93-100.jpg\" \/>\n<meta name=\"twitter:card\" content=\"summary_large_image\" \/>\n<meta name=\"twitter:title\" content=\"Scanner de Servi\u00e7o de Processamento de Dados \u201cDPS Scanner\u201d | Usercentrics\" \/>\n<meta name=\"twitter:description\" content=\"O nosso Scanner de Servi\u00e7o de Processamento de Dados identifica os Servi\u00e7os de Processamento de Dados que ainda n\u00e3o foram adicionados \u00e0 sua Plataforma de Gest\u00e3o de Consentimento.\" \/>\n<meta name=\"twitter:site\" content=\"@usercentrics\" \/>\n<meta name=\"twitter:label1\" content=\"Est. reading time\" \/>\n\t<meta name=\"twitter:data1\" content=\"4 minutos\" \/>\n<script type=\"application\/ld+json\" class=\"yoast-schema-graph\">{\"@context\":\"https:\\\/\\\/schema.org\",\"@graph\":[{\"@type\":\"WebPage\",\"@id\":\"https:\\\/\\\/usercentrics.com\\\/pt\\\/dps-scanner\\\/\",\"url\":\"https:\\\/\\\/usercentrics.com\\\/pt\\\/dps-scanner\\\/\",\"name\":\"Scanner de Servi\u00e7o de Processamento de Dados (DPS Scanner)\",\"isPartOf\":{\"@id\":\"https:\\\/\\\/usercentrics.com\\\/pt\\\/#website\"},\"primaryImageOfPage\":{\"@id\":\"https:\\\/\\\/usercentrics.com\\\/pt\\\/dps-scanner\\\/#primaryimage\"},\"image\":{\"@id\":\"https:\\\/\\\/usercentrics.com\\\/pt\\\/dps-scanner\\\/#primaryimage\"},\"thumbnailUrl\":\"https:\\\/\\\/usercentrics.com\\\/wp-content\\\/uploads\\\/2024\\\/09\\\/Asset-21.svg\",\"datePublished\":\"2020-07-09T08:43:38+00:00\",\"dateModified\":\"2024-09-17T08:53:08+00:00\",\"description\":\"O nosso Scanner de Servi\u00e7o de Processamento de Dados identifica os Servi\u00e7os de Processamento de Dados que ainda n\u00e3o foram adicionados \u00e0 sua Plataforma de Gest\u00e3o de Consentimento.\",\"inLanguage\":\"pt-BR\",\"potentialAction\":[{\"@type\":\"ReadAction\",\"target\":\"https:\\\/\\\/usercentrics.com\\\/pt\\\/dps-scanner\\\/\"}]},{\"@type\":\"ImageObject\",\"inLanguage\":\"pt-BR\",\"@id\":\"https:\\\/\\\/usercentrics.com\\\/pt\\\/dps-scanner\\\/#primaryimage\",\"url\":\"https:\\\/\\\/usercentrics.com\\\/wp-content\\\/uploads\\\/2024\\\/09\\\/Asset-21.svg\",\"contentUrl\":\"https:\\\/\\\/usercentrics.com\\\/wp-content\\\/uploads\\\/2024\\\/09\\\/Asset-21.svg\",\"copyrightNotice\":\"\u00a9 Copyright 2026 Usercentrics GmbH\",\"creator\":{\"@type\":\"Organization\",\"name\":\"Usercentrics GmbH\"},\"creditText\":\"Image: Usercentrics GmbH\"},{\"@type\":\"WebSite\",\"@id\":\"https:\\\/\\\/usercentrics.com\\\/pt\\\/#website\",\"url\":\"https:\\\/\\\/usercentrics.com\\\/pt\\\/\",\"name\":\"Consent Management Platform (CMP) Usercentrics\",\"description\":\"Consent Management Platform (CMP) Usercentrics\",\"potentialAction\":[{\"@type\":\"SearchAction\",\"target\":{\"@type\":\"EntryPoint\",\"urlTemplate\":\"https:\\\/\\\/usercentrics.com\\\/pt\\\/?s={search_term_string}\"}}],\"inLanguage\":\"pt-BR\"}]}<\/script>","yoast_head_json":{"title":"Scanner de Servi\u00e7o de Processamento de Dados (DPS Scanner)","description":"O nosso Scanner de Servi\u00e7o de Processamento de Dados identifica os Servi\u00e7os de Processamento de Dados que ainda n\u00e3o foram adicionados \u00e0 sua Plataforma de Gest\u00e3o de Consentimento.","robots":{"index":"index","follow":"follow","max-snippet":"max-snippet:-1","max-image-preview":"max-image-preview:large","max-video-preview":"max-video-preview:-1"},"canonical":"https:\/\/usercentrics.com\/pt\/dps-scanner\/","og_locale":"pt_BR","og_type":"article","og_title":"Scanner de Servi\u00e7o de Processamento de Dados (DPS Scanner)","og_description":"O nosso Scanner de Servi\u00e7o de Processamento de Dados identifica os Servi\u00e7os de Processamento de Dados que ainda n\u00e3o foram adicionados \u00e0 sua Plataforma de Gest\u00e3o de Consentimento.","og_url":"https:\/\/usercentrics.com\/pt\/dps-scanner\/","og_site_name":"Consent Management Platform (CMP) Usercentrics","article_publisher":"https:\/\/www.facebook.com\/usercentrics","article_modified_time":"2024-09-17T08:53:08+00:00","og_image":[{"url":"https:\/\/usercentrics.com\/pt\/wp-content\/uploads\/sites\/3\/2024\/09\/Asset-93-100.jpg","type":"","width":"","height":""}],"twitter_card":"summary_large_image","twitter_title":"Scanner de Servi\u00e7o de Processamento de Dados \u201cDPS Scanner\u201d | Usercentrics","twitter_description":"O nosso Scanner de Servi\u00e7o de Processamento de Dados identifica os Servi\u00e7os de Processamento de Dados que ainda n\u00e3o foram adicionados \u00e0 sua Plataforma de Gest\u00e3o de Consentimento.","twitter_site":"@usercentrics","twitter_misc":{"Est. reading time":"4 minutos"},"schema":{"@context":"https:\/\/schema.org","@graph":[{"@type":"WebPage","@id":"https:\/\/usercentrics.com\/pt\/dps-scanner\/","url":"https:\/\/usercentrics.com\/pt\/dps-scanner\/","name":"Scanner de Servi\u00e7o de Processamento de Dados (DPS Scanner)","isPartOf":{"@id":"https:\/\/usercentrics.com\/pt\/#website"},"primaryImageOfPage":{"@id":"https:\/\/usercentrics.com\/pt\/dps-scanner\/#primaryimage"},"image":{"@id":"https:\/\/usercentrics.com\/pt\/dps-scanner\/#primaryimage"},"thumbnailUrl":"https:\/\/usercentrics.com\/wp-content\/uploads\/2024\/09\/Asset-21.svg","datePublished":"2020-07-09T08:43:38+00:00","dateModified":"2024-09-17T08:53:08+00:00","description":"O nosso Scanner de Servi\u00e7o de Processamento de Dados identifica os Servi\u00e7os de Processamento de Dados que ainda n\u00e3o foram adicionados \u00e0 sua Plataforma de Gest\u00e3o de Consentimento.","inLanguage":"pt-BR","potentialAction":[{"@type":"ReadAction","target":"https:\/\/usercentrics.com\/pt\/dps-scanner\/"}]},{"@type":"ImageObject","inLanguage":"pt-BR","@id":"https:\/\/usercentrics.com\/pt\/dps-scanner\/#primaryimage","url":"https:\/\/usercentrics.com\/wp-content\/uploads\/2024\/09\/Asset-21.svg","contentUrl":"https:\/\/usercentrics.com\/wp-content\/uploads\/2024\/09\/Asset-21.svg","copyrightNotice":"\u00a9 Copyright 2026 Usercentrics GmbH","creator":{"@type":"Organization","name":"Usercentrics GmbH"},"creditText":"Image: Usercentrics GmbH"},{"@type":"WebSite","@id":"https:\/\/usercentrics.com\/pt\/#website","url":"https:\/\/usercentrics.com\/pt\/","name":"Consent Management Platform (CMP) Usercentrics","description":"Consent Management Platform (CMP) Usercentrics","potentialAction":[{"@type":"SearchAction","target":{"@type":"EntryPoint","urlTemplate":"https:\/\/usercentrics.com\/pt\/?s={search_term_string}"}}],"inLanguage":"pt-BR"}]}},"_links":{"self":[{"href":"https:\/\/usercentrics.com\/pt\/wp-json\/wp\/v2\/pages\/3599","targetHints":{"allow":["GET"]}}],"collection":[{"href":"https:\/\/usercentrics.com\/pt\/wp-json\/wp\/v2\/pages"}],"about":[{"href":"https:\/\/usercentrics.com\/pt\/wp-json\/wp\/v2\/types\/page"}],"author":[{"embeddable":true,"href":"https:\/\/usercentrics.com\/pt\/wp-json\/wp\/v2\/users\/7"}],"replies":[{"embeddable":true,"href":"https:\/\/usercentrics.com\/pt\/wp-json\/wp\/v2\/comments?post=3599"}],"version-history":[{"count":0,"href":"https:\/\/usercentrics.com\/pt\/wp-json\/wp\/v2\/pages\/3599\/revisions"}],"wp:attachment":[{"href":"https:\/\/usercentrics.com\/pt\/wp-json\/wp\/v2\/media?parent=3599"}],"curies":[{"name":"wp","href":"https:\/\/api.w.org\/{rel}","templated":true}]}}