{"id":3603,"date":"2020-07-09T13:28:31","date_gmt":"2020-07-09T11:28:31","guid":{"rendered":"https:\/\/stage.usercentrics.com\/?page_id=3822"},"modified":"2024-09-19T13:18:21","modified_gmt":"2024-09-19T11:18:21","slug":"smart-data-protector","status":"publish","type":"page","link":"https:\/\/usercentrics.com\/pt\/smart-data-protector\/","title":{"rendered":"Smart Data Protector"},"content":{"rendered":"<div class=\"alignfull uc-blog-hero uc-blog-hero--has-image uc-blog-hero--layout-product uc-ctx--blue\" data-id=\"blog_hero_69ec94ff0b8e3\">\n        <div class=\"uc-blog-hero__inner\">\n        <div class=\"uc-blog-hero__text\">\n                                            <h1 class=\"uc-blog-hero__title like-h1-upper no-default-margin\"> Bloqueio autom\u00e1tico das solicita\u00e7\u00f5es de terceiros<\/h1>                                    <div class=\"uc-blog-hero__description\">Solucionado com rapidez e seguran\u00e7a: com nosso Protetor Inteligente de Dados, voc\u00ea impede a transfer\u00eancia de dados de usu\u00e1rios a terceiros at\u00e9 que o usu\u00e1rio d\u00ea seu consentimento para isto.<\/div>\n                                                                                    <div class=\"uc-blog-hero__buttons\">\n                        <a id=\"1615374a-b1e6-49f7-ac39-6adc3416ea49\" class=\"uc-button uc-button-size-l uc-button-contained  no-default-link-decoration\" href=\"#smart-data-protector-demo\" target=\"\"><span>Consulte agora<\/span><\/a>                    <\/div>\n                                                                        <\/div>\n                            <div class=\"uc-blog-hero__background\">\n                                                    <div class=\"uc-blog-hero__shield-clip\" aria-hidden=\"true\">\n                        <div class=\"uc-blog-hero__shield\">\n                            <svg width=\"1066\" height=\"1066\" viewBox=\"0 0 1066 1066\" fill=\"none\" xmlns=\"http:\/\/www.w3.org\/2000\/svg\">\n    <path fill-rule=\"evenodd\" clip-rule=\"evenodd\" d=\"M599.625 466.78H466.375V532.537C466.375 569.365 496.204 599.22 533 599.22C569.796 599.22 599.625 569.365 599.625 532.537V466.78ZM440.465 440.848V532.537C440.465 583.687 481.894 625.152 533 625.152C584.106 625.152 625.535 583.687 625.535 532.537V440.848H440.465Z\" fill=\"url(#paint0_linear_360_97)\"\/>\n    <path fill-rule=\"evenodd\" clip-rule=\"evenodd\" d=\"M662.549 403.802H403.451V532.537C403.451 604.147 461.452 662.198 533 662.198C604.548 662.198 662.549 604.147 662.549 532.537V403.802ZM377.542 377.87V532.537C377.542 618.469 447.143 688.13 533 688.13C618.857 688.13 688.458 618.469 688.458 532.537V377.87H377.542Z\" fill=\"url(#paint1_linear_360_97)\"\/>\n    <path fill-rule=\"evenodd\" clip-rule=\"evenodd\" d=\"M725.472 340.824H340.528V532.537C340.528 638.929 426.701 725.176 533 725.176C639.299 725.176 725.472 638.929 725.472 532.537V340.824ZM314.618 314.891V532.537C314.618 653.251 412.391 751.109 533 751.109C653.609 751.109 751.382 653.251 751.382 532.537V314.891H314.618Z\" fill=\"url(#paint2_linear_360_97)\"\/>\n    <path fill-rule=\"evenodd\" clip-rule=\"evenodd\" d=\"M788.396 277.845H277.604V532.537C277.604 673.711 391.949 788.155 533 788.155C674.051 788.155 788.396 673.711 788.396 532.537V277.845ZM251.694 251.913V532.537C251.694 688.033 377.639 814.087 533 814.087C688.361 814.087 814.306 688.033 814.306 532.537V251.913H251.694Z\" fill=\"url(#paint3_linear_360_97)\"\/>\n    <path fill-rule=\"evenodd\" clip-rule=\"evenodd\" d=\"M851.319 214.867H214.681V532.537C214.681 708.493 357.197 851.133 533 851.133C708.803 851.133 851.319 708.493 851.319 532.537V214.867ZM188.771 188.935V532.537C188.771 722.815 342.887 877.065 533 877.065C723.112 877.065 877.229 722.815 877.229 532.537V188.935H188.771Z\" fill=\"url(#paint4_linear_360_97)\"\/>\n    <path fill-rule=\"evenodd\" clip-rule=\"evenodd\" d=\"M914.243 151.889H151.757V532.537C151.757 743.275 322.445 914.111 533 914.111C743.555 914.111 914.243 743.275 914.243 532.537V151.889ZM125.847 125.957V532.537C125.847 757.597 308.136 940.043 533 940.043C757.864 940.043 940.153 757.597 940.153 532.537V125.957H125.847Z\" fill=\"url(#paint5_linear_360_97)\"\/>\n    <path fill-rule=\"evenodd\" clip-rule=\"evenodd\" d=\"M977.167 88.9105H88.8333V532.537C88.8333 778.057 287.694 977.09 533 977.09C778.306 977.09 977.167 778.057 977.167 532.537V88.9105ZM62.9236 62.9783V532.537C62.9236 792.378 273.384 1003.02 533 1003.02C792.616 1003.02 1003.08 792.379 1003.08 532.537V62.9783H62.9236Z\" fill=\"url(#paint6_linear_360_97)\"\/>\n    <path fill-rule=\"evenodd\" clip-rule=\"evenodd\" d=\"M1040.09 25.9322H25.9097V532.537C25.9097 812.838 252.942 1040.07 533 1040.07C813.058 1040.07 1040.09 812.838 1040.09 532.537V25.9322ZM0 0V532.537C0 827.16 238.632 1066 533 1066C827.368 1066 1066 827.16 1066 532.537V0H0Z\" fill=\"url(#paint7_linear_360_97)\"\/>\n    <defs>\n        <linearGradient id=\"paint0_linear_360_97\" x1=\"440.465\" y1=\"440.848\" x2=\"624.768\" y2=\"625.916\" gradientUnits=\"userSpaceOnUse\">\n            <stop stop-color=\"white\" stop-opacity=\"0.05\"\/>\n            <stop offset=\"1\" stop-color=\"white\" stop-opacity=\"0.5\"\/>\n        <\/linearGradient>\n        <linearGradient id=\"paint1_linear_360_97\" x1=\"377.542\" y1=\"377.87\" x2=\"687.802\" y2=\"688.786\" gradientUnits=\"userSpaceOnUse\">\n            <stop stop-color=\"white\" stop-opacity=\"0.05\"\/>\n            <stop offset=\"1\" stop-color=\"white\" stop-opacity=\"0.5\"\/>\n        <\/linearGradient>\n        <linearGradient id=\"paint2_linear_360_97\" x1=\"314.618\" y1=\"314.891\" x2=\"750.835\" y2=\"751.655\" gradientUnits=\"userSpaceOnUse\">\n            <stop stop-color=\"white\" stop-opacity=\"0.05\"\/>\n            <stop offset=\"1\" stop-color=\"white\" stop-opacity=\"0.5\"\/>\n        <\/linearGradient>\n        <linearGradient id=\"paint3_linear_360_97\" x1=\"251.694\" y1=\"251.913\" x2=\"813.868\" y2=\"814.524\" gradientUnits=\"userSpaceOnUse\">\n            <stop stop-color=\"white\" stop-opacity=\"0.05\"\/>\n            <stop offset=\"1\" stop-color=\"white\" stop-opacity=\"0.5\"\/>\n        <\/linearGradient>\n        <linearGradient id=\"paint4_linear_360_97\" x1=\"188.771\" y1=\"188.935\" x2=\"876.901\" y2=\"877.393\" gradientUnits=\"userSpaceOnUse\">\n            <stop stop-color=\"white\" stop-opacity=\"0.05\"\/>\n            <stop offset=\"1\" stop-color=\"white\" stop-opacity=\"0.5\"\/>\n        <\/linearGradient>\n        <linearGradient id=\"paint5_linear_360_97\" x1=\"125.847\" y1=\"125.957\" x2=\"939.934\" y2=\"940.262\" gradientUnits=\"userSpaceOnUse\">\n            <stop stop-color=\"white\" stop-opacity=\"0.05\"\/>\n            <stop offset=\"1\" stop-color=\"white\" stop-opacity=\"0.5\"\/>\n        <\/linearGradient>\n        <linearGradient id=\"paint6_linear_360_97\" x1=\"62.9236\" y1=\"62.9783\" x2=\"1002.97\" y2=\"1003.13\" gradientUnits=\"userSpaceOnUse\">\n            <stop stop-color=\"white\" stop-opacity=\"0.05\"\/>\n            <stop offset=\"1\" stop-color=\"white\" stop-opacity=\"0.5\"\/>\n        <\/linearGradient>\n        <linearGradient id=\"paint7_linear_360_97\" x1=\"0\" y1=\"0\" x2=\"1066\" y2=\"1066\" gradientUnits=\"userSpaceOnUse\">\n            <stop stop-color=\"white\" stop-opacity=\"0.05\"\/>\n            <stop offset=\"1\" stop-color=\"white\" stop-opacity=\"0.5\"\/>\n        <\/linearGradient>\n    <\/defs>\n<\/svg>\n                        <\/div>\n                    <\/div>\n                                                                                    <div class=\"uc-blog-hero__image-wp\">\n                                                                                                                        <img decoding=\"async\" fetchpriority='high'class=\"uc-blog-hero__image\" src=\"https:\/\/usercentrics.com\/pt\/wp-content\/uploads\/sites\/3\/2024\/09\/Property-1Hero.svg?v=3f45381c5170fda1\" width=\"752\" height=\"628\" alt=\"\">                                                                                                        <\/div>\n                                                                            <\/div>\n                    <\/div>\n    <\/div>\n\n\n<div class=\"uc-flex-row\" style=\"--padding-top: 0px; --padding-bottom: 0px;\">\n<div class=\"uc-flex-column\" style=\"--column-size: var(--column-size-6);--i:1;\">\n    \n\n<figure class=\"wp-block-image aligncenter size-full is-resized\"><img decoding=\"async\" src=\"https:\/\/usercentrics.com\/wp-content\/uploads\/2024\/09\/Property-1SMART-BLOCKING-1.svg\" alt=\"\" class=\"wp-image-6995\" style=\"width:656px;height:auto\"\/><\/figure>\n\n<\/div>\n\n\n<div class=\"uc-flex-column\" style=\"--column-size: var(--column-size-6);--i:2;\">\n    \n\n<p class=\"like-label-l\">BLOQUEIO INTELIGENTE<\/p>\n\n\n\n<h3 class=\"wp-block-heading\" id=\"h-mostre-aos-usuarios-para-o-que-seu-consentimento-e-necessario\" style=\"margin-top:0;margin-bottom:0\">Mostre aos usu\u00e1rios para o que seu consentimento \u00e9 necess\u00e1rio!<\/h3>\n\n\n<p class=\"like-text-lg\">O Protetor Inteligente de Dados Usercentrics \u00e9 uma fun\u00e7\u00e3o que bloqueia tecnologias de terceiros que voc\u00ea adicionou ao seu site, ativando somente para usu\u00e1rios que deram seu consentimento por meio da CMP.<\/p>\n<p class=\"like-text-lg\">Se, por exemplo, o iFrame de um v\u00eddeo do YouTube for incorporado em seu site, o Protetor Inteligente de Dados impede que sejam enviados dados ao servidor do YouTube at\u00e9 que seja dado o consentimento.<\/p>\n<p class=\"like-text-lg\">Al\u00e9m disso, nosso servi\u00e7o de Proxy de Privacidade disponibiliza aos usu\u00e1rios uma pr\u00e9via do v\u00eddeo.<\/p>\n\n<\/div>\n\n<\/div>\n\n<div class=\"uc-flex-row\" style=\"--padding-top: 0px; --padding-bottom: 0px;\">\n<div class=\"uc-flex-column\" style=\"--column-size: var(--column-size-12);--i:3;\">\n    \n<a id=\"5ff214c5-d6d1-427a-aceb-98d9ce559f8c\" class=\"uc-button uc-button-size-l uc-button-contained  no-default-link-decoration uc-button-center\" href=\"#smart-data-protector-demo\" target=\"\"><span>Consulte agora<\/span><\/a>\n<\/div>\n\n<\/div>\n\n<div class=\"uc-flex-row\" style=\"--padding-top: 0px; --padding-bottom: 0px;\">\n<div class=\"uc-flex-column\" style=\"--column-size: var(--column-size-6);--i:4;\">\n    \n\n<p class=\"like-label-l\">PROXY DE PRIVACIDADE<\/p>\n\n\n\n<h3 class=\"wp-block-heading\" id=\"h-possibilite-opt-ins-contextuais\" style=\"margin-top:0;margin-bottom:0\">Possibilite opt-ins contextuais<\/h3>\n\n\n<p class=\"like-text-lg\">Nosso Proxy de Privacidade oferece aos usu\u00e1rios um incentivo ao opt-in, pois eles podem consentir durante a navega\u00e7\u00e3o pelo site, diretamente pela camada de consentimento.<\/p>\n<p class=\"like-text-lg\"><strong>A vantagem<\/strong>: seus usu\u00e1rios visualizam uma parte do conte\u00fado e, com isso, s\u00e3o incentivados a interagir com a camada de consentimento na pr\u00e9via.<\/p>\n<p class=\"like-text-lg\">A pr\u00e9via \u00e9 disponibilizada por nossos servidores, ent\u00e3o, n\u00e3o haver\u00e1 mais pedidos de dados saindo de seu site aos servidores de terceiros.<\/p>\n\n<\/div>\n\n\n<div class=\"uc-flex-column\" style=\"--column-size: var(--column-size-6);--i:5;\">\n    \n\n<figure class=\"wp-block-image aligncenter size-full is-resized\"><img decoding=\"async\" src=\"https:\/\/usercentrics.com\/wp-content\/uploads\/2024\/09\/Property-1PRIVACY-PROXY-1.svg\" alt=\"\" class=\"wp-image-6997\" style=\"width:592px;height:auto\"\/><\/figure>\n\n<\/div>\n\n<\/div>\n\n<div class=\"uc-flex-row\" style=\"--padding-top: 0px; --padding-bottom: 0px;\">\n<div class=\"uc-flex-column\" style=\"--column-size: var(--column-size-12);--i:6;\">\n    \n\n<h2 class=\"wp-block-heading has-text-align-center\" id=\"h-outras-vantagens-do-protetor-inteligente-de-dados\" style=\"margin-top:0;margin-bottom:0;padding-top:0;padding-bottom:0\">Outras vantagens do Protetor Inteligente de Dados<\/h2>\n\n<\/div>\n\n\n<div class=\"uc-flex-column\" style=\"--column-size: var(--column-size-4);--i:7;align-self:flex-start;\">\n    \n<div class=\"uc-icon-number uc-icon-number--size-default\"><div class=\"uc-icon-number__icon uc-icon-number__icon--type-image\">\n                        <img decoding=\"async\" width=\"24\" height=\"24\" src=\"https:\/\/usercentrics.com\/pt\/wp-content\/uploads\/sites\/3\/2024\/09\/LaptopUsercentrics.svg?v=a6895b1e7d2a3a87\" class=\"attachment-full size-full\" alt=\"\" loading=\"lazy\" aria-hidden=\"true\" \/>            <\/div>\n    <div class=\"uc-icon-number__title\">Impede o envio de dados de usu\u00e1rios a terceiros<\/div>\n\n\n\n<\/div>\n<\/div>\n\n\n<div class=\"uc-flex-column\" style=\"--column-size: var(--column-size-4);--i:8;\">\n    \n<div class=\"uc-icon-number uc-icon-number--size-default\"><div class=\"uc-icon-number__icon uc-icon-number__icon--type-image\">\n                        <img decoding=\"async\" width=\"56\" height=\"56\" src=\"https:\/\/usercentrics.com\/pt\/wp-content\/uploads\/sites\/3\/2024\/09\/Certified-data-expertise.svg?v=a9a988daa634d73f\" class=\"attachment-full size-full\" alt=\"\" loading=\"lazy\" aria-hidden=\"true\" \/>            <\/div>\n    <div class=\"uc-icon-number__title\">Oferece prote\u00e7\u00e3o adicional para os dados dos usu\u00e1rios<\/div>\n\n\n\n<\/div>\n<\/div>\n\n\n<div class=\"uc-flex-column\" style=\"--column-size: var(--column-size-4);--i:9;\">\n    \n<div class=\"uc-icon-number uc-icon-number--size-default\"><div class=\"uc-icon-number__icon uc-icon-number__icon--type-image\">\n                        <img decoding=\"async\" width=\"24\" height=\"24\" src=\"https:\/\/usercentrics.com\/pt\/wp-content\/uploads\/sites\/3\/2024\/09\/File-Text-icon.svg?v=dedb82232a7da9da\" class=\"attachment-full size-full\" alt=\"\" loading=\"lazy\" aria-hidden=\"true\" \/>            <\/div>\n    <div class=\"uc-icon-number__title\">Melhora a experi\u00eancia do usu\u00e1rio por meio da camada de consentimento<\/div>\n\n\n\n<\/div>\n<\/div>\n\n<\/div>\n\n<div class=\"uc-flex-row--background-right\" style=\"\" ><div class=\"uc-flex-row container\" style=\"--padding-top: 0px; --padding-bottom: 0px;\">\n<div class=\"uc-flex-column\" style=\"--column-size: var(--column-size-12);--i:10;\">\n    \n\n<p id=\"smart-data-protector-demo\"><\/p>\n\n<\/div>\n\n\n<div class=\"uc-flex-column\" style=\"--column-size: var(--column-size-12);--i:11;\">\n    \n<div id=\"uc-cta_69ec94ff18d38\" class=\"uc-cta uc-cta--button alignfull uc-cta--primary uc-ctx--blue\">\n    <div class=\"uc-cta__inner container\">\n        <div class=\"uc-cta__content\">\n                                        <div class=\"uc-cta__heading no-default-margin\">Entre em contato com nossos especialistas<\/div>\n                                        <div class=\"uc-cta__description\">\n                    <p>Iremos responder suas d\u00favidas e ajudar voc\u00ea a se familiarizar com a Usercentrics.<br \/>\nQuer ser nosso parceiro?\u00a0<a class=\"mfp-iframe lightbox-added\" href=\"https:\/\/ucoldstg.wpenginepowered.com\/pt\/formulario-parceiro\/?iframe=true\" rel=\"nofollow\">Candidate-se aqui<\/a><\/p>\n                <\/div>\n                                                                    <\/div>\n                            <div class=\"uc-cta__section\">\n                                        <a id=\"8ae204ae-f32b-40dc-89a4-25ec9be788b9\" class=\"uc-button uc-button-size-l uc-button-contained  no-default-link-decoration\" href=\"\/pt\/marcar-consultoria\/\" target=\"\"><span>Contactar vendas<\/span><\/a><a id=\"23841f27-3e10-42b6-899a-216b3b875f22\" class=\"uc-button uc-button-size-l uc-button-outlined  no-default-link-decoration\" href=\"\/pt\/versao-gratuita\/\" target=\"\"><span>COMECE GRATUITAMENTE<\/span><\/a>                                    <\/div>\n            <\/div>\n<\/div>\n    <script type=\"module\">\n        new Uc_Cta(document.getElementById(\"uc-cta_69ec94ff18d38\"));\n    <\/script>\n\n<\/div>\n\n<\/div><\/div>","protected":false},"excerpt":{"rendered":"","protected":false},"author":7,"featured_media":0,"parent":0,"menu_order":0,"comment_status":"closed","ping_status":"closed","template":"","meta":{"_acf_changed":false,"editor_notices":[],"footnotes":""},"class_list":["post-3603","page","type-page","status-publish","hentry"],"acf":[],"yoast_head":"<title>Protetor Inteligente de Dados | Usercentrics<\/title>\n<meta name=\"description\" content=\"Seja r\u00e1pido e seguro com nosso Protetor Inteligente de Dados. Evite qualquer transfer\u00eancia de dados de usu\u00e1rio a terceiros at\u00e9 que o usu\u00e1rio d\u00ea seu consentimento para isto.\" \/>\n<meta name=\"robots\" content=\"index, follow, max-snippet:-1, max-image-preview:large, max-video-preview:-1\" \/>\n<link rel=\"canonical\" href=\"https:\/\/usercentrics.com\/pt\/smart-data-protector\/\" \/>\n<meta property=\"og:locale\" content=\"pt_BR\" \/>\n<meta property=\"og:type\" content=\"article\" \/>\n<meta property=\"og:title\" content=\"Protetor Inteligente de Dados | Usercentrics\" \/>\n<meta property=\"og:description\" content=\"Seja r\u00e1pido e seguro com nosso Protetor Inteligente de Dados. Evite qualquer transfer\u00eancia de dados de usu\u00e1rio a terceiros at\u00e9 que o usu\u00e1rio d\u00ea seu consentimento para isto.\" \/>\n<meta property=\"og:url\" content=\"https:\/\/usercentrics.com\/pt\/smart-data-protector\/\" \/>\n<meta property=\"og:site_name\" content=\"Consent Management Platform (CMP) Usercentrics\" \/>\n<meta property=\"article:publisher\" content=\"https:\/\/www.facebook.com\/usercentrics\" \/>\n<meta property=\"article:modified_time\" content=\"2024-09-19T11:18:21+00:00\" \/>\n<meta property=\"og:image\" content=\"https:\/\/usercentrics.com\/pt\/wp-content\/uploads\/sites\/3\/2024\/09\/Asset-93-100.jpg\" \/>\n<meta name=\"twitter:card\" content=\"summary_large_image\" \/>\n<meta name=\"twitter:title\" content=\"Protetor Inteligente de Dados | Usercentrics\" \/>\n<meta name=\"twitter:description\" content=\"Seja r\u00e1pido e seguro com nosso Protetor Inteligente de Dados. Evite qualquer transfer\u00eancia de dados de usu\u00e1rio a terceiros at\u00e9 que o usu\u00e1rio d\u00ea seu consentimento para isto.\" \/>\n<meta name=\"twitter:site\" content=\"@usercentrics\" \/>\n<meta name=\"twitter:label1\" content=\"Est. reading time\" \/>\n\t<meta name=\"twitter:data1\" content=\"2 minutos\" \/>\n<script type=\"application\/ld+json\" class=\"yoast-schema-graph\">{\"@context\":\"https:\\\/\\\/schema.org\",\"@graph\":[{\"@type\":\"WebPage\",\"@id\":\"https:\\\/\\\/usercentrics.com\\\/pt\\\/smart-data-protector\\\/\",\"url\":\"https:\\\/\\\/usercentrics.com\\\/pt\\\/smart-data-protector\\\/\",\"name\":\"Protetor Inteligente de Dados | Usercentrics\",\"isPartOf\":{\"@id\":\"https:\\\/\\\/usercentrics.com\\\/pt\\\/#website\"},\"primaryImageOfPage\":{\"@id\":\"https:\\\/\\\/usercentrics.com\\\/pt\\\/smart-data-protector\\\/#primaryimage\"},\"image\":{\"@id\":\"https:\\\/\\\/usercentrics.com\\\/pt\\\/smart-data-protector\\\/#primaryimage\"},\"thumbnailUrl\":\"https:\\\/\\\/usercentrics.com\\\/wp-content\\\/uploads\\\/2024\\\/09\\\/Property-1SMART-BLOCKING-1.svg\",\"datePublished\":\"2020-07-09T11:28:31+00:00\",\"dateModified\":\"2024-09-19T11:18:21+00:00\",\"description\":\"Seja r\u00e1pido e seguro com nosso Protetor Inteligente de Dados. Evite qualquer transfer\u00eancia de dados de usu\u00e1rio a terceiros at\u00e9 que o usu\u00e1rio d\u00ea seu consentimento para isto.\",\"inLanguage\":\"pt-BR\",\"potentialAction\":[{\"@type\":\"ReadAction\",\"target\":\"https:\\\/\\\/usercentrics.com\\\/pt\\\/smart-data-protector\\\/\"}]},{\"@type\":\"ImageObject\",\"inLanguage\":\"pt-BR\",\"@id\":\"https:\\\/\\\/usercentrics.com\\\/pt\\\/smart-data-protector\\\/#primaryimage\",\"url\":\"https:\\\/\\\/usercentrics.com\\\/wp-content\\\/uploads\\\/2024\\\/09\\\/Property-1SMART-BLOCKING-1.svg\",\"contentUrl\":\"https:\\\/\\\/usercentrics.com\\\/wp-content\\\/uploads\\\/2024\\\/09\\\/Property-1SMART-BLOCKING-1.svg\",\"copyrightNotice\":\"\u00a9 Copyright 2026 Usercentrics GmbH\",\"creator\":{\"@type\":\"Organization\",\"name\":\"Usercentrics GmbH\"},\"creditText\":\"Image: Usercentrics GmbH\"},{\"@type\":\"WebSite\",\"@id\":\"https:\\\/\\\/usercentrics.com\\\/pt\\\/#website\",\"url\":\"https:\\\/\\\/usercentrics.com\\\/pt\\\/\",\"name\":\"Consent Management Platform (CMP) Usercentrics\",\"description\":\"Consent Management Platform (CMP) Usercentrics\",\"potentialAction\":[{\"@type\":\"SearchAction\",\"target\":{\"@type\":\"EntryPoint\",\"urlTemplate\":\"https:\\\/\\\/usercentrics.com\\\/pt\\\/?s={search_term_string}\"}}],\"inLanguage\":\"pt-BR\"}]}<\/script>","yoast_head_json":{"title":"Protetor Inteligente de Dados | Usercentrics","description":"Seja r\u00e1pido e seguro com nosso Protetor Inteligente de Dados. Evite qualquer transfer\u00eancia de dados de usu\u00e1rio a terceiros at\u00e9 que o usu\u00e1rio d\u00ea seu consentimento para isto.","robots":{"index":"index","follow":"follow","max-snippet":"max-snippet:-1","max-image-preview":"max-image-preview:large","max-video-preview":"max-video-preview:-1"},"canonical":"https:\/\/usercentrics.com\/pt\/smart-data-protector\/","og_locale":"pt_BR","og_type":"article","og_title":"Protetor Inteligente de Dados | Usercentrics","og_description":"Seja r\u00e1pido e seguro com nosso Protetor Inteligente de Dados. Evite qualquer transfer\u00eancia de dados de usu\u00e1rio a terceiros at\u00e9 que o usu\u00e1rio d\u00ea seu consentimento para isto.","og_url":"https:\/\/usercentrics.com\/pt\/smart-data-protector\/","og_site_name":"Consent Management Platform (CMP) Usercentrics","article_publisher":"https:\/\/www.facebook.com\/usercentrics","article_modified_time":"2024-09-19T11:18:21+00:00","og_image":[{"url":"https:\/\/usercentrics.com\/pt\/wp-content\/uploads\/sites\/3\/2024\/09\/Asset-93-100.jpg","type":"","width":"","height":""}],"twitter_card":"summary_large_image","twitter_title":"Protetor Inteligente de Dados | Usercentrics","twitter_description":"Seja r\u00e1pido e seguro com nosso Protetor Inteligente de Dados. Evite qualquer transfer\u00eancia de dados de usu\u00e1rio a terceiros at\u00e9 que o usu\u00e1rio d\u00ea seu consentimento para isto.","twitter_site":"@usercentrics","twitter_misc":{"Est. reading time":"2 minutos"},"schema":{"@context":"https:\/\/schema.org","@graph":[{"@type":"WebPage","@id":"https:\/\/usercentrics.com\/pt\/smart-data-protector\/","url":"https:\/\/usercentrics.com\/pt\/smart-data-protector\/","name":"Protetor Inteligente de Dados | Usercentrics","isPartOf":{"@id":"https:\/\/usercentrics.com\/pt\/#website"},"primaryImageOfPage":{"@id":"https:\/\/usercentrics.com\/pt\/smart-data-protector\/#primaryimage"},"image":{"@id":"https:\/\/usercentrics.com\/pt\/smart-data-protector\/#primaryimage"},"thumbnailUrl":"https:\/\/usercentrics.com\/wp-content\/uploads\/2024\/09\/Property-1SMART-BLOCKING-1.svg","datePublished":"2020-07-09T11:28:31+00:00","dateModified":"2024-09-19T11:18:21+00:00","description":"Seja r\u00e1pido e seguro com nosso Protetor Inteligente de Dados. Evite qualquer transfer\u00eancia de dados de usu\u00e1rio a terceiros at\u00e9 que o usu\u00e1rio d\u00ea seu consentimento para isto.","inLanguage":"pt-BR","potentialAction":[{"@type":"ReadAction","target":"https:\/\/usercentrics.com\/pt\/smart-data-protector\/"}]},{"@type":"ImageObject","inLanguage":"pt-BR","@id":"https:\/\/usercentrics.com\/pt\/smart-data-protector\/#primaryimage","url":"https:\/\/usercentrics.com\/wp-content\/uploads\/2024\/09\/Property-1SMART-BLOCKING-1.svg","contentUrl":"https:\/\/usercentrics.com\/wp-content\/uploads\/2024\/09\/Property-1SMART-BLOCKING-1.svg","copyrightNotice":"\u00a9 Copyright 2026 Usercentrics GmbH","creator":{"@type":"Organization","name":"Usercentrics GmbH"},"creditText":"Image: Usercentrics GmbH"},{"@type":"WebSite","@id":"https:\/\/usercentrics.com\/pt\/#website","url":"https:\/\/usercentrics.com\/pt\/","name":"Consent Management Platform (CMP) Usercentrics","description":"Consent Management Platform (CMP) Usercentrics","potentialAction":[{"@type":"SearchAction","target":{"@type":"EntryPoint","urlTemplate":"https:\/\/usercentrics.com\/pt\/?s={search_term_string}"}}],"inLanguage":"pt-BR"}]}},"_links":{"self":[{"href":"https:\/\/usercentrics.com\/pt\/wp-json\/wp\/v2\/pages\/3603","targetHints":{"allow":["GET"]}}],"collection":[{"href":"https:\/\/usercentrics.com\/pt\/wp-json\/wp\/v2\/pages"}],"about":[{"href":"https:\/\/usercentrics.com\/pt\/wp-json\/wp\/v2\/types\/page"}],"author":[{"embeddable":true,"href":"https:\/\/usercentrics.com\/pt\/wp-json\/wp\/v2\/users\/7"}],"replies":[{"embeddable":true,"href":"https:\/\/usercentrics.com\/pt\/wp-json\/wp\/v2\/comments?post=3603"}],"version-history":[{"count":0,"href":"https:\/\/usercentrics.com\/pt\/wp-json\/wp\/v2\/pages\/3603\/revisions"}],"wp:attachment":[{"href":"https:\/\/usercentrics.com\/pt\/wp-json\/wp\/v2\/media?parent=3603"}],"curies":[{"name":"wp","href":"https:\/\/api.w.org\/{rel}","templated":true}]}}