{"id":3608,"date":"2020-07-20T11:54:22","date_gmt":"2020-07-20T09:54:22","guid":{"rendered":"https:\/\/stage.usercentrics.com\/?page_id=3966"},"modified":"2025-11-17T07:17:29","modified_gmt":"2025-11-17T06:17:29","slug":"amp-gestao-de-consentimento","status":"publish","type":"page","link":"https:\/\/usercentrics.com\/pt\/amp-gestao-de-consentimento\/","title":{"rendered":"AMP Consent Management (closed beta)"},"content":{"rendered":"<div class=\"alignfull uc-blog-hero uc-blog-hero--layout-product uc-ctx--blue\" data-id=\"blog_hero_69eb3f351e13b\">\n        <div class=\"uc-blog-hero__inner\">\n        <div class=\"uc-blog-hero__text\">\n                                            <h1 class=\"uc-blog-hero__title like-h1-upper no-default-margin\">Compliance com o RGPD para sites otimizadas para dispositivos m\u00f3veis<\/h1>                                    <div class=\"uc-blog-hero__description\">Voc\u00ea tem este site de P\u00e1ginas M\u00f3veis Aceleradas (AMP) e se pergunta como pode alcan\u00e7ar a conformidade com o RGPD para ele? Neste caso, nossa Plataforma de Gest\u00e3o de Consentimento AMP nativa (beta fechada) \u00e9 o certo para voc\u00ea! A solu\u00e7\u00e3o intuitiva foi constru\u00edda para p\u00e1ginas AMP e lhe auxilia a cumprir com as exig\u00eancias do RGPD no que tange a consentimentos e informa\u00e7\u00e3o de seus usu\u00e1rios.<\/div>\n                                                                                    <div class=\"uc-blog-hero__buttons\">\n                        <a id=\"15a94089-7b85-4f3b-bca8-0835eb0892fc\" class=\"uc-button uc-button-size-l uc-button-contained  no-default-link-decoration\" href=\"#amp-consent-management-demo\" target=\"\"><span>Saiba mais<\/span><\/a>                    <\/div>\n                                                                        <\/div>\n                            <div class=\"uc-blog-hero__background\">\n                                                    <div class=\"uc-blog-hero__shield-clip\" aria-hidden=\"true\">\n                        <div class=\"uc-blog-hero__shield\">\n                            <svg width=\"1066\" height=\"1066\" viewBox=\"0 0 1066 1066\" fill=\"none\" xmlns=\"http:\/\/www.w3.org\/2000\/svg\">\n    <path fill-rule=\"evenodd\" clip-rule=\"evenodd\" d=\"M599.625 466.78H466.375V532.537C466.375 569.365 496.204 599.22 533 599.22C569.796 599.22 599.625 569.365 599.625 532.537V466.78ZM440.465 440.848V532.537C440.465 583.687 481.894 625.152 533 625.152C584.106 625.152 625.535 583.687 625.535 532.537V440.848H440.465Z\" fill=\"url(#paint0_linear_360_97)\"\/>\n    <path fill-rule=\"evenodd\" clip-rule=\"evenodd\" d=\"M662.549 403.802H403.451V532.537C403.451 604.147 461.452 662.198 533 662.198C604.548 662.198 662.549 604.147 662.549 532.537V403.802ZM377.542 377.87V532.537C377.542 618.469 447.143 688.13 533 688.13C618.857 688.13 688.458 618.469 688.458 532.537V377.87H377.542Z\" fill=\"url(#paint1_linear_360_97)\"\/>\n    <path fill-rule=\"evenodd\" clip-rule=\"evenodd\" d=\"M725.472 340.824H340.528V532.537C340.528 638.929 426.701 725.176 533 725.176C639.299 725.176 725.472 638.929 725.472 532.537V340.824ZM314.618 314.891V532.537C314.618 653.251 412.391 751.109 533 751.109C653.609 751.109 751.382 653.251 751.382 532.537V314.891H314.618Z\" fill=\"url(#paint2_linear_360_97)\"\/>\n    <path fill-rule=\"evenodd\" clip-rule=\"evenodd\" d=\"M788.396 277.845H277.604V532.537C277.604 673.711 391.949 788.155 533 788.155C674.051 788.155 788.396 673.711 788.396 532.537V277.845ZM251.694 251.913V532.537C251.694 688.033 377.639 814.087 533 814.087C688.361 814.087 814.306 688.033 814.306 532.537V251.913H251.694Z\" fill=\"url(#paint3_linear_360_97)\"\/>\n    <path fill-rule=\"evenodd\" clip-rule=\"evenodd\" d=\"M851.319 214.867H214.681V532.537C214.681 708.493 357.197 851.133 533 851.133C708.803 851.133 851.319 708.493 851.319 532.537V214.867ZM188.771 188.935V532.537C188.771 722.815 342.887 877.065 533 877.065C723.112 877.065 877.229 722.815 877.229 532.537V188.935H188.771Z\" fill=\"url(#paint4_linear_360_97)\"\/>\n    <path fill-rule=\"evenodd\" clip-rule=\"evenodd\" d=\"M914.243 151.889H151.757V532.537C151.757 743.275 322.445 914.111 533 914.111C743.555 914.111 914.243 743.275 914.243 532.537V151.889ZM125.847 125.957V532.537C125.847 757.597 308.136 940.043 533 940.043C757.864 940.043 940.153 757.597 940.153 532.537V125.957H125.847Z\" fill=\"url(#paint5_linear_360_97)\"\/>\n    <path fill-rule=\"evenodd\" clip-rule=\"evenodd\" d=\"M977.167 88.9105H88.8333V532.537C88.8333 778.057 287.694 977.09 533 977.09C778.306 977.09 977.167 778.057 977.167 532.537V88.9105ZM62.9236 62.9783V532.537C62.9236 792.378 273.384 1003.02 533 1003.02C792.616 1003.02 1003.08 792.379 1003.08 532.537V62.9783H62.9236Z\" fill=\"url(#paint6_linear_360_97)\"\/>\n    <path fill-rule=\"evenodd\" clip-rule=\"evenodd\" d=\"M1040.09 25.9322H25.9097V532.537C25.9097 812.838 252.942 1040.07 533 1040.07C813.058 1040.07 1040.09 812.838 1040.09 532.537V25.9322ZM0 0V532.537C0 827.16 238.632 1066 533 1066C827.368 1066 1066 827.16 1066 532.537V0H0Z\" fill=\"url(#paint7_linear_360_97)\"\/>\n    <defs>\n        <linearGradient id=\"paint0_linear_360_97\" x1=\"440.465\" y1=\"440.848\" x2=\"624.768\" y2=\"625.916\" gradientUnits=\"userSpaceOnUse\">\n            <stop stop-color=\"white\" stop-opacity=\"0.05\"\/>\n            <stop offset=\"1\" stop-color=\"white\" stop-opacity=\"0.5\"\/>\n        <\/linearGradient>\n        <linearGradient id=\"paint1_linear_360_97\" x1=\"377.542\" y1=\"377.87\" x2=\"687.802\" y2=\"688.786\" gradientUnits=\"userSpaceOnUse\">\n            <stop stop-color=\"white\" stop-opacity=\"0.05\"\/>\n            <stop offset=\"1\" stop-color=\"white\" stop-opacity=\"0.5\"\/>\n        <\/linearGradient>\n        <linearGradient id=\"paint2_linear_360_97\" x1=\"314.618\" y1=\"314.891\" x2=\"750.835\" y2=\"751.655\" gradientUnits=\"userSpaceOnUse\">\n            <stop stop-color=\"white\" stop-opacity=\"0.05\"\/>\n            <stop offset=\"1\" stop-color=\"white\" stop-opacity=\"0.5\"\/>\n        <\/linearGradient>\n        <linearGradient id=\"paint3_linear_360_97\" x1=\"251.694\" y1=\"251.913\" x2=\"813.868\" y2=\"814.524\" gradientUnits=\"userSpaceOnUse\">\n            <stop stop-color=\"white\" stop-opacity=\"0.05\"\/>\n            <stop offset=\"1\" stop-color=\"white\" stop-opacity=\"0.5\"\/>\n        <\/linearGradient>\n        <linearGradient id=\"paint4_linear_360_97\" x1=\"188.771\" y1=\"188.935\" x2=\"876.901\" y2=\"877.393\" gradientUnits=\"userSpaceOnUse\">\n            <stop stop-color=\"white\" stop-opacity=\"0.05\"\/>\n            <stop offset=\"1\" stop-color=\"white\" stop-opacity=\"0.5\"\/>\n        <\/linearGradient>\n        <linearGradient id=\"paint5_linear_360_97\" x1=\"125.847\" y1=\"125.957\" x2=\"939.934\" y2=\"940.262\" gradientUnits=\"userSpaceOnUse\">\n            <stop stop-color=\"white\" stop-opacity=\"0.05\"\/>\n            <stop offset=\"1\" stop-color=\"white\" stop-opacity=\"0.5\"\/>\n        <\/linearGradient>\n        <linearGradient id=\"paint6_linear_360_97\" x1=\"62.9236\" y1=\"62.9783\" x2=\"1002.97\" y2=\"1003.13\" gradientUnits=\"userSpaceOnUse\">\n            <stop stop-color=\"white\" stop-opacity=\"0.05\"\/>\n            <stop offset=\"1\" stop-color=\"white\" stop-opacity=\"0.5\"\/>\n        <\/linearGradient>\n        <linearGradient id=\"paint7_linear_360_97\" x1=\"0\" y1=\"0\" x2=\"1066\" y2=\"1066\" gradientUnits=\"userSpaceOnUse\">\n            <stop stop-color=\"white\" stop-opacity=\"0.05\"\/>\n            <stop offset=\"1\" stop-color=\"white\" stop-opacity=\"0.5\"\/>\n        <\/linearGradient>\n    <\/defs>\n<\/svg>\n                        <\/div>\n                    <\/div>\n                                                                                                                            <\/div>\n                    <\/div>\n    <\/div>\n\n\n<div class=\"uc-flex-row\" style=\"--padding-top: 0px; --padding-bottom: 0px;\">\n<div class=\"uc-flex-column\" style=\"--column-size: var(--column-size-6);--i:1;\">\n    \n\n<figure class=\"wp-block-image aligncenter size-full\"><img decoding=\"async\" src=\"https:\/\/usercentrics.com\/wp-content\/uploads\/2020\/07\/amp-final-1.png\" alt=\"\" class=\"wp-image-1309\" \/><\/figure>\n\n<\/div>\n\n\n<div class=\"uc-flex-column\" style=\"--column-size: var(--column-size-6);--i:2;\">\n    \n\n<p class=\"like-label-l\">O QUE \u00c9 UMA AMP (BETA FECHADA)?<\/p>\n\n\n\n<h2 class=\"wp-block-heading like-h3\" id=\"h-o-comportamento-crescente-de-navegacao-movel-exige-paginas-da-internet-otimizadas-para-dispositivos-moveis\" style=\"margin-top:0;margin-bottom:0\">O comportamento crescente de navega\u00e7\u00e3o m\u00f3vel exige p\u00e1ginas da internet otimizadas para dispositivos m\u00f3veis.<\/h2>\n\n\n<p class=\"like-text-lg\">Em junho de 2020, a parcela de p\u00e1ginas da internet visitadas por dispositivos m\u00f3veis era, no mundo,\u00a0<a href=\"https:\/\/gs.statcounter.com\/platform-market-share\/desktop-mobile-tablet\/worldwide\" target=\"_blank\" rel=\"noopener\">mas de 50%<\/a>\u00a0de todo o tr\u00e1fego na internet. Por isto, p\u00e1ginas de internet otimizadas para dispositivos m\u00f3veis tamb\u00e9m s\u00e3o cada vez mais demandadas.<\/p>\n<p class=\"like-text-lg\">O Ambiente AMP (P\u00e1ginas M\u00f3veis Aceleradas) foi criado justamente para esta finalidade. O Ambiente de Fonte Aberta HTML foi criado pela Google e auxilia as p\u00e1ginas a carregar mais rapidamente e as torna, assim, mais f\u00e1ceis de usar.<\/p>\n\n<\/div>\n\n<\/div>\n\n<div class=\"uc-flex-row\" style=\"--padding-top: 0px; --padding-bottom: 0px;\">\n<div class=\"uc-flex-column\" style=\"--column-size: var(--column-size-6);--i:3;\">\n    \n\n<p class=\"like-label-l\">TORNE SUAS P\u00c1GINAS CONFORMES COM O RGPD<\/p>\n\n\n\n<h2 class=\"wp-block-heading like-h3\" id=\"h-tenha-utilizacao-facil-e-esteja-em-conformidade-com-a-protecao-de-dados-ao-mesmo-tempo\" style=\"margin-top:0;margin-bottom:0\">Tenha utiliza\u00e7\u00e3o f\u00e1cil e esteja em conformidade com a prote\u00e7\u00e3o de dados ao mesmo tempo<\/h2>\n\n\n<p class=\"like-text-lg\">Usu\u00e1rios preferem p\u00e1ginas AMP, principalmente pelo fato delas carregarem t\u00e3o rapidamente.<\/p>\n<p class=\"like-text-lg\">Muitas p\u00e1ginas AMP, no entanto, ainda lutam com o desafio de estarem em conformidade com o RGPD e buscar o consentimento dos usu\u00e1rios de forma limpa. \u00a0 \u00c9 a\u00ed que entra a CMP nativa Usercentrics para p\u00e1ginas AMP (beta fechada).\u00a0<strong>Integre a CMP ao simplesmente insera alguns poucos blocos de c\u00f3digos em seu site<\/strong>\u00a0\u2013 e j\u00e1 coletamos o consentimento dos visitantes de seu site para o processamento dos dados destes. Al\u00e9m disso, a CMP para AMP (beta) lhe auxilia a cumprir com sua obriga\u00e7\u00e3o de informa\u00e7\u00e3o (RGPD art. 14).\u00a0<\/p>\n\n<\/div>\n\n\n<div class=\"uc-flex-column\" style=\"--column-size: var(--column-size-6);--i:4;\">\n    \n\n<figure class=\"wp-block-image aligncenter size-full\"><img decoding=\"async\" src=\"https:\/\/usercentrics.com\/wp-content\/uploads\/2020\/07\/amp-final-2.png\" alt=\"\" class=\"wp-image-1310\" \/><\/figure>\n\n<\/div>\n\n<\/div>\n\n<div class=\"uc-flex-row\" style=\"--padding-top: 0px; --padding-bottom: 0px;\">\n<div class=\"uc-flex-column\" style=\"--column-size: var(--column-size-12);--i:5;\">\n    \n<a id=\"ee1ad52a-2eb8-4f40-964e-b860064329ba\" class=\"uc-button uc-button-size-l uc-button-contained  no-default-link-decoration uc-button-center\" href=\"#amp-consent-management-demo\" target=\"\"><span>Consultar agora<\/span><\/a>\n<\/div>\n\n<\/div>\n\n<div class=\"uc-flex-row\" style=\"--padding-top: 0px; --padding-bottom: 0px;\">\n<div class=\"uc-flex-column\" style=\"--column-size: var(--column-size-6);--i:6;\">\n    \n\n<p class=\"like-label-l\">FATOS &amp; REQUISITOS<\/p>\n\n\n\n<h2 class=\"wp-block-heading like-h3\" id=\"h-voce-deve-saber\" style=\"margin-top:0;margin-bottom:0\">Voc\u00ea deve saber<\/h2>\n\n\n<p>\u2714 Solu\u00e7\u00e3o CMP para p\u00e1ginas AMP de f\u00e1cil implanta\u00e7\u00e3o\u00a0\u00a0<\/p>\n<p>\u2714 A posi\u00e7\u00e3o do Banner \u00e9 sempre em baixo\u00a0\u00a0<\/p>\n<p>\u2714 Informa\u00e7\u00f5es sobre os servi\u00e7os individuais de processamento de dados podem ser obtidas ao clicar, na vista ampliada, no canto superior direito.\u00a0\u00a0<\/p>\n<p>\u2714 O consentimento granular \u00e9 aceito para fornecedores IAB \u00a0<\/p>\n<p>\u2714 As op\u00e7\u00f5es de consentimento para o usu\u00e1rio s\u00e3o \u201caceitar todos\u201d ou \u201crecusar todos\u201d somente para fornecedores n\u00e3o-IAB \u00a0<\/p>\n<p>\u2714 Esta vers\u00e3o beta s\u00f3 armazena consentimentos no navegador\u00a0\u00a0<\/p>\n<p>\u2714 Op\u00e7\u00f5es limitadas de individualiza\u00e7\u00e3o\u00a0\u00a0<\/p>\n<p>\u2714 N\u00e3o compat\u00edvel com o\u00a0<a href=\"https:\/\/usercentrics.com\/smart-data-protector\/\" target=\"_blank\" rel=\"noopener\">Smart Data Protector<\/a>\u00a0(Protetor Inteligente de Dados)<\/p>\n<p class=\"like-text-lg\">\n\n<\/div>\n\n\n<div class=\"uc-flex-column\" style=\"--column-size: var(--column-size-6);--i:7;\">\n    \n\n<figure class=\"wp-block-image aligncenter size-full\"><img decoding=\"async\" src=\"https:\/\/usercentrics.com\/wp-content\/uploads\/2020\/07\/amp-final-3.png\" alt=\"\" class=\"wp-image-1311\" \/><\/figure>\n\n<\/div>\n\n<\/div>\n\n<div class=\"uc-flex-row\" style=\"--padding-top: 0px; --padding-bottom: 0px;\">\n<div class=\"uc-flex-column\" style=\"--column-size: var(--column-size-6);--i:8;\">\n    \n\n<figure class=\"wp-block-image aligncenter size-full\"><img decoding=\"async\" src=\"https:\/\/usercentrics.com\/wp-content\/uploads\/2020\/07\/amp-final-4.png\" alt=\"\" class=\"wp-image-1312\" \/><\/figure>\n\n<\/div>\n\n\n<div class=\"uc-flex-column\" style=\"--column-size: var(--column-size-6);--i:9;\">\n    \n\n<p class=\"like-label-l\">PRIMEIROS PASSOS<\/p>\n\n\n\n<h2 class=\"wp-block-heading like-h3\" id=\"h-assim-voce-integra-nossa-plataforma-de-gestao-de-consentimento-amp-nativa-beta-fechada-em-sua-pagina-amp\" style=\"margin-top:0;margin-bottom:0\">Assim voc\u00ea integra nossa Plataforma de Gest\u00e3o de Consentimento AMP nativa (beta fechada) em sua p\u00e1gina AMP<\/h2>\n\n\n<p class=\"like-text-lg\">A integra\u00e7\u00e3o da Plataforma de Gest\u00e3o de Consentimento AMP Usercentrics (beta fechada) em suas p\u00e1ginas AMP \u00e9 f\u00e1cil.\u00a0<strong>Para isto, basta integrar alguns snippets de c\u00f3digo em sua p\u00e1gina AMP \u2013 e voc\u00ea j\u00e1 est\u00e1 equipado para coletar os consentimentos de seus usu\u00e1rios em conformidade com o RGPD.\u00a0\u00a0\u00a0\u00a0<\/strong><\/p>\n<p class=\"like-text-lg\">Simplesmente siga os passos a seguir:\u00a0\u00a0<\/p>\n<ol>\n<li>\u00a0Adicione o script de consentimento amp ao seu site\u00a0<\/li>\n<li>Adapte o estilo, adicionando CSS personalizado\u00a0\u00a0<\/li>\n<li>Estabele\u00e7a as configura\u00e7\u00f5es\u00a0\u00a0<\/li>\n<li>Permita aos usu\u00e1rios adaptar o status de consentimento<\/li>\n<\/ol>\n<p class=\"like-text-lg\"><strong>Parab\u00e9ns, sua p\u00e1gina AMP agora est\u00e1 perfeitamente equipada com a nossa Plataforma de Gest\u00e3o de Consentimento!<\/strong><\/p>\n\n<\/div>\n\n<\/div>\n\n<div class=\"uc-flex-row--background-right\" style=\"\" ><div class=\"uc-flex-row container\" style=\"--padding-top: 0px; --padding-bottom: 0px;\">\n<div class=\"uc-flex-column\" style=\"--column-size: var(--column-size-12);--i:10;\">\n    \n\n<p id=\"amp-consent-management-demo\"><\/p>\n\n<\/div>\n\n\n<div class=\"uc-flex-column\" style=\"--column-size: var(--column-size-12);--i:11;\">\n    \n<div id=\"uc-cta_69eb3f3527998\" class=\"uc-cta uc-cta--button alignfull uc-cta--primary uc-ctx--blue\">\n    <div class=\"uc-cta__inner container\">\n        <div class=\"uc-cta__content\">\n                                        <div class=\"uc-cta__heading no-default-margin\">Entre em contato com nossa equipa de peritos<\/div>\n                                        <div class=\"uc-cta__description\">\n                    <p>Temos todo o prazer em responder a perguntas e facilitar sua familiariza\u00e7\u00e3o com o Usercentrics.<\/p>\n<p>Quer ser nosso parceiro?\u00a0<a class=\"mfp-iframe lightbox-added\" href=\"https:\/\/ucoldstg.wpenginepowered.com\/pt\/formulario-parceiro\/?iframe=true\" rel=\"nofollow\">Aplicar aqui<\/a><\/p>\n<p>&nbsp;<\/p>\n                <\/div>\n                                                                    <\/div>\n                            <div class=\"uc-cta__section\">\n                                        <a id=\"79e12685-9098-48ef-aad2-0e5117ec9821\" class=\"uc-button uc-button-size-l uc-button-contained  no-default-link-decoration\" href=\"\/pt\/marcar-consultoria\/\" target=\"\"><span>Contactar vendas<\/span><\/a><a id=\"1399945b-32da-4979-9067-2a86c9ff527b\" class=\"uc-button uc-button-size-l uc-button-outlined  no-default-link-decoration\" href=\"\/pt\/versao-gratuita\/\" target=\"\"><span>COMECE GRATUITAMENTE<\/span><\/a>                                    <\/div>\n            <\/div>\n<\/div>\n    <script type=\"module\">\n        new Uc_Cta(document.getElementById(\"uc-cta_69eb3f3527998\"));\n    <\/script>\n\n<\/div>\n\n<\/div><\/div>\n\n\n\n{\n&#8220;@context&#8221;: &#8220;https:\/\/schema.org&#8221;,\n&#8220;@type&#8221;: &#8220;FAQPage&#8221;,\n&#8220;mainEntity&#8221;: {\n&#8220;@type&#8221;: &#8220;Question&#8221;,\n&#8220;name&#8221;: &#8220;What is an AMP?&#8221;,\n&#8220;acceptedAnswer&#8221;: {\n&#8220;@type&#8221;: &#8220;Answer&#8221;,\n&#8220;text&#8221;: &#8220;The AMP (Accelerated Mobile Pages) framework is used to optimise mobile web browsing.&#8221;\n}\n}\n}\n","protected":false},"excerpt":{"rendered":"<p>{ &#8220;@context&#8221;: &#8220;https:\/\/schema.org&#8221;, &#8220;@type&#8221;: &#8220;FAQPage&#8221;, &#8220;mainEntity&#8221;: { &#8220;@type&#8221;: &#8220;Question&#8221;, &#8220;name&#8221;: &#8220;What is an AMP?&#8221;, &#8220;acceptedAnswer&#8221;: { &#8220;@type&#8221;: &#8220;Answer&#8221;, &#8220;text&#8221;: &#8220;The AMP (Accelerated Mobile Pages) framework is used to optimise mobile web browsing.&#8221; } } }<\/p>\n","protected":false},"author":7,"featured_media":0,"parent":0,"menu_order":0,"comment_status":"closed","ping_status":"closed","template":"","meta":{"_acf_changed":false,"editor_notices":[],"footnotes":""},"class_list":["post-3608","page","type-page","status-publish","hentry"],"acf":[],"yoast_head":"<title>Gest\u00e3o de Consentimento AMP | Usercentrics | Produto<\/title>\n<meta name=\"description\" content=\"Nossa Plataforma de Gest\u00e3o de Consentimento AMP nativa foi projetada para p\u00e1ginas AMP e o auxilia a atender aos requisitos do RGPD para consentimentos e informa\u00e7\u00f5es.\" \/>\n<meta name=\"robots\" content=\"index, follow, max-snippet:-1, max-image-preview:large, max-video-preview:-1\" \/>\n<link rel=\"canonical\" href=\"https:\/\/usercentrics.com\/pt\/amp-gestao-de-consentimento\/\" \/>\n<meta property=\"og:locale\" content=\"pt_BR\" \/>\n<meta property=\"og:type\" content=\"article\" \/>\n<meta property=\"og:title\" content=\"Gest\u00e3o de Consentimento AMP | Usercentrics | Produto\" \/>\n<meta property=\"og:description\" content=\"Nossa Plataforma de Gest\u00e3o de Consentimento AMP nativa foi projetada para p\u00e1ginas AMP e o auxilia a atender aos requisitos do RGPD para consentimentos e informa\u00e7\u00f5es.\" \/>\n<meta property=\"og:url\" content=\"https:\/\/usercentrics.com\/pt\/amp-gestao-de-consentimento\/\" \/>\n<meta property=\"og:site_name\" content=\"Consent Management Platform (CMP) Usercentrics\" \/>\n<meta property=\"article:publisher\" content=\"https:\/\/www.facebook.com\/usercentrics\" \/>\n<meta property=\"article:modified_time\" content=\"2025-11-17T06:17:29+00:00\" \/>\n<meta property=\"og:image\" content=\"https:\/\/usercentrics.com\/pt\/wp-content\/uploads\/sites\/3\/2024\/09\/Asset-93-100.jpg\" \/>\n<meta name=\"twitter:card\" content=\"summary_large_image\" \/>\n<meta name=\"twitter:title\" content=\"Gest\u00e3o de Consentimento AMP | Usercentrics | Produto\" \/>\n<meta name=\"twitter:description\" content=\"Nossa Plataforma de Gest\u00e3o de Consentimento AMP nativa foi projetada para p\u00e1ginas AMP e o auxilia a atender aos requisitos do RGPD para consentimentos e informa\u00e7\u00f5es.\" \/>\n<meta name=\"twitter:site\" content=\"@usercentrics\" \/>\n<meta name=\"twitter:label1\" content=\"Est. reading time\" \/>\n\t<meta name=\"twitter:data1\" content=\"4 minutos\" \/>\n<script type=\"application\/ld+json\" class=\"yoast-schema-graph\">{\"@context\":\"https:\\\/\\\/schema.org\",\"@graph\":[{\"@type\":\"WebPage\",\"@id\":\"https:\\\/\\\/usercentrics.com\\\/pt\\\/amp-gestao-de-consentimento\\\/\",\"url\":\"https:\\\/\\\/usercentrics.com\\\/pt\\\/amp-gestao-de-consentimento\\\/\",\"name\":\"Gest\u00e3o de Consentimento AMP | Usercentrics | Produto\",\"isPartOf\":{\"@id\":\"https:\\\/\\\/usercentrics.com\\\/pt\\\/#website\"},\"primaryImageOfPage\":{\"@id\":\"https:\\\/\\\/usercentrics.com\\\/pt\\\/amp-gestao-de-consentimento\\\/#primaryimage\"},\"image\":{\"@id\":\"https:\\\/\\\/usercentrics.com\\\/pt\\\/amp-gestao-de-consentimento\\\/#primaryimage\"},\"thumbnailUrl\":\"https:\\\/\\\/usercentrics.com\\\/wp-content\\\/uploads\\\/2020\\\/07\\\/amp-final-1.png\",\"datePublished\":\"2020-07-20T09:54:22+00:00\",\"dateModified\":\"2025-11-17T06:17:29+00:00\",\"description\":\"Nossa Plataforma de Gest\u00e3o de Consentimento AMP nativa foi projetada para p\u00e1ginas AMP e o auxilia a atender aos requisitos do RGPD para consentimentos e informa\u00e7\u00f5es.\",\"inLanguage\":\"pt-BR\",\"potentialAction\":[{\"@type\":\"ReadAction\",\"target\":\"https:\\\/\\\/usercentrics.com\\\/pt\\\/amp-gestao-de-consentimento\\\/\"}]},{\"@type\":\"ImageObject\",\"inLanguage\":\"pt-BR\",\"@id\":\"https:\\\/\\\/usercentrics.com\\\/pt\\\/amp-gestao-de-consentimento\\\/#primaryimage\",\"url\":\"https:\\\/\\\/usercentrics.com\\\/wp-content\\\/uploads\\\/2020\\\/07\\\/amp-final-1.png\",\"contentUrl\":\"https:\\\/\\\/usercentrics.com\\\/wp-content\\\/uploads\\\/2020\\\/07\\\/amp-final-1.png\",\"copyrightNotice\":\"\u00a9 Copyright 2026 Usercentrics GmbH\",\"creator\":{\"@type\":\"Organization\",\"name\":\"Usercentrics GmbH\"},\"creditText\":\"Image: Usercentrics GmbH\"},{\"@type\":\"WebSite\",\"@id\":\"https:\\\/\\\/usercentrics.com\\\/pt\\\/#website\",\"url\":\"https:\\\/\\\/usercentrics.com\\\/pt\\\/\",\"name\":\"Consent Management Platform (CMP) Usercentrics\",\"description\":\"Consent Management Platform (CMP) Usercentrics\",\"potentialAction\":[{\"@type\":\"SearchAction\",\"target\":{\"@type\":\"EntryPoint\",\"urlTemplate\":\"https:\\\/\\\/usercentrics.com\\\/pt\\\/?s={search_term_string}\"}}],\"inLanguage\":\"pt-BR\"}]}<\/script>","yoast_head_json":{"title":"Gest\u00e3o de Consentimento AMP | Usercentrics | Produto","description":"Nossa Plataforma de Gest\u00e3o de Consentimento AMP nativa foi projetada para p\u00e1ginas AMP e o auxilia a atender aos requisitos do RGPD para consentimentos e informa\u00e7\u00f5es.","robots":{"index":"index","follow":"follow","max-snippet":"max-snippet:-1","max-image-preview":"max-image-preview:large","max-video-preview":"max-video-preview:-1"},"canonical":"https:\/\/usercentrics.com\/pt\/amp-gestao-de-consentimento\/","og_locale":"pt_BR","og_type":"article","og_title":"Gest\u00e3o de Consentimento AMP | Usercentrics | Produto","og_description":"Nossa Plataforma de Gest\u00e3o de Consentimento AMP nativa foi projetada para p\u00e1ginas AMP e o auxilia a atender aos requisitos do RGPD para consentimentos e informa\u00e7\u00f5es.","og_url":"https:\/\/usercentrics.com\/pt\/amp-gestao-de-consentimento\/","og_site_name":"Consent Management Platform (CMP) Usercentrics","article_publisher":"https:\/\/www.facebook.com\/usercentrics","article_modified_time":"2025-11-17T06:17:29+00:00","og_image":[{"url":"https:\/\/usercentrics.com\/pt\/wp-content\/uploads\/sites\/3\/2024\/09\/Asset-93-100.jpg","type":"","width":"","height":""}],"twitter_card":"summary_large_image","twitter_title":"Gest\u00e3o de Consentimento AMP | Usercentrics | Produto","twitter_description":"Nossa Plataforma de Gest\u00e3o de Consentimento AMP nativa foi projetada para p\u00e1ginas AMP e o auxilia a atender aos requisitos do RGPD para consentimentos e informa\u00e7\u00f5es.","twitter_site":"@usercentrics","twitter_misc":{"Est. reading time":"4 minutos"},"schema":{"@context":"https:\/\/schema.org","@graph":[{"@type":"WebPage","@id":"https:\/\/usercentrics.com\/pt\/amp-gestao-de-consentimento\/","url":"https:\/\/usercentrics.com\/pt\/amp-gestao-de-consentimento\/","name":"Gest\u00e3o de Consentimento AMP | Usercentrics | Produto","isPartOf":{"@id":"https:\/\/usercentrics.com\/pt\/#website"},"primaryImageOfPage":{"@id":"https:\/\/usercentrics.com\/pt\/amp-gestao-de-consentimento\/#primaryimage"},"image":{"@id":"https:\/\/usercentrics.com\/pt\/amp-gestao-de-consentimento\/#primaryimage"},"thumbnailUrl":"https:\/\/usercentrics.com\/wp-content\/uploads\/2020\/07\/amp-final-1.png","datePublished":"2020-07-20T09:54:22+00:00","dateModified":"2025-11-17T06:17:29+00:00","description":"Nossa Plataforma de Gest\u00e3o de Consentimento AMP nativa foi projetada para p\u00e1ginas AMP e o auxilia a atender aos requisitos do RGPD para consentimentos e informa\u00e7\u00f5es.","inLanguage":"pt-BR","potentialAction":[{"@type":"ReadAction","target":"https:\/\/usercentrics.com\/pt\/amp-gestao-de-consentimento\/"}]},{"@type":"ImageObject","inLanguage":"pt-BR","@id":"https:\/\/usercentrics.com\/pt\/amp-gestao-de-consentimento\/#primaryimage","url":"https:\/\/usercentrics.com\/wp-content\/uploads\/2020\/07\/amp-final-1.png","contentUrl":"https:\/\/usercentrics.com\/wp-content\/uploads\/2020\/07\/amp-final-1.png","copyrightNotice":"\u00a9 Copyright 2026 Usercentrics GmbH","creator":{"@type":"Organization","name":"Usercentrics GmbH"},"creditText":"Image: Usercentrics GmbH"},{"@type":"WebSite","@id":"https:\/\/usercentrics.com\/pt\/#website","url":"https:\/\/usercentrics.com\/pt\/","name":"Consent Management Platform (CMP) Usercentrics","description":"Consent Management Platform (CMP) Usercentrics","potentialAction":[{"@type":"SearchAction","target":{"@type":"EntryPoint","urlTemplate":"https:\/\/usercentrics.com\/pt\/?s={search_term_string}"}}],"inLanguage":"pt-BR"}]}},"_links":{"self":[{"href":"https:\/\/usercentrics.com\/pt\/wp-json\/wp\/v2\/pages\/3608","targetHints":{"allow":["GET"]}}],"collection":[{"href":"https:\/\/usercentrics.com\/pt\/wp-json\/wp\/v2\/pages"}],"about":[{"href":"https:\/\/usercentrics.com\/pt\/wp-json\/wp\/v2\/types\/page"}],"author":[{"embeddable":true,"href":"https:\/\/usercentrics.com\/pt\/wp-json\/wp\/v2\/users\/7"}],"replies":[{"embeddable":true,"href":"https:\/\/usercentrics.com\/pt\/wp-json\/wp\/v2\/comments?post=3608"}],"version-history":[{"count":0,"href":"https:\/\/usercentrics.com\/pt\/wp-json\/wp\/v2\/pages\/3608\/revisions"}],"wp:attachment":[{"href":"https:\/\/usercentrics.com\/pt\/wp-json\/wp\/v2\/media?parent=3608"}],"curies":[{"name":"wp","href":"https:\/\/api.w.org\/{rel}","templated":true}]}}